{"id":2321,"date":"2022-06-24T09:19:28","date_gmt":"2022-06-24T09:19:28","guid":{"rendered":"https:\/\/hub.hslu.ch\/business-psychology\/?page_id=2321"},"modified":"2026-02-27T16:46:18","modified_gmt":"2026-02-27T15:46:18","slug":"alumni-netzwerk-business-psychology","status":"publish","type":"page","link":"https:\/\/hub.hslu.ch\/business-psychology\/alumni-netzwerk-business-psychology\/","title":{"rendered":"Alumni Netzwerk"},"content":{"rendered":"\n<figure class=\"wp-block-image size-large\"><img loading=\"lazy\" decoding=\"async\" width=\"1024\" height=\"683\" src=\"https:\/\/hub.hslu.ch\/business-psychology\/wp-content\/uploads\/sites\/21\/2022\/06\/Blog_bild-2048-\u00d7-1365-px-5-1-1024x683.png\" alt=\"\" class=\"wp-image-2464\" srcset=\"https:\/\/hub.hslu.ch\/business-psychology\/wp-content\/uploads\/sites\/21\/2022\/06\/Blog_bild-2048-\u00d7-1365-px-5-1-1024x683.png 1024w, https:\/\/hub.hslu.ch\/business-psychology\/wp-content\/uploads\/sites\/21\/2022\/06\/Blog_bild-2048-\u00d7-1365-px-5-1-300x200.png 300w, https:\/\/hub.hslu.ch\/business-psychology\/wp-content\/uploads\/sites\/21\/2022\/06\/Blog_bild-2048-\u00d7-1365-px-5-1-768x512.png 768w, https:\/\/hub.hslu.ch\/business-psychology\/wp-content\/uploads\/sites\/21\/2022\/06\/Blog_bild-2048-\u00d7-1365-px-5-1-1536x1024.png 1536w, https:\/\/hub.hslu.ch\/business-psychology\/wp-content\/uploads\/sites\/21\/2022\/06\/Blog_bild-2048-\u00d7-1365-px-5-1-600x400.png 600w, https:\/\/hub.hslu.ch\/business-psychology\/wp-content\/uploads\/sites\/21\/2022\/06\/Blog_bild-2048-\u00d7-1365-px-5-1-928x619.png 928w, https:\/\/hub.hslu.ch\/business-psychology\/wp-content\/uploads\/sites\/21\/2022\/06\/Blog_bild-2048-\u00d7-1365-px-5-1.png 2048w\" sizes=\"auto, (max-width: 1024px) 100vw, 1024px\" \/><\/figure>\n\n\n\n<h3 class=\"wp-block-heading\">Unser Alumni Netzwerk &#171;Business Psychology&#187; wurde im Sommer 2022 mit den ersten Absolvierenden gegr\u00fcndet. <\/h3>\n\n\n\n<p>Das Netzwerk ist Teil des <a href=\"https:\/\/www.alumnihslu.ch\/de-ch\/\" target=\"_blank\" rel=\"noreferrer noopener\">Alumni Vereins<\/a> und soll den Rahmen f\u00fcr ein wachsendes Kompetenz- und Erfahrungsnetzwerk schaffen, um den Austausch aktueller Fachthemen, Ideen und beruflicher Erfahrungen unter einander zu erm\u00f6glichen.&nbsp;<\/p>\n\n\n\n<p>Dies wird umgesetzt durch ein bis zwei j\u00e4hrlich geplante Netzwerkveranstaltungen sowie Seminaren\/Webinaren und dem Business Psychology Blog als Informationsquelle.&nbsp;<\/p>\n\n\n\n<p>Bist du interessiert dich mit anderen kreativen K\u00f6pfen \u00fcber Themen der Wirtschaftspsychologie auszutauschen? Dann freuen wir uns, dich in unserem Netzwerk begr\u00fcssen zu d\u00fcrfen. <\/p>\n\n\n\n<p>Schau auch gerne mal auf unseren Social Media Kan\u00e4len und unserer Themengruppe vorbei.<\/p>\n\n\n\n<ul class=\"wp-block-social-links is-style-pill-shape is-content-justification-center is-layout-flex wp-container-core-social-links-is-layout-16018d1d wp-block-social-links-is-layout-flex\"><li class=\"wp-social-link wp-social-link-linkedin  wp-block-social-link\"><a rel=\"noopener nofollow\" target=\"_blank\" href=\"https:\/\/www.linkedin.com\/groups\/12635588\/\" class=\"wp-block-social-link-anchor\"><svg width=\"24\" height=\"24\" viewBox=\"0 0 24 24\" version=\"1.1\" xmlns=\"http:\/\/www.w3.org\/2000\/svg\" aria-hidden=\"true\" focusable=\"false\"><path d=\"M19.7,3H4.3C3.582,3,3,3.582,3,4.3v15.4C3,20.418,3.582,21,4.3,21h15.4c0.718,0,1.3-0.582,1.3-1.3V4.3 C21,3.582,20.418,3,19.7,3z M8.339,18.338H5.667v-8.59h2.672V18.338z M7.004,8.574c-0.857,0-1.549-0.694-1.549-1.548 c0-0.855,0.691-1.548,1.549-1.548c0.854,0,1.547,0.694,1.547,1.548C8.551,7.881,7.858,8.574,7.004,8.574z M18.339,18.338h-2.669 v-4.177c0-0.996-0.017-2.278-1.387-2.278c-1.389,0-1.601,1.086-1.601,2.206v4.249h-2.667v-8.59h2.559v1.174h0.037 c0.356-0.675,1.227-1.387,2.526-1.387c2.703,0,3.203,1.779,3.203,4.092V18.338z\"><\/path><\/svg><span class=\"wp-block-social-link-label screen-reader-text\">LinkedIn<\/span><\/a><\/li>\n\n<li class=\"wp-social-link wp-social-link-instagram  wp-block-social-link\"><a rel=\"noopener nofollow\" target=\"_blank\" href=\"https:\/\/www.instagram.com\/hslu_businesspsychology\/\" class=\"wp-block-social-link-anchor\"><svg width=\"24\" height=\"24\" viewBox=\"0 0 24 24\" version=\"1.1\" xmlns=\"http:\/\/www.w3.org\/2000\/svg\" aria-hidden=\"true\" focusable=\"false\"><path d=\"M12,4.622c2.403,0,2.688,0.009,3.637,0.052c0.877,0.04,1.354,0.187,1.671,0.31c0.42,0.163,0.72,0.358,1.035,0.673 c0.315,0.315,0.51,0.615,0.673,1.035c0.123,0.317,0.27,0.794,0.31,1.671c0.043,0.949,0.052,1.234,0.052,3.637 s-0.009,2.688-0.052,3.637c-0.04,0.877-0.187,1.354-0.31,1.671c-0.163,0.42-0.358,0.72-0.673,1.035 c-0.315,0.315-0.615,0.51-1.035,0.673c-0.317,0.123-0.794,0.27-1.671,0.31c-0.949,0.043-1.233,0.052-3.637,0.052 s-2.688-0.009-3.637-0.052c-0.877-0.04-1.354-0.187-1.671-0.31c-0.42-0.163-0.72-0.358-1.035-0.673 c-0.315-0.315-0.51-0.615-0.673-1.035c-0.123-0.317-0.27-0.794-0.31-1.671C4.631,14.688,4.622,14.403,4.622,12 s0.009-2.688,0.052-3.637c0.04-0.877,0.187-1.354,0.31-1.671c0.163-0.42,0.358-0.72,0.673-1.035 c0.315-0.315,0.615-0.51,1.035-0.673c0.317-0.123,0.794-0.27,1.671-0.31C9.312,4.631,9.597,4.622,12,4.622 M12,3 C9.556,3,9.249,3.01,8.289,3.054C7.331,3.098,6.677,3.25,6.105,3.472C5.513,3.702,5.011,4.01,4.511,4.511 c-0.5,0.5-0.808,1.002-1.038,1.594C3.25,6.677,3.098,7.331,3.054,8.289C3.01,9.249,3,9.556,3,12c0,2.444,0.01,2.751,0.054,3.711 c0.044,0.958,0.196,1.612,0.418,2.185c0.23,0.592,0.538,1.094,1.038,1.594c0.5,0.5,1.002,0.808,1.594,1.038 c0.572,0.222,1.227,0.375,2.185,0.418C9.249,20.99,9.556,21,12,21s2.751-0.01,3.711-0.054c0.958-0.044,1.612-0.196,2.185-0.418 c0.592-0.23,1.094-0.538,1.594-1.038c0.5-0.5,0.808-1.002,1.038-1.594c0.222-0.572,0.375-1.227,0.418-2.185 C20.99,14.751,21,14.444,21,12s-0.01-2.751-0.054-3.711c-0.044-0.958-0.196-1.612-0.418-2.185c-0.23-0.592-0.538-1.094-1.038-1.594 c-0.5-0.5-1.002-0.808-1.594-1.038c-0.572-0.222-1.227-0.375-2.185-0.418C14.751,3.01,14.444,3,12,3L12,3z M12,7.378 c-2.552,0-4.622,2.069-4.622,4.622S9.448,16.622,12,16.622s4.622-2.069,4.622-4.622S14.552,7.378,12,7.378z M12,15 c-1.657,0-3-1.343-3-3s1.343-3,3-3s3,1.343,3,3S13.657,15,12,15z M16.804,6.116c-0.596,0-1.08,0.484-1.08,1.08 s0.484,1.08,1.08,1.08c0.596,0,1.08-0.484,1.08-1.08S17.401,6.116,16.804,6.116z\"><\/path><\/svg><span class=\"wp-block-social-link-label screen-reader-text\">Instagram<\/span><\/a><\/li>\n\n<li class=\"wp-social-link wp-social-link-chain  wp-block-social-link\"><a rel=\"noopener nofollow\" target=\"_blank\" href=\"https:\/\/www.alumnihslu.ch\/de-ch\/departementsgruppen\/themengruppen\/business-psychology\/#\/\" class=\"wp-block-social-link-anchor\"><svg width=\"24\" height=\"24\" viewBox=\"0 0 24 24\" version=\"1.1\" xmlns=\"http:\/\/www.w3.org\/2000\/svg\" aria-hidden=\"true\" focusable=\"false\"><path d=\"M15.6,7.2H14v1.5h1.6c2,0,3.7,1.7,3.7,3.7s-1.7,3.7-3.7,3.7H14v1.5h1.6c2.8,0,5.2-2.3,5.2-5.2,0-2.9-2.3-5.2-5.2-5.2zM4.7,12.4c0-2,1.7-3.7,3.7-3.7H10V7.2H8.4c-2.9,0-5.2,2.3-5.2,5.2,0,2.9,2.3,5.2,5.2,5.2H10v-1.5H8.4c-2,0-3.7-1.7-3.7-3.7zm4.6.9h5.3v-1.5H9.3v1.5z\"><\/path><\/svg><span class=\"wp-block-social-link-label screen-reader-text\">Link<\/span><\/a><\/li><\/ul>\n\n\n\n<div class=\"wp-block-genesis-blocks-gb-accordion gb-block-accordion\"><details><summary class=\"gb-accordion-title\">\u00dcberblick \u00fcber anstehende Veranstaltungen<\/summary><div class=\"gb-accordion-text\">\n<p>Hier erf\u00e4hrst du immer, welche Veranstaltungen demn\u00e4chst anstehen<\/p>\n<\/div><\/details><\/div>\n\n\n\n<div class=\"wp-block-genesis-blocks-gb-accordion gb-block-accordion\"><details><summary class=\"gb-accordion-title\">\u00dcberblick \u00fcber vergangene Veranstaltungen<\/summary><div class=\"gb-accordion-text\">\n<p>An dieser Stelle findest du eine \u00dcbersicht \u00fcber vergangene Veranstaltungen:<\/p>\n\n\n\n<ul class=\"wp-block-list\">\n<li>14.10.2025 Alumni Welcome Event \u2013 Business Psychology @ HSLU<\/li>\n\n\n\n<li>02.12.2024 Business Psychology Alumni Event &#8211; Mit einem Masterabschluss die Karriere auf das n\u00e4chste Level bringen<\/li>\n\n\n\n<li>27.11.2023 Business Psychology Networking Event<\/li>\n\n\n\n<li>28.09.2023 W Open: The Lucerne School of Business invites you to learn about its activities, to network and to generally have a great time <\/li>\n\n\n\n<li>28. &amp; 29. Februar 2024: Forum Wirtschaftspsychologie &#8211; Buchvernissage mit Keynote &amp; Podiumsgespr\u00e4ch Wirtschaftspsychologie<\/li>\n\n\n\n<li>19.04.2023 Business Psychology Networking Event<\/li>\n<\/ul>\n<\/div><\/details><\/div>\n\n\n\n<div class=\"wp-block-genesis-blocks-gb-accordion gb-block-accordion\"><details><summary class=\"gb-accordion-title\">Blogbeitr\u00e4ge unserer Absolvierenden<\/summary><div class=\"gb-accordion-text\">\n<p>Hier siehst du alle Blogbeitr\u00e4ge unserer Absolvierenden:<\/p>\n\n\n\n<ul class=\"wp-block-list\">\n<li>Juliette Steiger (Abschlussjahrgang 2025) stellt in <a href=\"https:\/\/hub.hslu.ch\/business-psychology\/bachelorarbeit-wie-globale-katastrophen-uns-zu-besseren-menschen-machen\/\">diesem<\/a> Blogbeitrag ihre Bachelorarbeit einige Takeaways vor.<\/li>\n\n\n\n<li>Noemi Schrag (Abschlussjahrgang 2025) gibt in <a href=\"https:\/\/hub.hslu.ch\/business-psychology\/einblicke-in-die-bachelorarbeit-der-arbeitspreistraegerin-noemi-schrag\/\">diesem<\/a> Blogbeitrag Einblicke in ihre Bachelorarbeit als Arbeitspreistr\u00e4gerin.<\/li>\n\n\n\n<li>Lamoussa Adeyani (Abschlussjahrgang 2024) stellt in <a href=\"https:\/\/hub.hslu.ch\/business-psychology\/wp-admin\/post.php?post=3649&amp;action=edit\">diesem<\/a> Blogbeitrag 10 Dinge vor, die sie w\u00e4hrend ihres Business Psychology Studiums gelernt hat.<\/li>\n\n\n\n<li>Jasmin Panier (Abschlussjahrgang 2024) stellt in <a href=\"https:\/\/hub.hslu.ch\/business-psychology\/der-einfluss-von-genderinklusiver-sprache-auf-die-markenwahrnehmung\/\">diesem<\/a> Blogbeitrag ihre Bachelorarbeit und einige Takeaways vor.<\/li>\n\n\n\n<li>Nicolas Fahrni (Abschlussjahrgang 2023) stellt in <a href=\"https:\/\/hub.hslu.ch\/business-psychology\/was-die-gastronomie-bei-dynamic-pricing-und-du-bei-deiner-bachelorarbeit-beachten-solltest\/\">diesem<\/a> Blogbeitrag seine Bachelorarbeit und einige Takeaways vor.<\/li>\n\n\n\n<li>Lhazen Chhiring (Abschlussjahrgang 2022) stellt in ihrem <a href=\"https:\/\/hub.hslu.ch\/business-psychology\/meine-bachelorarbeit-in-der-gastronomie-und-einige-takeaways-fuer-dich\/\" target=\"_blank\" rel=\"noreferrer noopener\">Blogbeitrag<\/a> ihre Bachelorarbeit und einige Takeaways vor<\/li>\n<\/ul>\n<\/div><\/details><\/div>\n\n\n\n<h2 class=\"wp-block-heading\">Kontakte:<\/h2>\n\n\n\n<p>M\u00f6chtest du uns direkt kontaktieren? Dann schreibe gerne eine Mail an:<\/p>\n\n\n\n<ul class=\"wp-block-list\">\n<li>Business Psychology Themengruppe: &#98;&#x75;&#115;&#x69;&#110;&#x65;s&#x73;-&#x70;s&#121;&#x63;&#104;&#x6f;&#108;&#x6f;&#103;&#x79;&#64;&#x61;l&#x75;m&#110;&#x69;&#104;&#x73;&#108;&#x75;&#46;&#x63;h<\/li>\n\n\n\n<li>Rabea Heinzmann: &#x72;&#x61;&#98;&#101;a&#46;&#x68;&#x65;&#x69;&#110;zm&#x61;&#x6e;&#x6e;&#64;&#104;s&#x6c;&#x75;&#x2e;&#99;&#104;<\/li>\n<\/ul>\n","protected":false},"excerpt":{"rendered":"<p>Unser Alumni Netzwerk &#171;Business Psychology&#187; wurde im Sommer 2022 mit den ersten Absolvierenden gegr\u00fcndet. Das Netzwerk ist Teil des Alumni Vereins und soll den Rahmen f\u00fcr ein wachsendes Kompetenz- und Erfahrungsnetzwerk schaffen, um den Austausch aktueller Fachthemen, Ideen und beruflicher Erfahrungen unter einander zu erm\u00f6glichen.&nbsp; Dies wird umgesetzt durch ein bis zwei j\u00e4hrlich geplante Netzwerkveranstaltungen<\/p>\n","protected":false},"author":250,"featured_media":0,"parent":0,"menu_order":0,"comment_status":"closed","ping_status":"closed","template":"","meta":{"_acf_changed":false,"inline_featured_image":false,"_relevanssi_hide_post":"","_relevanssi_hide_content":"","_relevanssi_pin_for_all":"","_relevanssi_pin_keywords":"","_relevanssi_unpin_keywords":"","_relevanssi_related_keywords":"","_relevanssi_related_include_ids":"","_relevanssi_related_exclude_ids":"","_relevanssi_related_no_append":"","_relevanssi_related_not_related":"","_relevanssi_related_posts":"2667,2580,2346,2287,1958,1844","_relevanssi_noindex_reason":"","footnotes":"","_links_to":"","_links_to_target":""},"class_list":["post-2321","page","type-page","status-publish","hentry"],"acf":[],"yoast_head":"<!-- This site is optimized with the Yoast SEO plugin v27.4 - https:\/\/yoast.com\/product\/yoast-seo-wordpress\/ -->\n<title>Alumni Netzwerk - Business Psychology<\/title>\n<meta name=\"robots\" content=\"index, follow, max-snippet:-1, max-image-preview:large, max-video-preview:-1\" \/>\n<link rel=\"canonical\" href=\"https:\/\/hub.hslu.ch\/business-psychology\/alumni-netzwerk-business-psychology\/\" \/>\n<meta property=\"og:locale\" content=\"de_DE\" \/>\n<meta property=\"og:type\" content=\"article\" \/>\n<meta property=\"og:title\" content=\"Alumni Netzwerk - Business Psychology\" \/>\n<meta property=\"og:description\" content=\"Unser Alumni Netzwerk &#171;Business Psychology&#187; wurde im Sommer 2022 mit den ersten Absolvierenden gegr\u00fcndet. Das Netzwerk ist Teil des Alumni Vereins und soll den Rahmen f\u00fcr ein wachsendes Kompetenz- und Erfahrungsnetzwerk schaffen, um den Austausch aktueller Fachthemen, Ideen und beruflicher Erfahrungen unter einander zu erm\u00f6glichen.&nbsp; Dies wird umgesetzt durch ein bis zwei j\u00e4hrlich geplante Netzwerkveranstaltungen\" \/>\n<meta property=\"og:url\" content=\"https:\/\/hub.hslu.ch\/business-psychology\/alumni-netzwerk-business-psychology\/\" \/>\n<meta property=\"og:site_name\" content=\"Business Psychology\" \/>\n<meta property=\"article:modified_time\" content=\"2026-02-27T15:46:18+00:00\" \/>\n<meta name=\"twitter:card\" content=\"summary_large_image\" \/>\n<meta name=\"twitter:label1\" content=\"Gesch\u00e4tzte Lesezeit\" \/>\n\t<meta name=\"twitter:data1\" content=\"2\u00a0Minuten\" \/>\n<script type=\"application\/ld+json\" class=\"yoast-schema-graph\">{\"@context\":\"https:\\\/\\\/schema.org\",\"@graph\":[{\"@type\":\"WebPage\",\"@id\":\"https:\\\/\\\/hub.hslu.ch\\\/business-psychology\\\/alumni-netzwerk-business-psychology\\\/\",\"url\":\"https:\\\/\\\/hub.hslu.ch\\\/business-psychology\\\/alumni-netzwerk-business-psychology\\\/\",\"name\":\"Alumni Netzwerk - Business Psychology\",\"isPartOf\":{\"@id\":\"https:\\\/\\\/hub.hslu.ch\\\/business-psychology\\\/#website\"},\"datePublished\":\"2022-06-24T09:19:28+00:00\",\"dateModified\":\"2026-02-27T15:46:18+00:00\",\"breadcrumb\":{\"@id\":\"https:\\\/\\\/hub.hslu.ch\\\/business-psychology\\\/alumni-netzwerk-business-psychology\\\/#breadcrumb\"},\"inLanguage\":\"de-CH\",\"potentialAction\":[{\"@type\":\"ReadAction\",\"target\":[\"https:\\\/\\\/hub.hslu.ch\\\/business-psychology\\\/alumni-netzwerk-business-psychology\\\/\"]}]},{\"@type\":\"BreadcrumbList\",\"@id\":\"https:\\\/\\\/hub.hslu.ch\\\/business-psychology\\\/alumni-netzwerk-business-psychology\\\/#breadcrumb\",\"itemListElement\":[{\"@type\":\"ListItem\",\"position\":1,\"name\":\"Home\",\"item\":\"https:\\\/\\\/hub.hslu.ch\\\/business-psychology\\\/\"},{\"@type\":\"ListItem\",\"position\":2,\"name\":\"Alumni Netzwerk\"}]},{\"@type\":\"WebSite\",\"@id\":\"https:\\\/\\\/hub.hslu.ch\\\/business-psychology\\\/#website\",\"url\":\"https:\\\/\\\/hub.hslu.ch\\\/business-psychology\\\/\",\"name\":\"Business Psychology\",\"description\":\"Wirtschaftspsychologie an der Hochschule Luzern\",\"potentialAction\":[{\"@type\":\"SearchAction\",\"target\":{\"@type\":\"EntryPoint\",\"urlTemplate\":\"https:\\\/\\\/hub.hslu.ch\\\/business-psychology\\\/?s={search_term_string}\"},\"query-input\":{\"@type\":\"PropertyValueSpecification\",\"valueRequired\":true,\"valueName\":\"search_term_string\"}}],\"inLanguage\":\"de-CH\"}]}<\/script>\n<!-- \/ Yoast SEO plugin. -->","yoast_head_json":{"title":"Alumni Netzwerk - Business Psychology","robots":{"index":"index","follow":"follow","max-snippet":"max-snippet:-1","max-image-preview":"max-image-preview:large","max-video-preview":"max-video-preview:-1"},"canonical":"https:\/\/hub.hslu.ch\/business-psychology\/alumni-netzwerk-business-psychology\/","og_locale":"de_DE","og_type":"article","og_title":"Alumni Netzwerk - Business Psychology","og_description":"Unser Alumni Netzwerk &#171;Business Psychology&#187; wurde im Sommer 2022 mit den ersten Absolvierenden gegr\u00fcndet. Das Netzwerk ist Teil des Alumni Vereins und soll den Rahmen f\u00fcr ein wachsendes Kompetenz- und Erfahrungsnetzwerk schaffen, um den Austausch aktueller Fachthemen, Ideen und beruflicher Erfahrungen unter einander zu erm\u00f6glichen.&nbsp; Dies wird umgesetzt durch ein bis zwei j\u00e4hrlich geplante Netzwerkveranstaltungen","og_url":"https:\/\/hub.hslu.ch\/business-psychology\/alumni-netzwerk-business-psychology\/","og_site_name":"Business Psychology","article_modified_time":"2026-02-27T15:46:18+00:00","twitter_card":"summary_large_image","twitter_misc":{"Gesch\u00e4tzte Lesezeit":"2\u00a0Minuten"},"schema":{"@context":"https:\/\/schema.org","@graph":[{"@type":"WebPage","@id":"https:\/\/hub.hslu.ch\/business-psychology\/alumni-netzwerk-business-psychology\/","url":"https:\/\/hub.hslu.ch\/business-psychology\/alumni-netzwerk-business-psychology\/","name":"Alumni Netzwerk - Business Psychology","isPartOf":{"@id":"https:\/\/hub.hslu.ch\/business-psychology\/#website"},"datePublished":"2022-06-24T09:19:28+00:00","dateModified":"2026-02-27T15:46:18+00:00","breadcrumb":{"@id":"https:\/\/hub.hslu.ch\/business-psychology\/alumni-netzwerk-business-psychology\/#breadcrumb"},"inLanguage":"de-CH","potentialAction":[{"@type":"ReadAction","target":["https:\/\/hub.hslu.ch\/business-psychology\/alumni-netzwerk-business-psychology\/"]}]},{"@type":"BreadcrumbList","@id":"https:\/\/hub.hslu.ch\/business-psychology\/alumni-netzwerk-business-psychology\/#breadcrumb","itemListElement":[{"@type":"ListItem","position":1,"name":"Home","item":"https:\/\/hub.hslu.ch\/business-psychology\/"},{"@type":"ListItem","position":2,"name":"Alumni Netzwerk"}]},{"@type":"WebSite","@id":"https:\/\/hub.hslu.ch\/business-psychology\/#website","url":"https:\/\/hub.hslu.ch\/business-psychology\/","name":"Business Psychology","description":"Wirtschaftspsychologie an der Hochschule Luzern","potentialAction":[{"@type":"SearchAction","target":{"@type":"EntryPoint","urlTemplate":"https:\/\/hub.hslu.ch\/business-psychology\/?s={search_term_string}"},"query-input":{"@type":"PropertyValueSpecification","valueRequired":true,"valueName":"search_term_string"}}],"inLanguage":"de-CH"}]}},"featured_image_src":null,"featured_image_src_square":null,"_links":{"self":[{"href":"https:\/\/hub.hslu.ch\/business-psychology\/wp-json\/wp\/v2\/pages\/2321","targetHints":{"allow":["GET"]}}],"collection":[{"href":"https:\/\/hub.hslu.ch\/business-psychology\/wp-json\/wp\/v2\/pages"}],"about":[{"href":"https:\/\/hub.hslu.ch\/business-psychology\/wp-json\/wp\/v2\/types\/page"}],"author":[{"embeddable":true,"href":"https:\/\/hub.hslu.ch\/business-psychology\/wp-json\/wp\/v2\/users\/250"}],"replies":[{"embeddable":true,"href":"https:\/\/hub.hslu.ch\/business-psychology\/wp-json\/wp\/v2\/comments?post=2321"}],"version-history":[{"count":33,"href":"https:\/\/hub.hslu.ch\/business-psychology\/wp-json\/wp\/v2\/pages\/2321\/revisions"}],"predecessor-version":[{"id":5944,"href":"https:\/\/hub.hslu.ch\/business-psychology\/wp-json\/wp\/v2\/pages\/2321\/revisions\/5944"}],"wp:attachment":[{"href":"https:\/\/hub.hslu.ch\/business-psychology\/wp-json\/wp\/v2\/media?parent=2321"}],"curies":[{"name":"wp","href":"https:\/\/api.w.org\/{rel}","templated":true}]}}