{"id":1531,"date":"2022-07-14T07:54:32","date_gmt":"2022-07-14T07:54:32","guid":{"rendered":"https:\/\/hub.hslu.ch\/economiccrime\/?page_id=1531"},"modified":"2024-12-18T08:55:15","modified_gmt":"2024-12-18T07:55:15","slug":"weiterbildung","status":"publish","type":"page","link":"https:\/\/hub.hslu.ch\/economiccrime\/weiterbildung\/","title":{"rendered":"Weiterbildung"},"content":{"rendered":"\n<h2 class=\"wp-block-heading\"><strong>praxisorientiert, innovativ und pers\u00f6nlich<\/strong><\/h2>\n\n\n\n<p>Der Studienbereich Wirtschaftskriminalistik richtet sich an freiberufliche oder unselbst\u00e4ndig t\u00e4tige Interessierte aus Strafverfolgung, Verwaltung und Wirtschaft.<\/p>\n\n\n\n<p>Im Zentrum stehen die Vermeidung, Aufkl\u00e4rung und Bek\u00e4mpfung von Wirtschaftskriminalit\u00e4t.<\/p>\n\n\n<div class=\"blue-box\">\n\t<div class=\"row\">\n\t\t<div class=\"col-md-12\">\n\t\t\t<h2 data-pm-slice=\"1 1 []\">MAS Economic Crime Investigation<\/h2>\n<p><strong>Wirtschaftskriminalit\u00e4t besser bek\u00e4mpfen!<\/strong><\/p>\n<p>Die berufsbegleitende Weiterbildung MAS Economic Crime Investigation macht Sie zu Expertinnen und Experten im Kampf gegen die Wirtschaftskriminalit\u00e4t. Untersuchungen und Ermittlungen sowie Risikoanalyse und Pr\u00e4vention bilden die Schwerpunkte des Studiums.<\/p>\n<p><a href=\"https:\/\/www.hslu.ch\/de-ch\/wirtschaft\/weiterbildung\/mas\/ifz\/economic-crime-investigation\/\" target=\"_blank\" rel=\"noopener\">Mehr dazu<\/a><\/p>\n\t\t<\/div>\n\t<\/div>\n<\/div>\n\n\n<div class=\"blue-box\">\n\t<div class=\"row\">\n\t\t<div class=\"col-md-12\">\n\t\t\t<h2 data-pm-slice=\"1 1 []\"><strong>CAS Economic Crime Investigation Essentials<\/strong><\/h2>\n<p data-pm-slice=\"1 1 []\"><strong>Praxisnahes Wissen \u00fcber die Wirtschaftskriminalit\u00e4t<\/strong><\/p>\n<p data-pm-slice=\"1 1 []\">In der Weiterbildung CAS Economic Crime Investigation erlangen Sie die F\u00e4higkeit, bedeutende Zusammenh\u00e4nge von Wirtschaftskriminalit\u00e4t zu erkennen und die Vorgehensweisen und Ergebnisse von Ermittlungen und Untersuchungen zu \u00fcberblicken.<\/p>\n<p data-pm-slice=\"1 1 []\"><a href=\"https:\/\/www.hslu.ch\/de-ch\/wirtschaft\/weiterbildung\/cas\/ifz\/economic-crime-investigation\/\" target=\"_blank\" rel=\"noopener\">Mehr dazu<\/a><\/p>\n\t\t<\/div>\n\t<\/div>\n<\/div>\n\n\n<div class=\"blue-box\">\n\t<div class=\"row\">\n\t\t<div class=\"col-md-12\">\n\t\t\t<h2 data-pm-slice=\"1 1 []\">CAS Financial Investigation<\/h2>\n<p><strong>Wirtschaftskriminalit\u00e4t erfolgreich bek\u00e4mpfen<\/strong><\/p>\n<p>Das CAS Financial Investigation bef\u00e4higt Angeh\u00f6rige des Polizeikorps sowie Mitarbeitende von\u00a0ermittelnden Beh\u00f6rden, selbstst\u00e4ndig gegen Wirtschaftskriminalit\u00e4t vorzugehen. Schwerpunkte sind Verm\u00f6gens-, Konkurs- und Urkundendelikte.<\/p>\n<p><a href=\"https:\/\/www.hslu.ch\/de-ch\/wirtschaft\/weiterbildung\/cas\/ifz\/financial-investigation\/\" target=\"_blank\" rel=\"noopener\">Mehr dazu<\/a><\/p>\n\t\t<\/div>\n\t<\/div>\n<\/div>\n","protected":false},"excerpt":{"rendered":"<p>praxisorientiert, innovativ und pers\u00f6nlich Der Studienbereich Wirtschaftskriminalistik richtet sich an freiberufliche oder unselbst\u00e4ndig t\u00e4tige Interessierte aus Strafverfolgung, Verwaltung und Wirtschaft. Im Zentrum stehen die Vermeidung, Aufkl\u00e4rung und Bek\u00e4mpfung von Wirtschaftskriminalit\u00e4t.<\/p>\n","protected":false},"author":111,"featured_media":0,"parent":0,"menu_order":0,"comment_status":"closed","ping_status":"closed","template":"","meta":{"_acf_changed":false,"inline_featured_image":false,"_relevanssi_hide_post":"","_relevanssi_hide_content":"","_relevanssi_pin_for_all":"","_relevanssi_pin_keywords":"","_relevanssi_unpin_keywords":"","_relevanssi_related_keywords":"","_relevanssi_related_include_ids":"","_relevanssi_related_exclude_ids":"","_relevanssi_related_no_append":"","_relevanssi_related_not_related":"","_relevanssi_related_posts":"3835,3696,3533,3527,3467,3113","_relevanssi_noindex_reason":"","footnotes":"","_links_to":"","_links_to_target":""},"class_list":["post-1531","page","type-page","status-publish","hentry"],"acf":[],"yoast_head":"<!-- This site is optimized with the Yoast SEO plugin v27.3 - https:\/\/yoast.com\/product\/yoast-seo-wordpress\/ -->\n<title>Weiterbildung - Economic Crime Blog<\/title>\n<meta name=\"robots\" content=\"index, follow, max-snippet:-1, max-image-preview:large, max-video-preview:-1\" \/>\n<link rel=\"canonical\" href=\"https:\/\/hub.hslu.ch\/economiccrime\/weiterbildung\/\" \/>\n<meta property=\"og:locale\" content=\"de_DE\" \/>\n<meta property=\"og:type\" content=\"article\" \/>\n<meta property=\"og:title\" content=\"Weiterbildung - Economic Crime Blog\" \/>\n<meta property=\"og:description\" content=\"praxisorientiert, innovativ und pers\u00f6nlich Der Studienbereich Wirtschaftskriminalistik richtet sich an freiberufliche oder unselbst\u00e4ndig t\u00e4tige Interessierte aus Strafverfolgung, Verwaltung und Wirtschaft. Im Zentrum stehen die Vermeidung, Aufkl\u00e4rung und Bek\u00e4mpfung von Wirtschaftskriminalit\u00e4t.\" \/>\n<meta property=\"og:url\" content=\"https:\/\/hub.hslu.ch\/economiccrime\/weiterbildung\/\" \/>\n<meta property=\"og:site_name\" content=\"Economic Crime Blog\" \/>\n<meta property=\"article:modified_time\" content=\"2024-12-18T07:55:15+00:00\" \/>\n<meta name=\"twitter:card\" content=\"summary_large_image\" \/>\n<meta name=\"twitter:label1\" content=\"Gesch\u00e4tzte Lesezeit\" \/>\n\t<meta name=\"twitter:data1\" content=\"1\u00a0Minute\" \/>\n<script type=\"application\/ld+json\" class=\"yoast-schema-graph\">{\"@context\":\"https:\\\/\\\/schema.org\",\"@graph\":[{\"@type\":\"WebPage\",\"@id\":\"https:\\\/\\\/hub.hslu.ch\\\/economiccrime\\\/weiterbildung\\\/\",\"url\":\"https:\\\/\\\/hub.hslu.ch\\\/economiccrime\\\/weiterbildung\\\/\",\"name\":\"Weiterbildung - Economic Crime Blog\",\"isPartOf\":{\"@id\":\"https:\\\/\\\/hub.hslu.ch\\\/economiccrime\\\/#website\"},\"datePublished\":\"2022-07-14T07:54:32+00:00\",\"dateModified\":\"2024-12-18T07:55:15+00:00\",\"breadcrumb\":{\"@id\":\"https:\\\/\\\/hub.hslu.ch\\\/economiccrime\\\/weiterbildung\\\/#breadcrumb\"},\"inLanguage\":\"de-CH\",\"potentialAction\":[{\"@type\":\"ReadAction\",\"target\":[\"https:\\\/\\\/hub.hslu.ch\\\/economiccrime\\\/weiterbildung\\\/\"]}]},{\"@type\":\"BreadcrumbList\",\"@id\":\"https:\\\/\\\/hub.hslu.ch\\\/economiccrime\\\/weiterbildung\\\/#breadcrumb\",\"itemListElement\":[{\"@type\":\"ListItem\",\"position\":1,\"name\":\"Home\",\"item\":\"https:\\\/\\\/hub.hslu.ch\\\/economiccrime\\\/\"},{\"@type\":\"ListItem\",\"position\":2,\"name\":\"Weiterbildung\"}]},{\"@type\":\"WebSite\",\"@id\":\"https:\\\/\\\/hub.hslu.ch\\\/economiccrime\\\/#website\",\"url\":\"https:\\\/\\\/hub.hslu.ch\\\/economiccrime\\\/\",\"name\":\"Economic Crime Blog\",\"description\":\"Bek\u00e4mpfung der Wirtschaftskriminalit\u00e4t\",\"potentialAction\":[{\"@type\":\"SearchAction\",\"target\":{\"@type\":\"EntryPoint\",\"urlTemplate\":\"https:\\\/\\\/hub.hslu.ch\\\/economiccrime\\\/?s={search_term_string}\"},\"query-input\":{\"@type\":\"PropertyValueSpecification\",\"valueRequired\":true,\"valueName\":\"search_term_string\"}}],\"inLanguage\":\"de-CH\"}]}<\/script>\n<!-- \/ Yoast SEO plugin. -->","yoast_head_json":{"title":"Weiterbildung - Economic Crime Blog","robots":{"index":"index","follow":"follow","max-snippet":"max-snippet:-1","max-image-preview":"max-image-preview:large","max-video-preview":"max-video-preview:-1"},"canonical":"https:\/\/hub.hslu.ch\/economiccrime\/weiterbildung\/","og_locale":"de_DE","og_type":"article","og_title":"Weiterbildung - Economic Crime Blog","og_description":"praxisorientiert, innovativ und pers\u00f6nlich Der Studienbereich Wirtschaftskriminalistik richtet sich an freiberufliche oder unselbst\u00e4ndig t\u00e4tige Interessierte aus Strafverfolgung, Verwaltung und Wirtschaft. Im Zentrum stehen die Vermeidung, Aufkl\u00e4rung und Bek\u00e4mpfung von Wirtschaftskriminalit\u00e4t.","og_url":"https:\/\/hub.hslu.ch\/economiccrime\/weiterbildung\/","og_site_name":"Economic Crime Blog","article_modified_time":"2024-12-18T07:55:15+00:00","twitter_card":"summary_large_image","twitter_misc":{"Gesch\u00e4tzte Lesezeit":"1\u00a0Minute"},"schema":{"@context":"https:\/\/schema.org","@graph":[{"@type":"WebPage","@id":"https:\/\/hub.hslu.ch\/economiccrime\/weiterbildung\/","url":"https:\/\/hub.hslu.ch\/economiccrime\/weiterbildung\/","name":"Weiterbildung - Economic Crime Blog","isPartOf":{"@id":"https:\/\/hub.hslu.ch\/economiccrime\/#website"},"datePublished":"2022-07-14T07:54:32+00:00","dateModified":"2024-12-18T07:55:15+00:00","breadcrumb":{"@id":"https:\/\/hub.hslu.ch\/economiccrime\/weiterbildung\/#breadcrumb"},"inLanguage":"de-CH","potentialAction":[{"@type":"ReadAction","target":["https:\/\/hub.hslu.ch\/economiccrime\/weiterbildung\/"]}]},{"@type":"BreadcrumbList","@id":"https:\/\/hub.hslu.ch\/economiccrime\/weiterbildung\/#breadcrumb","itemListElement":[{"@type":"ListItem","position":1,"name":"Home","item":"https:\/\/hub.hslu.ch\/economiccrime\/"},{"@type":"ListItem","position":2,"name":"Weiterbildung"}]},{"@type":"WebSite","@id":"https:\/\/hub.hslu.ch\/economiccrime\/#website","url":"https:\/\/hub.hslu.ch\/economiccrime\/","name":"Economic Crime Blog","description":"Bek\u00e4mpfung der Wirtschaftskriminalit\u00e4t","potentialAction":[{"@type":"SearchAction","target":{"@type":"EntryPoint","urlTemplate":"https:\/\/hub.hslu.ch\/economiccrime\/?s={search_term_string}"},"query-input":{"@type":"PropertyValueSpecification","valueRequired":true,"valueName":"search_term_string"}}],"inLanguage":"de-CH"}]}},"featured_image_src":null,"featured_image_src_square":null,"_links":{"self":[{"href":"https:\/\/hub.hslu.ch\/economiccrime\/wp-json\/wp\/v2\/pages\/1531","targetHints":{"allow":["GET"]}}],"collection":[{"href":"https:\/\/hub.hslu.ch\/economiccrime\/wp-json\/wp\/v2\/pages"}],"about":[{"href":"https:\/\/hub.hslu.ch\/economiccrime\/wp-json\/wp\/v2\/types\/page"}],"author":[{"embeddable":true,"href":"https:\/\/hub.hslu.ch\/economiccrime\/wp-json\/wp\/v2\/users\/111"}],"replies":[{"embeddable":true,"href":"https:\/\/hub.hslu.ch\/economiccrime\/wp-json\/wp\/v2\/comments?post=1531"}],"version-history":[{"count":39,"href":"https:\/\/hub.hslu.ch\/economiccrime\/wp-json\/wp\/v2\/pages\/1531\/revisions"}],"predecessor-version":[{"id":5247,"href":"https:\/\/hub.hslu.ch\/economiccrime\/wp-json\/wp\/v2\/pages\/1531\/revisions\/5247"}],"wp:attachment":[{"href":"https:\/\/hub.hslu.ch\/economiccrime\/wp-json\/wp\/v2\/media?parent=1531"}],"curies":[{"name":"wp","href":"https:\/\/api.w.org\/{rel}","templated":true}]}}