{"id":5049,"date":"2024-09-09T14:05:23","date_gmt":"2024-09-09T12:05:23","guid":{"rendered":"https:\/\/hub.hslu.ch\/economiccrime\/?page_id=5049"},"modified":"2025-11-18T09:35:56","modified_gmt":"2025-11-18T08:35:56","slug":"medienartikel","status":"publish","type":"page","link":"https:\/\/hub.hslu.ch\/economiccrime\/medienartikel\/","title":{"rendered":"Medienartikel"},"content":{"rendered":"\n<p>Hier finden Sie eine Auswahl von Zeitungsartikeln sowie Beitr\u00e4gen in Magazinen, Radio und Fernsehen&nbsp;basierend auf der Arbeit des IFZ Economic Crime Teams.<\/p>\n\n\n\n<ul class=\"wp-block-list\">\n<li>11.11.2025, Bote der Urschweiz, <a href=\"https:\/\/hub.hslu.ch\/economiccrime\/wp-content\/uploads\/sites\/11\/2025\/11\/Medienartikel-Blog.pdf\" target=\"_blank\" rel=\"noreferrer noopener\">\u00ab<strong>Cyberkriminalit\u00e4t besch\u00e4ftigt Schwyzer Firmen stark<\/strong>\u00bb<\/a>: Bericht zur Situation im Kanton Schwyz \u2013 Erkenntnisse der Studie im Vergleich mit Aussagen des Schwyzerischen Gewerbeverbands und der Kantonspolizei Schwyz.<\/li>\n<\/ul>\n\n\n\n<ul class=\"wp-block-list\">\n<li>28.10.2025, Zuger Zeitung, <a href=\"https:\/\/hub.hslu.ch\/economiccrime\/wp-content\/uploads\/sites\/11\/2025\/11\/Briefkastenfirma.pdf\" target=\"_blank\" rel=\"noreferrer noopener\">\u00ab<strong>Ist jede dritte Firma eine Briefkastenfirma? &#8211; Die Anziehungskraft des Kantons Zug auf Briefkastenfirmen nimmt weiter zu: Die Zahl der Domizilfirmen ist innert f\u00fcnf Jahren stark gestiegen<\/strong>\u00bb<\/a>: Susanne Grau \u00fcber die Frage nach der Legalit\u00e4t, Gr\u00fcnde f\u00fcr die Wahl von Briefkastenfirmen und die Betrachtung aus wirtschaftskriminalistischer Sicht.<\/li>\n<\/ul>\n\n\n\n<ul class=\"wp-block-list\">\n<li>31.05.2025, Luzerner Zeitung, <strong><a href=\"https:\/\/hub.hslu.ch\/economiccrime\/wp-content\/uploads\/sites\/11\/2025\/06\/Reine-Weste-trotz-Schulden.pdf\" target=\"_blank\" rel=\"noreferrer noopener\">\u00abReine Weste trotz Schulden &#8211; Unternehmer nutzen Schlupfl\u00f6cher im Betreibungssystem gezielt aus, um Schulden zu verschleiern. Eine Reform soll Abhilfe schaffen\u00bb<\/a>: <\/strong>Susanne Grau \u00fcber angeh\u00e4ufte Schulden, Betreibungsregisterausz\u00fcge und Kantonswechsel.<\/li>\n<\/ul>\n\n\n\n<ul class=\"wp-block-list\">\n<li>25.11.2024, cash,<a href=\"https:\/\/www.cash.ch\/news\/top-news\/wirtschaftskriminalistik-expertin-es-ware-ideal-wenn-es-klare-red-flags-gabe-762395\" target=\"_blank\" rel=\"noreferrer noopener\"> <strong>Wirtschaftskriminalistik-Expertin: \u00abEs w\u00e4re ideal, wenn es klare \u2039Red Flags\u203a g\u00e4be\u00bb<\/strong><\/a>: Susanne Grau \u00fcber Wirtschaftskriminalit\u00e4t \u2013 von Bilanzbetrug bis Korruption bleibt sie ein dauerhaftes Problem.<\/li>\n<\/ul>\n\n\n\n<p><\/p>\n","protected":false},"excerpt":{"rendered":"<p>Hier finden Sie eine Auswahl von Zeitungsartikeln sowie Beitr\u00e4gen in Magazinen, Radio und Fernsehen&nbsp;basierend auf der Arbeit des IFZ Economic Crime Teams.<\/p>\n","protected":false},"author":163,"featured_media":0,"parent":0,"menu_order":0,"comment_status":"closed","ping_status":"closed","template":"","meta":{"_acf_changed":false,"inline_featured_image":false,"_relevanssi_hide_post":"","_relevanssi_hide_content":"","_relevanssi_pin_for_all":"","_relevanssi_pin_keywords":"","_relevanssi_unpin_keywords":"","_relevanssi_related_keywords":"","_relevanssi_related_include_ids":"","_relevanssi_related_exclude_ids":"","_relevanssi_related_no_append":"","_relevanssi_related_not_related":"","_relevanssi_related_posts":"3608,278,227,3249,384,34","_relevanssi_noindex_reason":"","footnotes":"","_links_to":"","_links_to_target":""},"class_list":["post-5049","page","type-page","status-publish","hentry"],"acf":[],"yoast_head":"<!-- This site is optimized with the Yoast SEO plugin v27.3 - https:\/\/yoast.com\/product\/yoast-seo-wordpress\/ -->\n<title>Medienartikel - Economic Crime Blog<\/title>\n<meta name=\"robots\" content=\"index, follow, max-snippet:-1, max-image-preview:large, max-video-preview:-1\" \/>\n<link rel=\"canonical\" href=\"https:\/\/hub.hslu.ch\/economiccrime\/medienartikel\/\" \/>\n<meta property=\"og:locale\" content=\"de_DE\" \/>\n<meta property=\"og:type\" content=\"article\" \/>\n<meta property=\"og:title\" content=\"Medienartikel - Economic Crime Blog\" \/>\n<meta property=\"og:description\" content=\"Hier finden Sie eine Auswahl von Zeitungsartikeln sowie Beitr\u00e4gen in Magazinen, Radio und Fernsehen&nbsp;basierend auf der Arbeit des IFZ Economic Crime Teams.\" \/>\n<meta property=\"og:url\" content=\"https:\/\/hub.hslu.ch\/economiccrime\/medienartikel\/\" \/>\n<meta property=\"og:site_name\" content=\"Economic Crime Blog\" \/>\n<meta property=\"article:modified_time\" content=\"2025-11-18T08:35:56+00:00\" \/>\n<meta name=\"twitter:card\" content=\"summary_large_image\" \/>\n<meta name=\"twitter:label1\" content=\"Gesch\u00e4tzte Lesezeit\" \/>\n\t<meta name=\"twitter:data1\" content=\"1\u00a0Minute\" \/>\n<script type=\"application\/ld+json\" class=\"yoast-schema-graph\">{\"@context\":\"https:\\\/\\\/schema.org\",\"@graph\":[{\"@type\":\"WebPage\",\"@id\":\"https:\\\/\\\/hub.hslu.ch\\\/economiccrime\\\/medienartikel\\\/\",\"url\":\"https:\\\/\\\/hub.hslu.ch\\\/economiccrime\\\/medienartikel\\\/\",\"name\":\"Medienartikel - Economic Crime Blog\",\"isPartOf\":{\"@id\":\"https:\\\/\\\/hub.hslu.ch\\\/economiccrime\\\/#website\"},\"datePublished\":\"2024-09-09T12:05:23+00:00\",\"dateModified\":\"2025-11-18T08:35:56+00:00\",\"breadcrumb\":{\"@id\":\"https:\\\/\\\/hub.hslu.ch\\\/economiccrime\\\/medienartikel\\\/#breadcrumb\"},\"inLanguage\":\"de-CH\",\"potentialAction\":[{\"@type\":\"ReadAction\",\"target\":[\"https:\\\/\\\/hub.hslu.ch\\\/economiccrime\\\/medienartikel\\\/\"]}]},{\"@type\":\"BreadcrumbList\",\"@id\":\"https:\\\/\\\/hub.hslu.ch\\\/economiccrime\\\/medienartikel\\\/#breadcrumb\",\"itemListElement\":[{\"@type\":\"ListItem\",\"position\":1,\"name\":\"Home\",\"item\":\"https:\\\/\\\/hub.hslu.ch\\\/economiccrime\\\/\"},{\"@type\":\"ListItem\",\"position\":2,\"name\":\"Medienartikel\"}]},{\"@type\":\"WebSite\",\"@id\":\"https:\\\/\\\/hub.hslu.ch\\\/economiccrime\\\/#website\",\"url\":\"https:\\\/\\\/hub.hslu.ch\\\/economiccrime\\\/\",\"name\":\"Economic Crime Blog\",\"description\":\"Bek\u00e4mpfung der Wirtschaftskriminalit\u00e4t\",\"potentialAction\":[{\"@type\":\"SearchAction\",\"target\":{\"@type\":\"EntryPoint\",\"urlTemplate\":\"https:\\\/\\\/hub.hslu.ch\\\/economiccrime\\\/?s={search_term_string}\"},\"query-input\":{\"@type\":\"PropertyValueSpecification\",\"valueRequired\":true,\"valueName\":\"search_term_string\"}}],\"inLanguage\":\"de-CH\"}]}<\/script>\n<!-- \/ Yoast SEO plugin. -->","yoast_head_json":{"title":"Medienartikel - Economic Crime Blog","robots":{"index":"index","follow":"follow","max-snippet":"max-snippet:-1","max-image-preview":"max-image-preview:large","max-video-preview":"max-video-preview:-1"},"canonical":"https:\/\/hub.hslu.ch\/economiccrime\/medienartikel\/","og_locale":"de_DE","og_type":"article","og_title":"Medienartikel - Economic Crime Blog","og_description":"Hier finden Sie eine Auswahl von Zeitungsartikeln sowie Beitr\u00e4gen in Magazinen, Radio und Fernsehen&nbsp;basierend auf der Arbeit des IFZ Economic Crime Teams.","og_url":"https:\/\/hub.hslu.ch\/economiccrime\/medienartikel\/","og_site_name":"Economic Crime Blog","article_modified_time":"2025-11-18T08:35:56+00:00","twitter_card":"summary_large_image","twitter_misc":{"Gesch\u00e4tzte Lesezeit":"1\u00a0Minute"},"schema":{"@context":"https:\/\/schema.org","@graph":[{"@type":"WebPage","@id":"https:\/\/hub.hslu.ch\/economiccrime\/medienartikel\/","url":"https:\/\/hub.hslu.ch\/economiccrime\/medienartikel\/","name":"Medienartikel - Economic Crime Blog","isPartOf":{"@id":"https:\/\/hub.hslu.ch\/economiccrime\/#website"},"datePublished":"2024-09-09T12:05:23+00:00","dateModified":"2025-11-18T08:35:56+00:00","breadcrumb":{"@id":"https:\/\/hub.hslu.ch\/economiccrime\/medienartikel\/#breadcrumb"},"inLanguage":"de-CH","potentialAction":[{"@type":"ReadAction","target":["https:\/\/hub.hslu.ch\/economiccrime\/medienartikel\/"]}]},{"@type":"BreadcrumbList","@id":"https:\/\/hub.hslu.ch\/economiccrime\/medienartikel\/#breadcrumb","itemListElement":[{"@type":"ListItem","position":1,"name":"Home","item":"https:\/\/hub.hslu.ch\/economiccrime\/"},{"@type":"ListItem","position":2,"name":"Medienartikel"}]},{"@type":"WebSite","@id":"https:\/\/hub.hslu.ch\/economiccrime\/#website","url":"https:\/\/hub.hslu.ch\/economiccrime\/","name":"Economic Crime Blog","description":"Bek\u00e4mpfung der Wirtschaftskriminalit\u00e4t","potentialAction":[{"@type":"SearchAction","target":{"@type":"EntryPoint","urlTemplate":"https:\/\/hub.hslu.ch\/economiccrime\/?s={search_term_string}"},"query-input":{"@type":"PropertyValueSpecification","valueRequired":true,"valueName":"search_term_string"}}],"inLanguage":"de-CH"}]}},"featured_image_src":null,"featured_image_src_square":null,"_links":{"self":[{"href":"https:\/\/hub.hslu.ch\/economiccrime\/wp-json\/wp\/v2\/pages\/5049","targetHints":{"allow":["GET"]}}],"collection":[{"href":"https:\/\/hub.hslu.ch\/economiccrime\/wp-json\/wp\/v2\/pages"}],"about":[{"href":"https:\/\/hub.hslu.ch\/economiccrime\/wp-json\/wp\/v2\/types\/page"}],"author":[{"embeddable":true,"href":"https:\/\/hub.hslu.ch\/economiccrime\/wp-json\/wp\/v2\/users\/163"}],"replies":[{"embeddable":true,"href":"https:\/\/hub.hslu.ch\/economiccrime\/wp-json\/wp\/v2\/comments?post=5049"}],"version-history":[{"count":9,"href":"https:\/\/hub.hslu.ch\/economiccrime\/wp-json\/wp\/v2\/pages\/5049\/revisions"}],"predecessor-version":[{"id":5939,"href":"https:\/\/hub.hslu.ch\/economiccrime\/wp-json\/wp\/v2\/pages\/5049\/revisions\/5939"}],"wp:attachment":[{"href":"https:\/\/hub.hslu.ch\/economiccrime\/wp-json\/wp\/v2\/media?parent=5049"}],"curies":[{"name":"wp","href":"https:\/\/api.w.org\/{rel}","templated":true}]}}