{"id":2103,"date":"2015-03-09T11:21:32","date_gmt":"2015-03-09T10:21:32","guid":{"rendered":"https:\/\/hub.hslu.ch\/financialmanagement\/?page_id=2103"},"modified":"2026-02-06T14:53:31","modified_gmt":"2026-02-06T13:53:31","slug":"webinare","status":"publish","type":"page","link":"https:\/\/hub.hslu.ch\/financialmanagement\/webinare\/","title":{"rendered":"Webinare"},"content":{"rendered":"\n<figure class=\"wp-block-image size-large\"><img loading=\"lazy\" decoding=\"async\" width=\"1500\" height=\"857\" src=\"https:\/\/hub.hslu.ch\/financialmanagement\/wp-content\/blogs.dir\/488\/files\/sites\/16\/2026\/02\/AdobeStock_1751599706-1500x857.jpeg\" alt=\"\" class=\"wp-image-11855\" srcset=\"https:\/\/hub.hslu.ch\/financialmanagement\/wp-content\/blogs.dir\/488\/files\/sites\/16\/2026\/02\/AdobeStock_1751599706-1500x857.jpeg 1500w, https:\/\/hub.hslu.ch\/financialmanagement\/wp-content\/blogs.dir\/488\/files\/sites\/16\/2026\/02\/AdobeStock_1751599706-300x171.jpeg 300w, https:\/\/hub.hslu.ch\/financialmanagement\/wp-content\/blogs.dir\/488\/files\/sites\/16\/2026\/02\/AdobeStock_1751599706-768x439.jpeg 768w, https:\/\/hub.hslu.ch\/financialmanagement\/wp-content\/blogs.dir\/488\/files\/sites\/16\/2026\/02\/AdobeStock_1751599706-1536x878.jpeg 1536w, https:\/\/hub.hslu.ch\/financialmanagement\/wp-content\/blogs.dir\/488\/files\/sites\/16\/2026\/02\/AdobeStock_1751599706-928x530.jpeg 928w, https:\/\/hub.hslu.ch\/financialmanagement\/wp-content\/blogs.dir\/488\/files\/sites\/16\/2026\/02\/AdobeStock_1751599706-600x343.jpeg 600w, https:\/\/hub.hslu.ch\/financialmanagement\/wp-content\/blogs.dir\/488\/files\/sites\/16\/2026\/02\/AdobeStock_1751599706.jpeg 2048w\" sizes=\"auto, (max-width: 1500px) 100vw, 1500px\" \/><\/figure>\n\n\n\n<h2 class=\"wp-block-heading\"><strong><strong><strong><strong>&#171;ESG Insights \u2013 Nachhaltigkeit verstehen, gestalten, berichten&#187;<\/strong><\/strong><\/strong><\/strong><\/h2>\n\n\n\n<p>Wie nachhaltig ist Ihr Unternehmen wirklich? Die Anforderungen an Umwelt-, Sozial- und Governance-Themen (ESG) steigen \u2013 von Kunden, Investoren und dem Gesetzgeber. Doch was bedeutet ESG konkret f\u00fcr Ihr Unternehmen? Und wie gelingt der Einstieg ins ESG Reporting?<\/p>\n\n\n\n<h4 class=\"wp-block-heading\"><strong>In unserer Webinarreihe &#171;ESG Insights \u2013 Nachhaltigkeit verstehen, gestalten, berichten&#187; erhalten Sie Einblicke in die ESG-Reporting Praxis von Unternehmen in der Schweiz aus erster Hand \u2013 praxisorientiert und wissenschaftlich fundiert.<\/strong><\/h4>\n\n\n\n<p>Die Inhalte der Webinareihe st\u00fctzen sich auf Ergebnisse, die wir aus unseren Studien zur ESG Reporting-Praxis in der Schweiz gewonnen haben: der ESG Reporting Survey 2024 und einer vertiefenden ESG Reporting Studie 2025.<\/p>\n\n\n\n<p>Nutzen Sie die Gelegenheit, um mit uns in den Dialog zu treten und neue Impulse zur Umsetzung ihrer ESG-Strategie zu erhalten. &nbsp;<\/p>\n\n\n\n<hr class=\"wp-block-separator has-alpha-channel-opacity\" \/>\n\n\n\n<p>? <strong>Zielgruppe<\/strong>: F\u00fchrungskr\u00e4fte, Nachhaltigkeitsverantwortliche, Finanz- und HR-Profis, sowie alle, die ESG in ihrem Unternehmen strategisch angehen m\u00f6chten.<\/p>\n\n\n\n<p>? <strong>Format<\/strong>: Online-Webinare, jeweils 30 Minuten (11.30 &#8211; 12.00 Uhr) mit Q&amp;A und Praxisbeispielen.<\/p>\n\n\n\n<p>? Melden Sie sich jetzt an und gestalten Sie die Zukunft Ihres Unternehmens nachhaltig!<\/p>\n\n\n\n<hr class=\"wp-block-separator has-alpha-channel-opacity\" \/>\n\n\n\n<h2 class=\"wp-block-heading\"><strong>27.10.2025: Teil 1 &#171;ESG \u2013 Aktuelle Relevanz f\u00fcr Unternehmen&#187; \u2013 mit Dr. Ute Laun, IFZ<\/strong><\/h2>\n\n\n\n<p>Wie positionieren sich Schweizer Unternehmen im aktuellen Umfeld zum Thema ESG? Wie gehen Sie mit wechselnden regulatorischen Anforderungen an? In welche Nachhaltigkeitsprojekte investieren Unternehmen? Was treibt Ihre ESG-Strategie? <\/p>\n\n\n\n<p>Erfahren Sie aus erster Hand, wie die ESG-Reporting Studie diese Fragen beantwortet.<\/p>\n\n\n\n<div class=\"wp-block-buttons is-layout-flex wp-block-buttons-is-layout-flex\">\n<div class=\"wp-block-button gb-block-button\"><a class=\"wp-block-button__link has-text-color has-background has-custom-font-size wp-element-button\" href=\"https:\/\/hub.hslu.ch\/financialmanagement\/downloads\/\" style=\"border-radius:5px;color:#ffffff;background-color:#3373dc;padding-top:10px;padding-right:1em;padding-bottom:10px;padding-left:1em;font-size:20px;line-height:1.2\" target=\"_blank\">Zur Aufzeichnung<\/a><\/div>\n<\/div>\n\n\n\n<p><\/p>\n\n\n\n<h2 class=\"wp-block-heading\"><strong>03.11.2025<\/strong>: <strong>Teil 2 &#171;ESG f\u00fcr KMU und familiengef\u00fchrten Unternehmen \u2013 pragmatische Ans\u00e4tze&#187; &#8211; mit Roland Z&#8217;Rotz, BDO Schweiz<\/strong><\/h2>\n\n\n\n<p>Sollen Unternehmen auch ohne Berichtspflicht einen Nachhaltigkeitsbericht ver\u00f6ffentlichen? Liefert die Integration von ESG in die Gesch\u00e4ftst\u00e4tigkeit einen langfristigen strategischen Mehrwert? Welche Rolle spielen Standards?<\/p>\n\n\n\n<p>Lernen Sie von den Erfahrungen mit ESG in KMU und familiengef\u00fchrten Unternehmen.<\/p>\n\n\n\n<div class=\"wp-block-buttons is-layout-flex wp-block-buttons-is-layout-flex\">\n<div class=\"wp-block-button gb-block-button\"><a class=\"wp-block-button__link has-text-color has-background has-custom-font-size wp-element-button\" href=\"https:\/\/hub.hslu.ch\/financialmanagement\/downloads\/\" style=\"border-radius:5px;color:#ffffff;background-color:#3373dc;padding-top:10px;padding-right:1em;padding-bottom:10px;padding-left:1em;font-size:20px;line-height:1.2\" target=\"_blank\">Zur Aufzeichnung<\/a><\/div>\n<\/div>\n\n\n\n<p><\/p>\n\n\n\n<h2 class=\"wp-block-heading\"><strong>03.12.2025: Teil 3 &#171;ESG-Risk Management -Lieferkettenrisiken erkennen und durch Zertifizierungen minimieren&#187; &#8211; mit Stefanie Egger, CRIF Schweiz<\/strong><\/h2>\n\n\n\n<p>Welche Lieferkettenrisiken betreffen KMU und familiengef\u00fchrte Unternehmen? Gibt es pragmatische Ans\u00e4tze die Anforderungen von Gesetzgeber, Kunden und Lieferanten umzusetzen und eigene Risiken strategisch zu managen?<\/p>\n\n\n\n<p>Erfahren Sie, worauf sie bei komplexen Wertsch\u00f6pfungsketten spezialisiert den Fokus legen m\u00fcssen.<\/p>\n\n\n\n<div class=\"wp-block-buttons is-layout-flex wp-block-buttons-is-layout-flex\">\n<div class=\"wp-block-button gb-block-button\"><a class=\"wp-block-button__link has-text-color has-background has-custom-font-size wp-element-button\" href=\"https:\/\/hub.hslu.ch\/financialmanagement\/downloads\" style=\"border-radius:5px;color:#ffffff;background-color:#3373dc;padding-top:10px;padding-right:1em;padding-bottom:10px;padding-left:1em;font-size:20px;line-height:1.2\" target=\"_blank\">Zur Aufzeichnung<\/a><\/div>\n<\/div>\n\n\n\n<p><\/p>\n\n\n\n<h2 class=\"wp-block-heading\"><strong>15.01.2026<\/strong>: <strong>Teil 4 &#171;ESG-Reporting leicht gemacht \u2013 Warum eine integrierte Berichterstattung der Goldstandard ist&#187; &#8211; mit Rolf Niedermann, Talentia<\/strong><\/h2>\n\n\n\n<p>Weshalb werden Standardisierung und Automatisierung auch f\u00fcr nicht berichtspflichtige Unternehmen immer wichtiger? Welche Gr\u00fcnde sprechen f\u00fcr eine integrierte ESG- und Finanzberichterstattung?<\/p>\n\n\n\n<p>Erfahren Sie, mit welchen Ans\u00e4tzen sie die Umsetzung Ihrer ESG- und Finanzberichterstattung erfolgreich meistern.<\/p>\n\n\n\n<div class=\"wp-block-buttons is-layout-flex wp-block-buttons-is-layout-flex\">\n<div class=\"wp-block-button gb-block-button\"><a class=\"wp-block-button__link has-text-color has-background has-custom-font-size wp-element-button\" href=\"https:\/\/hub.hslu.ch\/financialmanagement\/downloads\/\" style=\"border-radius:5px;color:#ffffff;background-color:#3373dc;padding-top:10px;padding-right:1em;padding-bottom:10px;padding-left:1em;font-size:20px;line-height:1.2\" target=\"_blank\" rel=\"noreferrer noopener\">Zur Aufzeichnung<\/a><\/div>\n<\/div>\n\n\n\n<p><\/p>\n\n\n\n<h2 class=\"wp-block-heading\"><strong>04.02.2026: Teil 5 &#171;ESG Roadmap &#8211; Strategische Handlungsfelder ermitteln&#187; &#8211; Panel mit BDO, CRIF und Talentia<\/strong><\/h2>\n\n\n\n<p>Welche Handlungsoptionen gibt es beim Thema ESG f\u00fcr Schweizer Unternehmen? Wie k\u00f6nnen Instrumente der ESG-Berichterstattung strategisch genutzt werden?<\/p>\n\n\n\n<p>Diskutieren Sie mit Expert*innen aus der Praxis, wie ESG zur Resilienz Ihres Unternehmens beitr\u00e4gt.<\/p>\n\n\n\n<div class=\"wp-block-buttons is-layout-flex wp-block-buttons-is-layout-flex\">\n<div class=\"wp-block-button gb-block-button\"><a class=\"wp-block-button__link has-text-color has-background has-custom-font-size wp-element-button\" href=\"https:\/\/hub.hslu.ch\/financialmanagement\/downloads\/\" style=\"border-radius:5px;color:#ffffff;background-color:#3373dc;padding-top:10px;padding-right:1em;padding-bottom:10px;padding-left:1em;font-size:20px;line-height:1.2\" target=\"_blank\" rel=\"noreferrer noopener\">Zur Aufzeichnung<\/a><\/div>\n<\/div>\n\n\n\n<p><\/p>\n\n\n\n<p>Sie wollen noch weiteren Input? Neben dem virtuellen Austausch, bieten wir auch weitere Formate rund um die Nachhaltigkeitsberichterstattung an. Lesen Sie hier die Ergebnisse aus unserer letzten Studie nach, sehen Sie sich die Webinar-Aufzeichnungen an und merken Sie sich bereits heute das Datum f\u00fcr die n\u00e4chste Konferenz vor:<\/p>\n\n\n\n<div class=\"wp-block-buttons is-layout-flex wp-block-buttons-is-layout-flex\">\n<div class=\"wp-block-button gb-block-button\"><a class=\"wp-block-button__link has-text-color has-background has-custom-font-size wp-element-button\" href=\"https:\/\/hub.hslu.ch\/financialmanagement\/downloads\/\" style=\"border-radius:5px;color:#ffffff;background-color:#3373dc;padding-top:10px;padding-right:1em;padding-bottom:10px;padding-left:1em;font-size:20px;line-height:1.2\">ESG Reporting Studie 2025<\/a><\/div>\n<\/div>\n\n\n\n<div class=\"wp-block-buttons is-layout-flex wp-block-buttons-is-layout-flex\">\n<div class=\"wp-block-button gb-block-button\"><a class=\"wp-block-button__link has-text-color has-background has-custom-font-size wp-element-button\" href=\"https:\/\/www.hslu.ch\/de-ch\/wirtschaft\/agenda\/veranstaltungen\/2026\/05\/27\/esg-reporting-konferenz\/\" style=\"border-radius:5px;color:#ffffff;background-color:#3373dc;padding-top:10px;padding-right:1em;padding-bottom:10px;padding-left:1em;font-size:20px;line-height:1.2\">ESG Reporting Konferenz 2026<\/a><\/div>\n<\/div>\n","protected":false},"excerpt":{"rendered":"<p>&#171;ESG Insights \u2013 Nachhaltigkeit verstehen, gestalten, berichten&#187; Wie nachhaltig ist Ihr Unternehmen wirklich? Die Anforderungen an Umwelt-, Sozial- und Governance-Themen (ESG) steigen \u2013 von Kunden, Investoren und dem Gesetzgeber. Doch was bedeutet ESG konkret f\u00fcr Ihr Unternehmen? Und wie gelingt der Einstieg ins ESG Reporting? In unserer Webinarreihe &#171;ESG Insights \u2013 Nachhaltigkeit verstehen, gestalten, berichten&#187;<\/p>\n","protected":false},"author":1634,"featured_media":11345,"parent":0,"menu_order":0,"comment_status":"open","ping_status":"open","template":"","meta":{"_acf_changed":false,"inline_featured_image":false,"_relevanssi_hide_post":"","_relevanssi_hide_content":"","_relevanssi_pin_for_all":"","_relevanssi_pin_keywords":"","_relevanssi_unpin_keywords":"","_relevanssi_related_keywords":"","_relevanssi_related_include_ids":"","_relevanssi_related_exclude_ids":"","_relevanssi_related_no_append":"","_relevanssi_related_not_related":"","_relevanssi_related_posts":"9069,9695,7513,8962,4380,1644","_relevanssi_noindex_reason":"","ngg_post_thumbnail":0,"footnotes":"","_links_to":"","_links_to_target":""},"class_list":["post-2103","page","type-page","status-publish","has-post-thumbnail","hentry"],"acf":[],"yoast_head":"<!-- This site is optimized with the Yoast SEO plugin v27.4 - https:\/\/yoast.com\/product\/yoast-seo-wordpress\/ -->\n<title>Webinare - Financial Management Blog<\/title>\n<meta name=\"robots\" content=\"index, follow, max-snippet:-1, max-image-preview:large, max-video-preview:-1\" \/>\n<link rel=\"canonical\" href=\"https:\/\/hub.hslu.ch\/financialmanagement\/webinare\/\" \/>\n<meta property=\"og:locale\" content=\"de_DE\" \/>\n<meta property=\"og:type\" content=\"article\" \/>\n<meta property=\"og:title\" content=\"Webinare - Financial Management Blog\" \/>\n<meta property=\"og:description\" content=\"&#171;ESG Insights \u2013 Nachhaltigkeit verstehen, gestalten, berichten&#187; Wie nachhaltig ist Ihr Unternehmen wirklich? Die Anforderungen an Umwelt-, Sozial- und Governance-Themen (ESG) steigen \u2013 von Kunden, Investoren und dem Gesetzgeber. Doch was bedeutet ESG konkret f\u00fcr Ihr Unternehmen? Und wie gelingt der Einstieg ins ESG Reporting? In unserer Webinarreihe &#171;ESG Insights \u2013 Nachhaltigkeit verstehen, gestalten, berichten&#187;\" \/>\n<meta property=\"og:url\" content=\"https:\/\/hub.hslu.ch\/financialmanagement\/webinare\/\" \/>\n<meta property=\"og:site_name\" content=\"Financial Management Blog\" \/>\n<meta property=\"article:modified_time\" content=\"2026-02-06T13:53:31+00:00\" \/>\n<meta property=\"og:image\" content=\"https:\/\/hub.hslu.ch\/financialmanagement\/wp-content\/blogs.dir\/488\/files\/sites\/16\/2025\/11\/ESG-Konferenz-Banner-1-3.jpg\" \/>\n\t<meta property=\"og:image:width\" content=\"741\" \/>\n\t<meta property=\"og:image:height\" content=\"404\" \/>\n\t<meta property=\"og:image:type\" content=\"image\/jpeg\" \/>\n<meta name=\"twitter:card\" content=\"summary_large_image\" \/>\n<meta name=\"twitter:label1\" content=\"Gesch\u00e4tzte Lesezeit\" \/>\n\t<meta name=\"twitter:data1\" content=\"4\u00a0Minuten\" \/>\n<script type=\"application\/ld+json\" class=\"yoast-schema-graph\">{\"@context\":\"https:\\\/\\\/schema.org\",\"@graph\":[{\"@type\":\"WebPage\",\"@id\":\"https:\\\/\\\/hub.hslu.ch\\\/financialmanagement\\\/webinare\\\/\",\"url\":\"https:\\\/\\\/hub.hslu.ch\\\/financialmanagement\\\/webinare\\\/\",\"name\":\"Webinare - Financial Management Blog\",\"isPartOf\":{\"@id\":\"https:\\\/\\\/hub.hslu.ch\\\/financialmanagement\\\/#website\"},\"primaryImageOfPage\":{\"@id\":\"https:\\\/\\\/hub.hslu.ch\\\/financialmanagement\\\/webinare\\\/#primaryimage\"},\"image\":{\"@id\":\"https:\\\/\\\/hub.hslu.ch\\\/financialmanagement\\\/webinare\\\/#primaryimage\"},\"thumbnailUrl\":\"https:\\\/\\\/hub.hslu.ch\\\/financialmanagement\\\/wp-content\\\/blogs.dir\\\/488\\\/files\\\/sites\\\/16\\\/2025\\\/11\\\/ESG-Konferenz-Banner-1-3.jpg\",\"datePublished\":\"2015-03-09T10:21:32+00:00\",\"dateModified\":\"2026-02-06T13:53:31+00:00\",\"breadcrumb\":{\"@id\":\"https:\\\/\\\/hub.hslu.ch\\\/financialmanagement\\\/webinare\\\/#breadcrumb\"},\"inLanguage\":\"de-CH\",\"potentialAction\":[{\"@type\":\"ReadAction\",\"target\":[\"https:\\\/\\\/hub.hslu.ch\\\/financialmanagement\\\/webinare\\\/\"]}]},{\"@type\":\"ImageObject\",\"inLanguage\":\"de-CH\",\"@id\":\"https:\\\/\\\/hub.hslu.ch\\\/financialmanagement\\\/webinare\\\/#primaryimage\",\"url\":\"https:\\\/\\\/hub.hslu.ch\\\/financialmanagement\\\/wp-content\\\/blogs.dir\\\/488\\\/files\\\/sites\\\/16\\\/2025\\\/11\\\/ESG-Konferenz-Banner-1-3.jpg\",\"contentUrl\":\"https:\\\/\\\/hub.hslu.ch\\\/financialmanagement\\\/wp-content\\\/blogs.dir\\\/488\\\/files\\\/sites\\\/16\\\/2025\\\/11\\\/ESG-Konferenz-Banner-1-3.jpg\",\"width\":741,\"height\":404},{\"@type\":\"BreadcrumbList\",\"@id\":\"https:\\\/\\\/hub.hslu.ch\\\/financialmanagement\\\/webinare\\\/#breadcrumb\",\"itemListElement\":[{\"@type\":\"ListItem\",\"position\":1,\"name\":\"Home\",\"item\":\"https:\\\/\\\/hub.hslu.ch\\\/financialmanagement\\\/\"},{\"@type\":\"ListItem\",\"position\":2,\"name\":\"Webinare\"}]},{\"@type\":\"WebSite\",\"@id\":\"https:\\\/\\\/hub.hslu.ch\\\/financialmanagement\\\/#website\",\"url\":\"https:\\\/\\\/hub.hslu.ch\\\/financialmanagement\\\/\",\"name\":\"Financial Management Blog\",\"description\":\"Controlling, Accounting, Risk &amp; Corporate Finance am Institut f\u00fcr Finanzdienstleistungen Zug IFZ\",\"potentialAction\":[{\"@type\":\"SearchAction\",\"target\":{\"@type\":\"EntryPoint\",\"urlTemplate\":\"https:\\\/\\\/hub.hslu.ch\\\/financialmanagement\\\/?s={search_term_string}\"},\"query-input\":{\"@type\":\"PropertyValueSpecification\",\"valueRequired\":true,\"valueName\":\"search_term_string\"}}],\"inLanguage\":\"de-CH\"}]}<\/script>\n<!-- \/ Yoast SEO plugin. -->","yoast_head_json":{"title":"Webinare - Financial Management Blog","robots":{"index":"index","follow":"follow","max-snippet":"max-snippet:-1","max-image-preview":"max-image-preview:large","max-video-preview":"max-video-preview:-1"},"canonical":"https:\/\/hub.hslu.ch\/financialmanagement\/webinare\/","og_locale":"de_DE","og_type":"article","og_title":"Webinare - Financial Management Blog","og_description":"&#171;ESG Insights \u2013 Nachhaltigkeit verstehen, gestalten, berichten&#187; Wie nachhaltig ist Ihr Unternehmen wirklich? Die Anforderungen an Umwelt-, Sozial- und Governance-Themen (ESG) steigen \u2013 von Kunden, Investoren und dem Gesetzgeber. Doch was bedeutet ESG konkret f\u00fcr Ihr Unternehmen? Und wie gelingt der Einstieg ins ESG Reporting? In unserer Webinarreihe &#171;ESG Insights \u2013 Nachhaltigkeit verstehen, gestalten, berichten&#187;","og_url":"https:\/\/hub.hslu.ch\/financialmanagement\/webinare\/","og_site_name":"Financial Management Blog","article_modified_time":"2026-02-06T13:53:31+00:00","og_image":[{"width":741,"height":404,"url":"https:\/\/hub.hslu.ch\/financialmanagement\/wp-content\/blogs.dir\/488\/files\/sites\/16\/2025\/11\/ESG-Konferenz-Banner-1-3.jpg","type":"image\/jpeg"}],"twitter_card":"summary_large_image","twitter_misc":{"Gesch\u00e4tzte Lesezeit":"4\u00a0Minuten"},"schema":{"@context":"https:\/\/schema.org","@graph":[{"@type":"WebPage","@id":"https:\/\/hub.hslu.ch\/financialmanagement\/webinare\/","url":"https:\/\/hub.hslu.ch\/financialmanagement\/webinare\/","name":"Webinare - Financial Management Blog","isPartOf":{"@id":"https:\/\/hub.hslu.ch\/financialmanagement\/#website"},"primaryImageOfPage":{"@id":"https:\/\/hub.hslu.ch\/financialmanagement\/webinare\/#primaryimage"},"image":{"@id":"https:\/\/hub.hslu.ch\/financialmanagement\/webinare\/#primaryimage"},"thumbnailUrl":"https:\/\/hub.hslu.ch\/financialmanagement\/wp-content\/blogs.dir\/488\/files\/sites\/16\/2025\/11\/ESG-Konferenz-Banner-1-3.jpg","datePublished":"2015-03-09T10:21:32+00:00","dateModified":"2026-02-06T13:53:31+00:00","breadcrumb":{"@id":"https:\/\/hub.hslu.ch\/financialmanagement\/webinare\/#breadcrumb"},"inLanguage":"de-CH","potentialAction":[{"@type":"ReadAction","target":["https:\/\/hub.hslu.ch\/financialmanagement\/webinare\/"]}]},{"@type":"ImageObject","inLanguage":"de-CH","@id":"https:\/\/hub.hslu.ch\/financialmanagement\/webinare\/#primaryimage","url":"https:\/\/hub.hslu.ch\/financialmanagement\/wp-content\/blogs.dir\/488\/files\/sites\/16\/2025\/11\/ESG-Konferenz-Banner-1-3.jpg","contentUrl":"https:\/\/hub.hslu.ch\/financialmanagement\/wp-content\/blogs.dir\/488\/files\/sites\/16\/2025\/11\/ESG-Konferenz-Banner-1-3.jpg","width":741,"height":404},{"@type":"BreadcrumbList","@id":"https:\/\/hub.hslu.ch\/financialmanagement\/webinare\/#breadcrumb","itemListElement":[{"@type":"ListItem","position":1,"name":"Home","item":"https:\/\/hub.hslu.ch\/financialmanagement\/"},{"@type":"ListItem","position":2,"name":"Webinare"}]},{"@type":"WebSite","@id":"https:\/\/hub.hslu.ch\/financialmanagement\/#website","url":"https:\/\/hub.hslu.ch\/financialmanagement\/","name":"Financial Management Blog","description":"Controlling, Accounting, Risk &amp; Corporate Finance am Institut f\u00fcr Finanzdienstleistungen Zug IFZ","potentialAction":[{"@type":"SearchAction","target":{"@type":"EntryPoint","urlTemplate":"https:\/\/hub.hslu.ch\/financialmanagement\/?s={search_term_string}"},"query-input":{"@type":"PropertyValueSpecification","valueRequired":true,"valueName":"search_term_string"}}],"inLanguage":"de-CH"}]}},"featured_image_src":"https:\/\/hub.hslu.ch\/financialmanagement\/wp-content\/blogs.dir\/488\/files\/sites\/16\/2025\/11\/ESG-Konferenz-Banner-1-3.jpg","featured_image_src_square":"https:\/\/hub.hslu.ch\/financialmanagement\/wp-content\/blogs.dir\/488\/files\/sites\/16\/2025\/11\/ESG-Konferenz-Banner-1-3.jpg","_links":{"self":[{"href":"https:\/\/hub.hslu.ch\/financialmanagement\/wp-json\/wp\/v2\/pages\/2103","targetHints":{"allow":["GET"]}}],"collection":[{"href":"https:\/\/hub.hslu.ch\/financialmanagement\/wp-json\/wp\/v2\/pages"}],"about":[{"href":"https:\/\/hub.hslu.ch\/financialmanagement\/wp-json\/wp\/v2\/types\/page"}],"author":[{"embeddable":true,"href":"https:\/\/hub.hslu.ch\/financialmanagement\/wp-json\/wp\/v2\/users\/1634"}],"replies":[{"embeddable":true,"href":"https:\/\/hub.hslu.ch\/financialmanagement\/wp-json\/wp\/v2\/comments?post=2103"}],"version-history":[{"count":68,"href":"https:\/\/hub.hslu.ch\/financialmanagement\/wp-json\/wp\/v2\/pages\/2103\/revisions"}],"predecessor-version":[{"id":11858,"href":"https:\/\/hub.hslu.ch\/financialmanagement\/wp-json\/wp\/v2\/pages\/2103\/revisions\/11858"}],"wp:featuredmedia":[{"embeddable":true,"href":"https:\/\/hub.hslu.ch\/financialmanagement\/wp-json\/wp\/v2\/media\/11345"}],"wp:attachment":[{"href":"https:\/\/hub.hslu.ch\/financialmanagement\/wp-json\/wp\/v2\/media?parent=2103"}],"curies":[{"name":"wp","href":"https:\/\/api.w.org\/{rel}","templated":true}]}}