{"id":5517,"date":"2018-10-24T09:40:27","date_gmt":"2018-10-24T07:40:27","guid":{"rendered":"https:\/\/hub.hslu.ch\/financialmanagement\/?page_id=5517"},"modified":"2019-04-15T11:30:24","modified_gmt":"2019-04-15T09:30:24","slug":"erm-report-2018","status":"publish","type":"page","link":"https:\/\/hub.hslu.ch\/financialmanagement\/erm-report-2018\/","title":{"rendered":"ERM Report 2018"},"content":{"rendered":"\r\n<p>Wir freuen uns, Ihnen den <strong>ERM Report 2018 &#171;Risiken der digitalen Transformation in Schweizer Unternehmen&#187;<\/strong>\u00a0des\u00a0<a href=\"https:\/\/www.hslu.ch\/de-ch\/wirtschaft\/institute\/ifz\/\" target=\"_blank\" rel=\"noopener noreferrer\">Instituts f\u00fcr Finanzdienstleistungen Zug IFZ<\/a> der Hochschule Luzern und <a href=\"http:\/\/swisserm.ch\" target=\"_blank\" rel=\"noopener noreferrer\">SwissERM<\/a> vorzustellen.\u00a0Sie k\u00f6nnen die Studie mittels folgendem Formular kostenlos herunterladen.<\/p>\r\n\r\n\r\n\n<div class=\"wpcf7 no-js\" id=\"wpcf7-f5515-o1\" lang=\"de-DE\" dir=\"ltr\" data-wpcf7-id=\"5515\">\n<div class=\"screen-reader-response\"><p role=\"status\" aria-live=\"polite\" aria-atomic=\"true\"><\/p> <ul><\/ul><\/div>\n<form action=\"\/financialmanagement\/wp-json\/wp\/v2\/pages\/5517#wpcf7-f5515-o1\" method=\"post\" class=\"wpcf7-form init\" aria-label=\"Kontaktformular\" novalidate=\"novalidate\" data-status=\"init\">\n<fieldset class=\"hidden-fields-container\"><input type=\"hidden\" name=\"_wpcf7\" value=\"5515\" \/><input type=\"hidden\" name=\"_wpcf7_version\" value=\"6.1.5\" \/><input type=\"hidden\" name=\"_wpcf7_locale\" value=\"de_DE\" \/><input type=\"hidden\" name=\"_wpcf7_unit_tag\" value=\"wpcf7-f5515-o1\" \/><input type=\"hidden\" name=\"_wpcf7_container_post\" value=\"0\" \/><input type=\"hidden\" name=\"_wpcf7_posted_data_hash\" value=\"\" \/>\n<\/fieldset>\n<p><label> Name (*)<br \/>\n<span class=\"wpcf7-form-control-wrap\" data-name=\"your-name\"><input size=\"40\" maxlength=\"400\" class=\"wpcf7-form-control wpcf7-text wpcf7-validates-as-required\" aria-required=\"true\" aria-invalid=\"false\" value=\"\" type=\"text\" name=\"your-name\" \/><\/span> <\/label>\n<\/p>\n<p><label> E-Mail (*)<br \/>\n<span class=\"wpcf7-form-control-wrap\" data-name=\"your-email\"><input size=\"40\" maxlength=\"400\" class=\"wpcf7-form-control wpcf7-email wpcf7-validates-as-required wpcf7-text wpcf7-validates-as-email\" aria-required=\"true\" aria-invalid=\"false\" value=\"\" type=\"email\" name=\"your-email\" \/><\/span> <\/label>\n<\/p>\n<p><label> Firma \/ Company<br \/>\n<span class=\"wpcf7-form-control-wrap\" data-name=\"your-company\"><input size=\"40\" maxlength=\"400\" class=\"wpcf7-form-control wpcf7-text\" aria-invalid=\"false\" value=\"\" type=\"text\" name=\"your-company\" \/><\/span> <\/label>\n<\/p>\n<p><input class=\"wpcf7-form-control wpcf7-submit has-spinner\" type=\"submit\" value=\"Senden\" \/>\n<\/p><div class=\"frc-captcha \" data-sitekey=\"FCMN5KVMNE054CF5\" data-lang=\"de\" ><\/div>\n\t\t<noscript>You need to enable Javascript for the anti-spam check.<\/noscript><div class=\"wpcf7-response-output\" aria-hidden=\"true\"><\/div>\n<\/form>\n<\/div>\n\n\r\n\r\n\r\n<p>Auf der folgenden <a href=\"https:\/\/swisserm.ch\/erm-report-2018-bi\/\" target=\"_blank\" rel=\"noopener noreferrer\">Seite<\/a> k\u00f6nnen Sie die Ergebnisse des ERM Reports 2018 anhand von interaktiven Steuerelementen und Filtern einsehen. Dadurch l\u00e4sst sich z. B. ein Vergleich mit Unternehmen gleicher Gr\u00f6sse oder aus derselben Branche realisieren.<\/p>\r\n\r\n\r\n\r\n<p>F\u00fcr Fragen und Anregungen steht Ihnen der Studienleiter\u00a0<a href=\"https:\/\/www.hslu.ch\/de-ch\/hochschule-luzern\/ueber-uns\/personensuche\/profile\/?pid=224\" target=\"_blank\" rel=\"noopener noreferrer\">Prof. Dr. Stefan Hunziker<\/a>\u00a0gerne zur Verf\u00fcgung.<\/p>\r\n","protected":false},"excerpt":{"rendered":"<p>Wir freuen uns, Ihnen den ERM Report 2018 &#171;Risiken der digitalen Transformation in Schweizer Unternehmen&#187;\u00a0des\u00a0Instituts f\u00fcr Finanzdienstleistungen Zug IFZ der Hochschule Luzern und SwissERM vorzustellen.\u00a0Sie k\u00f6nnen die Studie mittels folgendem Formular kostenlos herunterladen. Auf der folgenden Seite k\u00f6nnen Sie die Ergebnisse des ERM Reports 2018 anhand von interaktiven Steuerelementen und Filtern einsehen. Dadurch l\u00e4sst sich<\/p>\n","protected":false},"author":1029,"featured_media":0,"parent":0,"menu_order":0,"comment_status":"closed","ping_status":"closed","template":"","meta":{"_acf_changed":false,"inline_featured_image":false,"_relevanssi_hide_post":"","_relevanssi_hide_content":"","_relevanssi_pin_for_all":"","_relevanssi_pin_keywords":"","_relevanssi_unpin_keywords":"","_relevanssi_related_keywords":"","_relevanssi_related_include_ids":"","_relevanssi_related_exclude_ids":"","_relevanssi_related_no_append":"","_relevanssi_related_not_related":"","_relevanssi_related_posts":"","_relevanssi_noindex_reason":"","ngg_post_thumbnail":0,"footnotes":"","_links_to":"","_links_to_target":""},"class_list":["post-5517","page","type-page","status-publish","hentry"],"acf":[],"yoast_head":"<!-- This site is optimized with the Yoast SEO plugin v27.6 - https:\/\/yoast.com\/product\/yoast-seo-wordpress\/ -->\n<title>ERM Report 2018 - Financial Management Blog<\/title>\n<meta name=\"robots\" content=\"index, follow, max-snippet:-1, max-image-preview:large, max-video-preview:-1\" \/>\n<link rel=\"canonical\" href=\"https:\/\/hub.hslu.ch\/financialmanagement\/erm-report-2018\/\" \/>\n<meta property=\"og:locale\" content=\"de_DE\" \/>\n<meta property=\"og:type\" content=\"article\" \/>\n<meta property=\"og:title\" content=\"ERM Report 2018 - Financial Management Blog\" \/>\n<meta property=\"og:description\" content=\"Wir freuen uns, Ihnen den ERM Report 2018 &#171;Risiken der digitalen Transformation in Schweizer Unternehmen&#187;\u00a0des\u00a0Instituts f\u00fcr Finanzdienstleistungen Zug IFZ der Hochschule Luzern und SwissERM vorzustellen.\u00a0Sie k\u00f6nnen die Studie mittels folgendem Formular kostenlos herunterladen. Auf der folgenden Seite k\u00f6nnen Sie die Ergebnisse des ERM Reports 2018 anhand von interaktiven Steuerelementen und Filtern einsehen. Dadurch l\u00e4sst sich\" \/>\n<meta property=\"og:url\" content=\"https:\/\/hub.hslu.ch\/financialmanagement\/erm-report-2018\/\" \/>\n<meta property=\"og:site_name\" content=\"Financial Management Blog\" \/>\n<meta property=\"article:modified_time\" content=\"2019-04-15T09:30:24+00:00\" \/>\n<meta name=\"twitter:card\" content=\"summary_large_image\" \/>\n<script type=\"application\/ld+json\" class=\"yoast-schema-graph\">{\"@context\":\"https:\\\/\\\/schema.org\",\"@graph\":[{\"@type\":\"WebPage\",\"@id\":\"https:\\\/\\\/hub.hslu.ch\\\/financialmanagement\\\/erm-report-2018\\\/\",\"url\":\"https:\\\/\\\/hub.hslu.ch\\\/financialmanagement\\\/erm-report-2018\\\/\",\"name\":\"ERM Report 2018 - Financial Management Blog\",\"isPartOf\":{\"@id\":\"https:\\\/\\\/hub.hslu.ch\\\/financialmanagement\\\/#website\"},\"datePublished\":\"2018-10-24T07:40:27+00:00\",\"dateModified\":\"2019-04-15T09:30:24+00:00\",\"breadcrumb\":{\"@id\":\"https:\\\/\\\/hub.hslu.ch\\\/financialmanagement\\\/erm-report-2018\\\/#breadcrumb\"},\"inLanguage\":\"de-CH\",\"potentialAction\":[{\"@type\":\"ReadAction\",\"target\":[\"https:\\\/\\\/hub.hslu.ch\\\/financialmanagement\\\/erm-report-2018\\\/\"]}]},{\"@type\":\"BreadcrumbList\",\"@id\":\"https:\\\/\\\/hub.hslu.ch\\\/financialmanagement\\\/erm-report-2018\\\/#breadcrumb\",\"itemListElement\":[{\"@type\":\"ListItem\",\"position\":1,\"name\":\"Home\",\"item\":\"https:\\\/\\\/hub.hslu.ch\\\/financialmanagement\\\/\"},{\"@type\":\"ListItem\",\"position\":2,\"name\":\"ERM Report 2018\"}]},{\"@type\":\"WebSite\",\"@id\":\"https:\\\/\\\/hub.hslu.ch\\\/financialmanagement\\\/#website\",\"url\":\"https:\\\/\\\/hub.hslu.ch\\\/financialmanagement\\\/\",\"name\":\"Financial Management Blog\",\"description\":\"Controlling, Accounting, Risk &amp; Corporate Finance am Institut f\u00fcr Finanzdienstleistungen Zug IFZ\",\"potentialAction\":[{\"@type\":\"SearchAction\",\"target\":{\"@type\":\"EntryPoint\",\"urlTemplate\":\"https:\\\/\\\/hub.hslu.ch\\\/financialmanagement\\\/?s={search_term_string}\"},\"query-input\":{\"@type\":\"PropertyValueSpecification\",\"valueRequired\":true,\"valueName\":\"search_term_string\"}}],\"inLanguage\":\"de-CH\"}]}<\/script>\n<!-- \/ Yoast SEO plugin. -->","yoast_head_json":{"title":"ERM Report 2018 - Financial Management Blog","robots":{"index":"index","follow":"follow","max-snippet":"max-snippet:-1","max-image-preview":"max-image-preview:large","max-video-preview":"max-video-preview:-1"},"canonical":"https:\/\/hub.hslu.ch\/financialmanagement\/erm-report-2018\/","og_locale":"de_DE","og_type":"article","og_title":"ERM Report 2018 - Financial Management Blog","og_description":"Wir freuen uns, Ihnen den ERM Report 2018 &#171;Risiken der digitalen Transformation in Schweizer Unternehmen&#187;\u00a0des\u00a0Instituts f\u00fcr Finanzdienstleistungen Zug IFZ der Hochschule Luzern und SwissERM vorzustellen.\u00a0Sie k\u00f6nnen die Studie mittels folgendem Formular kostenlos herunterladen. Auf der folgenden Seite k\u00f6nnen Sie die Ergebnisse des ERM Reports 2018 anhand von interaktiven Steuerelementen und Filtern einsehen. Dadurch l\u00e4sst sich","og_url":"https:\/\/hub.hslu.ch\/financialmanagement\/erm-report-2018\/","og_site_name":"Financial Management Blog","article_modified_time":"2019-04-15T09:30:24+00:00","twitter_card":"summary_large_image","schema":{"@context":"https:\/\/schema.org","@graph":[{"@type":"WebPage","@id":"https:\/\/hub.hslu.ch\/financialmanagement\/erm-report-2018\/","url":"https:\/\/hub.hslu.ch\/financialmanagement\/erm-report-2018\/","name":"ERM Report 2018 - Financial Management Blog","isPartOf":{"@id":"https:\/\/hub.hslu.ch\/financialmanagement\/#website"},"datePublished":"2018-10-24T07:40:27+00:00","dateModified":"2019-04-15T09:30:24+00:00","breadcrumb":{"@id":"https:\/\/hub.hslu.ch\/financialmanagement\/erm-report-2018\/#breadcrumb"},"inLanguage":"de-CH","potentialAction":[{"@type":"ReadAction","target":["https:\/\/hub.hslu.ch\/financialmanagement\/erm-report-2018\/"]}]},{"@type":"BreadcrumbList","@id":"https:\/\/hub.hslu.ch\/financialmanagement\/erm-report-2018\/#breadcrumb","itemListElement":[{"@type":"ListItem","position":1,"name":"Home","item":"https:\/\/hub.hslu.ch\/financialmanagement\/"},{"@type":"ListItem","position":2,"name":"ERM Report 2018"}]},{"@type":"WebSite","@id":"https:\/\/hub.hslu.ch\/financialmanagement\/#website","url":"https:\/\/hub.hslu.ch\/financialmanagement\/","name":"Financial Management Blog","description":"Controlling, Accounting, Risk &amp; Corporate Finance am Institut f\u00fcr Finanzdienstleistungen Zug IFZ","potentialAction":[{"@type":"SearchAction","target":{"@type":"EntryPoint","urlTemplate":"https:\/\/hub.hslu.ch\/financialmanagement\/?s={search_term_string}"},"query-input":{"@type":"PropertyValueSpecification","valueRequired":true,"valueName":"search_term_string"}}],"inLanguage":"de-CH"}]}},"featured_image_src":null,"featured_image_src_square":null,"_links":{"self":[{"href":"https:\/\/hub.hslu.ch\/financialmanagement\/wp-json\/wp\/v2\/pages\/5517","targetHints":{"allow":["GET"]}}],"collection":[{"href":"https:\/\/hub.hslu.ch\/financialmanagement\/wp-json\/wp\/v2\/pages"}],"about":[{"href":"https:\/\/hub.hslu.ch\/financialmanagement\/wp-json\/wp\/v2\/types\/page"}],"author":[{"embeddable":true,"href":"https:\/\/hub.hslu.ch\/financialmanagement\/wp-json\/wp\/v2\/users\/1029"}],"replies":[{"embeddable":true,"href":"https:\/\/hub.hslu.ch\/financialmanagement\/wp-json\/wp\/v2\/comments?post=5517"}],"version-history":[{"count":6,"href":"https:\/\/hub.hslu.ch\/financialmanagement\/wp-json\/wp\/v2\/pages\/5517\/revisions"}],"predecessor-version":[{"id":6406,"href":"https:\/\/hub.hslu.ch\/financialmanagement\/wp-json\/wp\/v2\/pages\/5517\/revisions\/6406"}],"wp:attachment":[{"href":"https:\/\/hub.hslu.ch\/financialmanagement\/wp-json\/wp\/v2\/media?parent=5517"}],"curies":[{"name":"wp","href":"https:\/\/api.w.org\/{rel}","templated":true}]}}