{"id":9559,"date":"2024-04-19T17:03:38","date_gmt":"2024-04-19T15:03:38","guid":{"rendered":"https:\/\/hub.hslu.ch\/financialmanagement\/?page_id=9559"},"modified":"2024-04-19T17:03:39","modified_gmt":"2024-04-19T15:03:39","slug":"anmeldung-bestaetigen","status":"publish","type":"page","link":"https:\/\/hub.hslu.ch\/financialmanagement\/anmeldung-bestaetigen\/","title":{"rendered":"Anmeldung best\u00e4tigen."},"content":{"rendered":"\n<p>Ein weiterer Schritt\u2026<\/p>\n\n\n\n<figure class=\"wp-block-image size-large is-style-default\"><img decoding=\"async\" src=\"https:\/\/hub.hslu.ch\/soziale-arbeit\/wp-content\/uploads\/sites\/23\/2024\/04\/GettyImages-1181852718_crop-1-1024x347.jpg\" alt=\"\" class=\"wp-image-8934\"\/><\/figure>\n\n\n\n<p>Gehen Sie zu Ihrem <strong>E-Mail-Posteingang<\/strong> und <strong>best\u00e4tigen Sie Ihre E-Mail-Adresse <\/strong>mit der Best\u00e4tigungs-E-Mail, die wir Ihnen geschickt haben.<br><br>Sie k\u00f6nnen sich jederzeit innerhalb der E-Mails mit einem Klick abmelden.<\/p>\n\n\n\n<div style=\"height:100px\" aria-hidden=\"true\" class=\"wp-block-spacer\"><\/div>\n","protected":false},"excerpt":{"rendered":"<p>Ein weiterer Schritt\u2026 Gehen Sie zu Ihrem E-Mail-Posteingang und best\u00e4tigen Sie Ihre E-Mail-Adresse mit der Best\u00e4tigungs-E-Mail, die wir Ihnen geschickt haben. Sie k\u00f6nnen sich jederzeit innerhalb der E-Mails mit einem Klick abmelden.<\/p>\n","protected":false},"author":142,"featured_media":0,"parent":0,"menu_order":0,"comment_status":"closed","ping_status":"closed","template":"","meta":{"_acf_changed":false,"inline_featured_image":false,"_relevanssi_hide_post":"","_relevanssi_hide_content":"","_relevanssi_pin_for_all":"","_relevanssi_pin_keywords":"","_relevanssi_unpin_keywords":"","_relevanssi_related_keywords":"","_relevanssi_related_include_ids":"","_relevanssi_related_exclude_ids":"","_relevanssi_related_no_append":"","_relevanssi_related_not_related":"","_relevanssi_related_posts":"4081,5098,4049,7905,1798,8567","_relevanssi_noindex_reason":"","ngg_post_thumbnail":0,"footnotes":"","_links_to":"","_links_to_target":""},"class_list":["post-9559","page","type-page","status-publish","hentry"],"acf":[],"yoast_head":"<!-- This site is optimized with the Yoast SEO plugin v27.5 - https:\/\/yoast.com\/product\/yoast-seo-wordpress\/ -->\n<title>Anmeldung best\u00e4tigen. - Financial Management Blog<\/title>\n<meta name=\"robots\" content=\"index, follow, max-snippet:-1, max-image-preview:large, max-video-preview:-1\" \/>\n<link rel=\"canonical\" href=\"https:\/\/hub.hslu.ch\/financialmanagement\/anmeldung-bestaetigen\/\" \/>\n<meta property=\"og:locale\" content=\"de_DE\" \/>\n<meta property=\"og:type\" content=\"article\" \/>\n<meta property=\"og:title\" content=\"Anmeldung best\u00e4tigen. - Financial Management Blog\" \/>\n<meta property=\"og:description\" content=\"Ein weiterer Schritt\u2026 Gehen Sie zu Ihrem E-Mail-Posteingang und best\u00e4tigen Sie Ihre E-Mail-Adresse mit der Best\u00e4tigungs-E-Mail, die wir Ihnen geschickt haben. Sie k\u00f6nnen sich jederzeit innerhalb der E-Mails mit einem Klick abmelden.\" \/>\n<meta property=\"og:url\" content=\"https:\/\/hub.hslu.ch\/financialmanagement\/anmeldung-bestaetigen\/\" \/>\n<meta property=\"og:site_name\" content=\"Financial Management Blog\" \/>\n<meta property=\"article:modified_time\" content=\"2024-04-19T15:03:39+00:00\" \/>\n<meta property=\"og:image\" content=\"https:\/\/hub.hslu.ch\/soziale-arbeit\/wp-content\/uploads\/sites\/23\/2024\/04\/GettyImages-1181852718_crop-1-1024x347.jpg\" \/>\n<meta name=\"twitter:card\" content=\"summary_large_image\" \/>\n<meta name=\"twitter:label1\" content=\"Gesch\u00e4tzte Lesezeit\" \/>\n\t<meta name=\"twitter:data1\" content=\"1\u00a0Minute\" \/>\n<script type=\"application\/ld+json\" class=\"yoast-schema-graph\">{\"@context\":\"https:\\\/\\\/schema.org\",\"@graph\":[{\"@type\":\"WebPage\",\"@id\":\"https:\\\/\\\/hub.hslu.ch\\\/financialmanagement\\\/anmeldung-bestaetigen\\\/\",\"url\":\"https:\\\/\\\/hub.hslu.ch\\\/financialmanagement\\\/anmeldung-bestaetigen\\\/\",\"name\":\"Anmeldung best\u00e4tigen. - Financial Management Blog\",\"isPartOf\":{\"@id\":\"https:\\\/\\\/hub.hslu.ch\\\/financialmanagement\\\/#website\"},\"primaryImageOfPage\":{\"@id\":\"https:\\\/\\\/hub.hslu.ch\\\/financialmanagement\\\/anmeldung-bestaetigen\\\/#primaryimage\"},\"image\":{\"@id\":\"https:\\\/\\\/hub.hslu.ch\\\/financialmanagement\\\/anmeldung-bestaetigen\\\/#primaryimage\"},\"thumbnailUrl\":\"https:\\\/\\\/hub.hslu.ch\\\/soziale-arbeit\\\/wp-content\\\/uploads\\\/sites\\\/23\\\/2024\\\/04\\\/GettyImages-1181852718_crop-1-1024x347.jpg\",\"datePublished\":\"2024-04-19T15:03:38+00:00\",\"dateModified\":\"2024-04-19T15:03:39+00:00\",\"breadcrumb\":{\"@id\":\"https:\\\/\\\/hub.hslu.ch\\\/financialmanagement\\\/anmeldung-bestaetigen\\\/#breadcrumb\"},\"inLanguage\":\"de-CH\",\"potentialAction\":[{\"@type\":\"ReadAction\",\"target\":[\"https:\\\/\\\/hub.hslu.ch\\\/financialmanagement\\\/anmeldung-bestaetigen\\\/\"]}]},{\"@type\":\"ImageObject\",\"inLanguage\":\"de-CH\",\"@id\":\"https:\\\/\\\/hub.hslu.ch\\\/financialmanagement\\\/anmeldung-bestaetigen\\\/#primaryimage\",\"url\":\"https:\\\/\\\/hub.hslu.ch\\\/soziale-arbeit\\\/wp-content\\\/uploads\\\/sites\\\/23\\\/2024\\\/04\\\/GettyImages-1181852718_crop-1-1024x347.jpg\",\"contentUrl\":\"https:\\\/\\\/hub.hslu.ch\\\/soziale-arbeit\\\/wp-content\\\/uploads\\\/sites\\\/23\\\/2024\\\/04\\\/GettyImages-1181852718_crop-1-1024x347.jpg\"},{\"@type\":\"BreadcrumbList\",\"@id\":\"https:\\\/\\\/hub.hslu.ch\\\/financialmanagement\\\/anmeldung-bestaetigen\\\/#breadcrumb\",\"itemListElement\":[{\"@type\":\"ListItem\",\"position\":1,\"name\":\"Home\",\"item\":\"https:\\\/\\\/hub.hslu.ch\\\/financialmanagement\\\/\"},{\"@type\":\"ListItem\",\"position\":2,\"name\":\"Anmeldung best\u00e4tigen.\"}]},{\"@type\":\"WebSite\",\"@id\":\"https:\\\/\\\/hub.hslu.ch\\\/financialmanagement\\\/#website\",\"url\":\"https:\\\/\\\/hub.hslu.ch\\\/financialmanagement\\\/\",\"name\":\"Financial Management Blog\",\"description\":\"Controlling, Accounting, Risk &amp; Corporate Finance am Institut f\u00fcr Finanzdienstleistungen Zug IFZ\",\"potentialAction\":[{\"@type\":\"SearchAction\",\"target\":{\"@type\":\"EntryPoint\",\"urlTemplate\":\"https:\\\/\\\/hub.hslu.ch\\\/financialmanagement\\\/?s={search_term_string}\"},\"query-input\":{\"@type\":\"PropertyValueSpecification\",\"valueRequired\":true,\"valueName\":\"search_term_string\"}}],\"inLanguage\":\"de-CH\"}]}<\/script>\n<!-- \/ Yoast SEO plugin. -->","yoast_head_json":{"title":"Anmeldung best\u00e4tigen. - Financial Management Blog","robots":{"index":"index","follow":"follow","max-snippet":"max-snippet:-1","max-image-preview":"max-image-preview:large","max-video-preview":"max-video-preview:-1"},"canonical":"https:\/\/hub.hslu.ch\/financialmanagement\/anmeldung-bestaetigen\/","og_locale":"de_DE","og_type":"article","og_title":"Anmeldung best\u00e4tigen. - Financial Management Blog","og_description":"Ein weiterer Schritt\u2026 Gehen Sie zu Ihrem E-Mail-Posteingang und best\u00e4tigen Sie Ihre E-Mail-Adresse mit der Best\u00e4tigungs-E-Mail, die wir Ihnen geschickt haben. Sie k\u00f6nnen sich jederzeit innerhalb der E-Mails mit einem Klick abmelden.","og_url":"https:\/\/hub.hslu.ch\/financialmanagement\/anmeldung-bestaetigen\/","og_site_name":"Financial Management Blog","article_modified_time":"2024-04-19T15:03:39+00:00","og_image":[{"url":"https:\/\/hub.hslu.ch\/soziale-arbeit\/wp-content\/uploads\/sites\/23\/2024\/04\/GettyImages-1181852718_crop-1-1024x347.jpg","type":"","width":"","height":""}],"twitter_card":"summary_large_image","twitter_misc":{"Gesch\u00e4tzte Lesezeit":"1\u00a0Minute"},"schema":{"@context":"https:\/\/schema.org","@graph":[{"@type":"WebPage","@id":"https:\/\/hub.hslu.ch\/financialmanagement\/anmeldung-bestaetigen\/","url":"https:\/\/hub.hslu.ch\/financialmanagement\/anmeldung-bestaetigen\/","name":"Anmeldung best\u00e4tigen. - Financial Management Blog","isPartOf":{"@id":"https:\/\/hub.hslu.ch\/financialmanagement\/#website"},"primaryImageOfPage":{"@id":"https:\/\/hub.hslu.ch\/financialmanagement\/anmeldung-bestaetigen\/#primaryimage"},"image":{"@id":"https:\/\/hub.hslu.ch\/financialmanagement\/anmeldung-bestaetigen\/#primaryimage"},"thumbnailUrl":"https:\/\/hub.hslu.ch\/soziale-arbeit\/wp-content\/uploads\/sites\/23\/2024\/04\/GettyImages-1181852718_crop-1-1024x347.jpg","datePublished":"2024-04-19T15:03:38+00:00","dateModified":"2024-04-19T15:03:39+00:00","breadcrumb":{"@id":"https:\/\/hub.hslu.ch\/financialmanagement\/anmeldung-bestaetigen\/#breadcrumb"},"inLanguage":"de-CH","potentialAction":[{"@type":"ReadAction","target":["https:\/\/hub.hslu.ch\/financialmanagement\/anmeldung-bestaetigen\/"]}]},{"@type":"ImageObject","inLanguage":"de-CH","@id":"https:\/\/hub.hslu.ch\/financialmanagement\/anmeldung-bestaetigen\/#primaryimage","url":"https:\/\/hub.hslu.ch\/soziale-arbeit\/wp-content\/uploads\/sites\/23\/2024\/04\/GettyImages-1181852718_crop-1-1024x347.jpg","contentUrl":"https:\/\/hub.hslu.ch\/soziale-arbeit\/wp-content\/uploads\/sites\/23\/2024\/04\/GettyImages-1181852718_crop-1-1024x347.jpg"},{"@type":"BreadcrumbList","@id":"https:\/\/hub.hslu.ch\/financialmanagement\/anmeldung-bestaetigen\/#breadcrumb","itemListElement":[{"@type":"ListItem","position":1,"name":"Home","item":"https:\/\/hub.hslu.ch\/financialmanagement\/"},{"@type":"ListItem","position":2,"name":"Anmeldung best\u00e4tigen."}]},{"@type":"WebSite","@id":"https:\/\/hub.hslu.ch\/financialmanagement\/#website","url":"https:\/\/hub.hslu.ch\/financialmanagement\/","name":"Financial Management Blog","description":"Controlling, Accounting, Risk &amp; Corporate Finance am Institut f\u00fcr Finanzdienstleistungen Zug IFZ","potentialAction":[{"@type":"SearchAction","target":{"@type":"EntryPoint","urlTemplate":"https:\/\/hub.hslu.ch\/financialmanagement\/?s={search_term_string}"},"query-input":{"@type":"PropertyValueSpecification","valueRequired":true,"valueName":"search_term_string"}}],"inLanguage":"de-CH"}]}},"featured_image_src":null,"featured_image_src_square":null,"_links":{"self":[{"href":"https:\/\/hub.hslu.ch\/financialmanagement\/wp-json\/wp\/v2\/pages\/9559","targetHints":{"allow":["GET"]}}],"collection":[{"href":"https:\/\/hub.hslu.ch\/financialmanagement\/wp-json\/wp\/v2\/pages"}],"about":[{"href":"https:\/\/hub.hslu.ch\/financialmanagement\/wp-json\/wp\/v2\/types\/page"}],"author":[{"embeddable":true,"href":"https:\/\/hub.hslu.ch\/financialmanagement\/wp-json\/wp\/v2\/users\/142"}],"replies":[{"embeddable":true,"href":"https:\/\/hub.hslu.ch\/financialmanagement\/wp-json\/wp\/v2\/comments?post=9559"}],"version-history":[{"count":1,"href":"https:\/\/hub.hslu.ch\/financialmanagement\/wp-json\/wp\/v2\/pages\/9559\/revisions"}],"predecessor-version":[{"id":9560,"href":"https:\/\/hub.hslu.ch\/financialmanagement\/wp-json\/wp\/v2\/pages\/9559\/revisions\/9560"}],"wp:attachment":[{"href":"https:\/\/hub.hslu.ch\/financialmanagement\/wp-json\/wp\/v2\/media?parent=9559"}],"curies":[{"name":"wp","href":"https:\/\/api.w.org\/{rel}","templated":true}]}}