{"id":11963,"date":"2019-05-07T14:51:41","date_gmt":"2019-05-07T12:51:41","guid":{"rendered":"https:\/\/hub.hslu.ch\/ikm\/?page_id=11963"},"modified":"2024-01-11T15:23:48","modified_gmt":"2024-01-11T14:23:48","slug":"design-canvas-herunterladen","status":"publish","type":"page","link":"https:\/\/hub.hslu.ch\/ikm\/design-canvas-herunterladen\/","title":{"rendered":"Design Canvas"},"content":{"rendered":"\n<p>Sie m\u00f6chten eine Strategie entwickeln, um Marke, Kunde, Angebot und Design zueinander in Beziehung zu stellen und damit Marken- und Designmanagement in Ihrem Unternehmen verbinden? Jan-Erik Baars hat f\u00fcr Sie einen Design Canvas ver\u00f6ffentlicht, mit dem Sie<\/p>\n\n\n\n<ul class=\"wp-block-list\">\n<li>Angebot und Leistung mit dem Markenbild vereinen<\/li>\n\n\n\n<li>ein F\u00fchrungsinstrument f\u00fcr die Verkn\u00fcpfung von Marke und Design erhalten<\/li>\n\n\n\n<li>Ihr Wissen \u00fcber Designmanagement erweitern k\u00f6nnen<\/li>\n\n\n\n<li>die gesamte Kunden-Erlebnis-Kette \u00fcberblicken k\u00f6nnen<\/li>\n<\/ul>\n\n\n\n<h2 class=\"wp-block-heading\">Jetzt herunterladen<\/h2>\n\n\n\n<div data-wp-interactive=\"core\/file\" class=\"wp-block-file\"><object data-wp-bind--hidden=\"!state.hasPdfPreview\" hidden class=\"wp-block-file__embed\" data=\"https:\/\/hub.hslu.ch\/ikm\/wp-content\/blogs.dir\/489\/files\/sites\/8\/Canvas-Fragen-1.pdf\" type=\"application\/pdf\" style=\"width:100%;height:600px\" aria-label=\"Einbettung von Design Canvas.\"><\/object><a id=\"wp-block-file--media-42dd153b-9abe-4353-9d97-1cdd54b0107f\" href=\"https:\/\/hub.hslu.ch\/ikm\/wp-content\/blogs.dir\/489\/files\/sites\/8\/Canvas-Fragen-1.pdf\">Design Canvas<\/a><a href=\"https:\/\/hub.hslu.ch\/ikm\/wp-content\/blogs.dir\/489\/files\/sites\/8\/Canvas-Fragen-1.pdf\" class=\"wp-block-file__button wp-element-button\" download aria-describedby=\"wp-block-file--media-42dd153b-9abe-4353-9d97-1cdd54b0107f\">Herunterladen<\/a><\/div>\n\n\n\n<p>Gerne bin ich f\u00fcr weitere Fragen zum Thema Design Management erreichbar.  <\/p>\n\n\n\n<figure class=\"wp-block-image\"><img loading=\"lazy\" decoding=\"async\" width=\"200\" height=\"200\" src=\"https:\/\/hub.hslu.ch\/ikm\/wp-content\/blogs.dir\/489\/files\/00_Jan-Erik-Baars-200px.png\" alt=\"Jan-Erik Baars\" class=\"wp-image-11978\" srcset=\"https:\/\/hub.hslu.ch\/ikm\/wp-content\/blogs.dir\/489\/files\/sites\/8\/00_Jan-Erik-Baars-200px.png 200w, https:\/\/hub.hslu.ch\/ikm\/wp-content\/blogs.dir\/489\/files\/sites\/8\/00_Jan-Erik-Baars-200px-150x150.png 150w\" sizes=\"auto, (max-width: 200px) 100vw, 200px\" \/><\/figure>\n\n\n\n<h3 class=\"wp-block-heading\">Jan-Erik Baars<\/h3>\n\n\n\n<p>Dozent f\u00fcr Design Management &amp; Design Thinking<\/p>\n\n\n\n<p><a href=\"&#109;&#x61;&#x69;l&#116;&#x6f;:&#106;&#x61;n&#45;&#x65;r&#105;&#x6b;&#x2e;&#98;&#x61;&#x61;r&#115;&#x40;h&#115;&#x6c;u&#46;&#x63;&#x68;?&#99;&#x63;&#x3d;&#x73;a&#98;&#x69;&#x6e;&#x65;&#46;&#104;&#x61;&#x69;&#x64;a&#110;&#x40;&#x68;&#x73;l&#117;&#x2e;&#x63;&#x68;\">Kontakt<\/a><\/p>\n","protected":false},"excerpt":{"rendered":"<p>Sie m\u00f6chten eine Strategie entwickeln, um Marke, Kunde, Angebot und Design zueinander in Beziehung zu stellen und damit Marken- und Designmanagement in Ihrem Unternehmen verbinden? Jan-Erik Baars hat f\u00fcr Sie einen Design Canvas ver\u00f6ffentlicht, mit dem Sie Jetzt herunterladen Gerne bin ich f\u00fcr weitere Fragen zum Thema Design Management erreichbar. Jan-Erik Baars Dozent f\u00fcr Design<\/p>\n","protected":false},"author":2672,"featured_media":0,"parent":0,"menu_order":0,"comment_status":"closed","ping_status":"closed","template":"","meta":{"_acf_changed":false,"inline_featured_image":false,"_relevanssi_hide_post":"","_relevanssi_hide_content":"","_relevanssi_pin_for_all":"","_relevanssi_pin_keywords":"","_relevanssi_unpin_keywords":"","_relevanssi_related_keywords":"","_relevanssi_related_include_ids":"","_relevanssi_related_exclude_ids":"","_relevanssi_related_no_append":"","_relevanssi_related_not_related":"","_relevanssi_related_posts":"11401,18573,10338,11200,9946,11329","_relevanssi_noindex_reason":"","footnotes":"","_links_to":"","_links_to_target":""},"class_list":["post-11963","page","type-page","status-publish","hentry"],"acf":[],"yoast_head":"<!-- This site is optimized with the Yoast SEO plugin v27.6 - https:\/\/yoast.com\/product\/yoast-seo-wordpress\/ -->\n<title>Design Canvas herunterladen | Institut f\u00fcr Kommunikation und Marketing<\/title>\n<meta name=\"description\" content=\"Der Design Canvas hilft Ihnen dabei, Marke und Design miteinander in Verbindung zu bringen und damit die gesamte Kunden Erlebniskette zu \u00fcberblicken.\" \/>\n<meta name=\"robots\" content=\"index, follow, max-snippet:-1, max-image-preview:large, max-video-preview:-1\" \/>\n<link rel=\"canonical\" href=\"https:\/\/hub.hslu.ch\/ikm\/design-canvas-herunterladen\/\" \/>\n<meta property=\"og:locale\" content=\"de_DE\" \/>\n<meta property=\"og:type\" content=\"article\" \/>\n<meta property=\"og:title\" content=\"Design Canvas herunterladen\" \/>\n<meta property=\"og:description\" content=\"Der Design Canvas hilft Ihnen dabei, Marke und Design miteinander in Verbindung zu bringen und damit die gesamte Kunden Erlebniskette zu \u00fcberblicken.\" \/>\n<meta property=\"og:url\" content=\"https:\/\/hub.hslu.ch\/ikm\/design-canvas-herunterladen\/\" \/>\n<meta property=\"og:site_name\" content=\"IKM-Blog\" \/>\n<meta property=\"article:modified_time\" content=\"2024-01-11T14:23:48+00:00\" \/>\n<meta property=\"og:image\" content=\"https:\/\/hub.hslu.ch\/ikm\/wp-content\/blogs.dir\/489\/files\/sites\/8\/00_00_Download-Design-Canvas-Social-Media.png\" \/>\n\t<meta property=\"og:image:width\" content=\"1200\" \/>\n\t<meta property=\"og:image:height\" content=\"630\" \/>\n\t<meta property=\"og:image:type\" content=\"image\/png\" \/>\n<meta name=\"twitter:card\" content=\"summary_large_image\" \/>\n<meta name=\"twitter:label1\" content=\"Gesch\u00e4tzte Lesezeit\" \/>\n\t<meta name=\"twitter:data1\" content=\"1\u00a0Minute\" \/>\n<script type=\"application\/ld+json\" class=\"yoast-schema-graph\">{\"@context\":\"https:\\\/\\\/schema.org\",\"@graph\":[{\"@type\":\"WebPage\",\"@id\":\"https:\\\/\\\/hub.hslu.ch\\\/ikm\\\/design-canvas-herunterladen\\\/\",\"url\":\"https:\\\/\\\/hub.hslu.ch\\\/ikm\\\/design-canvas-herunterladen\\\/\",\"name\":\"Design Canvas herunterladen | Institut f\u00fcr Kommunikation und Marketing\",\"isPartOf\":{\"@id\":\"https:\\\/\\\/hub.hslu.ch\\\/ikm\\\/#website\"},\"primaryImageOfPage\":{\"@id\":\"https:\\\/\\\/hub.hslu.ch\\\/ikm\\\/design-canvas-herunterladen\\\/#primaryimage\"},\"image\":{\"@id\":\"https:\\\/\\\/hub.hslu.ch\\\/ikm\\\/design-canvas-herunterladen\\\/#primaryimage\"},\"thumbnailUrl\":\"https:\\\/\\\/hub.hslu.ch\\\/ikm\\\/wp-content\\\/blogs.dir\\\/489\\\/files\\\/00_Jan-Erik-Baars-200px.png\",\"datePublished\":\"2019-05-07T12:51:41+00:00\",\"dateModified\":\"2024-01-11T14:23:48+00:00\",\"description\":\"Der Design Canvas hilft Ihnen dabei, Marke und Design miteinander in Verbindung zu bringen und damit die gesamte Kunden Erlebniskette zu \u00fcberblicken.\",\"breadcrumb\":{\"@id\":\"https:\\\/\\\/hub.hslu.ch\\\/ikm\\\/design-canvas-herunterladen\\\/#breadcrumb\"},\"inLanguage\":\"de-CH\",\"potentialAction\":[{\"@type\":\"ReadAction\",\"target\":[\"https:\\\/\\\/hub.hslu.ch\\\/ikm\\\/design-canvas-herunterladen\\\/\"]}]},{\"@type\":\"ImageObject\",\"inLanguage\":\"de-CH\",\"@id\":\"https:\\\/\\\/hub.hslu.ch\\\/ikm\\\/design-canvas-herunterladen\\\/#primaryimage\",\"url\":\"https:\\\/\\\/hub.hslu.ch\\\/ikm\\\/wp-content\\\/blogs.dir\\\/489\\\/files\\\/00_Jan-Erik-Baars-200px.png\",\"contentUrl\":\"https:\\\/\\\/hub.hslu.ch\\\/ikm\\\/wp-content\\\/blogs.dir\\\/489\\\/files\\\/00_Jan-Erik-Baars-200px.png\"},{\"@type\":\"BreadcrumbList\",\"@id\":\"https:\\\/\\\/hub.hslu.ch\\\/ikm\\\/design-canvas-herunterladen\\\/#breadcrumb\",\"itemListElement\":[{\"@type\":\"ListItem\",\"position\":1,\"name\":\"Home\",\"item\":\"https:\\\/\\\/hub.hslu.ch\\\/ikm\\\/\"},{\"@type\":\"ListItem\",\"position\":2,\"name\":\"Design Canvas\"}]},{\"@type\":\"WebSite\",\"@id\":\"https:\\\/\\\/hub.hslu.ch\\\/ikm\\\/#website\",\"url\":\"https:\\\/\\\/hub.hslu.ch\\\/ikm\\\/\",\"name\":\"IKM-Blog\",\"description\":\"Kommunikation und Marketing an der Hochschule Luzern \u2013 Wirtschaft\",\"potentialAction\":[{\"@type\":\"SearchAction\",\"target\":{\"@type\":\"EntryPoint\",\"urlTemplate\":\"https:\\\/\\\/hub.hslu.ch\\\/ikm\\\/?s={search_term_string}\"},\"query-input\":{\"@type\":\"PropertyValueSpecification\",\"valueRequired\":true,\"valueName\":\"search_term_string\"}}],\"inLanguage\":\"de-CH\"}]}<\/script>\n<!-- \/ Yoast SEO plugin. -->","yoast_head_json":{"title":"Design Canvas herunterladen | Institut f\u00fcr Kommunikation und Marketing","description":"Der Design Canvas hilft Ihnen dabei, Marke und Design miteinander in Verbindung zu bringen und damit die gesamte Kunden Erlebniskette zu \u00fcberblicken.","robots":{"index":"index","follow":"follow","max-snippet":"max-snippet:-1","max-image-preview":"max-image-preview:large","max-video-preview":"max-video-preview:-1"},"canonical":"https:\/\/hub.hslu.ch\/ikm\/design-canvas-herunterladen\/","og_locale":"de_DE","og_type":"article","og_title":"Design Canvas herunterladen","og_description":"Der Design Canvas hilft Ihnen dabei, Marke und Design miteinander in Verbindung zu bringen und damit die gesamte Kunden Erlebniskette zu \u00fcberblicken.","og_url":"https:\/\/hub.hslu.ch\/ikm\/design-canvas-herunterladen\/","og_site_name":"IKM-Blog","article_modified_time":"2024-01-11T14:23:48+00:00","og_image":[{"width":1200,"height":630,"url":"https:\/\/hub.hslu.ch\/ikm\/wp-content\/blogs.dir\/489\/files\/sites\/8\/00_00_Download-Design-Canvas-Social-Media.png","type":"image\/png"}],"twitter_card":"summary_large_image","twitter_misc":{"Gesch\u00e4tzte Lesezeit":"1\u00a0Minute"},"schema":{"@context":"https:\/\/schema.org","@graph":[{"@type":"WebPage","@id":"https:\/\/hub.hslu.ch\/ikm\/design-canvas-herunterladen\/","url":"https:\/\/hub.hslu.ch\/ikm\/design-canvas-herunterladen\/","name":"Design Canvas herunterladen | Institut f\u00fcr Kommunikation und Marketing","isPartOf":{"@id":"https:\/\/hub.hslu.ch\/ikm\/#website"},"primaryImageOfPage":{"@id":"https:\/\/hub.hslu.ch\/ikm\/design-canvas-herunterladen\/#primaryimage"},"image":{"@id":"https:\/\/hub.hslu.ch\/ikm\/design-canvas-herunterladen\/#primaryimage"},"thumbnailUrl":"https:\/\/hub.hslu.ch\/ikm\/wp-content\/blogs.dir\/489\/files\/00_Jan-Erik-Baars-200px.png","datePublished":"2019-05-07T12:51:41+00:00","dateModified":"2024-01-11T14:23:48+00:00","description":"Der Design Canvas hilft Ihnen dabei, Marke und Design miteinander in Verbindung zu bringen und damit die gesamte Kunden Erlebniskette zu \u00fcberblicken.","breadcrumb":{"@id":"https:\/\/hub.hslu.ch\/ikm\/design-canvas-herunterladen\/#breadcrumb"},"inLanguage":"de-CH","potentialAction":[{"@type":"ReadAction","target":["https:\/\/hub.hslu.ch\/ikm\/design-canvas-herunterladen\/"]}]},{"@type":"ImageObject","inLanguage":"de-CH","@id":"https:\/\/hub.hslu.ch\/ikm\/design-canvas-herunterladen\/#primaryimage","url":"https:\/\/hub.hslu.ch\/ikm\/wp-content\/blogs.dir\/489\/files\/00_Jan-Erik-Baars-200px.png","contentUrl":"https:\/\/hub.hslu.ch\/ikm\/wp-content\/blogs.dir\/489\/files\/00_Jan-Erik-Baars-200px.png"},{"@type":"BreadcrumbList","@id":"https:\/\/hub.hslu.ch\/ikm\/design-canvas-herunterladen\/#breadcrumb","itemListElement":[{"@type":"ListItem","position":1,"name":"Home","item":"https:\/\/hub.hslu.ch\/ikm\/"},{"@type":"ListItem","position":2,"name":"Design Canvas"}]},{"@type":"WebSite","@id":"https:\/\/hub.hslu.ch\/ikm\/#website","url":"https:\/\/hub.hslu.ch\/ikm\/","name":"IKM-Blog","description":"Kommunikation und Marketing an der Hochschule Luzern \u2013 Wirtschaft","potentialAction":[{"@type":"SearchAction","target":{"@type":"EntryPoint","urlTemplate":"https:\/\/hub.hslu.ch\/ikm\/?s={search_term_string}"},"query-input":{"@type":"PropertyValueSpecification","valueRequired":true,"valueName":"search_term_string"}}],"inLanguage":"de-CH"}]}},"featured_image_src":null,"featured_image_src_square":null,"_links":{"self":[{"href":"https:\/\/hub.hslu.ch\/ikm\/wp-json\/wp\/v2\/pages\/11963","targetHints":{"allow":["GET"]}}],"collection":[{"href":"https:\/\/hub.hslu.ch\/ikm\/wp-json\/wp\/v2\/pages"}],"about":[{"href":"https:\/\/hub.hslu.ch\/ikm\/wp-json\/wp\/v2\/types\/page"}],"author":[{"embeddable":true,"href":"https:\/\/hub.hslu.ch\/ikm\/wp-json\/wp\/v2\/users\/2672"}],"replies":[{"embeddable":true,"href":"https:\/\/hub.hslu.ch\/ikm\/wp-json\/wp\/v2\/comments?post=11963"}],"version-history":[{"count":18,"href":"https:\/\/hub.hslu.ch\/ikm\/wp-json\/wp\/v2\/pages\/11963\/revisions"}],"predecessor-version":[{"id":21707,"href":"https:\/\/hub.hslu.ch\/ikm\/wp-json\/wp\/v2\/pages\/11963\/revisions\/21707"}],"wp:attachment":[{"href":"https:\/\/hub.hslu.ch\/ikm\/wp-json\/wp\/v2\/media?parent=11963"}],"curies":[{"name":"wp","href":"https:\/\/api.w.org\/{rel}","templated":true}]}}