{"id":1036,"date":"2021-10-20T18:25:59","date_gmt":"2021-10-20T16:25:59","guid":{"rendered":"https:\/\/hub.hslu.ch\/insuranceinsights\/?page_id=1036"},"modified":"2021-10-25T17:09:06","modified_gmt":"2021-10-25T15:09:06","slug":"ifz-studie-vorsorgeeinrichtungen-2021","status":"publish","type":"page","link":"https:\/\/hub.hslu.ch\/insuranceinsights\/ifz-studie-vorsorgeeinrichtungen-2021\/","title":{"rendered":"IFZ Studie Vorsorgeeinrichtungen 2021"},"content":{"rendered":"\n<h2 class=\"wp-block-heading\">Danke, dass Sie sich f\u00fcr die Erstausgabe unserer IFZ Studie&nbsp;Vorsorgeeinrichtungen interessieren.<\/h2>\n\n\n\n<p>Wir sind f\u00fcr Anmerkungen, Anregungen und Kommentare jederzeit offen und freuen uns \u00fcber Ihre Kontaktaufnahme <br>(Kontakt: Dr. Florian Schreiber &#8211; Insurance Lead IFZ &#8211; <a href=\"&#109;&#x61;i&#108;&#x74;o&#x3a;&#x66;&#108;&#x6f;r&#105;&#x61;n&#46;&#x73;&#99;&#x68;r&#101;&#x69;b&#101;&#x72;&#64;&#x68;&#x73;&#108;&#x75;&#46;&#99;&#x68;\" target=\"_blank\" rel=\"noreferrer noopener\">&#x66;&#x6c;&#111;r&#x69;&#x61;&#110;&#46;s&#x63;&#x68;&#114;&#101;i&#x62;&#x65;&#114;&#64;h&#x73;&#x6c;&#117;&#46;&#x63;&#x68;<\/a> )<\/p>\n\n\n\n<p><\/p>\n\n\n\n<div style=\"position:relative;padding-top:max(60%,326px);height:0;width:100%\"><iframe sandbox=\"allow-top-navigation allow-top-navigation-by-user-activation allow-downloads allow-scripts allow-same-origin allow-popups allow-modals allow-popups-to-escape-sandbox\" allowfullscreen=\"true\" style=\"position:absolute;border:none;width:100%;height:100%;left:0;right:0;top:0;bottom:0;\" src=\"https:\/\/e.issuu.com\/embed.html?d=ifz_vorsorgestudie-2021_final&amp;u=hslu\"><\/iframe><\/div>\n\n\n\n<div style=\"height:100px\" aria-hidden=\"true\" class=\"wp-block-spacer\"><\/div>\n\n\n\n<h2 class=\"wp-block-heading\">Unsere Partner<\/h2>\n\n\n\n<p>Ein herzliches Dankesch\u00f6n geht an die folgenden Unternehmen&nbsp;f\u00fcr die finanzielle Unterst\u00fctzung der Studie (Auflistung in alphabetischer Reihenfolge): EY Schweiz, IBC Insurance Broking and Consulting, die Mobiliar, M&amp;S Software Engineering, Sobrado, UBS.<\/p>\n\n\n\n<p><\/p>\n\n\n\n<figure class=\"wp-block-image size-large\"><img loading=\"lazy\" decoding=\"async\" width=\"1024\" height=\"385\" src=\"https:\/\/hub.hslu.ch\/insuranceinsights\/wp-content\/uploads\/sites\/22\/2021\/09\/Bildschirmfoto-2021-09-20-um-09.41.14-1024x385.png\" alt=\"\" class=\"wp-image-1037\" srcset=\"https:\/\/hub.hslu.ch\/insuranceinsights\/wp-content\/uploads\/sites\/22\/2021\/09\/Bildschirmfoto-2021-09-20-um-09.41.14-1024x385.png 1024w, https:\/\/hub.hslu.ch\/insuranceinsights\/wp-content\/uploads\/sites\/22\/2021\/09\/Bildschirmfoto-2021-09-20-um-09.41.14-300x113.png 300w, https:\/\/hub.hslu.ch\/insuranceinsights\/wp-content\/uploads\/sites\/22\/2021\/09\/Bildschirmfoto-2021-09-20-um-09.41.14-768x289.png 768w, https:\/\/hub.hslu.ch\/insuranceinsights\/wp-content\/uploads\/sites\/22\/2021\/09\/Bildschirmfoto-2021-09-20-um-09.41.14-928x349.png 928w, https:\/\/hub.hslu.ch\/insuranceinsights\/wp-content\/uploads\/sites\/22\/2021\/09\/Bildschirmfoto-2021-09-20-um-09.41.14.png 1254w\" sizes=\"auto, (max-width: 1024px) 100vw, 1024px\" \/><\/figure>\n\n\n\n<div style=\"height:100px\" aria-hidden=\"true\" class=\"wp-block-spacer\"><\/div>\n\n\n\n<h2 class=\"wp-block-heading\">Noch etwas&#8230;<\/h2>\n\n\n\n<p><strong>IFZ Insurance Insights Blog<\/strong><\/p>\n\n\n\n<p>Auf unserem IFZ Insurance Insights Blog stellen wir Ihnen regelm\u00e4ssig die neusten Entwicklungen in und um die Schweizer Assekuranz vor: Auf wissenschaftlicher Basis, praxisnah aufbereitet und mit belastbaren Zahlen unterlegt. Wir bringen die Trends kurzweilig verpackt direkt auf Ihr Smartphone oder Ihren PC.<\/p>\n\n\n\n<div class=\"wp-block-buttons is-layout-flex wp-block-buttons-is-layout-flex\">\n<div class=\"wp-block-button is-style-outline is-style-outline--1\"><a class=\"wp-block-button__link has-text-color\" style=\"color:#e2006b\">IFZ Insurance Insights Blog lesen<\/a><\/div>\n<\/div>\n\n\n\n<p><\/p>\n\n\n\n<p><strong>CAS Future of Insurance<\/strong><\/p>\n\n\n\n<p>Die digitale Transformation stellt Versicherungen vor eine Vielzahl neuer Herausforderungen. Das CAS Future of Insurance bietet Ihnen einen umfassenden Rahmen f\u00fcr deren Bew\u00e4ltigung und vermittelt zukunftsgerichtete L\u00f6sungsans\u00e4tze, um den digitalen Wandel Ihres Unternehmens fortschrittlich und praxisorientiert zu gestalten. Mit unserem Angebot erforschen Sie die neusten Technologien und lernen, diese optimal zu nutzen. So treiben Sie Innovationen voran und f\u00f6rdern ein nachhaltiges Wachstum.<\/p>\n\n\n\n<div class=\"wp-block-buttons is-layout-flex wp-block-buttons-is-layout-flex\">\n<div class=\"wp-block-button is-style-outline is-style-outline--2\"><a class=\"wp-block-button__link has-text-color\" style=\"color:#e2006b\">\u00dcber das CAS Future of Insurance informieren<\/a><\/div>\n<\/div>\n\n\n\n<p><\/p>\n","protected":false},"excerpt":{"rendered":"<p>Danke, dass Sie sich f\u00fcr die Erstausgabe unserer IFZ Studie&nbsp;Vorsorgeeinrichtungen interessieren. Wir sind f\u00fcr Anmerkungen, Anregungen und Kommentare jederzeit offen und freuen uns \u00fcber Ihre Kontaktaufnahme (Kontakt: Dr. Florian Schreiber &#8211; Insurance Lead IFZ &#8211; &#x66;&#108;&#111;r&#x69;&#x61;&#110;&#46;&#x73;&#x63;&#104;r&#x65;&#x69;&#98;e&#x72;&#x40;&#104;s&#x6c;&#x75;&#46;c&#x68; ) Unsere Partner Ein herzliches Dankesch\u00f6n geht an die folgenden Unternehmen&nbsp;f\u00fcr die finanzielle Unterst\u00fctzung der Studie (Auflistung in alphabetischer<\/p>\n","protected":false},"author":108,"featured_media":0,"parent":0,"menu_order":0,"comment_status":"closed","ping_status":"closed","template":"","meta":{"_acf_changed":false,"inline_featured_image":false,"_relevanssi_hide_post":"","_relevanssi_hide_content":"","_relevanssi_pin_for_all":"","_relevanssi_pin_keywords":"","_relevanssi_unpin_keywords":"","_relevanssi_related_keywords":"","_relevanssi_related_include_ids":"","_relevanssi_related_exclude_ids":"","_relevanssi_related_no_append":"","_relevanssi_related_not_related":"","_relevanssi_related_posts":"","_relevanssi_noindex_reason":"","footnotes":"","_links_to":"","_links_to_target":""},"class_list":["post-1036","page","type-page","status-publish","hentry"],"acf":[],"yoast_head":"<!-- This site is optimized with the Yoast SEO plugin v27.3 - https:\/\/yoast.com\/product\/yoast-seo-wordpress\/ -->\n<title>IFZ Studie Vorsorgeeinrichtungen 2021 - IFZ Insurance Insights Blog<\/title>\n<meta name=\"description\" content=\"In der aktuellen IFZ-Studie finden Sie alle Fakten rund um die Schweizer Sammel- und Gemeinschaftseinrichtungen.\" \/>\n<meta name=\"robots\" content=\"index, follow, max-snippet:-1, max-image-preview:large, max-video-preview:-1\" \/>\n<link rel=\"canonical\" href=\"https:\/\/hub.hslu.ch\/insuranceinsights\/ifz-studie-vorsorgeeinrichtungen-2021\/\" \/>\n<meta property=\"og:locale\" content=\"de_DE\" \/>\n<meta property=\"og:type\" content=\"article\" \/>\n<meta property=\"og:title\" content=\"IFZ Studie Vorsorgeeinrichtungen 2021 - IFZ Insurance Insights Blog\" \/>\n<meta property=\"og:description\" content=\"In der aktuellen IFZ-Studie finden Sie alle Fakten rund um die Schweizer Sammel- und Gemeinschaftseinrichtungen.\" \/>\n<meta property=\"og:url\" content=\"https:\/\/hub.hslu.ch\/insuranceinsights\/ifz-studie-vorsorgeeinrichtungen-2021\/\" \/>\n<meta property=\"og:site_name\" content=\"IFZ Insurance Insights Blog\" \/>\n<meta property=\"article:modified_time\" content=\"2021-10-25T15:09:06+00:00\" \/>\n<meta property=\"og:image\" content=\"https:\/\/hub.hslu.ch\/insuranceinsights\/wp-content\/uploads\/sites\/22\/2021\/09\/Bildschirmfoto-2021-09-20-um-09.41.14-1024x385.png\" \/>\n<meta name=\"twitter:card\" content=\"summary_large_image\" \/>\n<meta name=\"twitter:label1\" content=\"Gesch\u00e4tzte Lesezeit\" \/>\n\t<meta name=\"twitter:data1\" content=\"2\u00a0Minuten\" \/>\n<script type=\"application\/ld+json\" class=\"yoast-schema-graph\">{\"@context\":\"https:\\\/\\\/schema.org\",\"@graph\":[{\"@type\":\"WebPage\",\"@id\":\"https:\\\/\\\/hub.hslu.ch\\\/insuranceinsights\\\/ifz-studie-vorsorgeeinrichtungen-2021\\\/\",\"url\":\"https:\\\/\\\/hub.hslu.ch\\\/insuranceinsights\\\/ifz-studie-vorsorgeeinrichtungen-2021\\\/\",\"name\":\"IFZ Studie Vorsorgeeinrichtungen 2021 - IFZ Insurance Insights Blog\",\"isPartOf\":{\"@id\":\"https:\\\/\\\/hub.hslu.ch\\\/insuranceinsights\\\/#website\"},\"primaryImageOfPage\":{\"@id\":\"https:\\\/\\\/hub.hslu.ch\\\/insuranceinsights\\\/ifz-studie-vorsorgeeinrichtungen-2021\\\/#primaryimage\"},\"image\":{\"@id\":\"https:\\\/\\\/hub.hslu.ch\\\/insuranceinsights\\\/ifz-studie-vorsorgeeinrichtungen-2021\\\/#primaryimage\"},\"thumbnailUrl\":\"https:\\\/\\\/hub.hslu.ch\\\/insuranceinsights\\\/wp-content\\\/uploads\\\/sites\\\/22\\\/2021\\\/09\\\/Bildschirmfoto-2021-09-20-um-09.41.14-1024x385.png\",\"datePublished\":\"2021-10-20T16:25:59+00:00\",\"dateModified\":\"2021-10-25T15:09:06+00:00\",\"description\":\"In der aktuellen IFZ-Studie finden Sie alle Fakten rund um die Schweizer Sammel- und Gemeinschaftseinrichtungen.\",\"breadcrumb\":{\"@id\":\"https:\\\/\\\/hub.hslu.ch\\\/insuranceinsights\\\/ifz-studie-vorsorgeeinrichtungen-2021\\\/#breadcrumb\"},\"inLanguage\":\"de-CH\",\"potentialAction\":[{\"@type\":\"ReadAction\",\"target\":[\"https:\\\/\\\/hub.hslu.ch\\\/insuranceinsights\\\/ifz-studie-vorsorgeeinrichtungen-2021\\\/\"]}]},{\"@type\":\"ImageObject\",\"inLanguage\":\"de-CH\",\"@id\":\"https:\\\/\\\/hub.hslu.ch\\\/insuranceinsights\\\/ifz-studie-vorsorgeeinrichtungen-2021\\\/#primaryimage\",\"url\":\"https:\\\/\\\/hub.hslu.ch\\\/insuranceinsights\\\/wp-content\\\/uploads\\\/sites\\\/22\\\/2021\\\/09\\\/Bildschirmfoto-2021-09-20-um-09.41.14.png\",\"contentUrl\":\"https:\\\/\\\/hub.hslu.ch\\\/insuranceinsights\\\/wp-content\\\/uploads\\\/sites\\\/22\\\/2021\\\/09\\\/Bildschirmfoto-2021-09-20-um-09.41.14.png\",\"width\":1254,\"height\":472},{\"@type\":\"BreadcrumbList\",\"@id\":\"https:\\\/\\\/hub.hslu.ch\\\/insuranceinsights\\\/ifz-studie-vorsorgeeinrichtungen-2021\\\/#breadcrumb\",\"itemListElement\":[{\"@type\":\"ListItem\",\"position\":1,\"name\":\"Home\",\"item\":\"https:\\\/\\\/hub.hslu.ch\\\/insuranceinsights\\\/\"},{\"@type\":\"ListItem\",\"position\":2,\"name\":\"IFZ Studie Vorsorgeeinrichtungen 2021\"}]},{\"@type\":\"WebSite\",\"@id\":\"https:\\\/\\\/hub.hslu.ch\\\/insuranceinsights\\\/#website\",\"url\":\"https:\\\/\\\/hub.hslu.ch\\\/insuranceinsights\\\/\",\"name\":\"IFZ Insurance Insights Blog\",\"description\":\"News und Trend Spotting aus der Schweizer Assekuranz\",\"potentialAction\":[{\"@type\":\"SearchAction\",\"target\":{\"@type\":\"EntryPoint\",\"urlTemplate\":\"https:\\\/\\\/hub.hslu.ch\\\/insuranceinsights\\\/?s={search_term_string}\"},\"query-input\":{\"@type\":\"PropertyValueSpecification\",\"valueRequired\":true,\"valueName\":\"search_term_string\"}}],\"inLanguage\":\"de-CH\"}]}<\/script>\n<!-- \/ Yoast SEO plugin. -->","yoast_head_json":{"title":"IFZ Studie Vorsorgeeinrichtungen 2021 - IFZ Insurance Insights Blog","description":"In der aktuellen IFZ-Studie finden Sie alle Fakten rund um die Schweizer Sammel- und Gemeinschaftseinrichtungen.","robots":{"index":"index","follow":"follow","max-snippet":"max-snippet:-1","max-image-preview":"max-image-preview:large","max-video-preview":"max-video-preview:-1"},"canonical":"https:\/\/hub.hslu.ch\/insuranceinsights\/ifz-studie-vorsorgeeinrichtungen-2021\/","og_locale":"de_DE","og_type":"article","og_title":"IFZ Studie Vorsorgeeinrichtungen 2021 - IFZ Insurance Insights Blog","og_description":"In der aktuellen IFZ-Studie finden Sie alle Fakten rund um die Schweizer Sammel- und Gemeinschaftseinrichtungen.","og_url":"https:\/\/hub.hslu.ch\/insuranceinsights\/ifz-studie-vorsorgeeinrichtungen-2021\/","og_site_name":"IFZ Insurance Insights Blog","article_modified_time":"2021-10-25T15:09:06+00:00","og_image":[{"url":"https:\/\/hub.hslu.ch\/insuranceinsights\/wp-content\/uploads\/sites\/22\/2021\/09\/Bildschirmfoto-2021-09-20-um-09.41.14-1024x385.png","type":"","width":"","height":""}],"twitter_card":"summary_large_image","twitter_misc":{"Gesch\u00e4tzte Lesezeit":"2\u00a0Minuten"},"schema":{"@context":"https:\/\/schema.org","@graph":[{"@type":"WebPage","@id":"https:\/\/hub.hslu.ch\/insuranceinsights\/ifz-studie-vorsorgeeinrichtungen-2021\/","url":"https:\/\/hub.hslu.ch\/insuranceinsights\/ifz-studie-vorsorgeeinrichtungen-2021\/","name":"IFZ Studie Vorsorgeeinrichtungen 2021 - IFZ Insurance Insights Blog","isPartOf":{"@id":"https:\/\/hub.hslu.ch\/insuranceinsights\/#website"},"primaryImageOfPage":{"@id":"https:\/\/hub.hslu.ch\/insuranceinsights\/ifz-studie-vorsorgeeinrichtungen-2021\/#primaryimage"},"image":{"@id":"https:\/\/hub.hslu.ch\/insuranceinsights\/ifz-studie-vorsorgeeinrichtungen-2021\/#primaryimage"},"thumbnailUrl":"https:\/\/hub.hslu.ch\/insuranceinsights\/wp-content\/uploads\/sites\/22\/2021\/09\/Bildschirmfoto-2021-09-20-um-09.41.14-1024x385.png","datePublished":"2021-10-20T16:25:59+00:00","dateModified":"2021-10-25T15:09:06+00:00","description":"In der aktuellen IFZ-Studie finden Sie alle Fakten rund um die Schweizer Sammel- und Gemeinschaftseinrichtungen.","breadcrumb":{"@id":"https:\/\/hub.hslu.ch\/insuranceinsights\/ifz-studie-vorsorgeeinrichtungen-2021\/#breadcrumb"},"inLanguage":"de-CH","potentialAction":[{"@type":"ReadAction","target":["https:\/\/hub.hslu.ch\/insuranceinsights\/ifz-studie-vorsorgeeinrichtungen-2021\/"]}]},{"@type":"ImageObject","inLanguage":"de-CH","@id":"https:\/\/hub.hslu.ch\/insuranceinsights\/ifz-studie-vorsorgeeinrichtungen-2021\/#primaryimage","url":"https:\/\/hub.hslu.ch\/insuranceinsights\/wp-content\/uploads\/sites\/22\/2021\/09\/Bildschirmfoto-2021-09-20-um-09.41.14.png","contentUrl":"https:\/\/hub.hslu.ch\/insuranceinsights\/wp-content\/uploads\/sites\/22\/2021\/09\/Bildschirmfoto-2021-09-20-um-09.41.14.png","width":1254,"height":472},{"@type":"BreadcrumbList","@id":"https:\/\/hub.hslu.ch\/insuranceinsights\/ifz-studie-vorsorgeeinrichtungen-2021\/#breadcrumb","itemListElement":[{"@type":"ListItem","position":1,"name":"Home","item":"https:\/\/hub.hslu.ch\/insuranceinsights\/"},{"@type":"ListItem","position":2,"name":"IFZ Studie Vorsorgeeinrichtungen 2021"}]},{"@type":"WebSite","@id":"https:\/\/hub.hslu.ch\/insuranceinsights\/#website","url":"https:\/\/hub.hslu.ch\/insuranceinsights\/","name":"IFZ Insurance Insights Blog","description":"News und Trend Spotting aus der Schweizer Assekuranz","potentialAction":[{"@type":"SearchAction","target":{"@type":"EntryPoint","urlTemplate":"https:\/\/hub.hslu.ch\/insuranceinsights\/?s={search_term_string}"},"query-input":{"@type":"PropertyValueSpecification","valueRequired":true,"valueName":"search_term_string"}}],"inLanguage":"de-CH"}]}},"featured_image_src":null,"featured_image_src_square":null,"_links":{"self":[{"href":"https:\/\/hub.hslu.ch\/insuranceinsights\/wp-json\/wp\/v2\/pages\/1036","targetHints":{"allow":["GET"]}}],"collection":[{"href":"https:\/\/hub.hslu.ch\/insuranceinsights\/wp-json\/wp\/v2\/pages"}],"about":[{"href":"https:\/\/hub.hslu.ch\/insuranceinsights\/wp-json\/wp\/v2\/types\/page"}],"author":[{"embeddable":true,"href":"https:\/\/hub.hslu.ch\/insuranceinsights\/wp-json\/wp\/v2\/users\/108"}],"replies":[{"embeddable":true,"href":"https:\/\/hub.hslu.ch\/insuranceinsights\/wp-json\/wp\/v2\/comments?post=1036"}],"version-history":[{"count":16,"href":"https:\/\/hub.hslu.ch\/insuranceinsights\/wp-json\/wp\/v2\/pages\/1036\/revisions"}],"predecessor-version":[{"id":1097,"href":"https:\/\/hub.hslu.ch\/insuranceinsights\/wp-json\/wp\/v2\/pages\/1036\/revisions\/1097"}],"wp:attachment":[{"href":"https:\/\/hub.hslu.ch\/insuranceinsights\/wp-json\/wp\/v2\/media?parent=1036"}],"curies":[{"name":"wp","href":"https:\/\/api.w.org\/{rel}","templated":true}]}}