{"id":1168,"date":"2021-12-03T07:07:33","date_gmt":"2021-12-03T06:07:33","guid":{"rendered":"https:\/\/hub.hslu.ch\/insuranceinsights\/?page_id=1168"},"modified":"2021-12-03T13:44:10","modified_gmt":"2021-12-03T12:44:10","slug":"ifz-insurtech-report-2021","status":"publish","type":"page","link":"https:\/\/hub.hslu.ch\/insuranceinsights\/ifz-insurtech-report-2021\/","title":{"rendered":"IFZ InsurTech Report 2021"},"content":{"rendered":"\n<h2 class=\"wp-block-heading\">Danke, dass Sie sich f\u00fcr die Erstausgabe unseres IFZ InsurTech Report interessieren.<\/h2>\n\n\n\n<p>Wir sind f\u00fcr Anmerkungen, Anregungen und Kommentare jederzeit offen und freuen uns \u00fcber Ihre Kontaktaufnahme! <br><br><strong>Ansprechpartner<\/strong> <br>Professor Dr. Thomas Ankenbrand &#8211; <a href=\"&#x6d;&#97;i&#x6c;&#116;o&#x3a;&#x74;&#104;&#x6f;&#x6d;&#97;s&#x2e;&#97;n&#x6b;&#x65;&#110;&#x62;&#x72;&#97;n&#x64;&#64;h&#x73;&#x6c;&#117;&#x2e;&#x63;&#104;\" target=\"_blank\" rel=\"noreferrer noopener\">t&#104;&#111;&#x6d;&#x61;&#x73;&#46;&#97;&#110;&#x6b;&#x65;&#x6e;br&#97;&#x6e;&#x64;&#x40;hs&#108;&#117;&#x2e;&#x63;&#x68;<\/a><br>Moreno Frigg &#8211; <a href=\"&#x6d;&#97;&#105;&#x6c;&#x74;&#111;&#58;&#x6d;&#x6f;&#114;&#101;&#x6e;&#x6f;&#46;&#102;&#x72;&#x69;&#103;&#103;&#x40;&#x68;&#115;&#108;&#x75;&#x2e;&#99;&#104;\" target=\"_blank\" rel=\"noreferrer noopener\">&#109;&#x6f;&#x72;e&#110;&#x6f;&#46;&#102;&#x72;&#x69;g&#103;&#x40;h&#115;&#x6c;&#x75;&#46;&#99;&#x68;<\/a> <br>Dr. Florian Schreiber &#8211; <a href=\"m&#97;&#x69;&#x6c;t&#111;&#58;&#x66;&#x6c;o&#114;&#x69;&#x61;n&#46;&#115;&#x63;&#x68;r&#101;&#x69;&#x62;e&#114;&#64;&#x68;&#x73;l&#117;&#x2e;&#x63;h\" target=\"_blank\" rel=\"noreferrer noopener\">&#x66;l&#x6f;&#114;&#x69;&#97;n&#x2e;&#115;&#x63;&#104;r&#x65;&#105;&#x62;&#101;r&#x40;h&#x73;&#108;&#x75;&#x2e;c&#x68;<\/a><\/p>\n\n\n\n<p><\/p>\n\n\n\n<div style=\"height:0;width:100%\"><\/div>\n\n\n\n<div style=\"position:relative;padding-top:max(60%,326px);height:0;width:100%\"><iframe sandbox=\"allow-top-navigation allow-top-navigation-by-user-activation allow-downloads allow-scripts allow-same-origin allow-popups allow-modals allow-popups-to-escape-sandbox\" allowfullscreen=\"true\" style=\"position:absolute;border:none;width:100%;height:100%;left:0;right:0;top:0;bottom:0;\" src=\"https:\/\/e.issuu.com\/embed.html?d=insurtech_report_2021_publication_online&amp;u=hslu\"><\/iframe><\/div>\n\n\n\n<div style=\"height:100px\" aria-hidden=\"true\" class=\"wp-block-spacer\"><\/div>\n\n\n\n<div class=\"wp-block-buttons is-layout-flex wp-block-buttons-is-layout-flex\">\n<div class=\"wp-block-button is-style-outline is-style-outline--1\"><a class=\"wp-block-button__link has-text-color\" href=\"https:\/\/zenodo.org\/record\/5745257#.Yaco9dDMK71\" style=\"color:#e2006b\" target=\"_blank\" rel=\"noreferrer noopener\">PDF-Version des IFZ InsurTech Report 2021<\/a><\/div>\n<\/div>\n\n\n\n<h2 class=\"wp-block-heading\">Unser Partner<\/h2>\n\n\n\n<p>Ein herzliches Dankesch\u00f6n geht an das House of Insurtech Switzerland (HITS)&nbsp;f\u00fcr die finanzielle Unterst\u00fctzung der Studie.<\/p>\n\n\n\n<figure class=\"wp-block-image size-large\"><a href=\"https:\/\/www.houseofinsurtech.ch\/\" target=\"_blank\" rel=\"noopener\"><img loading=\"lazy\" decoding=\"async\" width=\"1024\" height=\"327\" src=\"https:\/\/hub.hslu.ch\/insuranceinsights\/wp-content\/uploads\/sites\/22\/2021\/12\/HITS-1024x327.jpg\" alt=\"\" class=\"wp-image-1169\" srcset=\"https:\/\/hub.hslu.ch\/insuranceinsights\/wp-content\/uploads\/sites\/22\/2021\/12\/HITS-1024x327.jpg 1024w, https:\/\/hub.hslu.ch\/insuranceinsights\/wp-content\/uploads\/sites\/22\/2021\/12\/HITS-300x96.jpg 300w, https:\/\/hub.hslu.ch\/insuranceinsights\/wp-content\/uploads\/sites\/22\/2021\/12\/HITS-768x245.jpg 768w, https:\/\/hub.hslu.ch\/insuranceinsights\/wp-content\/uploads\/sites\/22\/2021\/12\/HITS-928x296.jpg 928w, https:\/\/hub.hslu.ch\/insuranceinsights\/wp-content\/uploads\/sites\/22\/2021\/12\/HITS.jpg 1030w\" sizes=\"auto, (max-width: 1024px) 100vw, 1024px\" \/><\/a><\/figure>\n\n\n\n<div style=\"height:100px\" aria-hidden=\"true\" class=\"wp-block-spacer\"><\/div>\n\n\n\n<h2 class=\"wp-block-heading\">Noch etwas&#8230;<\/h2>\n\n\n\n<p><strong>CAS Future of Insurance<\/strong><\/p>\n\n\n\n<p>Die digitale Transformation stellt Versicherungen vor eine Vielzahl neuer Herausforderungen. Das CAS Future of Insurance bietet Ihnen einen umfassenden Rahmen f\u00fcr deren Bew\u00e4ltigung und vermittelt zukunftsgerichtete L\u00f6sungsans\u00e4tze, um den digitalen Wandel Ihres Unternehmens fortschrittlich und praxisorientiert zu gestalten. Mit unserem Angebot erforschen Sie die neusten Technologien und lernen, diese optimal zu nutzen. So treiben Sie Innovationen voran und f\u00f6rdern ein nachhaltiges Wachstum.<\/p>\n\n\n\n<div class=\"wp-block-buttons is-layout-flex wp-block-buttons-is-layout-flex\">\n<div class=\"wp-block-button is-style-outline is-style-outline--2\"><a class=\"wp-block-button__link has-white-background-color has-text-color has-background\" href=\"https:\/\/www.hslu.ch\/de-ch\/wirtschaft\/weiterbildung\/cas\/ifz\/future-of-insurance\/\" style=\"color:#e2006b\" target=\"_blank\" rel=\"noreferrer noopener\">\u00dcber das CAS Future of Insurance informieren<\/a><\/div>\n<\/div>\n\n\n\n<div style=\"height:50px\" aria-hidden=\"true\" class=\"wp-block-spacer\"><\/div>\n\n\n\n<p><strong>IFZ FinTech Konferenz 2022<\/strong><\/p>\n\n\n\n<p>Die Innovation FinTech gilt als ideale L\u00f6sung f\u00fcr die Probleme der Bank- und Finanzindustrie und verzeichnete in den vergangenen Jahren hohe Wachstumsraten. Der Begriff FinTech steht im Business f\u00fcr Financial Technology. Schweizer Challenger-Banken und FinTech-Start-ups sind stark am Markt. Das IFZ organisiert diesen Event. Im Zentrum stehen aktuelle Herausforderungen: Welches waren die Einfl\u00fcsse der Finanztechnologie auf die gesamte Wirtschaft und unsere t\u00e4gliche Arbeit in diesem Jahr? Welches sind die Chancen f\u00fcr die Schweiz, die sich daraus ergeben? Welches sind die Ergebnisse, die f\u00fcr FinTech-Unternehmen relevant sind? Neben der Pr\u00e4sentation der IFZ FinTech Studie 2022 mit statistischem Zahlenmaterial geben Expertinnen und Experten Einblicke in verschiedene Beispiele der Praxis und Umsetzung.<\/p>\n\n\n\n<div class=\"wp-block-buttons is-layout-flex wp-block-buttons-is-layout-flex\">\n<div class=\"wp-block-button is-style-outline is-style-outline--3\"><a class=\"wp-block-button__link has-text-color\" href=\"https:\/\/www.hslu.ch\/de-ch\/wirtschaft\/agenda\/veranstaltungen\/2022\/03\/09\/ifz-fintech-konferenz\/\" style=\"color:#e2006b\" target=\"_blank\" rel=\"noreferrer noopener\">Zur IFZ FinTech Konferenz 2022 anmelden<\/a><\/div>\n<\/div>\n\n\n\n<div style=\"height:50px\" aria-hidden=\"true\" class=\"wp-block-spacer\"><\/div>\n\n\n\n<p><strong>IFZ Insurance Insights Blog<\/strong><\/p>\n\n\n\n<p>Auf unserem IFZ Insurance Insights Blog stellen wir Ihnen regelm\u00e4ssig die neusten Entwicklungen in und um die Schweizer Assekuranz vor: Auf wissenschaftlicher Basis, praxisnah aufbereitet und mit belastbaren Zahlen unterlegt. Wir bringen die Trends kurzweilig verpackt direkt auf Ihr Smartphone oder Ihren PC.<\/p>\n\n\n\n<div class=\"wp-block-buttons is-layout-flex wp-block-buttons-is-layout-flex\">\n<div class=\"wp-block-button is-style-outline is-style-outline--4\"><a class=\"wp-block-button__link has-text-color\" href=\"https:\/\/hub.hslu.ch\/insuranceinsights\/\" style=\"color:#e2006b\" target=\"_blank\" rel=\"noreferrer noopener\">IFZ Insurance Insights Blog lesen<\/a><\/div>\n<\/div>\n\n\n\n<p><\/p>\n","protected":false},"excerpt":{"rendered":"<p>Danke, dass Sie sich f\u00fcr die Erstausgabe unseres IFZ InsurTech Report interessieren. Wir sind f\u00fcr Anmerkungen, Anregungen und Kommentare jederzeit offen und freuen uns \u00fcber Ihre Kontaktaufnahme! Ansprechpartner Professor Dr. Thomas Ankenbrand &#8211; &#116;&#x68;o&#x6d;&#x61;&#115;&#x2e;a&#x6e;&#x6b;&#101;&#x6e;b&#x72;&#x61;&#110;&#x64;&#64;&#x68;&#x73;&#108;&#x75;&#46;&#x63;&#x68;Moreno Frigg &#8211; &#109;&#x6f;r&#x65;&#x6e;&#111;&#x2e;f&#x72;&#x69;&#103;&#x67;&#64;&#x68;&#x73;&#108;&#x75;&#46;&#x63;&#x68; Dr. Florian Schreiber &#8211; &#x66;&#x6c;&#x6f;&#x72;&#x69;&#x61;&#x6e;&#x2e;&#x73;&#x63;&#x68;&#114;&#101;&#105;&#98;&#101;&#114;&#64;hslu&#46;c&#x68; Unser Partner Ein herzliches Dankesch\u00f6n geht an das House of Insurtech Switzerland (HITS)&nbsp;f\u00fcr<\/p>\n","protected":false},"author":108,"featured_media":0,"parent":0,"menu_order":0,"comment_status":"closed","ping_status":"closed","template":"","meta":{"_acf_changed":false,"inline_featured_image":false,"_relevanssi_hide_post":"","_relevanssi_hide_content":"","_relevanssi_pin_for_all":"","_relevanssi_pin_keywords":"","_relevanssi_unpin_keywords":"","_relevanssi_related_keywords":"","_relevanssi_related_include_ids":"","_relevanssi_related_exclude_ids":"","_relevanssi_related_no_append":"","_relevanssi_related_not_related":"","_relevanssi_related_posts":"","_relevanssi_noindex_reason":"","footnotes":"","_links_to":"","_links_to_target":""},"class_list":["post-1168","page","type-page","status-publish","hentry"],"acf":[],"yoast_head":"<!-- This site is optimized with the Yoast SEO plugin v27.4 - https:\/\/yoast.com\/product\/yoast-seo-wordpress\/ -->\n<title>IFZ InsurTech Report 2021 - IFZ Insurance Insights Blog<\/title>\n<meta name=\"description\" content=\"In der aktuellen IFZ-Studie finden Sie alle Fakten rund um die Schweizer Sammel- und Gemeinschaftseinrichtungen.\" \/>\n<meta name=\"robots\" content=\"index, follow, max-snippet:-1, max-image-preview:large, max-video-preview:-1\" \/>\n<link rel=\"canonical\" href=\"https:\/\/hub.hslu.ch\/insuranceinsights\/ifz-insurtech-report-2021\/\" \/>\n<meta property=\"og:locale\" content=\"de_DE\" \/>\n<meta property=\"og:type\" content=\"article\" \/>\n<meta property=\"og:title\" content=\"IFZ InsurTech Report 2021 - IFZ Insurance Insights Blog\" \/>\n<meta property=\"og:description\" content=\"In der aktuellen IFZ-Studie finden Sie alle Fakten rund um die Schweizer Sammel- und Gemeinschaftseinrichtungen.\" \/>\n<meta property=\"og:url\" content=\"https:\/\/hub.hslu.ch\/insuranceinsights\/ifz-insurtech-report-2021\/\" \/>\n<meta property=\"og:site_name\" content=\"IFZ Insurance Insights Blog\" \/>\n<meta property=\"article:modified_time\" content=\"2021-12-03T12:44:10+00:00\" \/>\n<meta property=\"og:image\" content=\"https:\/\/hub.hslu.ch\/insuranceinsights\/wp-content\/uploads\/sites\/22\/2021\/12\/HITS-1024x327.jpg\" \/>\n<meta name=\"twitter:card\" content=\"summary_large_image\" \/>\n<meta name=\"twitter:label1\" content=\"Gesch\u00e4tzte Lesezeit\" \/>\n\t<meta name=\"twitter:data1\" content=\"2\u00a0Minuten\" \/>\n<script type=\"application\/ld+json\" class=\"yoast-schema-graph\">{\"@context\":\"https:\\\/\\\/schema.org\",\"@graph\":[{\"@type\":\"WebPage\",\"@id\":\"https:\\\/\\\/hub.hslu.ch\\\/insuranceinsights\\\/ifz-insurtech-report-2021\\\/\",\"url\":\"https:\\\/\\\/hub.hslu.ch\\\/insuranceinsights\\\/ifz-insurtech-report-2021\\\/\",\"name\":\"IFZ InsurTech Report 2021 - IFZ Insurance Insights Blog\",\"isPartOf\":{\"@id\":\"https:\\\/\\\/hub.hslu.ch\\\/insuranceinsights\\\/#website\"},\"primaryImageOfPage\":{\"@id\":\"https:\\\/\\\/hub.hslu.ch\\\/insuranceinsights\\\/ifz-insurtech-report-2021\\\/#primaryimage\"},\"image\":{\"@id\":\"https:\\\/\\\/hub.hslu.ch\\\/insuranceinsights\\\/ifz-insurtech-report-2021\\\/#primaryimage\"},\"thumbnailUrl\":\"https:\\\/\\\/hub.hslu.ch\\\/insuranceinsights\\\/wp-content\\\/uploads\\\/sites\\\/22\\\/2021\\\/12\\\/HITS-1024x327.jpg\",\"datePublished\":\"2021-12-03T06:07:33+00:00\",\"dateModified\":\"2021-12-03T12:44:10+00:00\",\"description\":\"In der aktuellen IFZ-Studie finden Sie alle Fakten rund um die Schweizer Sammel- und Gemeinschaftseinrichtungen.\",\"breadcrumb\":{\"@id\":\"https:\\\/\\\/hub.hslu.ch\\\/insuranceinsights\\\/ifz-insurtech-report-2021\\\/#breadcrumb\"},\"inLanguage\":\"de-CH\",\"potentialAction\":[{\"@type\":\"ReadAction\",\"target\":[\"https:\\\/\\\/hub.hslu.ch\\\/insuranceinsights\\\/ifz-insurtech-report-2021\\\/\"]}]},{\"@type\":\"ImageObject\",\"inLanguage\":\"de-CH\",\"@id\":\"https:\\\/\\\/hub.hslu.ch\\\/insuranceinsights\\\/ifz-insurtech-report-2021\\\/#primaryimage\",\"url\":\"https:\\\/\\\/hub.hslu.ch\\\/insuranceinsights\\\/wp-content\\\/uploads\\\/sites\\\/22\\\/2021\\\/12\\\/HITS.jpg\",\"contentUrl\":\"https:\\\/\\\/hub.hslu.ch\\\/insuranceinsights\\\/wp-content\\\/uploads\\\/sites\\\/22\\\/2021\\\/12\\\/HITS.jpg\",\"width\":1030,\"height\":329},{\"@type\":\"BreadcrumbList\",\"@id\":\"https:\\\/\\\/hub.hslu.ch\\\/insuranceinsights\\\/ifz-insurtech-report-2021\\\/#breadcrumb\",\"itemListElement\":[{\"@type\":\"ListItem\",\"position\":1,\"name\":\"Home\",\"item\":\"https:\\\/\\\/hub.hslu.ch\\\/insuranceinsights\\\/\"},{\"@type\":\"ListItem\",\"position\":2,\"name\":\"IFZ InsurTech Report 2021\"}]},{\"@type\":\"WebSite\",\"@id\":\"https:\\\/\\\/hub.hslu.ch\\\/insuranceinsights\\\/#website\",\"url\":\"https:\\\/\\\/hub.hslu.ch\\\/insuranceinsights\\\/\",\"name\":\"IFZ Insurance Insights Blog\",\"description\":\"News und Trend Spotting aus der Schweizer Assekuranz\",\"potentialAction\":[{\"@type\":\"SearchAction\",\"target\":{\"@type\":\"EntryPoint\",\"urlTemplate\":\"https:\\\/\\\/hub.hslu.ch\\\/insuranceinsights\\\/?s={search_term_string}\"},\"query-input\":{\"@type\":\"PropertyValueSpecification\",\"valueRequired\":true,\"valueName\":\"search_term_string\"}}],\"inLanguage\":\"de-CH\"}]}<\/script>\n<!-- \/ Yoast SEO plugin. -->","yoast_head_json":{"title":"IFZ InsurTech Report 2021 - IFZ Insurance Insights Blog","description":"In der aktuellen IFZ-Studie finden Sie alle Fakten rund um die Schweizer Sammel- und Gemeinschaftseinrichtungen.","robots":{"index":"index","follow":"follow","max-snippet":"max-snippet:-1","max-image-preview":"max-image-preview:large","max-video-preview":"max-video-preview:-1"},"canonical":"https:\/\/hub.hslu.ch\/insuranceinsights\/ifz-insurtech-report-2021\/","og_locale":"de_DE","og_type":"article","og_title":"IFZ InsurTech Report 2021 - IFZ Insurance Insights Blog","og_description":"In der aktuellen IFZ-Studie finden Sie alle Fakten rund um die Schweizer Sammel- und Gemeinschaftseinrichtungen.","og_url":"https:\/\/hub.hslu.ch\/insuranceinsights\/ifz-insurtech-report-2021\/","og_site_name":"IFZ Insurance Insights Blog","article_modified_time":"2021-12-03T12:44:10+00:00","og_image":[{"url":"https:\/\/hub.hslu.ch\/insuranceinsights\/wp-content\/uploads\/sites\/22\/2021\/12\/HITS-1024x327.jpg","type":"","width":"","height":""}],"twitter_card":"summary_large_image","twitter_misc":{"Gesch\u00e4tzte Lesezeit":"2\u00a0Minuten"},"schema":{"@context":"https:\/\/schema.org","@graph":[{"@type":"WebPage","@id":"https:\/\/hub.hslu.ch\/insuranceinsights\/ifz-insurtech-report-2021\/","url":"https:\/\/hub.hslu.ch\/insuranceinsights\/ifz-insurtech-report-2021\/","name":"IFZ InsurTech Report 2021 - IFZ Insurance Insights Blog","isPartOf":{"@id":"https:\/\/hub.hslu.ch\/insuranceinsights\/#website"},"primaryImageOfPage":{"@id":"https:\/\/hub.hslu.ch\/insuranceinsights\/ifz-insurtech-report-2021\/#primaryimage"},"image":{"@id":"https:\/\/hub.hslu.ch\/insuranceinsights\/ifz-insurtech-report-2021\/#primaryimage"},"thumbnailUrl":"https:\/\/hub.hslu.ch\/insuranceinsights\/wp-content\/uploads\/sites\/22\/2021\/12\/HITS-1024x327.jpg","datePublished":"2021-12-03T06:07:33+00:00","dateModified":"2021-12-03T12:44:10+00:00","description":"In der aktuellen IFZ-Studie finden Sie alle Fakten rund um die Schweizer Sammel- und Gemeinschaftseinrichtungen.","breadcrumb":{"@id":"https:\/\/hub.hslu.ch\/insuranceinsights\/ifz-insurtech-report-2021\/#breadcrumb"},"inLanguage":"de-CH","potentialAction":[{"@type":"ReadAction","target":["https:\/\/hub.hslu.ch\/insuranceinsights\/ifz-insurtech-report-2021\/"]}]},{"@type":"ImageObject","inLanguage":"de-CH","@id":"https:\/\/hub.hslu.ch\/insuranceinsights\/ifz-insurtech-report-2021\/#primaryimage","url":"https:\/\/hub.hslu.ch\/insuranceinsights\/wp-content\/uploads\/sites\/22\/2021\/12\/HITS.jpg","contentUrl":"https:\/\/hub.hslu.ch\/insuranceinsights\/wp-content\/uploads\/sites\/22\/2021\/12\/HITS.jpg","width":1030,"height":329},{"@type":"BreadcrumbList","@id":"https:\/\/hub.hslu.ch\/insuranceinsights\/ifz-insurtech-report-2021\/#breadcrumb","itemListElement":[{"@type":"ListItem","position":1,"name":"Home","item":"https:\/\/hub.hslu.ch\/insuranceinsights\/"},{"@type":"ListItem","position":2,"name":"IFZ InsurTech Report 2021"}]},{"@type":"WebSite","@id":"https:\/\/hub.hslu.ch\/insuranceinsights\/#website","url":"https:\/\/hub.hslu.ch\/insuranceinsights\/","name":"IFZ Insurance Insights Blog","description":"News und Trend Spotting aus der Schweizer Assekuranz","potentialAction":[{"@type":"SearchAction","target":{"@type":"EntryPoint","urlTemplate":"https:\/\/hub.hslu.ch\/insuranceinsights\/?s={search_term_string}"},"query-input":{"@type":"PropertyValueSpecification","valueRequired":true,"valueName":"search_term_string"}}],"inLanguage":"de-CH"}]}},"featured_image_src":null,"featured_image_src_square":null,"_links":{"self":[{"href":"https:\/\/hub.hslu.ch\/insuranceinsights\/wp-json\/wp\/v2\/pages\/1168","targetHints":{"allow":["GET"]}}],"collection":[{"href":"https:\/\/hub.hslu.ch\/insuranceinsights\/wp-json\/wp\/v2\/pages"}],"about":[{"href":"https:\/\/hub.hslu.ch\/insuranceinsights\/wp-json\/wp\/v2\/types\/page"}],"author":[{"embeddable":true,"href":"https:\/\/hub.hslu.ch\/insuranceinsights\/wp-json\/wp\/v2\/users\/108"}],"replies":[{"embeddable":true,"href":"https:\/\/hub.hslu.ch\/insuranceinsights\/wp-json\/wp\/v2\/comments?post=1168"}],"version-history":[{"count":17,"href":"https:\/\/hub.hslu.ch\/insuranceinsights\/wp-json\/wp\/v2\/pages\/1168\/revisions"}],"predecessor-version":[{"id":1198,"href":"https:\/\/hub.hslu.ch\/insuranceinsights\/wp-json\/wp\/v2\/pages\/1168\/revisions\/1198"}],"wp:attachment":[{"href":"https:\/\/hub.hslu.ch\/insuranceinsights\/wp-json\/wp\/v2\/media?parent=1168"}],"curies":[{"name":"wp","href":"https:\/\/api.w.org\/{rel}","templated":true}]}}