{"id":1774,"date":"2023-11-20T16:57:42","date_gmt":"2023-11-20T15:57:42","guid":{"rendered":"https:\/\/hub.hslu.ch\/insuranceinsights\/?page_id=1774"},"modified":"2024-01-29T10:29:48","modified_gmt":"2024-01-29T09:29:48","slug":"ifz-digital-insurance-experience-studie-2023","status":"publish","type":"page","link":"https:\/\/hub.hslu.ch\/insuranceinsights\/ifz-digital-insurance-experience-studie-2023\/","title":{"rendered":"IFZ Digital Insurance Experience Studie 2023"},"content":{"rendered":"\n<p><\/p>\n\n\n\n<h2 class=\"wp-block-heading\">Wie digital sind die Schweizer Versicherer?<\/h2>\n\n\n\n<p><\/p>\n\n\n\n<p>Mit der vorliegenden Studie geben wir Ihnen exklusive Einblicke in die Qualit\u00e4t der Online-Auftritte der Schweizer Versicherer. Hierzu haben wir \u00fcber 300 verschiedene Kriterien evaluiert, die wiederum in elf Dimensionen zusammengefasst sind. Auf Basis einer repr\u00e4sentativen Umfrage unter 763 Personen, die sich f\u00fcr die Versicherungsentscheidungen ihres Haushalts verantwortlich zeichnen, haben wir zudem analysiert, wie relevant diese elf Dimensionen aus Kundenperspektive tats\u00e4chlich sind und was sich potenzielle Neukunden von einem Versicherer w\u00fcnschen: einen m\u00f6glichst umfangreichen Online-Auftritt, der m\u00f6glichst auch optimiert auf Mobile-Ger\u00e4ten verf\u00fcgbar ist? Einen intuitiven Online-Rechner, der transparent die individuell zu entrichtende Versicherungspr\u00e4mie ausweist? Oder aber eher eine grosse Bandbreite an Kontaktkan\u00e4len, sodass beispielsweise auch am Wochenende bzw. sp\u00e4tabends eine Kl\u00e4rung wichtiger Anliegen m\u00f6glich ist? Auf Basis dieser Auswertungen f\u00fchren wir die elf Dimensionen schlussendlich in Form eines umfassenden Benchmarking-Vergleichs zusammen und ermitteln diejenigen Schweizer Versicherer, die gegenw\u00e4rtig eine f\u00fchrende Position in Bezug auf die sogenannte \u00abUser Experience\u00bb einnehmen. Um dies greifbarer zu machen, pr\u00e4sentieren wir dar\u00fcber hinaus verschiedene Best Practices, die im Rahmen unserer Analyse besonders positiv herausgestochen sind.<\/p>\n\n\n\n<div style=\"height:54px\" aria-hidden=\"true\" class=\"wp-block-spacer\"><\/div>\n\n\n\n<div data-wp-interactive=\"core\/file\" class=\"wp-block-file\"><object data-wp-bind--hidden=\"!state.hasPdfPreview\" hidden class=\"wp-block-file__embed\" data=\"https:\/\/hub.hslu.ch\/insuranceinsights\/wp-content\/uploads\/sites\/22\/2024\/01\/IFZ_Studie_DIE_2023_final.pdf\" type=\"application\/pdf\" style=\"width:100%;height:600px\" aria-label=\"Einbettung von IFZ_Studie_DIE_2023_final.\"><\/object><a id=\"wp-block-file--media-2f30a137-b73f-4ee8-baee-aa77f6cab52d\" href=\"https:\/\/hub.hslu.ch\/insuranceinsights\/wp-content\/uploads\/sites\/22\/2024\/01\/IFZ_Studie_DIE_2023_final.pdf\">IFZ_Studie_DIE_2023_final<\/a><a href=\"https:\/\/hub.hslu.ch\/insuranceinsights\/wp-content\/uploads\/sites\/22\/2024\/01\/IFZ_Studie_DIE_2023_final.pdf\" class=\"wp-block-file__button wp-element-button\" download aria-describedby=\"wp-block-file--media-2f30a137-b73f-4ee8-baee-aa77f6cab52d\">Herunterladen<\/a><\/div>\n\n\n\n<div style=\"height:100px\" aria-hidden=\"true\" class=\"wp-block-spacer\"><\/div>\n\n\n\n<h2 class=\"wp-block-heading\">Danke, dass Sie sich f\u00fcr die Erstausgabe unserer IFZ Digital Insurance Experience Studie interessieren.<\/h2>\n\n\n\n<p>Wir sind f\u00fcr Anmerkungen, Anregungen und Kommentare jederzeit offen und freuen uns \u00fcber Ihre Kontaktaufnahme <br>(Kontakt: Prof. Dr. Florian Schreiber &#8211; <a href=\"&#x6d;&#97;i&#x6c;&#116;o&#x3a;&#115;o&#x70;&#104;i&#x65;&#46;h&#x75;&#x6e;d&#x65;&#x72;&#116;&#x6d;&#x61;&#114;&#x6b;&#x40;&#104;s&#x6c;&#117;&#46;&#x63;&#104;\" target=\"_blank\" rel=\"noreferrer noopener\">&#x66;&#x6c;&#111;r&#x69;&#x61;&#110;&#46;s&#x63;&#x68;&#114;e&#x69;&#x62;&#101;&#114;&#64;&#x68;&#x73;&#108;u&#x2e;&#x63;&#104;<\/a> )<\/p>\n\n\n\n<p><\/p>\n\n\n\n<div style=\"height:100px\" aria-hidden=\"true\" class=\"wp-block-spacer\"><\/div>\n\n\n\n<h2 class=\"wp-block-heading\">Unsere Partner<\/h2>\n\n\n\n<p>Ein herzliches Dankesch\u00f6n geht an die folgenden Unternehmen&nbsp;f\u00fcr die finanzielle Unterst\u00fctzung der Studie: Finnoconsult und Adnovum.<\/p>\n\n\n\n<p><\/p>\n\n\n\n<figure class=\"wp-block-image size-full\"><img loading=\"lazy\" decoding=\"async\" width=\"692\" height=\"512\" src=\"https:\/\/hub.hslu.ch\/insuranceinsights\/wp-content\/uploads\/sites\/22\/2022\/11\/Bildschirm\u00adfoto-2022-11-24-um-12.04.28.png\" alt=\"\" class=\"wp-image-1428\" srcset=\"https:\/\/hub.hslu.ch\/insuranceinsights\/wp-content\/uploads\/sites\/22\/2022\/11\/Bildschirm\u00adfoto-2022-11-24-um-12.04.28.png 692w, https:\/\/hub.hslu.ch\/insuranceinsights\/wp-content\/uploads\/sites\/22\/2022\/11\/Bildschirm\u00adfoto-2022-11-24-um-12.04.28-300x222.png 300w\" sizes=\"auto, (max-width: 692px) 100vw, 692px\" \/><\/figure>\n\n\n\n<div style=\"height:100px\" aria-hidden=\"true\" class=\"wp-block-spacer\"><\/div>\n\n\n\n<h2 class=\"wp-block-heading\">Noch etwas&#8230;<\/h2>\n\n\n\n<p><strong>IFZ Insurance Summit 202<\/strong>4<\/p>\n\n\n\n<p>Am IFZ Insurance Summit erhalten Sie einen einzigartigen \u00dcberblick \u00fcber aktuelle Entwicklungen der Schweizer Assekuranz. Entdecken Sie die dringendsten Herausforderungen und erfahren Sie, wie sich Technologie-Trends auf die Branche auswirken.<\/p>\n\n\n\n<div class=\"wp-block-buttons is-layout-flex wp-block-buttons-is-layout-flex\">\n<div class=\"wp-block-button is-style-outline is-style-outline--1\"><a class=\"wp-block-button__link has-text-color wp-element-button\" href=\"https:\/\/www.hslu.ch\/de-ch\/wirtschaft\/agenda\/veranstaltungen\/2024\/05\/16\/insurance-summit\/\" style=\"color:#e2006b\">Zur Konferenz<\/a><\/div>\n<\/div>\n\n\n\n<p><\/p>\n\n\n\n<p><strong>IFZ Insurance Insights Blog<\/strong><\/p>\n\n\n\n<p>Auf unserem IFZ Insurance Insights Blog stellen wir Ihnen regelm\u00e4ssig die neusten Entwicklungen in und um die Schweizer Assekuranz vor: Auf wissenschaftlicher Basis, praxisnah aufbereitet und mit belastbaren Zahlen unterlegt. Wir bringen die Trends kurzweilig verpackt direkt auf Ihr Smartphone oder Ihren PC.<\/p>\n\n\n\n<div class=\"wp-block-buttons is-layout-flex wp-block-buttons-is-layout-flex\">\n<div class=\"wp-block-button is-style-outline is-style-outline--2\"><a class=\"wp-block-button__link has-text-color wp-element-button\" href=\"https:\/\/hub.hslu.ch\/insuranceinsights\/\" style=\"color:#e2006b\">IFZ Insurance Insights Blog lesen<\/a><\/div>\n<\/div>\n\n\n\n<p><\/p>\n\n\n\n<p><\/p>\n","protected":false},"excerpt":{"rendered":"<p>Wie digital sind die Schweizer Versicherer? Mit der vorliegenden Studie geben wir Ihnen exklusive Einblicke in die Qualit\u00e4t der Online-Auftritte der Schweizer Versicherer. Hierzu haben wir \u00fcber 300 verschiedene Kriterien evaluiert, die wiederum in elf Dimensionen zusammengefasst sind. Auf Basis einer repr\u00e4sentativen Umfrage unter 763 Personen, die sich f\u00fcr die Versicherungsentscheidungen ihres Haushalts verantwortlich zeichnen,<\/p>\n","protected":false},"author":116,"featured_media":0,"parent":0,"menu_order":0,"comment_status":"closed","ping_status":"closed","template":"","meta":{"_acf_changed":false,"inline_featured_image":false,"_relevanssi_hide_post":"","_relevanssi_hide_content":"","_relevanssi_pin_for_all":"","_relevanssi_pin_keywords":"","_relevanssi_unpin_keywords":"","_relevanssi_related_keywords":"","_relevanssi_related_include_ids":"","_relevanssi_related_exclude_ids":"","_relevanssi_related_no_append":"","_relevanssi_related_not_related":"","_relevanssi_related_posts":"1324,1200,1126,1099,1006,880","_relevanssi_noindex_reason":"","footnotes":"","_links_to":"","_links_to_target":""},"class_list":["post-1774","page","type-page","status-publish","hentry"],"acf":[],"yoast_head":"<!-- This site is optimized with the Yoast SEO plugin v27.4 - https:\/\/yoast.com\/product\/yoast-seo-wordpress\/ -->\n<title>IFZ Digital Insurance Experience Studie 2023 - IFZ Insurance Insights Blog<\/title>\n<meta name=\"description\" content=\"Mit der aktuellen IFZ-Studie bekommen die einen exklusiven Einblick in die Qualit\u00e4t der Online-Auftritte der Schweizer Versicherer.\" \/>\n<meta name=\"robots\" content=\"index, follow, max-snippet:-1, max-image-preview:large, max-video-preview:-1\" \/>\n<link rel=\"canonical\" href=\"https:\/\/hub.hslu.ch\/insuranceinsights\/ifz-digital-insurance-experience-studie-2023\/\" \/>\n<meta property=\"og:locale\" content=\"de_DE\" \/>\n<meta property=\"og:type\" content=\"article\" \/>\n<meta property=\"og:title\" content=\"IFZ Digital Insurance Experience Studie 2023 - IFZ Insurance Insights Blog\" \/>\n<meta property=\"og:description\" content=\"Mit der aktuellen IFZ-Studie bekommen die einen exklusiven Einblick in die Qualit\u00e4t der Online-Auftritte der Schweizer Versicherer.\" \/>\n<meta property=\"og:url\" content=\"https:\/\/hub.hslu.ch\/insuranceinsights\/ifz-digital-insurance-experience-studie-2023\/\" \/>\n<meta property=\"og:site_name\" content=\"IFZ Insurance Insights Blog\" \/>\n<meta property=\"article:modified_time\" content=\"2024-01-29T09:29:48+00:00\" \/>\n<meta name=\"twitter:card\" content=\"summary_large_image\" \/>\n<meta name=\"twitter:label1\" content=\"Gesch\u00e4tzte Lesezeit\" \/>\n\t<meta name=\"twitter:data1\" content=\"3\u00a0Minuten\" \/>\n<script type=\"application\/ld+json\" class=\"yoast-schema-graph\">{\"@context\":\"https:\\\/\\\/schema.org\",\"@graph\":[{\"@type\":\"WebPage\",\"@id\":\"https:\\\/\\\/hub.hslu.ch\\\/insuranceinsights\\\/ifz-digital-insurance-experience-studie-2023\\\/\",\"url\":\"https:\\\/\\\/hub.hslu.ch\\\/insuranceinsights\\\/ifz-digital-insurance-experience-studie-2023\\\/\",\"name\":\"IFZ Digital Insurance Experience Studie 2023 - IFZ Insurance Insights Blog\",\"isPartOf\":{\"@id\":\"https:\\\/\\\/hub.hslu.ch\\\/insuranceinsights\\\/#website\"},\"datePublished\":\"2023-11-20T15:57:42+00:00\",\"dateModified\":\"2024-01-29T09:29:48+00:00\",\"description\":\"Mit der aktuellen IFZ-Studie bekommen die einen exklusiven Einblick in die Qualit\u00e4t der Online-Auftritte der Schweizer Versicherer.\",\"breadcrumb\":{\"@id\":\"https:\\\/\\\/hub.hslu.ch\\\/insuranceinsights\\\/ifz-digital-insurance-experience-studie-2023\\\/#breadcrumb\"},\"inLanguage\":\"de-CH\",\"potentialAction\":[{\"@type\":\"ReadAction\",\"target\":[\"https:\\\/\\\/hub.hslu.ch\\\/insuranceinsights\\\/ifz-digital-insurance-experience-studie-2023\\\/\"]}]},{\"@type\":\"BreadcrumbList\",\"@id\":\"https:\\\/\\\/hub.hslu.ch\\\/insuranceinsights\\\/ifz-digital-insurance-experience-studie-2023\\\/#breadcrumb\",\"itemListElement\":[{\"@type\":\"ListItem\",\"position\":1,\"name\":\"Home\",\"item\":\"https:\\\/\\\/hub.hslu.ch\\\/insuranceinsights\\\/\"},{\"@type\":\"ListItem\",\"position\":2,\"name\":\"IFZ Digital Insurance Experience Studie 2023\"}]},{\"@type\":\"WebSite\",\"@id\":\"https:\\\/\\\/hub.hslu.ch\\\/insuranceinsights\\\/#website\",\"url\":\"https:\\\/\\\/hub.hslu.ch\\\/insuranceinsights\\\/\",\"name\":\"IFZ Insurance Insights Blog\",\"description\":\"News und Trend Spotting aus der Schweizer Assekuranz\",\"potentialAction\":[{\"@type\":\"SearchAction\",\"target\":{\"@type\":\"EntryPoint\",\"urlTemplate\":\"https:\\\/\\\/hub.hslu.ch\\\/insuranceinsights\\\/?s={search_term_string}\"},\"query-input\":{\"@type\":\"PropertyValueSpecification\",\"valueRequired\":true,\"valueName\":\"search_term_string\"}}],\"inLanguage\":\"de-CH\"}]}<\/script>\n<!-- \/ Yoast SEO plugin. -->","yoast_head_json":{"title":"IFZ Digital Insurance Experience Studie 2023 - IFZ Insurance Insights Blog","description":"Mit der aktuellen IFZ-Studie bekommen die einen exklusiven Einblick in die Qualit\u00e4t der Online-Auftritte der Schweizer Versicherer.","robots":{"index":"index","follow":"follow","max-snippet":"max-snippet:-1","max-image-preview":"max-image-preview:large","max-video-preview":"max-video-preview:-1"},"canonical":"https:\/\/hub.hslu.ch\/insuranceinsights\/ifz-digital-insurance-experience-studie-2023\/","og_locale":"de_DE","og_type":"article","og_title":"IFZ Digital Insurance Experience Studie 2023 - IFZ Insurance Insights Blog","og_description":"Mit der aktuellen IFZ-Studie bekommen die einen exklusiven Einblick in die Qualit\u00e4t der Online-Auftritte der Schweizer Versicherer.","og_url":"https:\/\/hub.hslu.ch\/insuranceinsights\/ifz-digital-insurance-experience-studie-2023\/","og_site_name":"IFZ Insurance Insights Blog","article_modified_time":"2024-01-29T09:29:48+00:00","twitter_card":"summary_large_image","twitter_misc":{"Gesch\u00e4tzte Lesezeit":"3\u00a0Minuten"},"schema":{"@context":"https:\/\/schema.org","@graph":[{"@type":"WebPage","@id":"https:\/\/hub.hslu.ch\/insuranceinsights\/ifz-digital-insurance-experience-studie-2023\/","url":"https:\/\/hub.hslu.ch\/insuranceinsights\/ifz-digital-insurance-experience-studie-2023\/","name":"IFZ Digital Insurance Experience Studie 2023 - IFZ Insurance Insights Blog","isPartOf":{"@id":"https:\/\/hub.hslu.ch\/insuranceinsights\/#website"},"datePublished":"2023-11-20T15:57:42+00:00","dateModified":"2024-01-29T09:29:48+00:00","description":"Mit der aktuellen IFZ-Studie bekommen die einen exklusiven Einblick in die Qualit\u00e4t der Online-Auftritte der Schweizer Versicherer.","breadcrumb":{"@id":"https:\/\/hub.hslu.ch\/insuranceinsights\/ifz-digital-insurance-experience-studie-2023\/#breadcrumb"},"inLanguage":"de-CH","potentialAction":[{"@type":"ReadAction","target":["https:\/\/hub.hslu.ch\/insuranceinsights\/ifz-digital-insurance-experience-studie-2023\/"]}]},{"@type":"BreadcrumbList","@id":"https:\/\/hub.hslu.ch\/insuranceinsights\/ifz-digital-insurance-experience-studie-2023\/#breadcrumb","itemListElement":[{"@type":"ListItem","position":1,"name":"Home","item":"https:\/\/hub.hslu.ch\/insuranceinsights\/"},{"@type":"ListItem","position":2,"name":"IFZ Digital Insurance Experience Studie 2023"}]},{"@type":"WebSite","@id":"https:\/\/hub.hslu.ch\/insuranceinsights\/#website","url":"https:\/\/hub.hslu.ch\/insuranceinsights\/","name":"IFZ Insurance Insights Blog","description":"News und Trend Spotting aus der Schweizer Assekuranz","potentialAction":[{"@type":"SearchAction","target":{"@type":"EntryPoint","urlTemplate":"https:\/\/hub.hslu.ch\/insuranceinsights\/?s={search_term_string}"},"query-input":{"@type":"PropertyValueSpecification","valueRequired":true,"valueName":"search_term_string"}}],"inLanguage":"de-CH"}]}},"featured_image_src":null,"featured_image_src_square":null,"_links":{"self":[{"href":"https:\/\/hub.hslu.ch\/insuranceinsights\/wp-json\/wp\/v2\/pages\/1774","targetHints":{"allow":["GET"]}}],"collection":[{"href":"https:\/\/hub.hslu.ch\/insuranceinsights\/wp-json\/wp\/v2\/pages"}],"about":[{"href":"https:\/\/hub.hslu.ch\/insuranceinsights\/wp-json\/wp\/v2\/types\/page"}],"author":[{"embeddable":true,"href":"https:\/\/hub.hslu.ch\/insuranceinsights\/wp-json\/wp\/v2\/users\/116"}],"replies":[{"embeddable":true,"href":"https:\/\/hub.hslu.ch\/insuranceinsights\/wp-json\/wp\/v2\/comments?post=1774"}],"version-history":[{"count":8,"href":"https:\/\/hub.hslu.ch\/insuranceinsights\/wp-json\/wp\/v2\/pages\/1774\/revisions"}],"predecessor-version":[{"id":1812,"href":"https:\/\/hub.hslu.ch\/insuranceinsights\/wp-json\/wp\/v2\/pages\/1774\/revisions\/1812"}],"wp:attachment":[{"href":"https:\/\/hub.hslu.ch\/insuranceinsights\/wp-json\/wp\/v2\/media?parent=1774"}],"curies":[{"name":"wp","href":"https:\/\/api.w.org\/{rel}","templated":true}]}}