{"id":1891,"date":"2024-10-24T11:56:22","date_gmt":"2024-10-24T09:56:22","guid":{"rendered":"https:\/\/hub.hslu.ch\/insuranceinsights\/?page_id=1891"},"modified":"2024-10-24T16:39:12","modified_gmt":"2024-10-24T14:39:12","slug":"ifz-studie-vorsorgeeinrichtungen-2024","status":"publish","type":"page","link":"https:\/\/hub.hslu.ch\/insuranceinsights\/ifz-studie-vorsorgeeinrichtungen-2024\/","title":{"rendered":"IFZ Studie Vorsorgeeinrichtungen 2024"},"content":{"rendered":"\n<h2 class=\"wp-block-heading\">Danke, dass Sie sich f\u00fcr die vierte Ausgabe unserer IFZ Studie&nbsp;Vorsorgeeinrichtungen interessieren.<\/h2>\n\n\n\n<p>Wir sind f\u00fcr Anmerkungen, Anregungen und Kommentare jederzeit offen und freuen uns \u00fcber Ihre Kontaktaufnahme <\/p>\n\n\n\n<p><\/p>\n\n\n\n<p>(Kontakt: Prof. Dr. Florian Schreiber \u2013 Insurance Lead IFZ \u2013 <a href=\"ma&#105;&#108;&#116;&#x6f;&#x3a;&#x66;&#x6c;&#x6f;ri&#97;&#110;&#46;&#x73;&#x63;&#x68;&#x72;&#x65;ib&#101;&#114;&#64;&#x68;&#x73;&#x6c;&#x75;&#x2e;ch\" target=\"_blank\" rel=\"noreferrer noopener\">&#102;&#x6c;o&#x72;i&#97;&#x6e;&#46;&#x73;c&#104;&#x72;&#101;&#x69;b&#x65;&#x72;&#64;&#x68;s&#x6c;u&#46;&#x63;&#104;<\/a> )<\/p>\n\n\n\n<div style=\"height:25px\" aria-hidden=\"true\" class=\"wp-block-spacer\"><\/div>\n\n\n\n<div data-wp-interactive=\"core\/file\" class=\"wp-block-file\"><object data-wp-bind--hidden=\"!state.hasPdfPreview\" hidden class=\"wp-block-file__embed\" data=\"https:\/\/hub.hslu.ch\/insuranceinsights\/wp-content\/uploads\/sites\/22\/2024\/10\/IFZ_Vorsorgestudie_2024-2.pdf\" type=\"application\/pdf\" style=\"width:100%;height:600px\" aria-label=\"Einbettung von IFZ_Vorsorgestudie_2024-2.\"><\/object><a id=\"wp-block-file--media-759a0807-f675-49ca-84dc-8090b5707fc7\" href=\"https:\/\/hub.hslu.ch\/insuranceinsights\/wp-content\/uploads\/sites\/22\/2024\/10\/IFZ_Vorsorgestudie_2024-2.pdf\">IFZ_Vorsorgestudie_2024-2<\/a><a href=\"https:\/\/hub.hslu.ch\/insuranceinsights\/wp-content\/uploads\/sites\/22\/2024\/10\/IFZ_Vorsorgestudie_2024-2.pdf\" class=\"wp-block-file__button wp-element-button\" download aria-describedby=\"wp-block-file--media-759a0807-f675-49ca-84dc-8090b5707fc7\">Herunterladen<\/a><\/div>\n\n\n\n<div style=\"height:100px\" aria-hidden=\"true\" class=\"wp-block-spacer\"><\/div>\n\n\n\n<h2 class=\"wp-block-heading\">Unsere Partner<\/h2>\n\n\n\n<p>Ein herzliches Dankesch\u00f6n geht an unsere Partner&nbsp;f\u00fcr die finanzielle und materielle Unterst\u00fctzung der Studie: <a href=\"https:\/\/www.mobiliar.ch\/versicherungen-und-vorsorge\/angebote-fuer-unternehmen\/berufliche-vorsorge\/modulare-loesungen-fuer-pensionskassen\" target=\"_blank\" rel=\"noreferrer noopener\">die Mobiliar<\/a>, <a href=\"https:\/\/www.ubs.com\/ch\/de\/corporates\/investment-pension\/pension.html\" target=\"_blank\" rel=\"noreferrer noopener\">UBS<\/a>, <a href=\"https:\/\/www.m-s.ch\/\" target=\"_blank\" rel=\"noreferrer noopener\">M&amp;S Software Engineering<\/a>, <a href=\"https:\/\/landing.sobrado.ch\/de\/\" target=\"_blank\" rel=\"noreferrer noopener\">Sobrado<\/a> und unseren Verbandspartner <a href=\"https:\/\/inter-pension.ch\/\">inter-pension<\/a>.<\/p>\n\n\n\n<p><\/p>\n\n\n\n<figure class=\"wp-block-image size-full\"><img loading=\"lazy\" decoding=\"async\" width=\"794\" height=\"276\" src=\"https:\/\/hub.hslu.ch\/insuranceinsights\/wp-content\/uploads\/sites\/22\/2024\/10\/partner.jpg\" alt=\"\" class=\"wp-image-1892\" srcset=\"https:\/\/hub.hslu.ch\/insuranceinsights\/wp-content\/uploads\/sites\/22\/2024\/10\/partner.jpg 794w, https:\/\/hub.hslu.ch\/insuranceinsights\/wp-content\/uploads\/sites\/22\/2024\/10\/partner-300x104.jpg 300w, https:\/\/hub.hslu.ch\/insuranceinsights\/wp-content\/uploads\/sites\/22\/2024\/10\/partner-768x267.jpg 768w, https:\/\/hub.hslu.ch\/insuranceinsights\/wp-content\/uploads\/sites\/22\/2024\/10\/partner-600x209.jpg 600w\" sizes=\"auto, (max-width: 794px) 100vw, 794px\" \/><\/figure>\n\n\n\n<div style=\"height:100px\" aria-hidden=\"true\" class=\"wp-block-spacer\"><\/div>\n\n\n\n<h2 class=\"wp-block-heading\">Noch etwas&#8230;<\/h2>\n\n\n\n<div style=\"height:50px\" aria-hidden=\"true\" class=\"wp-block-spacer\"><\/div>\n\n\n\n<p><strong><strong>Konferenz IFZ Insurance Summit<\/strong><\/strong><\/p>\n\n\n\n<p>Am Donnerstag, den 15. Mai 2024 pr\u00e4sentieren wir unsere brandneue IFZ Versicherungsstudie, in der wir die Schweizer Versicherer bereits zum sechsten Mal in Folge einem umfassenden Benchmarking-Vergleich unterziehen. Erfahren Sie, welche Versicherer sich positiv entwickelt haben und diskutieren Sie mit uns aktuelle Herausforderungen und Entwicklungen der Versicherungslandschaft.<\/p>\n\n\n\n<div class=\"wp-block-buttons is-layout-flex wp-block-buttons-is-layout-flex\">\n<div class=\"wp-block-button is-style-outline is-style-outline--1\"><a class=\"wp-block-button__link has-text-color wp-element-button\" href=\"https:\/\/www.hslu.ch\/de-ch\/wirtschaft\/agenda\/veranstaltungen\/2025\/05\/15\/insurance-summit\/\" style=\"color:#e2006b\" target=\"_blank\" rel=\"noreferrer noopener\">F\u00fcr die Konferenz anmelden<\/a><\/div>\n<\/div>\n\n\n\n<p><\/p>\n","protected":false},"excerpt":{"rendered":"<p>Danke, dass Sie sich f\u00fcr die vierte Ausgabe unserer IFZ Studie&nbsp;Vorsorgeeinrichtungen interessieren. Wir sind f\u00fcr Anmerkungen, Anregungen und Kommentare jederzeit offen und freuen uns \u00fcber Ihre Kontaktaufnahme (Kontakt: Prof. Dr. Florian Schreiber \u2013 Insurance Lead IFZ \u2013 &#x66;l&#x6f;&#114;&#x69;&#97;n&#x2e;s&#x63;&#104;&#x72;&#101;i&#x62;&#101;&#x72;&#64;h&#x73;l&#x75;&#46;&#x63;&#104; ) Unsere Partner Ein herzliches Dankesch\u00f6n geht an unsere Partner&nbsp;f\u00fcr die finanzielle und materielle Unterst\u00fctzung der Studie:<\/p>\n","protected":false},"author":108,"featured_media":0,"parent":0,"menu_order":0,"comment_status":"closed","ping_status":"closed","template":"","meta":{"_acf_changed":false,"inline_featured_image":false,"_relevanssi_hide_post":"","_relevanssi_hide_content":"","_relevanssi_pin_for_all":"","_relevanssi_pin_keywords":"","_relevanssi_unpin_keywords":"","_relevanssi_related_keywords":"","_relevanssi_related_include_ids":"","_relevanssi_related_exclude_ids":"","_relevanssi_related_no_append":"","_relevanssi_related_not_related":"","_relevanssi_related_posts":"1324,1200,1126,1099,1006,880","_relevanssi_noindex_reason":"","footnotes":"","_links_to":"","_links_to_target":""},"class_list":["post-1891","page","type-page","status-publish","hentry"],"acf":[],"yoast_head":"<!-- This site is optimized with the Yoast SEO plugin v27.5 - https:\/\/yoast.com\/product\/yoast-seo-wordpress\/ -->\n<title>IFZ Studie Vorsorgeeinrichtungen 2024 - IFZ Insurance Insights Blog<\/title>\n<meta name=\"description\" content=\"Publikation der Zweitausgabe der IFZ-Studie Vorsorgeeinrichtungen mit Fokus auf die Schweizer Sammel- und Gemeinschaftsstiftungen.\" \/>\n<meta name=\"robots\" content=\"index, follow, max-snippet:-1, max-image-preview:large, max-video-preview:-1\" \/>\n<link rel=\"canonical\" href=\"https:\/\/hub.hslu.ch\/insuranceinsights\/ifz-studie-vorsorgeeinrichtungen-2024\/\" \/>\n<meta property=\"og:locale\" content=\"de_DE\" \/>\n<meta property=\"og:type\" content=\"article\" \/>\n<meta property=\"og:title\" content=\"IFZ Studie Vorsorgeeinrichtungen 2024 - IFZ Insurance Insights Blog\" \/>\n<meta property=\"og:description\" content=\"Publikation der Zweitausgabe der IFZ-Studie Vorsorgeeinrichtungen mit Fokus auf die Schweizer Sammel- und Gemeinschaftsstiftungen.\" \/>\n<meta property=\"og:url\" content=\"https:\/\/hub.hslu.ch\/insuranceinsights\/ifz-studie-vorsorgeeinrichtungen-2024\/\" \/>\n<meta property=\"og:site_name\" content=\"IFZ Insurance Insights Blog\" \/>\n<meta property=\"article:modified_time\" content=\"2024-10-24T14:39:12+00:00\" \/>\n<meta property=\"og:image\" content=\"https:\/\/hub.hslu.ch\/insuranceinsights\/wp-content\/uploads\/sites\/22\/2024\/10\/partner.jpg\" \/>\n\t<meta property=\"og:image:width\" content=\"794\" \/>\n\t<meta property=\"og:image:height\" content=\"276\" \/>\n\t<meta property=\"og:image:type\" content=\"image\/jpeg\" \/>\n<meta name=\"twitter:card\" content=\"summary_large_image\" \/>\n<meta name=\"twitter:label1\" content=\"Gesch\u00e4tzte Lesezeit\" \/>\n\t<meta name=\"twitter:data1\" content=\"1\u00a0Minute\" \/>\n<script type=\"application\/ld+json\" class=\"yoast-schema-graph\">{\"@context\":\"https:\\\/\\\/schema.org\",\"@graph\":[{\"@type\":\"WebPage\",\"@id\":\"https:\\\/\\\/hub.hslu.ch\\\/insuranceinsights\\\/ifz-studie-vorsorgeeinrichtungen-2024\\\/\",\"url\":\"https:\\\/\\\/hub.hslu.ch\\\/insuranceinsights\\\/ifz-studie-vorsorgeeinrichtungen-2024\\\/\",\"name\":\"IFZ Studie Vorsorgeeinrichtungen 2024 - IFZ Insurance Insights Blog\",\"isPartOf\":{\"@id\":\"https:\\\/\\\/hub.hslu.ch\\\/insuranceinsights\\\/#website\"},\"primaryImageOfPage\":{\"@id\":\"https:\\\/\\\/hub.hslu.ch\\\/insuranceinsights\\\/ifz-studie-vorsorgeeinrichtungen-2024\\\/#primaryimage\"},\"image\":{\"@id\":\"https:\\\/\\\/hub.hslu.ch\\\/insuranceinsights\\\/ifz-studie-vorsorgeeinrichtungen-2024\\\/#primaryimage\"},\"thumbnailUrl\":\"https:\\\/\\\/hub.hslu.ch\\\/insuranceinsights\\\/wp-content\\\/uploads\\\/sites\\\/22\\\/2024\\\/10\\\/partner.jpg\",\"datePublished\":\"2024-10-24T09:56:22+00:00\",\"dateModified\":\"2024-10-24T14:39:12+00:00\",\"description\":\"Publikation der Zweitausgabe der IFZ-Studie Vorsorgeeinrichtungen mit Fokus auf die Schweizer Sammel- und Gemeinschaftsstiftungen.\",\"breadcrumb\":{\"@id\":\"https:\\\/\\\/hub.hslu.ch\\\/insuranceinsights\\\/ifz-studie-vorsorgeeinrichtungen-2024\\\/#breadcrumb\"},\"inLanguage\":\"de-CH\",\"potentialAction\":[{\"@type\":\"ReadAction\",\"target\":[\"https:\\\/\\\/hub.hslu.ch\\\/insuranceinsights\\\/ifz-studie-vorsorgeeinrichtungen-2024\\\/\"]}]},{\"@type\":\"ImageObject\",\"inLanguage\":\"de-CH\",\"@id\":\"https:\\\/\\\/hub.hslu.ch\\\/insuranceinsights\\\/ifz-studie-vorsorgeeinrichtungen-2024\\\/#primaryimage\",\"url\":\"https:\\\/\\\/hub.hslu.ch\\\/insuranceinsights\\\/wp-content\\\/uploads\\\/sites\\\/22\\\/2024\\\/10\\\/partner.jpg\",\"contentUrl\":\"https:\\\/\\\/hub.hslu.ch\\\/insuranceinsights\\\/wp-content\\\/uploads\\\/sites\\\/22\\\/2024\\\/10\\\/partner.jpg\",\"width\":794,\"height\":276},{\"@type\":\"BreadcrumbList\",\"@id\":\"https:\\\/\\\/hub.hslu.ch\\\/insuranceinsights\\\/ifz-studie-vorsorgeeinrichtungen-2024\\\/#breadcrumb\",\"itemListElement\":[{\"@type\":\"ListItem\",\"position\":1,\"name\":\"Home\",\"item\":\"https:\\\/\\\/hub.hslu.ch\\\/insuranceinsights\\\/\"},{\"@type\":\"ListItem\",\"position\":2,\"name\":\"IFZ Studie Vorsorgeeinrichtungen 2024\"}]},{\"@type\":\"WebSite\",\"@id\":\"https:\\\/\\\/hub.hslu.ch\\\/insuranceinsights\\\/#website\",\"url\":\"https:\\\/\\\/hub.hslu.ch\\\/insuranceinsights\\\/\",\"name\":\"IFZ Insurance Insights Blog\",\"description\":\"News und Trend Spotting aus der Schweizer Assekuranz\",\"potentialAction\":[{\"@type\":\"SearchAction\",\"target\":{\"@type\":\"EntryPoint\",\"urlTemplate\":\"https:\\\/\\\/hub.hslu.ch\\\/insuranceinsights\\\/?s={search_term_string}\"},\"query-input\":{\"@type\":\"PropertyValueSpecification\",\"valueRequired\":true,\"valueName\":\"search_term_string\"}}],\"inLanguage\":\"de-CH\"}]}<\/script>\n<!-- \/ Yoast SEO plugin. -->","yoast_head_json":{"title":"IFZ Studie Vorsorgeeinrichtungen 2024 - IFZ Insurance Insights Blog","description":"Publikation der Zweitausgabe der IFZ-Studie Vorsorgeeinrichtungen mit Fokus auf die Schweizer Sammel- und Gemeinschaftsstiftungen.","robots":{"index":"index","follow":"follow","max-snippet":"max-snippet:-1","max-image-preview":"max-image-preview:large","max-video-preview":"max-video-preview:-1"},"canonical":"https:\/\/hub.hslu.ch\/insuranceinsights\/ifz-studie-vorsorgeeinrichtungen-2024\/","og_locale":"de_DE","og_type":"article","og_title":"IFZ Studie Vorsorgeeinrichtungen 2024 - IFZ Insurance Insights Blog","og_description":"Publikation der Zweitausgabe der IFZ-Studie Vorsorgeeinrichtungen mit Fokus auf die Schweizer Sammel- und Gemeinschaftsstiftungen.","og_url":"https:\/\/hub.hslu.ch\/insuranceinsights\/ifz-studie-vorsorgeeinrichtungen-2024\/","og_site_name":"IFZ Insurance Insights Blog","article_modified_time":"2024-10-24T14:39:12+00:00","og_image":[{"width":794,"height":276,"url":"https:\/\/hub.hslu.ch\/insuranceinsights\/wp-content\/uploads\/sites\/22\/2024\/10\/partner.jpg","type":"image\/jpeg"}],"twitter_card":"summary_large_image","twitter_misc":{"Gesch\u00e4tzte Lesezeit":"1\u00a0Minute"},"schema":{"@context":"https:\/\/schema.org","@graph":[{"@type":"WebPage","@id":"https:\/\/hub.hslu.ch\/insuranceinsights\/ifz-studie-vorsorgeeinrichtungen-2024\/","url":"https:\/\/hub.hslu.ch\/insuranceinsights\/ifz-studie-vorsorgeeinrichtungen-2024\/","name":"IFZ Studie Vorsorgeeinrichtungen 2024 - IFZ Insurance Insights Blog","isPartOf":{"@id":"https:\/\/hub.hslu.ch\/insuranceinsights\/#website"},"primaryImageOfPage":{"@id":"https:\/\/hub.hslu.ch\/insuranceinsights\/ifz-studie-vorsorgeeinrichtungen-2024\/#primaryimage"},"image":{"@id":"https:\/\/hub.hslu.ch\/insuranceinsights\/ifz-studie-vorsorgeeinrichtungen-2024\/#primaryimage"},"thumbnailUrl":"https:\/\/hub.hslu.ch\/insuranceinsights\/wp-content\/uploads\/sites\/22\/2024\/10\/partner.jpg","datePublished":"2024-10-24T09:56:22+00:00","dateModified":"2024-10-24T14:39:12+00:00","description":"Publikation der Zweitausgabe der IFZ-Studie Vorsorgeeinrichtungen mit Fokus auf die Schweizer Sammel- und Gemeinschaftsstiftungen.","breadcrumb":{"@id":"https:\/\/hub.hslu.ch\/insuranceinsights\/ifz-studie-vorsorgeeinrichtungen-2024\/#breadcrumb"},"inLanguage":"de-CH","potentialAction":[{"@type":"ReadAction","target":["https:\/\/hub.hslu.ch\/insuranceinsights\/ifz-studie-vorsorgeeinrichtungen-2024\/"]}]},{"@type":"ImageObject","inLanguage":"de-CH","@id":"https:\/\/hub.hslu.ch\/insuranceinsights\/ifz-studie-vorsorgeeinrichtungen-2024\/#primaryimage","url":"https:\/\/hub.hslu.ch\/insuranceinsights\/wp-content\/uploads\/sites\/22\/2024\/10\/partner.jpg","contentUrl":"https:\/\/hub.hslu.ch\/insuranceinsights\/wp-content\/uploads\/sites\/22\/2024\/10\/partner.jpg","width":794,"height":276},{"@type":"BreadcrumbList","@id":"https:\/\/hub.hslu.ch\/insuranceinsights\/ifz-studie-vorsorgeeinrichtungen-2024\/#breadcrumb","itemListElement":[{"@type":"ListItem","position":1,"name":"Home","item":"https:\/\/hub.hslu.ch\/insuranceinsights\/"},{"@type":"ListItem","position":2,"name":"IFZ Studie Vorsorgeeinrichtungen 2024"}]},{"@type":"WebSite","@id":"https:\/\/hub.hslu.ch\/insuranceinsights\/#website","url":"https:\/\/hub.hslu.ch\/insuranceinsights\/","name":"IFZ Insurance Insights Blog","description":"News und Trend Spotting aus der Schweizer Assekuranz","potentialAction":[{"@type":"SearchAction","target":{"@type":"EntryPoint","urlTemplate":"https:\/\/hub.hslu.ch\/insuranceinsights\/?s={search_term_string}"},"query-input":{"@type":"PropertyValueSpecification","valueRequired":true,"valueName":"search_term_string"}}],"inLanguage":"de-CH"}]}},"featured_image_src":null,"featured_image_src_square":null,"_links":{"self":[{"href":"https:\/\/hub.hslu.ch\/insuranceinsights\/wp-json\/wp\/v2\/pages\/1891","targetHints":{"allow":["GET"]}}],"collection":[{"href":"https:\/\/hub.hslu.ch\/insuranceinsights\/wp-json\/wp\/v2\/pages"}],"about":[{"href":"https:\/\/hub.hslu.ch\/insuranceinsights\/wp-json\/wp\/v2\/types\/page"}],"author":[{"embeddable":true,"href":"https:\/\/hub.hslu.ch\/insuranceinsights\/wp-json\/wp\/v2\/users\/108"}],"replies":[{"embeddable":true,"href":"https:\/\/hub.hslu.ch\/insuranceinsights\/wp-json\/wp\/v2\/comments?post=1891"}],"version-history":[{"count":6,"href":"https:\/\/hub.hslu.ch\/insuranceinsights\/wp-json\/wp\/v2\/pages\/1891\/revisions"}],"predecessor-version":[{"id":1902,"href":"https:\/\/hub.hslu.ch\/insuranceinsights\/wp-json\/wp\/v2\/pages\/1891\/revisions\/1902"}],"wp:attachment":[{"href":"https:\/\/hub.hslu.ch\/insuranceinsights\/wp-json\/wp\/v2\/media?parent=1891"}],"curies":[{"name":"wp","href":"https:\/\/api.w.org\/{rel}","templated":true}]}}