{"id":1331,"date":"2020-10-09T08:59:10","date_gmt":"2020-10-09T06:59:10","guid":{"rendered":"https:\/\/hub.hslu.ch\/leadership\/?page_id=1331"},"modified":"2023-11-21T10:01:58","modified_gmt":"2023-11-21T09:01:58","slug":"leadership-ist-haltung-leadership-studiengaenge-schritt-fuer-schritt-zum-richtigen-angebot","status":"publish","type":"page","link":"https:\/\/hub.hslu.ch\/leadership\/","title":{"rendered":"Startseite"},"content":{"rendered":"","protected":false},"excerpt":{"rendered":"","protected":false},"author":142,"featured_media":0,"parent":0,"menu_order":0,"comment_status":"closed","ping_status":"closed","template":"","meta":{"_acf_changed":false,"inline_featured_image":false,"_relevanssi_hide_post":"","_relevanssi_hide_content":"","_relevanssi_pin_for_all":"","_relevanssi_pin_keywords":"","_relevanssi_unpin_keywords":"","_relevanssi_related_keywords":"","_relevanssi_related_include_ids":"","_relevanssi_related_exclude_ids":"","_relevanssi_related_no_append":"","_relevanssi_related_not_related":"","_relevanssi_related_posts":"292,1649,545,273,255,279","_relevanssi_noindex_reason":"","footnotes":"","_links_to":"","_links_to_target":""},"class_list":["post-1331","page","type-page","status-publish","hentry"],"acf":[],"yoast_head":"<!-- This site is optimized with the Yoast SEO plugin v27.4 - https:\/\/yoast.com\/product\/yoast-seo-wordpress\/ -->\n<title>Leadership ist Haltung. Das lehren wir.<\/title>\n<meta name=\"description\" content=\"Leadership ist Haltung. Das lehren wir und bieten ein Netzwerk f\u00fcr F\u00fchrungspersonen. Leadership Studieng\u00e4nge \u2013 Schritt f\u00fcr Schritt zum richtigen Angebot. Am IBR finden Sie ein vielf\u00e4ltiges Angebot an F\u00fchrungsweiterbildungen.Wir beraten Sie gerne. Kontaktieren Sie uns!\" \/>\n<meta name=\"robots\" content=\"index, follow, max-snippet:-1, max-image-preview:large, max-video-preview:-1\" \/>\n<link rel=\"canonical\" href=\"https:\/\/hub.hslu.ch\/leadership\/\" \/>\n<meta property=\"og:locale\" content=\"de_DE\" \/>\n<meta property=\"og:type\" content=\"article\" \/>\n<meta property=\"og:title\" content=\"Leadership ist Haltung. Das lehren wir.\" \/>\n<meta property=\"og:description\" content=\"Leadership ist Haltung. Das lehren wir und bieten ein Netzwerk f\u00fcr F\u00fchrungspersonen. Leadership Studieng\u00e4nge \u2013 Schritt f\u00fcr Schritt zum richtigen Angebot. Am IBR finden Sie ein vielf\u00e4ltiges Angebot an F\u00fchrungsweiterbildungen.Wir beraten Sie gerne. Kontaktieren Sie uns!\" \/>\n<meta property=\"og:url\" content=\"https:\/\/hub.hslu.ch\/leadership\/\" \/>\n<meta property=\"og:site_name\" content=\"Leadership Network Lucerne\" \/>\n<meta property=\"article:modified_time\" content=\"2023-11-21T09:01:58+00:00\" \/>\n<meta name=\"twitter:card\" content=\"summary_large_image\" \/>\n<script type=\"application\/ld+json\" class=\"yoast-schema-graph\">{\"@context\":\"https:\\\/\\\/schema.org\",\"@graph\":[{\"@type\":\"WebPage\",\"@id\":\"https:\\\/\\\/hub.hslu.ch\\\/leadership\\\/\",\"url\":\"https:\\\/\\\/hub.hslu.ch\\\/leadership\\\/\",\"name\":\"Leadership ist Haltung. Das lehren wir.\",\"isPartOf\":{\"@id\":\"https:\\\/\\\/hub.hslu.ch\\\/leadership\\\/#website\"},\"datePublished\":\"2020-10-09T06:59:10+00:00\",\"dateModified\":\"2023-11-21T09:01:58+00:00\",\"description\":\"Leadership ist Haltung. Das lehren wir und bieten ein Netzwerk f\u00fcr F\u00fchrungspersonen. Leadership Studieng\u00e4nge \u2013 Schritt f\u00fcr Schritt zum richtigen Angebot. Am IBR finden Sie ein vielf\u00e4ltiges Angebot an F\u00fchrungsweiterbildungen.Wir beraten Sie gerne. Kontaktieren Sie uns!\",\"inLanguage\":\"de-CH\",\"potentialAction\":[{\"@type\":\"ReadAction\",\"target\":[\"https:\\\/\\\/hub.hslu.ch\\\/leadership\\\/\"]}]},{\"@type\":\"WebSite\",\"@id\":\"https:\\\/\\\/hub.hslu.ch\\\/leadership\\\/#website\",\"url\":\"https:\\\/\\\/hub.hslu.ch\\\/leadership\\\/\",\"name\":\"Leadership Network Lucerne\",\"description\":\"Sichtwechsel. Leadership ist Haltung. Das lehren wir.\",\"potentialAction\":[{\"@type\":\"SearchAction\",\"target\":{\"@type\":\"EntryPoint\",\"urlTemplate\":\"https:\\\/\\\/hub.hslu.ch\\\/leadership\\\/?s={search_term_string}\"},\"query-input\":{\"@type\":\"PropertyValueSpecification\",\"valueRequired\":true,\"valueName\":\"search_term_string\"}}],\"inLanguage\":\"de-CH\"}]}<\/script>\n<!-- \/ Yoast SEO plugin. -->","yoast_head_json":{"title":"Leadership ist Haltung. Das lehren wir.","description":"Leadership ist Haltung. Das lehren wir und bieten ein Netzwerk f\u00fcr F\u00fchrungspersonen. Leadership Studieng\u00e4nge \u2013 Schritt f\u00fcr Schritt zum richtigen Angebot. Am IBR finden Sie ein vielf\u00e4ltiges Angebot an F\u00fchrungsweiterbildungen.Wir beraten Sie gerne. Kontaktieren Sie uns!","robots":{"index":"index","follow":"follow","max-snippet":"max-snippet:-1","max-image-preview":"max-image-preview:large","max-video-preview":"max-video-preview:-1"},"canonical":"https:\/\/hub.hslu.ch\/leadership\/","og_locale":"de_DE","og_type":"article","og_title":"Leadership ist Haltung. Das lehren wir.","og_description":"Leadership ist Haltung. Das lehren wir und bieten ein Netzwerk f\u00fcr F\u00fchrungspersonen. Leadership Studieng\u00e4nge \u2013 Schritt f\u00fcr Schritt zum richtigen Angebot. Am IBR finden Sie ein vielf\u00e4ltiges Angebot an F\u00fchrungsweiterbildungen.Wir beraten Sie gerne. Kontaktieren Sie uns!","og_url":"https:\/\/hub.hslu.ch\/leadership\/","og_site_name":"Leadership Network Lucerne","article_modified_time":"2023-11-21T09:01:58+00:00","twitter_card":"summary_large_image","schema":{"@context":"https:\/\/schema.org","@graph":[{"@type":"WebPage","@id":"https:\/\/hub.hslu.ch\/leadership\/","url":"https:\/\/hub.hslu.ch\/leadership\/","name":"Leadership ist Haltung. Das lehren wir.","isPartOf":{"@id":"https:\/\/hub.hslu.ch\/leadership\/#website"},"datePublished":"2020-10-09T06:59:10+00:00","dateModified":"2023-11-21T09:01:58+00:00","description":"Leadership ist Haltung. Das lehren wir und bieten ein Netzwerk f\u00fcr F\u00fchrungspersonen. Leadership Studieng\u00e4nge \u2013 Schritt f\u00fcr Schritt zum richtigen Angebot. Am IBR finden Sie ein vielf\u00e4ltiges Angebot an F\u00fchrungsweiterbildungen.Wir beraten Sie gerne. Kontaktieren Sie uns!","inLanguage":"de-CH","potentialAction":[{"@type":"ReadAction","target":["https:\/\/hub.hslu.ch\/leadership\/"]}]},{"@type":"WebSite","@id":"https:\/\/hub.hslu.ch\/leadership\/#website","url":"https:\/\/hub.hslu.ch\/leadership\/","name":"Leadership Network Lucerne","description":"Sichtwechsel. Leadership ist Haltung. Das lehren wir.","potentialAction":[{"@type":"SearchAction","target":{"@type":"EntryPoint","urlTemplate":"https:\/\/hub.hslu.ch\/leadership\/?s={search_term_string}"},"query-input":{"@type":"PropertyValueSpecification","valueRequired":true,"valueName":"search_term_string"}}],"inLanguage":"de-CH"}]}},"featured_image_src":null,"featured_image_src_square":null,"_links":{"self":[{"href":"https:\/\/hub.hslu.ch\/leadership\/wp-json\/wp\/v2\/pages\/1331","targetHints":{"allow":["GET"]}}],"collection":[{"href":"https:\/\/hub.hslu.ch\/leadership\/wp-json\/wp\/v2\/pages"}],"about":[{"href":"https:\/\/hub.hslu.ch\/leadership\/wp-json\/wp\/v2\/types\/page"}],"author":[{"embeddable":true,"href":"https:\/\/hub.hslu.ch\/leadership\/wp-json\/wp\/v2\/users\/142"}],"replies":[{"embeddable":true,"href":"https:\/\/hub.hslu.ch\/leadership\/wp-json\/wp\/v2\/comments?post=1331"}],"version-history":[{"count":33,"href":"https:\/\/hub.hslu.ch\/leadership\/wp-json\/wp\/v2\/pages\/1331\/revisions"}],"predecessor-version":[{"id":2984,"href":"https:\/\/hub.hslu.ch\/leadership\/wp-json\/wp\/v2\/pages\/1331\/revisions\/2984"}],"wp:attachment":[{"href":"https:\/\/hub.hslu.ch\/leadership\/wp-json\/wp\/v2\/media?parent=1331"}],"curies":[{"name":"wp","href":"https:\/\/api.w.org\/{rel}","templated":true}]}}