{"id":82,"date":"2018-01-15T10:28:50","date_gmt":"2018-01-15T09:28:50","guid":{"rendered":"http:\/\/wordpress.kolibri.team\/?page_id=82"},"modified":"2025-11-11T09:01:05","modified_gmt":"2025-11-11T08:01:05","slug":"studiengaenge","status":"publish","type":"page","link":"https:\/\/hub.hslu.ch\/leadership\/studiengaenge\/","title":{"rendered":"Studieng\u00e4nge"},"content":{"rendered":"\n<p><strong>Leadership Studieng\u00e4nge &#8211; Schritt f\u00fcr Schritt zum richtigen Angebot<\/strong><\/p>\n\n\n\n<p>Weiterbildung am Institut f\u00fcr Betriebs- und Regional\u00f6konomie IBR\u00a0Praxisorientiert und erfolgreich! <a href=\"https:\/\/www.hslu.ch\/de-ch\/wirtschaft\/ueber-uns\/institute\/ibr\/weiterbildung\/\" target=\"_blank\" rel=\"noreferrer noopener\">Hier<\/a> finden Sie ein vielf\u00e4ltiges Angebot an F\u00fchrungsweiterbildungen. Oder besuchen Sie den <a href=\"https:\/\/www.hslu.ch\/de-ch\/hochschule-luzern\/weiterbildung\/weiterbildungs-finder\/#\/\">Weiterbildungs-Finder<\/a>\u00a0und finden Sie Ihr perfektes Angebot.\u00a0<\/p>\n\n\n\n<p>Wir beraten Sie gerne. Kontaktieren Sie uns! <a href=\"https:\/\/www.hslu.ch\/de-ch\/wirtschaft\/ueber-uns\/personensuche\/person-detail-site\/?pid=3931\">Prof. Sebastian Huber<\/a> Leiter Weiterbildung<\/p>\n\n\n\n<p><\/p>\n","protected":false},"excerpt":{"rendered":"<p>Leadership Studieng\u00e4nge &#8211; Schritt f\u00fcr Schritt zum richtigen Angebot Weiterbildung am Institut f\u00fcr Betriebs- und Regional\u00f6konomie IBR\u00a0Praxisorientiert und erfolgreich! Hier finden Sie ein vielf\u00e4ltiges Angebot an F\u00fchrungsweiterbildungen. Oder besuchen Sie den Weiterbildungs-Finder\u00a0und finden Sie Ihr perfektes Angebot.\u00a0 Wir beraten Sie gerne. Kontaktieren Sie uns! Prof. Sebastian Huber Leiter Weiterbildung<\/p>\n","protected":false},"author":142,"featured_media":0,"parent":0,"menu_order":0,"comment_status":"closed","ping_status":"closed","template":"","meta":{"_acf_changed":false,"inline_featured_image":false,"_relevanssi_hide_post":"","_relevanssi_hide_content":"","_relevanssi_pin_for_all":"","_relevanssi_pin_keywords":"","_relevanssi_unpin_keywords":"","_relevanssi_related_keywords":"","_relevanssi_related_include_ids":"","_relevanssi_related_exclude_ids":"","_relevanssi_related_no_append":"","_relevanssi_related_not_related":"","_relevanssi_related_posts":"2499,861,310,361,1508,594","_relevanssi_noindex_reason":"","footnotes":"","_links_to":"","_links_to_target":""},"class_list":["post-82","page","type-page","status-publish","hentry"],"acf":[],"yoast_head":"<!-- This site is optimized with the Yoast SEO plugin v27.3 - https:\/\/yoast.com\/product\/yoast-seo-wordpress\/ -->\n<title>Studieng\u00e4nge - Leadership Network Lucerne<\/title>\n<meta name=\"description\" content=\"Leadership Studieng\u00e4nge - Weiterbildung am Institut f\u00fcr Betriebs- und Regional\u00f6konomie IBR\u00a0Praxisorientiert und erfolgreich.\" \/>\n<meta name=\"robots\" content=\"index, follow, max-snippet:-1, max-image-preview:large, max-video-preview:-1\" \/>\n<link rel=\"canonical\" href=\"https:\/\/hub.hslu.ch\/leadership\/studiengaenge\/\" \/>\n<meta property=\"og:locale\" content=\"de_DE\" \/>\n<meta property=\"og:type\" content=\"article\" \/>\n<meta property=\"og:title\" content=\"Studieng\u00e4nge - Leadership Network Lucerne\" \/>\n<meta property=\"og:description\" content=\"Leadership Studieng\u00e4nge - Weiterbildung am Institut f\u00fcr Betriebs- und Regional\u00f6konomie IBR\u00a0Praxisorientiert und erfolgreich.\" \/>\n<meta property=\"og:url\" content=\"https:\/\/hub.hslu.ch\/leadership\/studiengaenge\/\" \/>\n<meta property=\"og:site_name\" content=\"Leadership Network Lucerne\" \/>\n<meta property=\"article:modified_time\" content=\"2025-11-11T08:01:05+00:00\" \/>\n<meta name=\"twitter:card\" content=\"summary_large_image\" \/>\n<meta name=\"twitter:label1\" content=\"Gesch\u00e4tzte Lesezeit\" \/>\n\t<meta name=\"twitter:data1\" content=\"1\u00a0Minute\" \/>\n<script type=\"application\/ld+json\" class=\"yoast-schema-graph\">{\"@context\":\"https:\\\/\\\/schema.org\",\"@graph\":[{\"@type\":\"WebPage\",\"@id\":\"https:\\\/\\\/hub.hslu.ch\\\/leadership\\\/studiengaenge\\\/\",\"url\":\"https:\\\/\\\/hub.hslu.ch\\\/leadership\\\/studiengaenge\\\/\",\"name\":\"Studieng\u00e4nge - Leadership Network Lucerne\",\"isPartOf\":{\"@id\":\"https:\\\/\\\/hub.hslu.ch\\\/leadership\\\/#website\"},\"datePublished\":\"2018-01-15T09:28:50+00:00\",\"dateModified\":\"2025-11-11T08:01:05+00:00\",\"description\":\"Leadership Studieng\u00e4nge - Weiterbildung am Institut f\u00fcr Betriebs- und Regional\u00f6konomie IBR\u00a0Praxisorientiert und erfolgreich.\",\"inLanguage\":\"de-CH\",\"potentialAction\":[{\"@type\":\"ReadAction\",\"target\":[\"https:\\\/\\\/hub.hslu.ch\\\/leadership\\\/studiengaenge\\\/\"]}]},{\"@type\":\"WebSite\",\"@id\":\"https:\\\/\\\/hub.hslu.ch\\\/leadership\\\/#website\",\"url\":\"https:\\\/\\\/hub.hslu.ch\\\/leadership\\\/\",\"name\":\"Leadership Network Lucerne\",\"description\":\"Sichtwechsel. Leadership ist Haltung. Das lehren wir.\",\"potentialAction\":[{\"@type\":\"SearchAction\",\"target\":{\"@type\":\"EntryPoint\",\"urlTemplate\":\"https:\\\/\\\/hub.hslu.ch\\\/leadership\\\/?s={search_term_string}\"},\"query-input\":{\"@type\":\"PropertyValueSpecification\",\"valueRequired\":true,\"valueName\":\"search_term_string\"}}],\"inLanguage\":\"de-CH\"}]}<\/script>\n<!-- \/ Yoast SEO plugin. -->","yoast_head_json":{"title":"Studieng\u00e4nge - Leadership Network Lucerne","description":"Leadership Studieng\u00e4nge - Weiterbildung am Institut f\u00fcr Betriebs- und Regional\u00f6konomie IBR\u00a0Praxisorientiert und erfolgreich.","robots":{"index":"index","follow":"follow","max-snippet":"max-snippet:-1","max-image-preview":"max-image-preview:large","max-video-preview":"max-video-preview:-1"},"canonical":"https:\/\/hub.hslu.ch\/leadership\/studiengaenge\/","og_locale":"de_DE","og_type":"article","og_title":"Studieng\u00e4nge - Leadership Network Lucerne","og_description":"Leadership Studieng\u00e4nge - Weiterbildung am Institut f\u00fcr Betriebs- und Regional\u00f6konomie IBR\u00a0Praxisorientiert und erfolgreich.","og_url":"https:\/\/hub.hslu.ch\/leadership\/studiengaenge\/","og_site_name":"Leadership Network Lucerne","article_modified_time":"2025-11-11T08:01:05+00:00","twitter_card":"summary_large_image","twitter_misc":{"Gesch\u00e4tzte Lesezeit":"1\u00a0Minute"},"schema":{"@context":"https:\/\/schema.org","@graph":[{"@type":"WebPage","@id":"https:\/\/hub.hslu.ch\/leadership\/studiengaenge\/","url":"https:\/\/hub.hslu.ch\/leadership\/studiengaenge\/","name":"Studieng\u00e4nge - Leadership Network Lucerne","isPartOf":{"@id":"https:\/\/hub.hslu.ch\/leadership\/#website"},"datePublished":"2018-01-15T09:28:50+00:00","dateModified":"2025-11-11T08:01:05+00:00","description":"Leadership Studieng\u00e4nge - Weiterbildung am Institut f\u00fcr Betriebs- und Regional\u00f6konomie IBR\u00a0Praxisorientiert und erfolgreich.","inLanguage":"de-CH","potentialAction":[{"@type":"ReadAction","target":["https:\/\/hub.hslu.ch\/leadership\/studiengaenge\/"]}]},{"@type":"WebSite","@id":"https:\/\/hub.hslu.ch\/leadership\/#website","url":"https:\/\/hub.hslu.ch\/leadership\/","name":"Leadership Network Lucerne","description":"Sichtwechsel. Leadership ist Haltung. Das lehren wir.","potentialAction":[{"@type":"SearchAction","target":{"@type":"EntryPoint","urlTemplate":"https:\/\/hub.hslu.ch\/leadership\/?s={search_term_string}"},"query-input":{"@type":"PropertyValueSpecification","valueRequired":true,"valueName":"search_term_string"}}],"inLanguage":"de-CH"}]}},"featured_image_src":null,"featured_image_src_square":null,"_links":{"self":[{"href":"https:\/\/hub.hslu.ch\/leadership\/wp-json\/wp\/v2\/pages\/82","targetHints":{"allow":["GET"]}}],"collection":[{"href":"https:\/\/hub.hslu.ch\/leadership\/wp-json\/wp\/v2\/pages"}],"about":[{"href":"https:\/\/hub.hslu.ch\/leadership\/wp-json\/wp\/v2\/types\/page"}],"author":[{"embeddable":true,"href":"https:\/\/hub.hslu.ch\/leadership\/wp-json\/wp\/v2\/users\/142"}],"replies":[{"embeddable":true,"href":"https:\/\/hub.hslu.ch\/leadership\/wp-json\/wp\/v2\/comments?post=82"}],"version-history":[{"count":5,"href":"https:\/\/hub.hslu.ch\/leadership\/wp-json\/wp\/v2\/pages\/82\/revisions"}],"predecessor-version":[{"id":3447,"href":"https:\/\/hub.hslu.ch\/leadership\/wp-json\/wp\/v2\/pages\/82\/revisions\/3447"}],"wp:attachment":[{"href":"https:\/\/hub.hslu.ch\/leadership\/wp-json\/wp\/v2\/media?parent=82"}],"curies":[{"name":"wp","href":"https:\/\/api.w.org\/{rel}","templated":true}]}}