{"id":85,"date":"2018-01-15T10:29:18","date_gmt":"2018-01-15T09:29:18","guid":{"rendered":"http:\/\/wordpress.kolibri.team\/?page_id=85"},"modified":"2020-10-09T11:12:06","modified_gmt":"2020-10-09T09:12:06","slug":"philosophie","status":"publish","type":"page","link":"https:\/\/hub.hslu.ch\/leadership\/philosophie\/","title":{"rendered":"Philosophie"},"content":{"rendered":"\n<p><strong>Sichtwechsel. Leadership ist Haltung. Das lehren wir.<\/strong><\/p>\n\n\n\n<p>Leadership verstehen wir als einen Prozess der wertorientierten Beziehungsgestaltung zwischen F\u00fchrungspersonen und Mitarbeitenden. Dieser relationale F\u00fchrungsansatz bedingt ein hohes Mass an kultureller Sensibilit\u00e4t, Selbstreflexion und Offenheit f\u00fcr verschiedene Sichtweisen und Haltungen. Daher pr\u00e4gen Vielfalt, Kreativit\u00e4t, Interdisziplinarit\u00e4t und Interkulturalit\u00e4t unsere Lehre.<\/p>\n\n\n\n<p>Die Zukunft der F\u00fchrung ist gepr\u00e4gt durch die Gestaltung von Ver\u00e4nderungsprozessen und die Qualit\u00e4t der F\u00fchrung wird daran gemessen werden, wie unterschiedliche Ver\u00e4nderungen in Organisationen sinnvoll dosiert und miteinander vernetzt werden. Einzelne F\u00fchrungskr\u00e4fte k\u00f6nnen komplexe Ver\u00e4nderungsprozesse nicht steuern. F\u00fchrung findet heute in Netzwerken statt, mit einem hohen Grad an Selbstorganisation. Daher besteht die Kunst der F\u00fchrung in der kunstvollen Organisation der Selbstorganisation.<\/p>\n","protected":false},"excerpt":{"rendered":"<p>Sichtwechsel. Leadership ist Haltung. Das lehren wir. Leadership verstehen wir als einen Prozess der wertorientierten Beziehungsgestaltung zwischen F\u00fchrungspersonen und Mitarbeitenden. Dieser relationale F\u00fchrungsansatz bedingt ein hohes Mass an kultureller Sensibilit\u00e4t, Selbstreflexion und Offenheit f\u00fcr verschiedene Sichtweisen und Haltungen. Daher pr\u00e4gen Vielfalt, Kreativit\u00e4t, Interdisziplinarit\u00e4t und Interkulturalit\u00e4t unsere Lehre. Die Zukunft der F\u00fchrung ist gepr\u00e4gt durch die<\/p>\n","protected":false},"author":142,"featured_media":0,"parent":0,"menu_order":0,"comment_status":"closed","ping_status":"closed","template":"","meta":{"_acf_changed":false,"inline_featured_image":false,"_relevanssi_hide_post":"","_relevanssi_hide_content":"","_relevanssi_pin_for_all":"","_relevanssi_pin_keywords":"","_relevanssi_unpin_keywords":"","_relevanssi_related_keywords":"","_relevanssi_related_include_ids":"","_relevanssi_related_exclude_ids":"","_relevanssi_related_no_append":"","_relevanssi_related_not_related":"","_relevanssi_related_posts":"","_relevanssi_noindex_reason":"","footnotes":"","_links_to":"","_links_to_target":""},"class_list":["post-85","page","type-page","status-publish","hentry"],"acf":[],"yoast_head":"<!-- This site is optimized with the Yoast SEO plugin v27.4 - https:\/\/yoast.com\/product\/yoast-seo-wordpress\/ -->\n<title>Philosophie - Leadership Network Lucerne<\/title>\n<meta name=\"description\" content=\"Sichtwechsel. Leadership ist Haltung. Das lehren wir. Leadership verstehen wir als einen Prozess der wertorientierten Beziehungsgestaltung zwischen\" \/>\n<meta name=\"robots\" content=\"index, follow, max-snippet:-1, max-image-preview:large, max-video-preview:-1\" \/>\n<link rel=\"canonical\" href=\"https:\/\/hub.hslu.ch\/leadership\/philosophie\/\" \/>\n<meta property=\"og:locale\" content=\"de_DE\" \/>\n<meta property=\"og:type\" content=\"article\" \/>\n<meta property=\"og:title\" content=\"Philosophie - Leadership Network Lucerne\" \/>\n<meta property=\"og:description\" content=\"Sichtwechsel. Leadership ist Haltung. Das lehren wir. Leadership verstehen wir als einen Prozess der wertorientierten Beziehungsgestaltung zwischen\" \/>\n<meta property=\"og:url\" content=\"https:\/\/hub.hslu.ch\/leadership\/philosophie\/\" \/>\n<meta property=\"og:site_name\" content=\"Leadership Network Lucerne\" \/>\n<meta property=\"article:modified_time\" content=\"2020-10-09T09:12:06+00:00\" \/>\n<meta name=\"twitter:card\" content=\"summary_large_image\" \/>\n<meta name=\"twitter:label1\" content=\"Gesch\u00e4tzte Lesezeit\" \/>\n\t<meta name=\"twitter:data1\" content=\"1\u00a0Minute\" \/>\n<script type=\"application\/ld+json\" class=\"yoast-schema-graph\">{\"@context\":\"https:\\\/\\\/schema.org\",\"@graph\":[{\"@type\":\"WebPage\",\"@id\":\"https:\\\/\\\/hub.hslu.ch\\\/leadership\\\/philosophie\\\/\",\"url\":\"https:\\\/\\\/hub.hslu.ch\\\/leadership\\\/philosophie\\\/\",\"name\":\"Philosophie - Leadership Network Lucerne\",\"isPartOf\":{\"@id\":\"https:\\\/\\\/hub.hslu.ch\\\/leadership\\\/#website\"},\"datePublished\":\"2018-01-15T09:29:18+00:00\",\"dateModified\":\"2020-10-09T09:12:06+00:00\",\"description\":\"Sichtwechsel. Leadership ist Haltung. Das lehren wir. Leadership verstehen wir als einen Prozess der wertorientierten Beziehungsgestaltung zwischen\",\"inLanguage\":\"de-CH\",\"potentialAction\":[{\"@type\":\"ReadAction\",\"target\":[\"https:\\\/\\\/hub.hslu.ch\\\/leadership\\\/philosophie\\\/\"]}]},{\"@type\":\"WebSite\",\"@id\":\"https:\\\/\\\/hub.hslu.ch\\\/leadership\\\/#website\",\"url\":\"https:\\\/\\\/hub.hslu.ch\\\/leadership\\\/\",\"name\":\"Leadership Network Lucerne\",\"description\":\"Sichtwechsel. Leadership ist Haltung. Das lehren wir.\",\"potentialAction\":[{\"@type\":\"SearchAction\",\"target\":{\"@type\":\"EntryPoint\",\"urlTemplate\":\"https:\\\/\\\/hub.hslu.ch\\\/leadership\\\/?s={search_term_string}\"},\"query-input\":{\"@type\":\"PropertyValueSpecification\",\"valueRequired\":true,\"valueName\":\"search_term_string\"}}],\"inLanguage\":\"de-CH\"}]}<\/script>\n<!-- \/ Yoast SEO plugin. -->","yoast_head_json":{"title":"Philosophie - Leadership Network Lucerne","description":"Sichtwechsel. Leadership ist Haltung. Das lehren wir. Leadership verstehen wir als einen Prozess der wertorientierten Beziehungsgestaltung zwischen","robots":{"index":"index","follow":"follow","max-snippet":"max-snippet:-1","max-image-preview":"max-image-preview:large","max-video-preview":"max-video-preview:-1"},"canonical":"https:\/\/hub.hslu.ch\/leadership\/philosophie\/","og_locale":"de_DE","og_type":"article","og_title":"Philosophie - Leadership Network Lucerne","og_description":"Sichtwechsel. Leadership ist Haltung. Das lehren wir. Leadership verstehen wir als einen Prozess der wertorientierten Beziehungsgestaltung zwischen","og_url":"https:\/\/hub.hslu.ch\/leadership\/philosophie\/","og_site_name":"Leadership Network Lucerne","article_modified_time":"2020-10-09T09:12:06+00:00","twitter_card":"summary_large_image","twitter_misc":{"Gesch\u00e4tzte Lesezeit":"1\u00a0Minute"},"schema":{"@context":"https:\/\/schema.org","@graph":[{"@type":"WebPage","@id":"https:\/\/hub.hslu.ch\/leadership\/philosophie\/","url":"https:\/\/hub.hslu.ch\/leadership\/philosophie\/","name":"Philosophie - Leadership Network Lucerne","isPartOf":{"@id":"https:\/\/hub.hslu.ch\/leadership\/#website"},"datePublished":"2018-01-15T09:29:18+00:00","dateModified":"2020-10-09T09:12:06+00:00","description":"Sichtwechsel. Leadership ist Haltung. Das lehren wir. Leadership verstehen wir als einen Prozess der wertorientierten Beziehungsgestaltung zwischen","inLanguage":"de-CH","potentialAction":[{"@type":"ReadAction","target":["https:\/\/hub.hslu.ch\/leadership\/philosophie\/"]}]},{"@type":"WebSite","@id":"https:\/\/hub.hslu.ch\/leadership\/#website","url":"https:\/\/hub.hslu.ch\/leadership\/","name":"Leadership Network Lucerne","description":"Sichtwechsel. Leadership ist Haltung. Das lehren wir.","potentialAction":[{"@type":"SearchAction","target":{"@type":"EntryPoint","urlTemplate":"https:\/\/hub.hslu.ch\/leadership\/?s={search_term_string}"},"query-input":{"@type":"PropertyValueSpecification","valueRequired":true,"valueName":"search_term_string"}}],"inLanguage":"de-CH"}]}},"featured_image_src":null,"featured_image_src_square":null,"_links":{"self":[{"href":"https:\/\/hub.hslu.ch\/leadership\/wp-json\/wp\/v2\/pages\/85","targetHints":{"allow":["GET"]}}],"collection":[{"href":"https:\/\/hub.hslu.ch\/leadership\/wp-json\/wp\/v2\/pages"}],"about":[{"href":"https:\/\/hub.hslu.ch\/leadership\/wp-json\/wp\/v2\/types\/page"}],"author":[{"embeddable":true,"href":"https:\/\/hub.hslu.ch\/leadership\/wp-json\/wp\/v2\/users\/142"}],"replies":[{"embeddable":true,"href":"https:\/\/hub.hslu.ch\/leadership\/wp-json\/wp\/v2\/comments?post=85"}],"version-history":[{"count":1,"href":"https:\/\/hub.hslu.ch\/leadership\/wp-json\/wp\/v2\/pages\/85\/revisions"}],"predecessor-version":[{"id":1361,"href":"https:\/\/hub.hslu.ch\/leadership\/wp-json\/wp\/v2\/pages\/85\/revisions\/1361"}],"wp:attachment":[{"href":"https:\/\/hub.hslu.ch\/leadership\/wp-json\/wp\/v2\/media?parent=85"}],"curies":[{"name":"wp","href":"https:\/\/api.w.org\/{rel}","templated":true}]}}