{"id":94,"date":"2018-01-15T10:32:32","date_gmt":"2018-01-15T09:32:32","guid":{"rendered":"http:\/\/wordpress.kolibri.team\/?page_id=94"},"modified":"2020-10-09T11:14:10","modified_gmt":"2020-10-09T09:14:10","slug":"kontakt","status":"publish","type":"page","link":"https:\/\/hub.hslu.ch\/leadership\/kontakt\/","title":{"rendered":"Kontakt"},"content":{"rendered":"\n<p><strong>F\u00fcr Fragen und Anregungen stehen wir Ihnen gerne zur Verf\u00fcgung<\/strong><\/p>\n\n\n\n<p>Leadership Network Lucerne | Institut f\u00fcr Betriebs- und Regional\u00f6konomie IBR<\/p>\n\n\n\n<p><strong>Ansprechpartner:<\/strong><\/p>\n\n\n\n<p><a href=\"https:\/\/www.hslu.ch\/de-ch\/hochschule-luzern\/ueber-uns\/personensuche\/profile\/?pid=197\" target=\"_blank\" rel=\"noreferrer noopener\">Prof. Dr. Stephanie Kaudela-Baum<\/a><\/p>\n\n\n\n<p><a href=\"https:\/\/www.hslu.ch\/de-ch\/hochschule-luzern\/ueber-uns\/personensuche\/profile\/?pid=4492\" target=\"_blank\" rel=\"noreferrer noopener\">Luzia Fuchs<\/a><\/p>\n\n\n\n<p>E-Mail: <a href=\"&#109;&#x61;&#x69;l&#116;&#x6f;&#x3a;l&#101;&#x61;d&#101;&#x72;&#x73;h&#105;&#x70;&#46;&#108;&#x75;&#x63;e&#114;&#x6e;&#x65;&#64;&#x68;&#x73;l&#117;&#x2e;&#x63;h\" target=\"_blank\" rel=\"noreferrer noopener\">&#x6c;&#x65;&#x61;&#x64;&#x65;&#x72;&#x73;&#104;&#105;&#112;&#46;&#108;ucer&#x6e;&#x65;&#x40;&#x68;&#x73;&#x6c;&#x75;&#x2e;&#99;&#104;<\/a><\/p>\n","protected":false},"excerpt":{"rendered":"<p>F\u00fcr Fragen und Anregungen stehen wir Ihnen gerne zur Verf\u00fcgung Leadership Network Lucerne | Institut f\u00fcr Betriebs- und Regional\u00f6konomie IBR Ansprechpartner: Prof. Dr. Stephanie Kaudela-Baum Luzia Fuchs E-Mail: le&#97;&#100;&#101;&#x72;&#x73;&#x68;&#x69;&#x70;&#46;l&#117;&#99;&#101;&#x72;&#x6e;&#x65;&#x40;&#x68;sl&#117;&#46;&#99;&#x68;<\/p>\n","protected":false},"author":142,"featured_media":0,"parent":0,"menu_order":0,"comment_status":"closed","ping_status":"closed","template":"","meta":{"_acf_changed":false,"inline_featured_image":false,"_relevanssi_hide_post":"","_relevanssi_hide_content":"","_relevanssi_pin_for_all":"","_relevanssi_pin_keywords":"","_relevanssi_unpin_keywords":"","_relevanssi_related_keywords":"","_relevanssi_related_include_ids":"","_relevanssi_related_exclude_ids":"","_relevanssi_related_no_append":"","_relevanssi_related_not_related":"","_relevanssi_related_posts":"","_relevanssi_noindex_reason":"","footnotes":"","_links_to":"","_links_to_target":""},"class_list":["post-94","page","type-page","status-publish","hentry"],"acf":[],"yoast_head":"<!-- This site is optimized with the Yoast SEO plugin v27.3 - https:\/\/yoast.com\/product\/yoast-seo-wordpress\/ -->\n<title>Kontakt - Leadership Network Lucerne<\/title>\n<meta name=\"description\" content=\"F\u00fcr Fragen und Anregungen stehen wir Ihnen gerne zur Verf\u00fcgung Leadership Network Lucerne | Institut f\u00fcr Betriebs- und Regional\u00f6konomie IBR\" \/>\n<meta name=\"robots\" content=\"index, follow, max-snippet:-1, max-image-preview:large, max-video-preview:-1\" \/>\n<link rel=\"canonical\" href=\"https:\/\/hub.hslu.ch\/leadership\/kontakt\/\" \/>\n<meta property=\"og:locale\" content=\"de_DE\" \/>\n<meta property=\"og:type\" content=\"article\" \/>\n<meta property=\"og:title\" content=\"Kontakt - Leadership Network Lucerne\" \/>\n<meta property=\"og:description\" content=\"F\u00fcr Fragen und Anregungen stehen wir Ihnen gerne zur Verf\u00fcgung Leadership Network Lucerne | Institut f\u00fcr Betriebs- und Regional\u00f6konomie IBR\" \/>\n<meta property=\"og:url\" content=\"https:\/\/hub.hslu.ch\/leadership\/kontakt\/\" \/>\n<meta property=\"og:site_name\" content=\"Leadership Network Lucerne\" \/>\n<meta property=\"article:modified_time\" content=\"2020-10-09T09:14:10+00:00\" \/>\n<meta name=\"twitter:card\" content=\"summary_large_image\" \/>\n<script type=\"application\/ld+json\" class=\"yoast-schema-graph\">{\"@context\":\"https:\\\/\\\/schema.org\",\"@graph\":[{\"@type\":\"WebPage\",\"@id\":\"https:\\\/\\\/hub.hslu.ch\\\/leadership\\\/kontakt\\\/\",\"url\":\"https:\\\/\\\/hub.hslu.ch\\\/leadership\\\/kontakt\\\/\",\"name\":\"Kontakt - Leadership Network Lucerne\",\"isPartOf\":{\"@id\":\"https:\\\/\\\/hub.hslu.ch\\\/leadership\\\/#website\"},\"datePublished\":\"2018-01-15T09:32:32+00:00\",\"dateModified\":\"2020-10-09T09:14:10+00:00\",\"description\":\"F\u00fcr Fragen und Anregungen stehen wir Ihnen gerne zur Verf\u00fcgung Leadership Network Lucerne | Institut f\u00fcr Betriebs- und Regional\u00f6konomie IBR\",\"inLanguage\":\"de-CH\",\"potentialAction\":[{\"@type\":\"ReadAction\",\"target\":[\"https:\\\/\\\/hub.hslu.ch\\\/leadership\\\/kontakt\\\/\"]}]},{\"@type\":\"WebSite\",\"@id\":\"https:\\\/\\\/hub.hslu.ch\\\/leadership\\\/#website\",\"url\":\"https:\\\/\\\/hub.hslu.ch\\\/leadership\\\/\",\"name\":\"Leadership Network Lucerne\",\"description\":\"Sichtwechsel. Leadership ist Haltung. Das lehren wir.\",\"potentialAction\":[{\"@type\":\"SearchAction\",\"target\":{\"@type\":\"EntryPoint\",\"urlTemplate\":\"https:\\\/\\\/hub.hslu.ch\\\/leadership\\\/?s={search_term_string}\"},\"query-input\":{\"@type\":\"PropertyValueSpecification\",\"valueRequired\":true,\"valueName\":\"search_term_string\"}}],\"inLanguage\":\"de-CH\"}]}<\/script>\n<!-- \/ Yoast SEO plugin. -->","yoast_head_json":{"title":"Kontakt - Leadership Network Lucerne","description":"F\u00fcr Fragen und Anregungen stehen wir Ihnen gerne zur Verf\u00fcgung Leadership Network Lucerne | Institut f\u00fcr Betriebs- und Regional\u00f6konomie IBR","robots":{"index":"index","follow":"follow","max-snippet":"max-snippet:-1","max-image-preview":"max-image-preview:large","max-video-preview":"max-video-preview:-1"},"canonical":"https:\/\/hub.hslu.ch\/leadership\/kontakt\/","og_locale":"de_DE","og_type":"article","og_title":"Kontakt - Leadership Network Lucerne","og_description":"F\u00fcr Fragen und Anregungen stehen wir Ihnen gerne zur Verf\u00fcgung Leadership Network Lucerne | Institut f\u00fcr Betriebs- und Regional\u00f6konomie IBR","og_url":"https:\/\/hub.hslu.ch\/leadership\/kontakt\/","og_site_name":"Leadership Network Lucerne","article_modified_time":"2020-10-09T09:14:10+00:00","twitter_card":"summary_large_image","schema":{"@context":"https:\/\/schema.org","@graph":[{"@type":"WebPage","@id":"https:\/\/hub.hslu.ch\/leadership\/kontakt\/","url":"https:\/\/hub.hslu.ch\/leadership\/kontakt\/","name":"Kontakt - Leadership Network Lucerne","isPartOf":{"@id":"https:\/\/hub.hslu.ch\/leadership\/#website"},"datePublished":"2018-01-15T09:32:32+00:00","dateModified":"2020-10-09T09:14:10+00:00","description":"F\u00fcr Fragen und Anregungen stehen wir Ihnen gerne zur Verf\u00fcgung Leadership Network Lucerne | Institut f\u00fcr Betriebs- und Regional\u00f6konomie IBR","inLanguage":"de-CH","potentialAction":[{"@type":"ReadAction","target":["https:\/\/hub.hslu.ch\/leadership\/kontakt\/"]}]},{"@type":"WebSite","@id":"https:\/\/hub.hslu.ch\/leadership\/#website","url":"https:\/\/hub.hslu.ch\/leadership\/","name":"Leadership Network Lucerne","description":"Sichtwechsel. Leadership ist Haltung. Das lehren wir.","potentialAction":[{"@type":"SearchAction","target":{"@type":"EntryPoint","urlTemplate":"https:\/\/hub.hslu.ch\/leadership\/?s={search_term_string}"},"query-input":{"@type":"PropertyValueSpecification","valueRequired":true,"valueName":"search_term_string"}}],"inLanguage":"de-CH"}]}},"featured_image_src":null,"featured_image_src_square":null,"_links":{"self":[{"href":"https:\/\/hub.hslu.ch\/leadership\/wp-json\/wp\/v2\/pages\/94","targetHints":{"allow":["GET"]}}],"collection":[{"href":"https:\/\/hub.hslu.ch\/leadership\/wp-json\/wp\/v2\/pages"}],"about":[{"href":"https:\/\/hub.hslu.ch\/leadership\/wp-json\/wp\/v2\/types\/page"}],"author":[{"embeddable":true,"href":"https:\/\/hub.hslu.ch\/leadership\/wp-json\/wp\/v2\/users\/142"}],"replies":[{"embeddable":true,"href":"https:\/\/hub.hslu.ch\/leadership\/wp-json\/wp\/v2\/comments?post=94"}],"version-history":[{"count":3,"href":"https:\/\/hub.hslu.ch\/leadership\/wp-json\/wp\/v2\/pages\/94\/revisions"}],"predecessor-version":[{"id":1369,"href":"https:\/\/hub.hslu.ch\/leadership\/wp-json\/wp\/v2\/pages\/94\/revisions\/1369"}],"wp:attachment":[{"href":"https:\/\/hub.hslu.ch\/leadership\/wp-json\/wp\/v2\/media?parent=94"}],"curies":[{"name":"wp","href":"https:\/\/api.w.org\/{rel}","templated":true}]}}