{"id":15316,"date":"2022-08-03T16:21:53","date_gmt":"2022-08-03T14:21:53","guid":{"rendered":"https:\/\/hub.hslu.ch\/retailbanking\/?page_id=15316"},"modified":"2022-08-03T16:52:24","modified_gmt":"2022-08-03T14:52:24","slug":"veranstaltungen","status":"publish","type":"page","link":"https:\/\/hub.hslu.ch\/retailbanking\/veranstaltungen\/","title":{"rendered":"Veranstaltungen"},"content":{"rendered":"\t<div class=\"events content\">\n\t\t\t\t\t\t\t<a href=\"https:\/\/www.hslu.ch\/en\/lucerne-school-of-business\/calendar\/events\/2025\/11\/18\/retail-banking-konferenz\/\">\n\t\t\t\t<div class=\"events--card\">\n\t\t\t\t\t\t\t\t\t\t\t<p class=\"event-category\">Konferenz<\/p>\n\t\t\t\t\t\t\t\t\t\t<p class=\"event-date\">26. November 2026<\/p>\n\t\t\t\t\t\t\t\t\t\t\t<h2>Retail Banking Konferenz<\/h2>\n\t\t\t\t\t\t\t\t\t\t\t\t\t\t\t\t\t\t\t\t\t<!-- wp:paragraph -->\n<p>An dieser Konferenz beleuchten wir das derzeitige und zuk\u00fcnftige Marktumfeld und die aktuellen, digitalen Herausforderungen von Banken und Finanzdienstleistern. Des Weiteren pr\u00e4sentieren wir die j\u00e4hrliche Retail Banking Studie. Diese analysiert das Kerngesch\u00e4ft des Bankings aus verschiedenen Gesichtspunkten.<\/p>\n<!-- \/wp:paragraph -->\n\n<!-- wp:paragraph -->\n<p><strong><a href=\"https:\/\/www.hslu.ch\/de-ch\/wirtschaft\/agenda\/veranstaltungen\/2026\/11\/26\/retail-banking-konferenz\/\">Weitere Informationen und Anmeldung.<\/a><\/strong><\/p>\n<!-- \/wp:paragraph -->\t\t\t\t\t\t<span class=\"more-link\">Mehr dazu<\/span>\n\t\t\t\t\t\t\t\t\t<\/div>\n\t\t\t<\/a>\n\t\t\t\t\t<\/div>\n\n","protected":false},"excerpt":{"rendered":"","protected":false},"author":111,"featured_media":0,"parent":0,"menu_order":0,"comment_status":"closed","ping_status":"closed","template":"","meta":{"_acf_changed":false,"inline_featured_image":false,"_relevanssi_hide_post":"","_relevanssi_hide_content":"","_relevanssi_pin_for_all":"","_relevanssi_pin_keywords":"","_relevanssi_unpin_keywords":"","_relevanssi_related_keywords":"","_relevanssi_related_include_ids":"","_relevanssi_related_exclude_ids":"","_relevanssi_related_no_append":"","_relevanssi_related_not_related":"","_relevanssi_related_posts":"18411,15118,15074,14610,5214,4805","_relevanssi_noindex_reason":"","footnotes":"","_links_to":"","_links_to_target":""},"class_list":["post-15316","page","type-page","status-publish","hentry"],"acf":[],"yoast_head":"<!-- This site is optimized with the Yoast SEO plugin v27.5 - https:\/\/yoast.com\/product\/yoast-seo-wordpress\/ -->\n<title>Veranstaltungen - IFZ Retail Banking Blog<\/title>\n<meta name=\"robots\" content=\"index, follow, max-snippet:-1, max-image-preview:large, max-video-preview:-1\" \/>\n<link rel=\"canonical\" href=\"https:\/\/hub.hslu.ch\/retailbanking\/veranstaltungen\/\" \/>\n<meta property=\"og:locale\" content=\"de_DE\" \/>\n<meta property=\"og:type\" content=\"article\" \/>\n<meta property=\"og:title\" content=\"Veranstaltungen - IFZ Retail Banking Blog\" \/>\n<meta property=\"og:url\" content=\"https:\/\/hub.hslu.ch\/retailbanking\/veranstaltungen\/\" \/>\n<meta property=\"og:site_name\" content=\"IFZ Retail Banking Blog\" \/>\n<meta property=\"article:modified_time\" content=\"2022-08-03T14:52:24+00:00\" \/>\n<meta name=\"twitter:card\" content=\"summary_large_image\" \/>\n<script type=\"application\/ld+json\" class=\"yoast-schema-graph\">{\"@context\":\"https:\\\/\\\/schema.org\",\"@graph\":[{\"@type\":\"WebPage\",\"@id\":\"https:\\\/\\\/hub.hslu.ch\\\/retailbanking\\\/veranstaltungen\\\/\",\"url\":\"https:\\\/\\\/hub.hslu.ch\\\/retailbanking\\\/veranstaltungen\\\/\",\"name\":\"Veranstaltungen - IFZ Retail Banking Blog\",\"isPartOf\":{\"@id\":\"https:\\\/\\\/hub.hslu.ch\\\/retailbanking\\\/#website\"},\"datePublished\":\"2022-08-03T14:21:53+00:00\",\"dateModified\":\"2022-08-03T14:52:24+00:00\",\"breadcrumb\":{\"@id\":\"https:\\\/\\\/hub.hslu.ch\\\/retailbanking\\\/veranstaltungen\\\/#breadcrumb\"},\"inLanguage\":\"de\",\"potentialAction\":[{\"@type\":\"ReadAction\",\"target\":[\"https:\\\/\\\/hub.hslu.ch\\\/retailbanking\\\/veranstaltungen\\\/\"]}]},{\"@type\":\"BreadcrumbList\",\"@id\":\"https:\\\/\\\/hub.hslu.ch\\\/retailbanking\\\/veranstaltungen\\\/#breadcrumb\",\"itemListElement\":[{\"@type\":\"ListItem\",\"position\":1,\"name\":\"Startseite\",\"item\":\"https:\\\/\\\/hub.hslu.ch\\\/retailbanking\\\/\"},{\"@type\":\"ListItem\",\"position\":2,\"name\":\"Veranstaltungen\"}]},{\"@type\":\"WebSite\",\"@id\":\"https:\\\/\\\/hub.hslu.ch\\\/retailbanking\\\/#website\",\"url\":\"https:\\\/\\\/hub.hslu.ch\\\/retailbanking\\\/\",\"name\":\"IFZ Retail Banking Blog\",\"description\":\"News und Trends aus dem Retail Banking Markt Schweiz\",\"potentialAction\":[{\"@type\":\"SearchAction\",\"target\":{\"@type\":\"EntryPoint\",\"urlTemplate\":\"https:\\\/\\\/hub.hslu.ch\\\/retailbanking\\\/?s={search_term_string}\"},\"query-input\":{\"@type\":\"PropertyValueSpecification\",\"valueRequired\":true,\"valueName\":\"search_term_string\"}}],\"inLanguage\":\"de\"}]}<\/script>\n<!-- \/ Yoast SEO plugin. -->","yoast_head_json":{"title":"Veranstaltungen - IFZ Retail Banking Blog","robots":{"index":"index","follow":"follow","max-snippet":"max-snippet:-1","max-image-preview":"max-image-preview:large","max-video-preview":"max-video-preview:-1"},"canonical":"https:\/\/hub.hslu.ch\/retailbanking\/veranstaltungen\/","og_locale":"de_DE","og_type":"article","og_title":"Veranstaltungen - IFZ Retail Banking Blog","og_url":"https:\/\/hub.hslu.ch\/retailbanking\/veranstaltungen\/","og_site_name":"IFZ Retail Banking Blog","article_modified_time":"2022-08-03T14:52:24+00:00","twitter_card":"summary_large_image","schema":{"@context":"https:\/\/schema.org","@graph":[{"@type":"WebPage","@id":"https:\/\/hub.hslu.ch\/retailbanking\/veranstaltungen\/","url":"https:\/\/hub.hslu.ch\/retailbanking\/veranstaltungen\/","name":"Veranstaltungen - IFZ Retail Banking Blog","isPartOf":{"@id":"https:\/\/hub.hslu.ch\/retailbanking\/#website"},"datePublished":"2022-08-03T14:21:53+00:00","dateModified":"2022-08-03T14:52:24+00:00","breadcrumb":{"@id":"https:\/\/hub.hslu.ch\/retailbanking\/veranstaltungen\/#breadcrumb"},"inLanguage":"de","potentialAction":[{"@type":"ReadAction","target":["https:\/\/hub.hslu.ch\/retailbanking\/veranstaltungen\/"]}]},{"@type":"BreadcrumbList","@id":"https:\/\/hub.hslu.ch\/retailbanking\/veranstaltungen\/#breadcrumb","itemListElement":[{"@type":"ListItem","position":1,"name":"Startseite","item":"https:\/\/hub.hslu.ch\/retailbanking\/"},{"@type":"ListItem","position":2,"name":"Veranstaltungen"}]},{"@type":"WebSite","@id":"https:\/\/hub.hslu.ch\/retailbanking\/#website","url":"https:\/\/hub.hslu.ch\/retailbanking\/","name":"IFZ Retail Banking Blog","description":"News und Trends aus dem Retail Banking Markt Schweiz","potentialAction":[{"@type":"SearchAction","target":{"@type":"EntryPoint","urlTemplate":"https:\/\/hub.hslu.ch\/retailbanking\/?s={search_term_string}"},"query-input":{"@type":"PropertyValueSpecification","valueRequired":true,"valueName":"search_term_string"}}],"inLanguage":"de"}]}},"featured_image_src":null,"featured_image_src_square":null,"_links":{"self":[{"href":"https:\/\/hub.hslu.ch\/retailbanking\/wp-json\/wp\/v2\/pages\/15316","targetHints":{"allow":["GET"]}}],"collection":[{"href":"https:\/\/hub.hslu.ch\/retailbanking\/wp-json\/wp\/v2\/pages"}],"about":[{"href":"https:\/\/hub.hslu.ch\/retailbanking\/wp-json\/wp\/v2\/types\/page"}],"author":[{"embeddable":true,"href":"https:\/\/hub.hslu.ch\/retailbanking\/wp-json\/wp\/v2\/users\/111"}],"replies":[{"embeddable":true,"href":"https:\/\/hub.hslu.ch\/retailbanking\/wp-json\/wp\/v2\/comments?post=15316"}],"version-history":[{"count":8,"href":"https:\/\/hub.hslu.ch\/retailbanking\/wp-json\/wp\/v2\/pages\/15316\/revisions"}],"predecessor-version":[{"id":20260,"href":"https:\/\/hub.hslu.ch\/retailbanking\/wp-json\/wp\/v2\/pages\/15316\/revisions\/20260"}],"wp:attachment":[{"href":"https:\/\/hub.hslu.ch\/retailbanking\/wp-json\/wp\/v2\/media?parent=15316"}],"curies":[{"name":"wp","href":"https:\/\/api.w.org\/{rel}","templated":true}]}}