{"id":1090,"date":"2014-07-03T17:17:47","date_gmt":"2014-07-03T15:17:47","guid":{"rendered":"https:\/\/hub.hslu.ch\/smart-up\/?page_id=1090"},"modified":"2015-03-03T15:51:23","modified_gmt":"2015-03-03T14:51:23","slug":"themenvorschlaege-fuer-ihre-diplom-oder-projektarbeit","status":"publish","type":"page","link":"https:\/\/hub.hslu.ch\/smart-up\/angebot\/die-studentischen-arbeiten-in-der-gruendergarage\/themenvorschlaege-fuer-ihre-diplom-oder-projektarbeit\/","title":{"rendered":"Themenvorschl\u00e4ge f\u00fcr Ihre Diplom- oder Projektarbeit"},"content":{"rendered":"<p><b>Lean Start-up als Alternative zum Businessplan:\u00a0<\/b>Untersuchungen und Best-Practices in der Schweiz<\/p>\n<p><b>Kreative \/ alternative Finanzierungen von Start-ups: <\/b>Analyse und Empfehlungen<\/p>\n<p><b>Start eines Ventures als Nebenerwerb: <\/b>\u00dcberf\u00fchrungsprozess in den Vollerwerb<\/p>\n<p><b>Interdisziplin\u00e4re Teambildung: <\/b>Voraussetzungen, Treiber, Erfolgsbeispiele<\/p>\n<p><b>Die Kultur des Scheiterns von Start-ups: <\/b>USA versus Europa respektive Schweiz<\/p>\n<p>&nbsp;<\/p>\n<p>Eigene Vorschl\u00e4ge sind ebenfalls willkommen. Gerne helfen wir Ihnen bei der Themenauswahl: <a href=\"mailto:valentina&#46;fontana&#64;&#104;&#115;&#108;&#117;&#46;&#99;&#104;\">Kontakt<\/a><\/p>\n","protected":false},"excerpt":{"rendered":"<p>Lean Start-up als Alternative zum Businessplan:\u00a0Untersuchungen und Best-Practices in der Schweiz Kreative \/ alternative Finanzierungen von Start-ups: Analyse und Empfehlungen Start eines Ventures als Nebenerwerb: \u00dcberf\u00fchrungsprozess in den Vollerwerb Interdisziplin\u00e4re Teambildung: Voraussetzungen, Treiber, Erfolgsbeispiele Die Kultur des Scheiterns von Start-ups: USA versus Europa respektive Schweiz &nbsp; Eigene Vorschl\u00e4ge sind ebenfalls willkommen. Gerne helfen wir Ihnen<\/p>\n","protected":false},"author":1845,"featured_media":0,"parent":671,"menu_order":0,"comment_status":"open","ping_status":"open","template":"","meta":{"_acf_changed":false,"inline_featured_image":false,"_relevanssi_hide_post":"","_relevanssi_hide_content":"","_relevanssi_pin_for_all":"","_relevanssi_pin_keywords":"","_relevanssi_unpin_keywords":"","_relevanssi_related_keywords":"","_relevanssi_related_include_ids":"","_relevanssi_related_exclude_ids":"","_relevanssi_related_no_append":"","_relevanssi_related_not_related":"","_relevanssi_related_posts":"","_relevanssi_noindex_reason":"","footnotes":"","_links_to":"","_links_to_target":""},"class_list":["post-1090","page","type-page","status-publish","hentry"],"acf":[],"yoast_head":"<!-- This site is optimized with the Yoast SEO plugin v27.5 - https:\/\/yoast.com\/product\/yoast-seo-wordpress\/ -->\n<title>Themenvorschl\u00e4ge f\u00fcr Ihre Diplom- oder Projektarbeit - Smart-up<\/title>\n<meta name=\"description\" content=\"Lean Start-up als Alternative zum Businessplan:\u00a0Untersuchungen und Best-Practices in der Schweiz Kreative \/ alternative Finanzierungen von Start-ups:\" \/>\n<meta name=\"robots\" content=\"index, follow, max-snippet:-1, max-image-preview:large, max-video-preview:-1\" \/>\n<link rel=\"canonical\" href=\"https:\/\/hub.hslu.ch\/smart-up\/angebot\/die-studentischen-arbeiten-in-der-gruendergarage\/themenvorschlaege-fuer-ihre-diplom-oder-projektarbeit\/\" \/>\n<meta property=\"og:locale\" content=\"de_DE\" \/>\n<meta property=\"og:type\" content=\"article\" \/>\n<meta property=\"og:title\" content=\"Themenvorschl\u00e4ge f\u00fcr Ihre Diplom- oder Projektarbeit - Smart-up\" \/>\n<meta property=\"og:description\" content=\"Lean Start-up als Alternative zum Businessplan:\u00a0Untersuchungen und Best-Practices in der Schweiz Kreative \/ alternative Finanzierungen von Start-ups:\" \/>\n<meta property=\"og:url\" content=\"https:\/\/hub.hslu.ch\/smart-up\/angebot\/die-studentischen-arbeiten-in-der-gruendergarage\/themenvorschlaege-fuer-ihre-diplom-oder-projektarbeit\/\" \/>\n<meta property=\"og:site_name\" content=\"Smart-up\" \/>\n<meta property=\"article:modified_time\" content=\"2015-03-03T14:51:23+00:00\" \/>\n<meta name=\"twitter:card\" content=\"summary_large_image\" \/>\n<script type=\"application\/ld+json\" class=\"yoast-schema-graph\">{\"@context\":\"https:\\\/\\\/schema.org\",\"@graph\":[{\"@type\":\"WebPage\",\"@id\":\"https:\\\/\\\/hub.hslu.ch\\\/smart-up\\\/angebot\\\/die-studentischen-arbeiten-in-der-gruendergarage\\\/themenvorschlaege-fuer-ihre-diplom-oder-projektarbeit\\\/\",\"url\":\"https:\\\/\\\/hub.hslu.ch\\\/smart-up\\\/angebot\\\/die-studentischen-arbeiten-in-der-gruendergarage\\\/themenvorschlaege-fuer-ihre-diplom-oder-projektarbeit\\\/\",\"name\":\"Themenvorschl\u00e4ge f\u00fcr Ihre Diplom- oder Projektarbeit - Smart-up\",\"isPartOf\":{\"@id\":\"https:\\\/\\\/hub.hslu.ch\\\/smart-up\\\/#website\"},\"datePublished\":\"2014-07-03T15:17:47+00:00\",\"dateModified\":\"2015-03-03T14:51:23+00:00\",\"description\":\"Lean Start-up als Alternative zum Businessplan:\u00a0Untersuchungen und Best-Practices in der Schweiz Kreative \\\/ alternative Finanzierungen von Start-ups:\",\"breadcrumb\":{\"@id\":\"https:\\\/\\\/hub.hslu.ch\\\/smart-up\\\/angebot\\\/die-studentischen-arbeiten-in-der-gruendergarage\\\/themenvorschlaege-fuer-ihre-diplom-oder-projektarbeit\\\/#breadcrumb\"},\"inLanguage\":\"de-CH\",\"potentialAction\":[{\"@type\":\"ReadAction\",\"target\":[\"https:\\\/\\\/hub.hslu.ch\\\/smart-up\\\/angebot\\\/die-studentischen-arbeiten-in-der-gruendergarage\\\/themenvorschlaege-fuer-ihre-diplom-oder-projektarbeit\\\/\"]}]},{\"@type\":\"BreadcrumbList\",\"@id\":\"https:\\\/\\\/hub.hslu.ch\\\/smart-up\\\/angebot\\\/die-studentischen-arbeiten-in-der-gruendergarage\\\/themenvorschlaege-fuer-ihre-diplom-oder-projektarbeit\\\/#breadcrumb\",\"itemListElement\":[{\"@type\":\"ListItem\",\"position\":1,\"name\":\"Angebot\",\"item\":\"https:\\\/\\\/hub.hslu.ch\\\/smart-up\\\/angebot\\\/\"},{\"@type\":\"ListItem\",\"position\":2,\"name\":\"Gr\u00fcndergarage: Studentischen Arbeiten\",\"item\":\"https:\\\/\\\/hub.hslu.ch\\\/smart-up\\\/angebot\\\/die-studentischen-arbeiten-in-der-gruendergarage\\\/\"},{\"@type\":\"ListItem\",\"position\":3,\"name\":\"Themenvorschl\u00e4ge f\u00fcr Ihre Diplom- oder Projektarbeit\"}]},{\"@type\":\"WebSite\",\"@id\":\"https:\\\/\\\/hub.hslu.ch\\\/smart-up\\\/#website\",\"url\":\"https:\\\/\\\/hub.hslu.ch\\\/smart-up\\\/\",\"name\":\"Smart-up\",\"description\":\"Ideen erfolgreich umsetzen\",\"potentialAction\":[{\"@type\":\"SearchAction\",\"target\":{\"@type\":\"EntryPoint\",\"urlTemplate\":\"https:\\\/\\\/hub.hslu.ch\\\/smart-up\\\/?s={search_term_string}\"},\"query-input\":{\"@type\":\"PropertyValueSpecification\",\"valueRequired\":true,\"valueName\":\"search_term_string\"}}],\"inLanguage\":\"de-CH\"}]}<\/script>\n<!-- \/ Yoast SEO plugin. -->","yoast_head_json":{"title":"Themenvorschl\u00e4ge f\u00fcr Ihre Diplom- oder Projektarbeit - Smart-up","description":"Lean Start-up als Alternative zum Businessplan:\u00a0Untersuchungen und Best-Practices in der Schweiz Kreative \/ alternative Finanzierungen von Start-ups:","robots":{"index":"index","follow":"follow","max-snippet":"max-snippet:-1","max-image-preview":"max-image-preview:large","max-video-preview":"max-video-preview:-1"},"canonical":"https:\/\/hub.hslu.ch\/smart-up\/angebot\/die-studentischen-arbeiten-in-der-gruendergarage\/themenvorschlaege-fuer-ihre-diplom-oder-projektarbeit\/","og_locale":"de_DE","og_type":"article","og_title":"Themenvorschl\u00e4ge f\u00fcr Ihre Diplom- oder Projektarbeit - Smart-up","og_description":"Lean Start-up als Alternative zum Businessplan:\u00a0Untersuchungen und Best-Practices in der Schweiz Kreative \/ alternative Finanzierungen von Start-ups:","og_url":"https:\/\/hub.hslu.ch\/smart-up\/angebot\/die-studentischen-arbeiten-in-der-gruendergarage\/themenvorschlaege-fuer-ihre-diplom-oder-projektarbeit\/","og_site_name":"Smart-up","article_modified_time":"2015-03-03T14:51:23+00:00","twitter_card":"summary_large_image","schema":{"@context":"https:\/\/schema.org","@graph":[{"@type":"WebPage","@id":"https:\/\/hub.hslu.ch\/smart-up\/angebot\/die-studentischen-arbeiten-in-der-gruendergarage\/themenvorschlaege-fuer-ihre-diplom-oder-projektarbeit\/","url":"https:\/\/hub.hslu.ch\/smart-up\/angebot\/die-studentischen-arbeiten-in-der-gruendergarage\/themenvorschlaege-fuer-ihre-diplom-oder-projektarbeit\/","name":"Themenvorschl\u00e4ge f\u00fcr Ihre Diplom- oder Projektarbeit - Smart-up","isPartOf":{"@id":"https:\/\/hub.hslu.ch\/smart-up\/#website"},"datePublished":"2014-07-03T15:17:47+00:00","dateModified":"2015-03-03T14:51:23+00:00","description":"Lean Start-up als Alternative zum Businessplan:\u00a0Untersuchungen und Best-Practices in der Schweiz Kreative \/ alternative Finanzierungen von Start-ups:","breadcrumb":{"@id":"https:\/\/hub.hslu.ch\/smart-up\/angebot\/die-studentischen-arbeiten-in-der-gruendergarage\/themenvorschlaege-fuer-ihre-diplom-oder-projektarbeit\/#breadcrumb"},"inLanguage":"de-CH","potentialAction":[{"@type":"ReadAction","target":["https:\/\/hub.hslu.ch\/smart-up\/angebot\/die-studentischen-arbeiten-in-der-gruendergarage\/themenvorschlaege-fuer-ihre-diplom-oder-projektarbeit\/"]}]},{"@type":"BreadcrumbList","@id":"https:\/\/hub.hslu.ch\/smart-up\/angebot\/die-studentischen-arbeiten-in-der-gruendergarage\/themenvorschlaege-fuer-ihre-diplom-oder-projektarbeit\/#breadcrumb","itemListElement":[{"@type":"ListItem","position":1,"name":"Angebot","item":"https:\/\/hub.hslu.ch\/smart-up\/angebot\/"},{"@type":"ListItem","position":2,"name":"Gr\u00fcndergarage: Studentischen Arbeiten","item":"https:\/\/hub.hslu.ch\/smart-up\/angebot\/die-studentischen-arbeiten-in-der-gruendergarage\/"},{"@type":"ListItem","position":3,"name":"Themenvorschl\u00e4ge f\u00fcr Ihre Diplom- oder Projektarbeit"}]},{"@type":"WebSite","@id":"https:\/\/hub.hslu.ch\/smart-up\/#website","url":"https:\/\/hub.hslu.ch\/smart-up\/","name":"Smart-up","description":"Ideen erfolgreich umsetzen","potentialAction":[{"@type":"SearchAction","target":{"@type":"EntryPoint","urlTemplate":"https:\/\/hub.hslu.ch\/smart-up\/?s={search_term_string}"},"query-input":{"@type":"PropertyValueSpecification","valueRequired":true,"valueName":"search_term_string"}}],"inLanguage":"de-CH"}]}},"featured_image_src":null,"featured_image_src_square":null,"_links":{"self":[{"href":"https:\/\/hub.hslu.ch\/smart-up\/wp-json\/wp\/v2\/pages\/1090","targetHints":{"allow":["GET"]}}],"collection":[{"href":"https:\/\/hub.hslu.ch\/smart-up\/wp-json\/wp\/v2\/pages"}],"about":[{"href":"https:\/\/hub.hslu.ch\/smart-up\/wp-json\/wp\/v2\/types\/page"}],"author":[{"embeddable":true,"href":"https:\/\/hub.hslu.ch\/smart-up\/wp-json\/wp\/v2\/users\/1845"}],"replies":[{"embeddable":true,"href":"https:\/\/hub.hslu.ch\/smart-up\/wp-json\/wp\/v2\/comments?post=1090"}],"version-history":[{"count":3,"href":"https:\/\/hub.hslu.ch\/smart-up\/wp-json\/wp\/v2\/pages\/1090\/revisions"}],"predecessor-version":[{"id":1807,"href":"https:\/\/hub.hslu.ch\/smart-up\/wp-json\/wp\/v2\/pages\/1090\/revisions\/1807"}],"up":[{"embeddable":true,"href":"https:\/\/hub.hslu.ch\/smart-up\/wp-json\/wp\/v2\/pages\/671"}],"wp:attachment":[{"href":"https:\/\/hub.hslu.ch\/smart-up\/wp-json\/wp\/v2\/media?parent=1090"}],"curies":[{"name":"wp","href":"https:\/\/api.w.org\/{rel}","templated":true}]}}