{"id":1329,"date":"2014-09-08T10:01:10","date_gmt":"2014-09-08T08:01:10","guid":{"rendered":"https:\/\/hub.hslu.ch\/smart-up\/?page_id=1329"},"modified":"2018-09-11T10:48:03","modified_gmt":"2018-09-11T08:48:03","slug":"entrepreneurship-baukasten-ta","status":"publish","type":"page","link":"https:\/\/hub.hslu.ch\/smart-up\/angebot\/entrepreneurship-baukasten-ta\/","title":{"rendered":"Entrepreneurship-Baukasten T&amp;A"},"content":{"rendered":"<ul>\n<li>Ziele<\/li>\n<li>Grunds\u00e4tzlicher Aufbau<\/li>\n<li>Detaillierte Infos pro Studiengang<\/li>\n<li>Programminhalte der ISA-Module \u201eIdeation\u201c und \u201eBusiness Concept\u201c<\/li>\n<li>M\u00f6gliche Inhalte von BAT\/PAIND und Praxis im Studium<\/li>\n<\/ul>\n<h2>Ziele<\/h2>\n<p>Die Studierenden der T&amp;A erhalten in allen Studieng\u00e4ngen die M\u00f6glichkeit, ihre Gesch\u00e4ftsidee im Rahmen von Modulen zu entwickeln und umsetzen zu k\u00f6nnen. So k\u00f6nnen sie unternehmerisch t\u00e4tig sein und dabei auch ECTS-Punkte erhalten.<\/p>\n<p>Durch einen geschickten Mix von bestehenden Projekt-, Erweiterungs- und Zusatzmodulen als auch den beiden ISA-Modulen \u201eIdeation\u201c und \u201eBusiness Concept\u201c wird das unternehmerische Denken und Handeln gelehrt und gef\u00f6rdert.<\/p>\n<p>Dazu werden pro Studiengang aus dem bestehenden Studienangebot geeignete Module ausgew\u00e4hlt, welche den gr\u00fcndungsinteressierten Studierenden empfohlen werden.<\/p>\n<h2>Grunds\u00e4tzlicher Aufbau<\/h2>\n<p>Die Studierenden k\u00f6nnen in den beiden ISA-Modulen \u201eIdeation\u201c und \u201eBusiness Concept\u201c die Grundlagen des unternehmerischen Vorgehensprozess erlernen und gleichzeitig am eigenen Projekt arbeiten.<\/p>\n<p>Im Weiteren besteht die M\u00f6glichkeit, Workshops (ohne ECTS) zu besuchen und Coaching in Anspruch zu nehmen.<\/p>\n<p><a href=\"https:\/\/hub.hslu.ch\/smart-up\/wp-content\/blogs.dir\/578\/files\/sites\/12\/2014\/09\/grunds\u00e4tzlicher-Aufbau.png\"><img loading=\"lazy\" decoding=\"async\" class=\"alignleft wp-image-1332 size-medium\" src=\"https:\/\/hub.hslu.ch\/smart-up\/wp-content\/blogs.dir\/578\/files\/sites\/12\/2014\/09\/grunds\u00e4tzlicher-Aufbau-300x248.png\" alt=\"grunds\u00e4tzlicher Aufbau\" width=\"300\" height=\"248\" srcset=\"https:\/\/hub.hslu.ch\/smart-up\/wp-content\/blogs.dir\/578\/files\/sites\/12\/2014\/09\/grunds\u00e4tzlicher-Aufbau-300x248.png 300w, https:\/\/hub.hslu.ch\/smart-up\/wp-content\/blogs.dir\/578\/files\/sites\/12\/2014\/09\/grunds\u00e4tzlicher-Aufbau.png 755w\" sizes=\"auto, (max-width: 300px) 100vw, 300px\" \/><\/a><\/p>\n<p>Abbildung 1: Grunds\u00e4tzlicher Aufbau (Anklicken zum Vergr\u00f6ssern)<\/p>\n<h2>Detaillierte Infos pro Studiengang<\/h2>\n<p>F\u00fcr die detaillierten Information pro Studiengang, hier klicken:<\/p>\n<p>&#8211; \u00a0 \u00a0 \u00a0<a href=\"https:\/\/hub.hslu.ch\/smart-up\/wp-content\/blogs.dir\/578\/files\/sites\/12\/2018\/08\/Grafik-Module-A.pdf\">Architektur<\/a><\/p>\n<p>&#8211; \u00a0 \u00a0 \u00a0 <a href=\"https:\/\/hub.hslu.ch\/smart-up\/wp-content\/blogs.dir\/578\/files\/sites\/12\/2018\/08\/Grafik-Module-B-v2.pdf\">Bautechnik<\/a><\/p>\n<p>&#8211;\u00a0 \u00a0 \u00a0\u00a0\u00a0<a href=\"https:\/\/hub.hslu.ch\/smart-up\/wp-content\/blogs.dir\/578\/files\/sites\/12\/2018\/08\/Grafik-Module-E.pdf\">Elektrotechnik<\/a><\/p>\n<p>&#8211;\u00a0 \u00a0 \u00a0 <a href=\"https:\/\/hub.hslu.ch\/smart-up\/wp-content\/blogs.dir\/578\/files\/sites\/12\/2018\/08\/Grafik-Module-G.pdf\">Geb\u00e4udetechnik<\/a><\/p>\n<p>&#8211;\u00a0 \u00a0 \u00a0 <a href=\"https:\/\/hub.hslu.ch\/smart-up\/wp-content\/blogs.dir\/578\/files\/sites\/12\/2018\/08\/Grafik-Module-IA.pdf\">Innenarchitektur<\/a><\/p>\n<p>&#8211;\u00a0 \u00a0 \u00a0 <a href=\"https:\/\/hub.hslu.ch\/smart-up\/wp-content\/blogs.dir\/578\/files\/sites\/12\/2018\/08\/Grafik-Module-M.pdf\">Maschinentechnik<\/a><\/p>\n<p>&#8211;\u00a0 \u00a0 \u00a0 <a href=\"https:\/\/hub.hslu.ch\/smart-up\/wp-content\/blogs.dir\/578\/files\/sites\/12\/2018\/09\/Grafik-Module-MT.pdf\">Medizintechnik<\/a><\/p>\n<p>&#8211;\u00a0 \u00a0 \u00a0 <a href=\"https:\/\/hub.hslu.ch\/smart-up\/wp-content\/blogs.dir\/578\/files\/sites\/12\/2018\/08\/Grafik-Module-WI.pdf\">Wirtschaftsingenieur | Innovation<\/a><\/p>\n<p>&#8211;\u00a0 \u00a0 \u00a0 <a href=\"https:\/\/hub.hslu.ch\/smart-up\/wp-content\/blogs.dir\/578\/files\/sites\/12\/2018\/08\/Grafik-Module-ESE.pdf\">Energy Systems Engineering<\/a><\/p>\n<p>Pro Studiengang ist ein Ansprechpartner definiert. F\u00fcr Fragen k\u00f6nnen Sie sich an ihn oder <a href=\"&#109;&#x61;&#105;&#x6c;&#116;&#x6f;&#58;&#x73;&#109;&#x61;&#114;&#x74;&#45;&#x75;&#112;&#x40;&#104;&#x73;&#108;&#x75;&#46;&#x63;&#104;\">&#115;m&#x61;r&#x74;-&#x75;p&#x40;h&#x73;l&#x75;&#46;&#x63;&#104;<\/a> wenden.<\/p>\n<table>\n<tbody>\n<tr>\n<td width=\"302\"><strong>Studiengang<\/strong><\/td>\n<td width=\"302\"><strong>Ansprechpartner<\/strong><\/td>\n<\/tr>\n<tr>\n<td width=\"302\">Architektur<\/td>\n<td width=\"302\">BSc: Prof. Christian Zimmermann<br \/>\nMAA: Prof. Johannes K\u00e4ferstein<\/td>\n<\/tr>\n<tr>\n<td width=\"302\">Bautechnik<\/td>\n<td width=\"302\">Prof. Dr. Albin Kenel<\/td>\n<\/tr>\n<tr>\n<td width=\"302\">Elektrotechnik<\/td>\n<td width=\"302\">Dr. Markus Thalmann<\/td>\n<\/tr>\n<tr>\n<td width=\"302\">Geb\u00e4udetechnik<\/td>\n<td width=\"302\">Prof. Adrian Altenburger<\/td>\n<\/tr>\n<tr>\n<td width=\"302\">Energy Systems Engineering<\/td>\n<td width=\"302\">Prof. Dr. Claas Wagner<\/td>\n<\/tr>\n<tr>\n<td width=\"302\">Innenarchitektur<\/td>\n<td width=\"302\">Prof. Dominic Haag-Walthert<\/td>\n<\/tr>\n<tr>\n<td width=\"302\">Maschinentechnik<\/td>\n<td width=\"302\">Dr. Ludger Fischer<\/td>\n<\/tr>\n<tr>\n<td width=\"302\">Wirtschaftsingenieur | Innovation<\/td>\n<td width=\"302\">Prof. Dr. Patrick Link<\/td>\n<\/tr>\n<tr>\n<td width=\"302\">Medizintechnik<\/td>\n<td width=\"302\">Dr. Franziska Mattle<\/td>\n<\/tr>\n<tr>\n<td width=\"302\">MSc Engineering<\/td>\n<td width=\"302\">Prof. Dr. J\u00f6rg Worlitschek<\/td>\n<\/tr>\n<\/tbody>\n<\/table>\n<p>Die HSLU bietet eine Vielzahl von Zusatz- und ISA-Modulen an. Viele sind auch aus unternehmerischer Sicht interessant. Wir haben eine Liste zusammengestellt.<\/p>\n<p>Eine detaillierte Beschreibung der empfohlenen Zusatz- und ISA-Module findet sich hier:<\/p>\n<ul>\n<li>Empfohlene <a href=\"https:\/\/hub.hslu.ch\/smart-up\/wp-content\/blogs.dir\/578\/files\/sites\/12\/2014\/09\/Konzept-Teilprogramm-EDUCATION_Studversion_Beschreibung_ISA_Module_Entrepreneurship-affin.pdf\">ISA-Module<\/a>\u00a0aus dem bestehenden Angebot<\/li>\n<li><a href=\"http:\/\/www.isa-campus.ch\" target=\"_blank\" rel=\"noopener\">ISA-Website<\/a><\/li>\n<li><a href=\"https:\/\/mycampus.hslu.ch\/-\/media\/campus\/common\/files\/dokumente\/other\/mycampus\/ta\/ta-infos-bachelor\/ta-modulbeschriebe\/t-d-e-ba-modulangebot-modulbeschriebe-freie-plaetze.xlsx?la=de-ch\">Module T&amp;A<\/a><\/li>\n<\/ul>\n<h2>Programminhalte ISA-Module\u00a0\u201eIdeation\u201c und \u201eBusiness Concept\u201c<\/h2>\n<p>Die beiden ISA-Module erm\u00f6glichen den Studierenden in Teams an einer (eigenen) Idee den unternehmerischen Prozess exemplarisch zu durchlaufen.<\/p>\n<p>Im ersten Modul \u201eIdeation\u201c geht von der Problemidentifikation, zur Gesch\u00e4ftsidee bis zum Gesch\u00e4ftsmodell und im zweiten Modul \u201eBusiness Concept\u201c vom Gesch\u00e4ftsmodell zum Businessplan.<\/p>\n<p>In beiden Modulen erhalten die Studierenden Gelegenheit, ihre Ideen einer Jury mit externen Personen (u.a. Business Angels) vorzustellen und ihr Netzwerk zu bilden. Es ist empfohlen, zuerst das Modul \u201eIdeation\u201c zu besuchen. Studierende, die schon eine validierte Gesch\u00e4ftsidee (inkl. Gesch\u00e4ftsmodell) haben, k\u00f6nnen auch direkt ins Modul \u201eBusiness Concept\u201c einsteigen.<\/p>\n<p><a href=\"https:\/\/hub.hslu.ch\/smart-up\/wp-content\/blogs.dir\/578\/files\/sites\/12\/2015\/03\/Smart-up-Module-Blog.jpg\"><img loading=\"lazy\" decoding=\"async\" class=\"alignnone size-medium wp-image-1873\" src=\"https:\/\/hub.hslu.ch\/smart-up\/wp-content\/blogs.dir\/578\/files\/sites\/12\/2015\/03\/Smart-up-Module-Blog-300x201.jpg\" alt=\"Smart-up Module Blog\" width=\"300\" height=\"201\" srcset=\"https:\/\/hub.hslu.ch\/smart-up\/wp-content\/blogs.dir\/578\/files\/sites\/12\/2015\/03\/Smart-up-Module-Blog-300x201.jpg 300w, https:\/\/hub.hslu.ch\/smart-up\/wp-content\/blogs.dir\/578\/files\/sites\/12\/2015\/03\/Smart-up-Module-Blog.jpg 755w\" sizes=\"auto, (max-width: 300px) 100vw, 300px\" \/><\/a><\/p>\n<p>Abbildung 2: Die beiden neuen ISA-Module\u00a0(Anklicken zum Vergr\u00f6ssern)<\/p>\n<p><a href=\"http:\/\/www.isa-campus.ch\/isa\/h-module-isa-herbstsemester-2\/h-ideation-creating-new-business-ideas-f15.htm\" target=\"_blank\" rel=\"noopener\"><strong>Kurzbeschreibung IDEATION<\/strong><\/a><\/p>\n<table width=\"100%\">\n<tbody>\n<tr>\n<td><\/td>\n<td><strong>Hauptziele:<\/strong> Durchlaufen des Prozessen der systematischen Ideenentwicklung bis zum Pitchen des Gesch\u00e4ftsmodelles\/vor einer Jury:<\/td>\n<\/tr>\n<tr>\n<td><\/td>\n<td><strong>Kurzbeschrieb:<\/strong> Im ersten Teil des Moduls, w\u00e4hrend des sogenannten 48-Stunden-Creathons, besch\u00e4ftigen sich die Studierenden intensiv mit neuen Methoden zur Ideen-generierung und \u2013bewertung, sowie der Anwendung von Kreativit\u00e4tstechniken und entwickeln daraus eine Idee f\u00fcr ein Innovationsprojekt, welches sie mittels Protoypen testen und weiter entwickeln.Im zweiten Teil wird die generierte Idee mittels des Business Modell Canvas konkretisiert und skizziert. Im Sinne eines Lean Startups werden Hypothesen entwickelt und validiert. Die resultierenden Businessmodelle (inkl. Prototypen) werden vor einer Jury pr\u00e4sentiert (gepitcht) und beurteilt.<\/td>\n<\/tr>\n<tr>\n<td><\/td>\n<td><strong>ECTS-Punkte:<\/strong> 3<\/td>\n<\/tr>\n<tr>\n<td><\/td>\n<td><strong>Zeitpunkt:\u00a0<\/strong>Blockwoche (Ende August\/Anfang September)<\/td>\n<\/tr>\n<\/tbody>\n<\/table>\n<p><a href=\"http:\/\/www.isa-campus.ch\/isa\/h-module-isa-herbstsemester-2\/h-ideation-creating-new-business-ideas-f15.htm\" target=\"_blank\" rel=\"noopener\">Jetzt f\u00fcr das Modul IDEATION anmelden!<\/a><\/p>\n<p><strong>Kurzbeschreibung DESIRE<\/strong><\/p>\n<table width=\"100%\">\n<tbody>\n<tr>\n<td><\/td>\n<td><strong>Hauptziele:<\/strong> Fortsetzen des Prozesses der systematischen Weiterentwicklung des Gesch\u00e4ftsmodelles (auf Basis des Lean Start-up-Ansatzes) bis zur Pr\u00e4sentation vor Investoren und der Erarbeitung eines Businessplans.<\/td>\n<\/tr>\n<tr>\n<td><\/td>\n<td><strong>Kurzbeschrieb:\u00a0<\/strong>Das ISA-Modul \u201eBusiness Concept\u201c ist das Folgemodul des ersten Teils \u201eIdeation\u201c. Studierende, welche \u201eIdeation\u201c besucht haben oder bereits eine Gesch\u00e4ftsidee mit dazugeh\u00f6rigem Gesch\u00e4ftsmodell haben, k\u00f6nnen ihre Idee in diesem Modul weiterentwickeln. Im Modul \u201eBusiness Concept\u201c werden die gewonnenen Erkenntnisse konkretisiert, im Sinne eines \u201eLean Startup\u201c-Ansatzes weiter verifiziert und letztlich in einem Businessplan zusammengefasst<\/td>\n<\/tr>\n<tr>\n<td><\/td>\n<td><strong>ECTS-Punkte:<\/strong> 3<\/td>\n<\/tr>\n<tr>\n<td><\/td>\n<td><strong>Zeitpunkt:<\/strong> W\u00e4hrend des Semesters<\/td>\n<\/tr>\n<\/tbody>\n<\/table>\n<h2>M\u00f6gliche Inhalte von BAT\/PAIND und Praxis im Studium (im Einzelfall abzukl\u00e4ren)<\/h2>\n<p>Die Themen, die in diesen Projektmodulen bearbeitet werden k\u00f6nnen, h\u00e4ngen vom Studiengang ab. Im Industrieprojekt (nur M, E, WI, MT, ESE) und in der Bachelor-Diplomarbeit m\u00fcssen Themenstellungen bearbeitet werden, die einen direkten Zusammenhang mit dem Studium haben. Es geht dabei um die Anwendung und Vertiefung des Studieninhaltes am konkreten Projekt.<\/p>\n<p>Das Modul \u201ePraxis im Studium\u201c dient dem Erwerb von praktischen Erfahrungen. Hier k\u00f6nnen auch Themenstellungen bearbeitet werden, die weiter weg vom eigentlichen Studium liegen. Das bietet eine ideale Plattform f\u00fcr die konkrete Umsetzung.<\/p>\n<p>Das Modul \u201ePraxis im Studium\u201c steht allen VZ und TZ Studierenden offen und kann einmal w\u00e4hrend des Studiums belegt werden.<\/p>\n<p>Inhalte der einzelnen Projektarbeiten (BAT, Praxis im Studium, etc.) m\u00fcssen in jedem Einzelfall mit den Modulverantwortlichen und\/oder Studiengangleiter besprochen werden.<\/p>\n","protected":false},"excerpt":{"rendered":"<p>Ziele Grunds\u00e4tzlicher Aufbau Detaillierte Infos pro Studiengang Programminhalte der ISA-Module \u201eIdeation\u201c und \u201eBusiness Concept\u201c M\u00f6gliche Inhalte von BAT\/PAIND und Praxis im Studium Ziele Die Studierenden der T&amp;A erhalten in allen Studieng\u00e4ngen die M\u00f6glichkeit, ihre Gesch\u00e4ftsidee im Rahmen von Modulen zu entwickeln und umsetzen zu k\u00f6nnen. So k\u00f6nnen sie unternehmerisch t\u00e4tig sein und dabei auch ECTS-Punkte<\/p>\n","protected":false},"author":1844,"featured_media":0,"parent":319,"menu_order":0,"comment_status":"open","ping_status":"closed","template":"","meta":{"_acf_changed":false,"inline_featured_image":false,"_relevanssi_hide_post":"","_relevanssi_hide_content":"","_relevanssi_pin_for_all":"","_relevanssi_pin_keywords":"","_relevanssi_unpin_keywords":"","_relevanssi_related_keywords":"","_relevanssi_related_include_ids":"","_relevanssi_related_exclude_ids":"","_relevanssi_related_no_append":"","_relevanssi_related_not_related":"","_relevanssi_related_posts":"","_relevanssi_noindex_reason":"","footnotes":"","_links_to":"","_links_to_target":""},"class_list":["post-1329","page","type-page","status-publish","hentry"],"acf":[],"yoast_head":"<!-- This site is optimized with the Yoast SEO plugin v27.3 - https:\/\/yoast.com\/product\/yoast-seo-wordpress\/ -->\n<title>Entrepreneurship-Baukasten T&amp;A - Smart-up<\/title>\n<meta name=\"description\" content=\"Ziele Grunds\u00e4tzlicher Aufbau Detaillierte Infos pro Studiengang Programminhalte der ISA-Module \u201eIdeation\u201c und \u201eBusiness Concept\u201c M\u00f6gliche Inhalte von\" \/>\n<meta name=\"robots\" content=\"index, follow, max-snippet:-1, max-image-preview:large, max-video-preview:-1\" \/>\n<link rel=\"canonical\" href=\"https:\/\/hub.hslu.ch\/smart-up\/angebot\/entrepreneurship-baukasten-ta\/\" \/>\n<meta property=\"og:locale\" content=\"de_DE\" \/>\n<meta property=\"og:type\" content=\"article\" \/>\n<meta property=\"og:title\" content=\"Entrepreneurship-Baukasten T&amp;A - Smart-up\" \/>\n<meta property=\"og:description\" content=\"Ziele Grunds\u00e4tzlicher Aufbau Detaillierte Infos pro Studiengang Programminhalte der ISA-Module \u201eIdeation\u201c und \u201eBusiness Concept\u201c M\u00f6gliche Inhalte von\" \/>\n<meta property=\"og:url\" content=\"https:\/\/hub.hslu.ch\/smart-up\/angebot\/entrepreneurship-baukasten-ta\/\" \/>\n<meta property=\"og:site_name\" content=\"Smart-up\" \/>\n<meta property=\"article:modified_time\" content=\"2018-09-11T08:48:03+00:00\" \/>\n<meta property=\"og:image\" content=\"https:\/\/hub.hslu.ch\/smart-up\/wp-content\/blogs.dir\/578\/files\/sites\/12\/2014\/09\/grunds\u00e4tzlicher-Aufbau-300x248.png\" \/>\n<meta name=\"twitter:card\" content=\"summary_large_image\" \/>\n<meta name=\"twitter:label1\" content=\"Gesch\u00e4tzte Lesezeit\" \/>\n\t<meta name=\"twitter:data1\" content=\"4\u00a0Minuten\" \/>\n<script type=\"application\/ld+json\" class=\"yoast-schema-graph\">{\"@context\":\"https:\\\/\\\/schema.org\",\"@graph\":[{\"@type\":\"WebPage\",\"@id\":\"https:\\\/\\\/hub.hslu.ch\\\/smart-up\\\/angebot\\\/entrepreneurship-baukasten-ta\\\/\",\"url\":\"https:\\\/\\\/hub.hslu.ch\\\/smart-up\\\/angebot\\\/entrepreneurship-baukasten-ta\\\/\",\"name\":\"Entrepreneurship-Baukasten T&amp;A - Smart-up\",\"isPartOf\":{\"@id\":\"https:\\\/\\\/hub.hslu.ch\\\/smart-up\\\/#website\"},\"primaryImageOfPage\":{\"@id\":\"https:\\\/\\\/hub.hslu.ch\\\/smart-up\\\/angebot\\\/entrepreneurship-baukasten-ta\\\/#primaryimage\"},\"image\":{\"@id\":\"https:\\\/\\\/hub.hslu.ch\\\/smart-up\\\/angebot\\\/entrepreneurship-baukasten-ta\\\/#primaryimage\"},\"thumbnailUrl\":\"https:\\\/\\\/hub.hslu.ch\\\/smart-up\\\/wp-content\\\/blogs.dir\\\/578\\\/files\\\/sites\\\/12\\\/2015\\\/03\\\/Smart-up-Module-Blog-300x201.jpg\",\"datePublished\":\"2014-09-08T08:01:10+00:00\",\"dateModified\":\"2018-09-11T08:48:03+00:00\",\"description\":\"Ziele Grunds\u00e4tzlicher Aufbau Detaillierte Infos pro Studiengang Programminhalte der ISA-Module \u201eIdeation\u201c und \u201eBusiness Concept\u201c M\u00f6gliche Inhalte von\",\"breadcrumb\":{\"@id\":\"https:\\\/\\\/hub.hslu.ch\\\/smart-up\\\/angebot\\\/entrepreneurship-baukasten-ta\\\/#breadcrumb\"},\"inLanguage\":\"de-CH\",\"potentialAction\":[{\"@type\":\"ReadAction\",\"target\":[\"https:\\\/\\\/hub.hslu.ch\\\/smart-up\\\/angebot\\\/entrepreneurship-baukasten-ta\\\/\"]}]},{\"@type\":\"ImageObject\",\"inLanguage\":\"de-CH\",\"@id\":\"https:\\\/\\\/hub.hslu.ch\\\/smart-up\\\/angebot\\\/entrepreneurship-baukasten-ta\\\/#primaryimage\",\"url\":\"https:\\\/\\\/hub.hslu.ch\\\/smart-up\\\/wp-content\\\/blogs.dir\\\/578\\\/files\\\/sites\\\/12\\\/2015\\\/03\\\/Smart-up-Module-Blog.jpg\",\"contentUrl\":\"https:\\\/\\\/hub.hslu.ch\\\/smart-up\\\/wp-content\\\/blogs.dir\\\/578\\\/files\\\/sites\\\/12\\\/2015\\\/03\\\/Smart-up-Module-Blog.jpg\",\"width\":755,\"height\":505},{\"@type\":\"BreadcrumbList\",\"@id\":\"https:\\\/\\\/hub.hslu.ch\\\/smart-up\\\/angebot\\\/entrepreneurship-baukasten-ta\\\/#breadcrumb\",\"itemListElement\":[{\"@type\":\"ListItem\",\"position\":1,\"name\":\"Angebot\",\"item\":\"https:\\\/\\\/hub.hslu.ch\\\/smart-up\\\/angebot\\\/\"},{\"@type\":\"ListItem\",\"position\":2,\"name\":\"Entrepreneurship-Baukasten T&amp;A\"}]},{\"@type\":\"WebSite\",\"@id\":\"https:\\\/\\\/hub.hslu.ch\\\/smart-up\\\/#website\",\"url\":\"https:\\\/\\\/hub.hslu.ch\\\/smart-up\\\/\",\"name\":\"Smart-up\",\"description\":\"Ideen erfolgreich umsetzen\",\"potentialAction\":[{\"@type\":\"SearchAction\",\"target\":{\"@type\":\"EntryPoint\",\"urlTemplate\":\"https:\\\/\\\/hub.hslu.ch\\\/smart-up\\\/?s={search_term_string}\"},\"query-input\":{\"@type\":\"PropertyValueSpecification\",\"valueRequired\":true,\"valueName\":\"search_term_string\"}}],\"inLanguage\":\"de-CH\"}]}<\/script>\n<!-- \/ Yoast SEO plugin. -->","yoast_head_json":{"title":"Entrepreneurship-Baukasten T&amp;A - Smart-up","description":"Ziele Grunds\u00e4tzlicher Aufbau Detaillierte Infos pro Studiengang Programminhalte der ISA-Module \u201eIdeation\u201c und \u201eBusiness Concept\u201c M\u00f6gliche Inhalte von","robots":{"index":"index","follow":"follow","max-snippet":"max-snippet:-1","max-image-preview":"max-image-preview:large","max-video-preview":"max-video-preview:-1"},"canonical":"https:\/\/hub.hslu.ch\/smart-up\/angebot\/entrepreneurship-baukasten-ta\/","og_locale":"de_DE","og_type":"article","og_title":"Entrepreneurship-Baukasten T&amp;A - Smart-up","og_description":"Ziele Grunds\u00e4tzlicher Aufbau Detaillierte Infos pro Studiengang Programminhalte der ISA-Module \u201eIdeation\u201c und \u201eBusiness Concept\u201c M\u00f6gliche Inhalte von","og_url":"https:\/\/hub.hslu.ch\/smart-up\/angebot\/entrepreneurship-baukasten-ta\/","og_site_name":"Smart-up","article_modified_time":"2018-09-11T08:48:03+00:00","og_image":[{"url":"https:\/\/hub.hslu.ch\/smart-up\/wp-content\/blogs.dir\/578\/files\/sites\/12\/2014\/09\/grunds\u00e4tzlicher-Aufbau-300x248.png","type":"","width":"","height":""}],"twitter_card":"summary_large_image","twitter_misc":{"Gesch\u00e4tzte Lesezeit":"4\u00a0Minuten"},"schema":{"@context":"https:\/\/schema.org","@graph":[{"@type":"WebPage","@id":"https:\/\/hub.hslu.ch\/smart-up\/angebot\/entrepreneurship-baukasten-ta\/","url":"https:\/\/hub.hslu.ch\/smart-up\/angebot\/entrepreneurship-baukasten-ta\/","name":"Entrepreneurship-Baukasten T&amp;A - Smart-up","isPartOf":{"@id":"https:\/\/hub.hslu.ch\/smart-up\/#website"},"primaryImageOfPage":{"@id":"https:\/\/hub.hslu.ch\/smart-up\/angebot\/entrepreneurship-baukasten-ta\/#primaryimage"},"image":{"@id":"https:\/\/hub.hslu.ch\/smart-up\/angebot\/entrepreneurship-baukasten-ta\/#primaryimage"},"thumbnailUrl":"https:\/\/hub.hslu.ch\/smart-up\/wp-content\/blogs.dir\/578\/files\/sites\/12\/2015\/03\/Smart-up-Module-Blog-300x201.jpg","datePublished":"2014-09-08T08:01:10+00:00","dateModified":"2018-09-11T08:48:03+00:00","description":"Ziele Grunds\u00e4tzlicher Aufbau Detaillierte Infos pro Studiengang Programminhalte der ISA-Module \u201eIdeation\u201c und \u201eBusiness Concept\u201c M\u00f6gliche Inhalte von","breadcrumb":{"@id":"https:\/\/hub.hslu.ch\/smart-up\/angebot\/entrepreneurship-baukasten-ta\/#breadcrumb"},"inLanguage":"de-CH","potentialAction":[{"@type":"ReadAction","target":["https:\/\/hub.hslu.ch\/smart-up\/angebot\/entrepreneurship-baukasten-ta\/"]}]},{"@type":"ImageObject","inLanguage":"de-CH","@id":"https:\/\/hub.hslu.ch\/smart-up\/angebot\/entrepreneurship-baukasten-ta\/#primaryimage","url":"https:\/\/hub.hslu.ch\/smart-up\/wp-content\/blogs.dir\/578\/files\/sites\/12\/2015\/03\/Smart-up-Module-Blog.jpg","contentUrl":"https:\/\/hub.hslu.ch\/smart-up\/wp-content\/blogs.dir\/578\/files\/sites\/12\/2015\/03\/Smart-up-Module-Blog.jpg","width":755,"height":505},{"@type":"BreadcrumbList","@id":"https:\/\/hub.hslu.ch\/smart-up\/angebot\/entrepreneurship-baukasten-ta\/#breadcrumb","itemListElement":[{"@type":"ListItem","position":1,"name":"Angebot","item":"https:\/\/hub.hslu.ch\/smart-up\/angebot\/"},{"@type":"ListItem","position":2,"name":"Entrepreneurship-Baukasten T&amp;A"}]},{"@type":"WebSite","@id":"https:\/\/hub.hslu.ch\/smart-up\/#website","url":"https:\/\/hub.hslu.ch\/smart-up\/","name":"Smart-up","description":"Ideen erfolgreich umsetzen","potentialAction":[{"@type":"SearchAction","target":{"@type":"EntryPoint","urlTemplate":"https:\/\/hub.hslu.ch\/smart-up\/?s={search_term_string}"},"query-input":{"@type":"PropertyValueSpecification","valueRequired":true,"valueName":"search_term_string"}}],"inLanguage":"de-CH"}]}},"featured_image_src":null,"featured_image_src_square":null,"_links":{"self":[{"href":"https:\/\/hub.hslu.ch\/smart-up\/wp-json\/wp\/v2\/pages\/1329","targetHints":{"allow":["GET"]}}],"collection":[{"href":"https:\/\/hub.hslu.ch\/smart-up\/wp-json\/wp\/v2\/pages"}],"about":[{"href":"https:\/\/hub.hslu.ch\/smart-up\/wp-json\/wp\/v2\/types\/page"}],"author":[{"embeddable":true,"href":"https:\/\/hub.hslu.ch\/smart-up\/wp-json\/wp\/v2\/users\/1844"}],"replies":[{"embeddable":true,"href":"https:\/\/hub.hslu.ch\/smart-up\/wp-json\/wp\/v2\/comments?post=1329"}],"version-history":[{"count":7,"href":"https:\/\/hub.hslu.ch\/smart-up\/wp-json\/wp\/v2\/pages\/1329\/revisions"}],"predecessor-version":[{"id":4769,"href":"https:\/\/hub.hslu.ch\/smart-up\/wp-json\/wp\/v2\/pages\/1329\/revisions\/4769"}],"up":[{"embeddable":true,"href":"https:\/\/hub.hslu.ch\/smart-up\/wp-json\/wp\/v2\/pages\/319"}],"wp:attachment":[{"href":"https:\/\/hub.hslu.ch\/smart-up\/wp-json\/wp\/v2\/media?parent=1329"}],"curies":[{"name":"wp","href":"https:\/\/api.w.org\/{rel}","templated":true}]}}