{"id":1597,"date":"2015-01-08T13:58:24","date_gmt":"2015-01-08T12:58:24","guid":{"rendered":"https:\/\/hub.hslu.ch\/smart-up\/?page_id=1597"},"modified":"2020-08-28T13:41:24","modified_gmt":"2020-08-28T11:41:24","slug":"smart-up-hub-horw","status":"publish","type":"page","link":"https:\/\/hub.hslu.ch\/smart-up\/smart-up-hubs\/smart-up-hub-horw\/","title":{"rendered":"Smart-up Hub Horw"},"content":{"rendered":"\n<h3 class=\"wp-block-heading\"><strong>Smart-up Hub&nbsp;an der&nbsp;Hochschule Luzern &#8211; Technik &amp; Architektur<br><\/strong><\/h3>\n\n\n\n<p><strong>Ebenaustrasse 20, Horw (Campus Technik &amp; Architektur)<\/strong><\/p>\n\n\n\n<p>Sehen Sie hier eine Auswahl der vielen Start-ups, die bereits gegr\u00fcndet wurden oder demn\u00e4chst in Form eines Start-ups realisiert werden sollen und von Smart-up unterst\u00fctzt werden:<\/p>\n\n\n\n<p><a aria-label=\"undefined (opens in a new tab)\" href=\"https:\/\/hub.hslu.ch\/smart-up\/wp-content\/blogs.dir\/578\/files\/sites\/12\/2015\/01\/\u00dcbersicht-Ebenau-Startups-27092016.jpg\" target=\"_blank\" rel=\"noreferrer noopener\">Start-ups Hochschule Luzern &#8211; Technik &amp; Architektur<\/a><\/p>\n\n\n\n<p>Zus\u00e4tzlich zu den Einzelb\u00fcros verf\u00fcgt der Smart-up Hub in Horw \u00fcber einen Coworking Space. Die Arbeitspl\u00e4tze im offenen Coworking Bereich sind flexibel und frei zug\u00e4nglich. Vor der Erstnutzung bedarf es einem Erstgespr\u00e4ch mit Jemandem vom Smart-up Team des Departements Technik &amp; Architektur.<\/p>\n\n\n\n<figure class=\"wp-block-image size-large is-resized\"><img loading=\"lazy\" decoding=\"async\" src=\"https:\/\/hub.hslu.ch\/smart-up\/wp-content\/blogs.dir\/578\/files\/sites\/12\/2020\/02\/IMG_20200206_105059-1024x768.jpg\" alt=\"Smart-up Hub an der Hochschule Luzern - Technik &amp; Architektur\n\" class=\"wp-image-6217\" width=\"768\" height=\"576\" srcset=\"https:\/\/hub.hslu.ch\/smart-up\/wp-content\/blogs.dir\/578\/files\/sites\/12\/2020\/02\/IMG_20200206_105059-1024x768.jpg 1024w, https:\/\/hub.hslu.ch\/smart-up\/wp-content\/blogs.dir\/578\/files\/sites\/12\/2020\/02\/IMG_20200206_105059-300x225.jpg 300w, https:\/\/hub.hslu.ch\/smart-up\/wp-content\/blogs.dir\/578\/files\/sites\/12\/2020\/02\/IMG_20200206_105059-768x576.jpg 768w, https:\/\/hub.hslu.ch\/smart-up\/wp-content\/blogs.dir\/578\/files\/sites\/12\/2020\/02\/IMG_20200206_105059-1536x1152.jpg 1536w, https:\/\/hub.hslu.ch\/smart-up\/wp-content\/blogs.dir\/578\/files\/sites\/12\/2020\/02\/IMG_20200206_105059.jpg 1920w\" sizes=\"auto, (max-width: 768px) 100vw, 768px\" \/><\/figure>\n\n\n\n<p>Die Arbeitspl\u00e4tze sind f\u00fcr Studierende, Mitarbeitende und Alumni der Hochschule Luzern zum Arbeiten an der eigenen Gesch\u00e4ftsidee vorbehalten. Die Nutzung der Arbeitspl\u00e4tze ist grunds\u00e4tzlich kostenlos und jeweils zu den B\u00fcro\u00f6ffnungszeiten m\u00f6glich. Bei regelm\u00e4ssigem Gebrauch empfiehlt sich aber der Abschluss eines\u00a0<a href=\"https:\/\/hub.hslu.ch\/smart-up\/angebot\/package\/\">Smart-up Packages<\/a>, um zus\u00e4tzliche digitale Sichtbarkeit auf dem Campus zu gew\u00e4hrleisten und von weiteren attraktiven Angeboten von Smart-up profitieren zu k\u00f6nnen.<\/p>\n\n\n\n<figure class=\"wp-block-image size-large is-resized\"><img loading=\"lazy\" decoding=\"async\" src=\"https:\/\/hub.hslu.ch\/smart-up\/wp-content\/blogs.dir\/578\/files\/sites\/12\/2019\/02\/smart-up-1024x756.png\" alt=\"\" class=\"wp-image-5155\" width=\"768\" height=\"567\" srcset=\"https:\/\/hub.hslu.ch\/smart-up\/wp-content\/blogs.dir\/578\/files\/sites\/12\/2019\/02\/smart-up-1024x756.png 1024w, https:\/\/hub.hslu.ch\/smart-up\/wp-content\/blogs.dir\/578\/files\/sites\/12\/2019\/02\/smart-up-300x221.png 300w, https:\/\/hub.hslu.ch\/smart-up\/wp-content\/blogs.dir\/578\/files\/sites\/12\/2019\/02\/smart-up-768x567.png 768w, https:\/\/hub.hslu.ch\/smart-up\/wp-content\/blogs.dir\/578\/files\/sites\/12\/2019\/02\/smart-up.png 1561w\" sizes=\"auto, (max-width: 768px) 100vw, 768px\" \/><\/figure>\n\n\n\n<p><strong>Sind Sie interessiert? Dann melden Sie sich direkt bei&nbsp;<a href=\"&#109;a&#105;l&#116;o&#x3a;s&#x6d;a&#x72;t&#x2d;u&#x70;&#64;&#x68;s&#x6c;u&#x2e;c&#x68;\">&#x73;&#x6d;&#x61;&#x72;&#x74;&#45;&#117;&#112;&#64;hsl&#x75;&#x2e;&#x63;&#x68;<\/a>.&nbsp;<\/strong><\/p>\n","protected":false},"excerpt":{"rendered":"<p>Smart-up Hub&nbsp;an der&nbsp;Hochschule Luzern &#8211; Technik &amp; Architektur Ebenaustrasse 20, Horw (Campus Technik &amp; Architektur) Sehen Sie hier eine Auswahl der vielen Start-ups, die bereits gegr\u00fcndet wurden oder demn\u00e4chst in Form eines Start-ups realisiert werden sollen und von Smart-up unterst\u00fctzt werden: Start-ups Hochschule Luzern &#8211; Technik &amp; Architektur Zus\u00e4tzlich zu den Einzelb\u00fcros verf\u00fcgt der Smart-up<\/p>\n","protected":false},"author":1845,"featured_media":0,"parent":1553,"menu_order":0,"comment_status":"open","ping_status":"closed","template":"","meta":{"_acf_changed":false,"inline_featured_image":false,"_relevanssi_hide_post":"","_relevanssi_hide_content":"","_relevanssi_pin_for_all":"","_relevanssi_pin_keywords":"","_relevanssi_unpin_keywords":"","_relevanssi_related_keywords":"","_relevanssi_related_include_ids":"","_relevanssi_related_exclude_ids":"","_relevanssi_related_no_append":"","_relevanssi_related_not_related":"","_relevanssi_related_posts":"","_relevanssi_noindex_reason":"","footnotes":"","_links_to":"","_links_to_target":""},"class_list":["post-1597","page","type-page","status-publish","hentry"],"acf":[],"yoast_head":"<!-- This site is optimized with the Yoast SEO plugin v27.5 - https:\/\/yoast.com\/product\/yoast-seo-wordpress\/ -->\n<title>Smart-up Hub Horw - Smart-up<\/title>\n<meta name=\"description\" content=\"Smart-up Hub&nbsp;an der&nbsp;Hochschule Luzern - Technik &amp; Architektur Ebenaustrasse 20, Horw (Campus Technik &amp; Architektur) Sehen Sie hier eine\" \/>\n<meta name=\"robots\" content=\"index, follow, max-snippet:-1, max-image-preview:large, max-video-preview:-1\" \/>\n<link rel=\"canonical\" href=\"https:\/\/hub.hslu.ch\/smart-up\/smart-up-hubs\/smart-up-hub-horw\/\" \/>\n<meta property=\"og:locale\" content=\"de_DE\" \/>\n<meta property=\"og:type\" content=\"article\" \/>\n<meta property=\"og:title\" content=\"Smart-up Hub Horw - Smart-up\" \/>\n<meta property=\"og:description\" content=\"Smart-up Hub&nbsp;an der&nbsp;Hochschule Luzern - Technik &amp; Architektur Ebenaustrasse 20, Horw (Campus Technik &amp; Architektur) Sehen Sie hier eine\" \/>\n<meta property=\"og:url\" content=\"https:\/\/hub.hslu.ch\/smart-up\/smart-up-hubs\/smart-up-hub-horw\/\" \/>\n<meta property=\"og:site_name\" content=\"Smart-up\" \/>\n<meta property=\"article:modified_time\" content=\"2020-08-28T11:41:24+00:00\" \/>\n<meta property=\"og:image\" content=\"https:\/\/hub.hslu.ch\/smart-up\/wp-content\/blogs.dir\/578\/files\/sites\/12\/2020\/02\/IMG_20200206_105059-1024x768.jpg\" \/>\n<meta name=\"twitter:card\" content=\"summary_large_image\" \/>\n<meta name=\"twitter:label1\" content=\"Gesch\u00e4tzte Lesezeit\" \/>\n\t<meta name=\"twitter:data1\" content=\"1\u00a0Minute\" \/>\n<script type=\"application\/ld+json\" class=\"yoast-schema-graph\">{\"@context\":\"https:\\\/\\\/schema.org\",\"@graph\":[{\"@type\":\"WebPage\",\"@id\":\"https:\\\/\\\/hub.hslu.ch\\\/smart-up\\\/smart-up-hubs\\\/smart-up-hub-horw\\\/\",\"url\":\"https:\\\/\\\/hub.hslu.ch\\\/smart-up\\\/smart-up-hubs\\\/smart-up-hub-horw\\\/\",\"name\":\"Smart-up Hub Horw - Smart-up\",\"isPartOf\":{\"@id\":\"https:\\\/\\\/hub.hslu.ch\\\/smart-up\\\/#website\"},\"primaryImageOfPage\":{\"@id\":\"https:\\\/\\\/hub.hslu.ch\\\/smart-up\\\/smart-up-hubs\\\/smart-up-hub-horw\\\/#primaryimage\"},\"image\":{\"@id\":\"https:\\\/\\\/hub.hslu.ch\\\/smart-up\\\/smart-up-hubs\\\/smart-up-hub-horw\\\/#primaryimage\"},\"thumbnailUrl\":\"https:\\\/\\\/hub.hslu.ch\\\/smart-up\\\/wp-content\\\/blogs.dir\\\/578\\\/files\\\/sites\\\/12\\\/2020\\\/02\\\/IMG_20200206_105059-1024x768.jpg\",\"datePublished\":\"2015-01-08T12:58:24+00:00\",\"dateModified\":\"2020-08-28T11:41:24+00:00\",\"description\":\"Smart-up Hub&nbsp;an der&nbsp;Hochschule Luzern - Technik &amp; Architektur Ebenaustrasse 20, Horw (Campus Technik &amp; Architektur) Sehen Sie hier eine\",\"breadcrumb\":{\"@id\":\"https:\\\/\\\/hub.hslu.ch\\\/smart-up\\\/smart-up-hubs\\\/smart-up-hub-horw\\\/#breadcrumb\"},\"inLanguage\":\"de-CH\",\"potentialAction\":[{\"@type\":\"ReadAction\",\"target\":[\"https:\\\/\\\/hub.hslu.ch\\\/smart-up\\\/smart-up-hubs\\\/smart-up-hub-horw\\\/\"]}]},{\"@type\":\"ImageObject\",\"inLanguage\":\"de-CH\",\"@id\":\"https:\\\/\\\/hub.hslu.ch\\\/smart-up\\\/smart-up-hubs\\\/smart-up-hub-horw\\\/#primaryimage\",\"url\":\"https:\\\/\\\/hub.hslu.ch\\\/smart-up\\\/wp-content\\\/blogs.dir\\\/578\\\/files\\\/sites\\\/12\\\/2020\\\/02\\\/IMG_20200206_105059.jpg\",\"contentUrl\":\"https:\\\/\\\/hub.hslu.ch\\\/smart-up\\\/wp-content\\\/blogs.dir\\\/578\\\/files\\\/sites\\\/12\\\/2020\\\/02\\\/IMG_20200206_105059.jpg\",\"width\":1920,\"height\":1440},{\"@type\":\"BreadcrumbList\",\"@id\":\"https:\\\/\\\/hub.hslu.ch\\\/smart-up\\\/smart-up-hubs\\\/smart-up-hub-horw\\\/#breadcrumb\",\"itemListElement\":[{\"@type\":\"ListItem\",\"position\":1,\"name\":\"Infrastruktur\",\"item\":\"https:\\\/\\\/hub.hslu.ch\\\/smart-up\\\/smart-up-hubs\\\/\"},{\"@type\":\"ListItem\",\"position\":2,\"name\":\"Smart-up Hub Horw\"}]},{\"@type\":\"WebSite\",\"@id\":\"https:\\\/\\\/hub.hslu.ch\\\/smart-up\\\/#website\",\"url\":\"https:\\\/\\\/hub.hslu.ch\\\/smart-up\\\/\",\"name\":\"Smart-up\",\"description\":\"Ideen erfolgreich umsetzen\",\"potentialAction\":[{\"@type\":\"SearchAction\",\"target\":{\"@type\":\"EntryPoint\",\"urlTemplate\":\"https:\\\/\\\/hub.hslu.ch\\\/smart-up\\\/?s={search_term_string}\"},\"query-input\":{\"@type\":\"PropertyValueSpecification\",\"valueRequired\":true,\"valueName\":\"search_term_string\"}}],\"inLanguage\":\"de-CH\"}]}<\/script>\n<!-- \/ Yoast SEO plugin. -->","yoast_head_json":{"title":"Smart-up Hub Horw - Smart-up","description":"Smart-up Hub&nbsp;an der&nbsp;Hochschule Luzern - Technik &amp; Architektur Ebenaustrasse 20, Horw (Campus Technik &amp; Architektur) Sehen Sie hier eine","robots":{"index":"index","follow":"follow","max-snippet":"max-snippet:-1","max-image-preview":"max-image-preview:large","max-video-preview":"max-video-preview:-1"},"canonical":"https:\/\/hub.hslu.ch\/smart-up\/smart-up-hubs\/smart-up-hub-horw\/","og_locale":"de_DE","og_type":"article","og_title":"Smart-up Hub Horw - Smart-up","og_description":"Smart-up Hub&nbsp;an der&nbsp;Hochschule Luzern - Technik &amp; Architektur Ebenaustrasse 20, Horw (Campus Technik &amp; Architektur) Sehen Sie hier eine","og_url":"https:\/\/hub.hslu.ch\/smart-up\/smart-up-hubs\/smart-up-hub-horw\/","og_site_name":"Smart-up","article_modified_time":"2020-08-28T11:41:24+00:00","og_image":[{"url":"https:\/\/hub.hslu.ch\/smart-up\/wp-content\/blogs.dir\/578\/files\/sites\/12\/2020\/02\/IMG_20200206_105059-1024x768.jpg","type":"","width":"","height":""}],"twitter_card":"summary_large_image","twitter_misc":{"Gesch\u00e4tzte Lesezeit":"1\u00a0Minute"},"schema":{"@context":"https:\/\/schema.org","@graph":[{"@type":"WebPage","@id":"https:\/\/hub.hslu.ch\/smart-up\/smart-up-hubs\/smart-up-hub-horw\/","url":"https:\/\/hub.hslu.ch\/smart-up\/smart-up-hubs\/smart-up-hub-horw\/","name":"Smart-up Hub Horw - Smart-up","isPartOf":{"@id":"https:\/\/hub.hslu.ch\/smart-up\/#website"},"primaryImageOfPage":{"@id":"https:\/\/hub.hslu.ch\/smart-up\/smart-up-hubs\/smart-up-hub-horw\/#primaryimage"},"image":{"@id":"https:\/\/hub.hslu.ch\/smart-up\/smart-up-hubs\/smart-up-hub-horw\/#primaryimage"},"thumbnailUrl":"https:\/\/hub.hslu.ch\/smart-up\/wp-content\/blogs.dir\/578\/files\/sites\/12\/2020\/02\/IMG_20200206_105059-1024x768.jpg","datePublished":"2015-01-08T12:58:24+00:00","dateModified":"2020-08-28T11:41:24+00:00","description":"Smart-up Hub&nbsp;an der&nbsp;Hochschule Luzern - Technik &amp; Architektur Ebenaustrasse 20, Horw (Campus Technik &amp; Architektur) Sehen Sie hier eine","breadcrumb":{"@id":"https:\/\/hub.hslu.ch\/smart-up\/smart-up-hubs\/smart-up-hub-horw\/#breadcrumb"},"inLanguage":"de-CH","potentialAction":[{"@type":"ReadAction","target":["https:\/\/hub.hslu.ch\/smart-up\/smart-up-hubs\/smart-up-hub-horw\/"]}]},{"@type":"ImageObject","inLanguage":"de-CH","@id":"https:\/\/hub.hslu.ch\/smart-up\/smart-up-hubs\/smart-up-hub-horw\/#primaryimage","url":"https:\/\/hub.hslu.ch\/smart-up\/wp-content\/blogs.dir\/578\/files\/sites\/12\/2020\/02\/IMG_20200206_105059.jpg","contentUrl":"https:\/\/hub.hslu.ch\/smart-up\/wp-content\/blogs.dir\/578\/files\/sites\/12\/2020\/02\/IMG_20200206_105059.jpg","width":1920,"height":1440},{"@type":"BreadcrumbList","@id":"https:\/\/hub.hslu.ch\/smart-up\/smart-up-hubs\/smart-up-hub-horw\/#breadcrumb","itemListElement":[{"@type":"ListItem","position":1,"name":"Infrastruktur","item":"https:\/\/hub.hslu.ch\/smart-up\/smart-up-hubs\/"},{"@type":"ListItem","position":2,"name":"Smart-up Hub Horw"}]},{"@type":"WebSite","@id":"https:\/\/hub.hslu.ch\/smart-up\/#website","url":"https:\/\/hub.hslu.ch\/smart-up\/","name":"Smart-up","description":"Ideen erfolgreich umsetzen","potentialAction":[{"@type":"SearchAction","target":{"@type":"EntryPoint","urlTemplate":"https:\/\/hub.hslu.ch\/smart-up\/?s={search_term_string}"},"query-input":{"@type":"PropertyValueSpecification","valueRequired":true,"valueName":"search_term_string"}}],"inLanguage":"de-CH"}]}},"featured_image_src":null,"featured_image_src_square":null,"_links":{"self":[{"href":"https:\/\/hub.hslu.ch\/smart-up\/wp-json\/wp\/v2\/pages\/1597","targetHints":{"allow":["GET"]}}],"collection":[{"href":"https:\/\/hub.hslu.ch\/smart-up\/wp-json\/wp\/v2\/pages"}],"about":[{"href":"https:\/\/hub.hslu.ch\/smart-up\/wp-json\/wp\/v2\/types\/page"}],"author":[{"embeddable":true,"href":"https:\/\/hub.hslu.ch\/smart-up\/wp-json\/wp\/v2\/users\/1845"}],"replies":[{"embeddable":true,"href":"https:\/\/hub.hslu.ch\/smart-up\/wp-json\/wp\/v2\/comments?post=1597"}],"version-history":[{"count":12,"href":"https:\/\/hub.hslu.ch\/smart-up\/wp-json\/wp\/v2\/pages\/1597\/revisions"}],"predecessor-version":[{"id":6952,"href":"https:\/\/hub.hslu.ch\/smart-up\/wp-json\/wp\/v2\/pages\/1597\/revisions\/6952"}],"up":[{"embeddable":true,"href":"https:\/\/hub.hslu.ch\/smart-up\/wp-json\/wp\/v2\/pages\/1553"}],"wp:attachment":[{"href":"https:\/\/hub.hslu.ch\/smart-up\/wp-json\/wp\/v2\/media?parent=1597"}],"curies":[{"name":"wp","href":"https:\/\/api.w.org\/{rel}","templated":true}]}}