{"id":1813,"date":"2015-03-03T16:06:25","date_gmt":"2015-03-03T15:06:25","guid":{"rendered":"https:\/\/hub.hslu.ch\/smart-up\/?page_id=1813"},"modified":"2020-11-23T15:04:58","modified_gmt":"2020-11-23T14:04:58","slug":"entrepreneurship-baukasten-wirtschaft","status":"publish","type":"page","link":"https:\/\/hub.hslu.ch\/smart-up\/angebot\/entrepreneurship-baukasten-wirtschaft\/","title":{"rendered":"Entrepreneurship-Baukasten Wirtschaft"},"content":{"rendered":"<p>Als Studierende\/r der Hochschule Luzern &#8211; Wirtschaft&nbsp;bietet Ihnen&nbsp;der&nbsp;Entrepreneurship-Track verschiedene&nbsp;M\u00f6glichkeiten, Ihr Studium f\u00fcr die eigene Gesch\u00e4ftsidee oder das eigene Start-up zu nutzen:<\/p>\n<ul>\n<li><span style=\"color: #e2007a\"><span style=\"color: #000000\">Der Besuch von<\/span><a style=\"color: #e2007a\" href=\"https:\/\/hub.hslu.ch\/smart-up\/angebot-2\/das-studium-als-gruendergarage\/isa-module-fuer-entrepreneurs\/\" target=\"_blank\" rel=\"noopener noreferrer\"> Smart-up ISA-Modulen<\/a><a href=\"https:\/\/hub.hslu.ch\/smart-up\/wp-content\/blogs.dir\/578\/files\/sites\/12\/2014\/02\/Bild_Gr\u00fcndergarage.jpg\" rel=\"attachment wp-att-2474\"><img loading=\"lazy\" decoding=\"async\" class=\"alignright size-medium wp-image-2474\" src=\"https:\/\/hub.hslu.ch\/smart-up\/wp-content\/blogs.dir\/578\/files\/sites\/12\/2014\/02\/Bild_Gr\u00fcndergarage-300x203.jpg\" alt=\"Bild_Gr\u00fcndergarage\" width=\"300\" height=\"203\" srcset=\"https:\/\/hub.hslu.ch\/smart-up\/wp-content\/blogs.dir\/578\/files\/sites\/12\/2014\/02\/Bild_Gr\u00fcndergarage-300x203.jpg 300w, https:\/\/hub.hslu.ch\/smart-up\/wp-content\/blogs.dir\/578\/files\/sites\/12\/2014\/02\/Bild_Gr\u00fcndergarage-1024x693.jpg 1024w, https:\/\/hub.hslu.ch\/smart-up\/wp-content\/blogs.dir\/578\/files\/sites\/12\/2014\/02\/Bild_Gr\u00fcndergarage.jpg 1496w\" sizes=\"auto, (max-width: 300px) 100vw, 300px\" \/><\/a><\/span><\/li>\n<li>Der Besuch von <a href=\"https:\/\/hub.hslu.ch\/smart-up\/wp-content\/blogs.dir\/578\/files\/sites\/12\/2015\/03\/Entrepreneurship-Track-an-der-HSLU-W.pdf\" rel=\"\"><span style=\"color: #e2007a\">unternehmertumsrelevanten Module der einzelnen Studieng\u00e4nge<\/span> <\/a><\/li>\n<li>Das &nbsp;Verfassen von <a href=\"https:\/\/hub.hslu.ch\/smart-up\/angebot-2\/das-studium-als-gruendergarage\/die-studentischen-arbeiten-in-der-gruendergarage\/\" target=\"_blank\" rel=\"noopener noreferrer\"><span style=\"color: #e2007a\">studentischen Arbeiten zur eigenen Idee\/Unternehmung<\/span> <\/a><\/li>\n<\/ul>\n<p>&nbsp;<\/p>\n<p>Weitere&nbsp;Informationen zu den M\u00f6glichkeiten&nbsp;in den&nbsp;einzelnen Studieng\u00e4ngen:<\/p>\n<ul>\n<li><span style=\"color: #e2007a\"><a style=\"color: #e2007a\" href=\"https:\/\/hub.hslu.ch\/smart-up\/wp-content\/blogs.dir\/578\/files\/sites\/12\/2015\/03\/Entrepreneurship-Track-W_BSc_BA.pdf\" rel=\"\">Bachelor of Science in Business Administration: Entrepreneurship Track<\/a><\/span><\/li>\n<li><span style=\"color: #e2007a\"><a style=\"color: #e2007a\" href=\"https:\/\/hub.hslu.ch\/smart-up\/wp-content\/blogs.dir\/578\/files\/sites\/12\/2015\/03\/Entrepreneurship-Track-W_BSc_IME.pdf\" rel=\"\">Bachelor of Science in International Management &amp; Economics: Entrepreneurship Track<\/a><\/span><\/li>\n<li><span style=\"color: #e2007a\"><a style=\"color: #e2007a\" href=\"https:\/\/hub.hslu.ch\/smart-up\/wp-content\/blogs.dir\/578\/files\/sites\/12\/2015\/03\/Entrepreneurship-Track-W_BSc_WI.pdf\" rel=\"\">Bachelor of Science in Wirtschaftsinformatik: Entrepreneurship Track<\/a><\/span><\/li>\n<li><a href=\"https:\/\/hub.hslu.ch\/smart-up\/wp-content\/blogs.dir\/578\/files\/sites\/12\/2020\/11\/Grafik_Module-W_MSc-1.pdf\"><span style=\"color: #e2007a\">Master-Studieng\u00e4nge: Entrepreneurship Tracks<\/span><\/a><\/li>\n<li>Alle Studieng\u00e4nge: <span style=\"color: #e2007a\"><a style=\"color: #e2007a\" href=\"https:\/\/hub.hslu.ch\/smart-up\/wp-content\/blogs.dir\/578\/files\/sites\/12\/2015\/03\/Entrepreneurship-Track-an-der-HSLU-W.pdf\" rel=\"\">Entrepreneurship Track &amp; unternehmertumsrelevante Module<\/a><\/span><\/li>\n<\/ul>\n<h5>Wichtig:<\/h5>\n<ul>\n<li>Falls Sie sich&nbsp;zus\u00e4tzlich zu den im Studium vorgesehenen Pflichtveranstaltungen unternehmerisch engagieren und dies erfolgreich tun, stellt Ihnen die Hochschule Luzern &#8211; Wirtschaft ein <strong>Attest f\u00fcr ausser-curriculare Leistungen<\/strong> aus, das Ihrem Diplom beigelegt wird. Ein entsprechender Antrag kann an Smart-up gerichtet werden.<\/li>\n<li>Sie verfolgen Ihr Start-up im Rahmen des Studiums und verfassen z.B. Ihre studentischen Arbeiten dazu? <span style=\"color: #e2007a\"><a style=\"color: #e2007a\" href=\"https:\/\/hub.hslu.ch\/smart-up\/wp-content\/blogs.dir\/578\/files\/sites\/12\/2014\/03\/Gesuch_Auftraggebergeb\u00fchr2.pdf\" target=\"_blank\" rel=\"noopener noreferrer\">Smart-up \u00fcbernimmt daf\u00fcr die Auftraggebergeb\u00fchr<\/a>!<\/span><\/li>\n<li>Ausserdem: Gem\u00e4ss neuer Studienordnung liegen die <strong>Rechte f\u00fcr die verfassten Arbeiten grunds\u00e4tzlich immer bei dem\/der Verfasser\/in<\/strong>! Die Hochschule hat einzig Verwendungsrechte (d.h. darf dar\u00fcber einen Artikel publizieren o.\u00e4.).<\/li>\n<\/ul>\n<p>&nbsp;<\/p>\n","protected":false},"excerpt":{"rendered":"<p>Als Studierende\/r der Hochschule Luzern &#8211; Wirtschaft&nbsp;bietet Ihnen&nbsp;der&nbsp;Entrepreneurship-Track verschiedene&nbsp;M\u00f6glichkeiten, Ihr Studium f\u00fcr die eigene Gesch\u00e4ftsidee oder das eigene Start-up zu nutzen: Der Besuch von Smart-up ISA-Modulen Der Besuch von unternehmertumsrelevanten Module der einzelnen Studieng\u00e4nge Das &nbsp;Verfassen von studentischen Arbeiten zur eigenen Idee\/Unternehmung &nbsp; Weitere&nbsp;Informationen zu den M\u00f6glichkeiten&nbsp;in den&nbsp;einzelnen Studieng\u00e4ngen: Bachelor of Science in Business Administration:<\/p>\n","protected":false},"author":1844,"featured_media":0,"parent":319,"menu_order":0,"comment_status":"open","ping_status":"closed","template":"","meta":{"_acf_changed":false,"inline_featured_image":false,"_relevanssi_hide_post":"","_relevanssi_hide_content":"","_relevanssi_pin_for_all":"","_relevanssi_pin_keywords":"","_relevanssi_unpin_keywords":"","_relevanssi_related_keywords":"","_relevanssi_related_include_ids":"","_relevanssi_related_exclude_ids":"","_relevanssi_related_no_append":"","_relevanssi_related_not_related":"","_relevanssi_related_posts":"","_relevanssi_noindex_reason":"","footnotes":"","_links_to":"","_links_to_target":""},"class_list":["post-1813","page","type-page","status-publish","hentry"],"acf":[],"yoast_head":"<!-- This site is optimized with the Yoast SEO plugin v27.5 - https:\/\/yoast.com\/product\/yoast-seo-wordpress\/ -->\n<title>Entrepreneurship-Baukasten Wirtschaft - Smart-up<\/title>\n<meta name=\"description\" content=\"Als Studierende\/r der Hochschule Luzern - Wirtschaft&nbsp;bietet Ihnen&nbsp;der&nbsp;Entrepreneurship-Track verschiedene&nbsp;M\u00f6glichkeiten, Ihr Studium\" \/>\n<meta name=\"robots\" content=\"index, follow, max-snippet:-1, max-image-preview:large, max-video-preview:-1\" \/>\n<link rel=\"canonical\" href=\"https:\/\/hub.hslu.ch\/smart-up\/angebot\/entrepreneurship-baukasten-wirtschaft\/\" \/>\n<meta property=\"og:locale\" content=\"de_DE\" \/>\n<meta property=\"og:type\" content=\"article\" \/>\n<meta property=\"og:title\" content=\"Entrepreneurship-Baukasten Wirtschaft - Smart-up\" \/>\n<meta property=\"og:description\" content=\"Als Studierende\/r der Hochschule Luzern - Wirtschaft&nbsp;bietet Ihnen&nbsp;der&nbsp;Entrepreneurship-Track verschiedene&nbsp;M\u00f6glichkeiten, Ihr Studium\" \/>\n<meta property=\"og:url\" content=\"https:\/\/hub.hslu.ch\/smart-up\/angebot\/entrepreneurship-baukasten-wirtschaft\/\" \/>\n<meta property=\"og:site_name\" content=\"Smart-up\" \/>\n<meta property=\"article:modified_time\" content=\"2020-11-23T14:04:58+00:00\" \/>\n<meta property=\"og:image\" content=\"https:\/\/hub.hslu.ch\/smart-up\/wp-content\/blogs.dir\/578\/files\/sites\/12\/2014\/02\/Bild_Gr\u00fcndergarage-300x203.jpg\" \/>\n<meta name=\"twitter:card\" content=\"summary_large_image\" \/>\n<meta name=\"twitter:label1\" content=\"Gesch\u00e4tzte Lesezeit\" \/>\n\t<meta name=\"twitter:data1\" content=\"1\u00a0Minute\" \/>\n<script type=\"application\/ld+json\" class=\"yoast-schema-graph\">{\"@context\":\"https:\\\/\\\/schema.org\",\"@graph\":[{\"@type\":\"WebPage\",\"@id\":\"https:\\\/\\\/hub.hslu.ch\\\/smart-up\\\/angebot\\\/entrepreneurship-baukasten-wirtschaft\\\/\",\"url\":\"https:\\\/\\\/hub.hslu.ch\\\/smart-up\\\/angebot\\\/entrepreneurship-baukasten-wirtschaft\\\/\",\"name\":\"Entrepreneurship-Baukasten Wirtschaft - Smart-up\",\"isPartOf\":{\"@id\":\"https:\\\/\\\/hub.hslu.ch\\\/smart-up\\\/#website\"},\"datePublished\":\"2015-03-03T15:06:25+00:00\",\"dateModified\":\"2020-11-23T14:04:58+00:00\",\"description\":\"Als Studierende\\\/r der Hochschule Luzern - Wirtschaft&nbsp;bietet Ihnen&nbsp;der&nbsp;Entrepreneurship-Track verschiedene&nbsp;M\u00f6glichkeiten, Ihr Studium\",\"breadcrumb\":{\"@id\":\"https:\\\/\\\/hub.hslu.ch\\\/smart-up\\\/angebot\\\/entrepreneurship-baukasten-wirtschaft\\\/#breadcrumb\"},\"inLanguage\":\"de-CH\",\"potentialAction\":[{\"@type\":\"ReadAction\",\"target\":[\"https:\\\/\\\/hub.hslu.ch\\\/smart-up\\\/angebot\\\/entrepreneurship-baukasten-wirtschaft\\\/\"]}]},{\"@type\":\"BreadcrumbList\",\"@id\":\"https:\\\/\\\/hub.hslu.ch\\\/smart-up\\\/angebot\\\/entrepreneurship-baukasten-wirtschaft\\\/#breadcrumb\",\"itemListElement\":[{\"@type\":\"ListItem\",\"position\":1,\"name\":\"Angebot\",\"item\":\"https:\\\/\\\/hub.hslu.ch\\\/smart-up\\\/angebot\\\/\"},{\"@type\":\"ListItem\",\"position\":2,\"name\":\"Entrepreneurship-Baukasten Wirtschaft\"}]},{\"@type\":\"WebSite\",\"@id\":\"https:\\\/\\\/hub.hslu.ch\\\/smart-up\\\/#website\",\"url\":\"https:\\\/\\\/hub.hslu.ch\\\/smart-up\\\/\",\"name\":\"Smart-up\",\"description\":\"Ideen erfolgreich umsetzen\",\"potentialAction\":[{\"@type\":\"SearchAction\",\"target\":{\"@type\":\"EntryPoint\",\"urlTemplate\":\"https:\\\/\\\/hub.hslu.ch\\\/smart-up\\\/?s={search_term_string}\"},\"query-input\":{\"@type\":\"PropertyValueSpecification\",\"valueRequired\":true,\"valueName\":\"search_term_string\"}}],\"inLanguage\":\"de-CH\"}]}<\/script>\n<!-- \/ Yoast SEO plugin. -->","yoast_head_json":{"title":"Entrepreneurship-Baukasten Wirtschaft - Smart-up","description":"Als Studierende\/r der Hochschule Luzern - Wirtschaft&nbsp;bietet Ihnen&nbsp;der&nbsp;Entrepreneurship-Track verschiedene&nbsp;M\u00f6glichkeiten, Ihr Studium","robots":{"index":"index","follow":"follow","max-snippet":"max-snippet:-1","max-image-preview":"max-image-preview:large","max-video-preview":"max-video-preview:-1"},"canonical":"https:\/\/hub.hslu.ch\/smart-up\/angebot\/entrepreneurship-baukasten-wirtschaft\/","og_locale":"de_DE","og_type":"article","og_title":"Entrepreneurship-Baukasten Wirtschaft - Smart-up","og_description":"Als Studierende\/r der Hochschule Luzern - Wirtschaft&nbsp;bietet Ihnen&nbsp;der&nbsp;Entrepreneurship-Track verschiedene&nbsp;M\u00f6glichkeiten, Ihr Studium","og_url":"https:\/\/hub.hslu.ch\/smart-up\/angebot\/entrepreneurship-baukasten-wirtschaft\/","og_site_name":"Smart-up","article_modified_time":"2020-11-23T14:04:58+00:00","og_image":[{"url":"https:\/\/hub.hslu.ch\/smart-up\/wp-content\/blogs.dir\/578\/files\/sites\/12\/2014\/02\/Bild_Gr\u00fcndergarage-300x203.jpg","type":"","width":"","height":""}],"twitter_card":"summary_large_image","twitter_misc":{"Gesch\u00e4tzte Lesezeit":"1\u00a0Minute"},"schema":{"@context":"https:\/\/schema.org","@graph":[{"@type":"WebPage","@id":"https:\/\/hub.hslu.ch\/smart-up\/angebot\/entrepreneurship-baukasten-wirtschaft\/","url":"https:\/\/hub.hslu.ch\/smart-up\/angebot\/entrepreneurship-baukasten-wirtschaft\/","name":"Entrepreneurship-Baukasten Wirtschaft - Smart-up","isPartOf":{"@id":"https:\/\/hub.hslu.ch\/smart-up\/#website"},"datePublished":"2015-03-03T15:06:25+00:00","dateModified":"2020-11-23T14:04:58+00:00","description":"Als Studierende\/r der Hochschule Luzern - Wirtschaft&nbsp;bietet Ihnen&nbsp;der&nbsp;Entrepreneurship-Track verschiedene&nbsp;M\u00f6glichkeiten, Ihr Studium","breadcrumb":{"@id":"https:\/\/hub.hslu.ch\/smart-up\/angebot\/entrepreneurship-baukasten-wirtschaft\/#breadcrumb"},"inLanguage":"de-CH","potentialAction":[{"@type":"ReadAction","target":["https:\/\/hub.hslu.ch\/smart-up\/angebot\/entrepreneurship-baukasten-wirtschaft\/"]}]},{"@type":"BreadcrumbList","@id":"https:\/\/hub.hslu.ch\/smart-up\/angebot\/entrepreneurship-baukasten-wirtschaft\/#breadcrumb","itemListElement":[{"@type":"ListItem","position":1,"name":"Angebot","item":"https:\/\/hub.hslu.ch\/smart-up\/angebot\/"},{"@type":"ListItem","position":2,"name":"Entrepreneurship-Baukasten Wirtschaft"}]},{"@type":"WebSite","@id":"https:\/\/hub.hslu.ch\/smart-up\/#website","url":"https:\/\/hub.hslu.ch\/smart-up\/","name":"Smart-up","description":"Ideen erfolgreich umsetzen","potentialAction":[{"@type":"SearchAction","target":{"@type":"EntryPoint","urlTemplate":"https:\/\/hub.hslu.ch\/smart-up\/?s={search_term_string}"},"query-input":{"@type":"PropertyValueSpecification","valueRequired":true,"valueName":"search_term_string"}}],"inLanguage":"de-CH"}]}},"featured_image_src":null,"featured_image_src_square":null,"_links":{"self":[{"href":"https:\/\/hub.hslu.ch\/smart-up\/wp-json\/wp\/v2\/pages\/1813","targetHints":{"allow":["GET"]}}],"collection":[{"href":"https:\/\/hub.hslu.ch\/smart-up\/wp-json\/wp\/v2\/pages"}],"about":[{"href":"https:\/\/hub.hslu.ch\/smart-up\/wp-json\/wp\/v2\/types\/page"}],"author":[{"embeddable":true,"href":"https:\/\/hub.hslu.ch\/smart-up\/wp-json\/wp\/v2\/users\/1844"}],"replies":[{"embeddable":true,"href":"https:\/\/hub.hslu.ch\/smart-up\/wp-json\/wp\/v2\/comments?post=1813"}],"version-history":[{"count":6,"href":"https:\/\/hub.hslu.ch\/smart-up\/wp-json\/wp\/v2\/pages\/1813\/revisions"}],"predecessor-version":[{"id":7403,"href":"https:\/\/hub.hslu.ch\/smart-up\/wp-json\/wp\/v2\/pages\/1813\/revisions\/7403"}],"up":[{"embeddable":true,"href":"https:\/\/hub.hslu.ch\/smart-up\/wp-json\/wp\/v2\/pages\/319"}],"wp:attachment":[{"href":"https:\/\/hub.hslu.ch\/smart-up\/wp-json\/wp\/v2\/media?parent=1813"}],"curies":[{"name":"wp","href":"https:\/\/api.w.org\/{rel}","templated":true}]}}