{"id":23,"date":"2013-10-07T11:04:50","date_gmt":"2013-10-07T09:04:50","guid":{"rendered":"https:\/\/blog.hslu.ch\/unternehmertum\/?page_id=23"},"modified":"2020-08-19T20:58:17","modified_gmt":"2020-08-19T18:58:17","slug":"netzwerk-2","status":"publish","type":"page","link":"https:\/\/hub.hslu.ch\/smart-up\/netzwerk-2\/","title":{"rendered":"Smart-up Netzwerk"},"content":{"rendered":"\n<p>Folgende Organisationen geh\u00f6ren dem Netzwerk des Projekts an:<\/p>\n\n\n\n<p><strong>Gr\u00fcndungssupport<\/strong><\/p>\n\n\n\n<ul class=\"wp-block-list\"><li><strong><a href=\"https:\/\/www.innosuisse.ch\/inno\/de\/home\/start-and-grow-your-business\/start-up-coaching.html\">Innosuisse:<\/a>&nbsp;<\/strong>Innosuisse Training ist das Trainingsprogramm des Bundes f\u00fcr die Gr\u00fcndung von wissenschaftsbasierten Start-up-Unternehmen in der Schweiz.<\/li><li><a href=\"http:\/\/www.itz.ch\/\" target=\"_blank\" rel=\"noreferrer noopener\"><strong>InnovationsTransfer Zentralschweiz<\/strong><\/a>: Das ITZ bildet die Drehscheibe zwischen Wissenschaft und Wirtschaft und f\u00f6rdert die Wettbewerbsf\u00e4higkeit von KMUs in der Zentralschweiz. Mit seinem Programm <a href=\"https:\/\/hub.hslu.ch\/smart-up\/wp-content\/blogs.dir\/578\/files\/sites\/12\/2013\/10\/Zinno_Faltbrosch\u00fcre_PDF-Version_f\u00fcr-Versand.pdf\">zentralschweiz innovativ<\/a> unterst\u00fctzt&nbsp;das ITZ&nbsp;gezielt innovative Gesch\u00e4ftsideen in ihrer Umsetzung. Weitere Infos zum ITZ und zentralschweiz innovativ finden Sie in dieser <a href=\"https:\/\/hub.hslu.ch\/smart-up\/wp-content\/blogs.dir\/578\/files\/sites\/12\/2013\/10\/150820ITZ-UebersichtKurz.pptx\">Pr\u00e4sentation<\/a>.<\/li><li><a href=\"http:\/\/www.luzern-business.ch\" target=\"_blank\" rel=\"noreferrer noopener\">Wirtschaftsf\u00f6rderung Luzern <\/a>&nbsp;setzt sich aktiv f\u00fcr die&nbsp;F\u00f6rderung und Unterst\u00fctzung von Jungunternehmen&nbsp;im Wirtschaftsstandort Luzern ein &#8211; mehr dazu auf diesem <a href=\"https:\/\/hub.hslu.ch\/smart-up\/wp-content\/blogs.dir\/578\/files\/sites\/12\/2013\/10\/WFLU-f\u00fcr-smartups.pptx\">Slide<\/a>.<\/li><li><a href=\"http:\/\/www.technopark-luzern.ch\/\" target=\"_blank\" rel=\"noreferrer noopener\"><strong>Technopark Luzern<\/strong><\/a><strong>: <\/strong>Der Technopark Luzern bietet ambitionierten Start-ups das optimale Umfeld, um mit einer guten Gesch\u00e4ftsidee ein erfolgreiches Business aufzubauen.<\/li><li>Das<a href=\"http:\/\/www.technologieforumzug.ch\"><strong> Technologie Forum Zug<\/strong><\/a> unterst\u00fctzt mit seinem Technologie-Netzwerk Jungunternehmen auf dem Weg von der technologische Innovationen bis zum Markterfolg: Mehr dazu&nbsp;<a href=\"https:\/\/hub.hslu.ch\/smart-up\/wp-content\/blogs.dir\/578\/files\/sites\/12\/2013\/10\/tfz-Vorstellung_HSLU-2015.ppt\">hier<\/a>.<\/li><li><strong><a href=\"http:\/\/www.zg.ch\/economy.\">Kontaktstelle Wirtschaft des Kantons Zug<\/a>:&nbsp;<\/strong>Der &#171;One-Stop-Shop&#187;&nbsp;steht im&nbsp;engen Kontakt&nbsp;mit Zuger Firmen und&nbsp;betreut Interessenten, die eine Ansiedlung im Kanton Zug pr\u00fcfen m\u00f6chten.<\/li><li><a href=\"http:\/\/www.stiftungprowirtschaft.ch\/gesuche\/\">Stiftung ProWirtschaft <\/a>unterst\u00fctzt&nbsp;neu gegr\u00fcndete Nidwaldner und&nbsp;Engelberger Unternehmen und Kleingewerbe<\/li><li><a href=\"http:\/\/seif.org\/de_DE\/\" target=\"_blank\" rel=\"noreferrer noopener\">seif &#8211; social entrepreneurship initiative &amp; foundation<\/a>: seif unterst\u00fctzt und f\u00f6rdert Personen oder Teams, die mit innovativen Ideen unternehmerische Antworten f\u00fcr wichtige Fragestellungen unserer Gesellschaft suchen. Ziel der&nbsp;Social Entrepreneurs&nbsp;ist die Schaffung eines gesellschaftlichen UND eines finanziellen Mehrwertes. Weitere Infos&nbsp;auf der <a href=\"http:\/\/seif.org\/de_DE\/\" target=\"_blank\" rel=\"noreferrer noopener\">Website<\/a> sowie auf diesem <a href=\"https:\/\/hub.hslu.ch\/smart-up\/wp-content\/blogs.dir\/578\/files\/sites\/12\/2013\/10\/Slide_seif_Smartup_ohne.pptx\">Slide<\/a>.<\/li><li><a href=\"http:\/\/www.janfuelscher.ch\/\" target=\"_blank\" rel=\"noreferrer noopener\"><strong>Jan F\u00fclscher<\/strong><\/a>: Der langj\u00e4hrige Experte f\u00fcr Start-ups steht jungen Unternehmen als&nbsp;Berater und\/oder&nbsp;Business Angel mit Rat und Tat zur Seite.<\/li><li><a href=\"http:\/\/swissnexsanfrancisco.org\/Ourwork\/startups\/startups\" target=\"_blank\" rel=\"noreferrer noopener\"><strong>Swissnex<\/strong> <strong>San Francisco<\/strong><\/a> unterst\u00fctzt junge Start-ups dabei, auf dem US-Markt Fuss zu fassen, und f\u00fchrt regelm\u00e4ssig <a href=\"http:\/\/cticamp.us\/\" target=\"_blank\" rel=\"noreferrer noopener\">Start-up-Camps<\/a> durch.<\/li><li>Das <strong><a href=\"http:\/\/www.swiss-excellence-forum.ch\/netzwerk\/network_to_success\/\" target=\"_blank\" rel=\"noreferrer noopener\">SWISS EXCELLENCE FORUM<\/a><\/strong> ist das f\u00fchrende Excellence-Netzwerk mit internationaler Ausstrahlung, in dem sich Organisationen unterschiedlichster Gr\u00f6sse und Herkunft unter einer gemeinsamen Vision der Excellence zusammengeschlossen haben. F\u00fcr Startups und Studenten bietet das Forum eine verg\u00fcnstigte Mitgliedschaft und damit den Zugang zum hochkar\u00e4tigen Netzwerk an.<\/li><li><a href=\"http:\/\/www.venturelab.ch\/\" target=\"_blank\" rel=\"noreferrer noopener\"><strong>venturelab<\/strong><\/a>: Damit innovative Jungunternehmen ihr volles Potenzial aussch\u00f6pfen, m\u00fcssen sie von den Besten lernen. venturelab organisiert den \u201eFast Track for Startups\u201c und bringt die High Potentials und High Flyers unter den Startups zusammen.<\/li><li><a href=\"http:\/\/www.ifj.ch\/\" target=\"_blank\" rel=\"noreferrer noopener\"><strong>IFJ<\/strong><\/a>: Das Institut f\u00fcr Jungunternehmen mit seinem Team hat sich \u00fcber die Jahre als eine der f\u00fchrenden Anlaufstellen in der Schweizer Startup-Szene etabliert. 2004 hat venturelab zudem die operative Leitung der Motivationsevents und Workshops des nationalen Startup-Trainingsprogramms <a href=\"http:\/\/www.venturelab.ch\/\" target=\"_blank\" rel=\"noreferrer noopener\">venturelab<\/a> der KTI \u00fcbernommen.<\/li><li><a href=\"http:\/\/www.vcu.ch\" target=\"_blank\" rel=\"noreferrer noopener\">VCU<\/a>: Die VCU ist eine Vereinigung von Unternehmerinnen, Unternehmern und F\u00fchrungskr\u00e4ften, die sich in ihrem Leben und in ihren T\u00e4tigkeiten an den Werten des christlichen Glaubens orientieren. Sie steht zur Herausforderung, christliches Gedankengut in der Unternehmenswelt und im privaten Umfeld umzusetzen.<\/li><li><a href=\"http:\/\/www.startups.ch\" target=\"_blank\" rel=\"noreferrer noopener\"><strong>Startups.ch<\/strong><\/a>: Das Consultingunternehmen begleitet Firmengr\u00fcndungen&nbsp;von Start-ups und&nbsp;bietet&nbsp;Beratung&nbsp;und Kurse an&nbsp;in den Bereichen Recht, Steuern, Treuhand, Businessplan und vieles mehr. Weitere Informationen finden Sie in dieser <a href=\"https:\/\/hub.hslu.ch\/smart-up\/wp-content\/blogs.dir\/578\/files\/sites\/12\/2013\/10\/STARTUPS_CH_long.pptx\">auf diesen Slides<\/a>.<\/li><li><a href=\"http:\/\/www.genilem-zentralschweiz.ch\/\" target=\"_blank\" rel=\"noreferrer noopener\">Genilem Zentralschweiz<\/a>&nbsp;coacht und begleitet Jungunternehmen bis zum&nbsp;Markteintritt.<\/li><li><a href=\"http:\/\/primeacademy.eu\/\" target=\"_blank\" rel=\"noreferrer noopener\">PriME Academy<\/a>: Weitere Informationen zur priME Academy und dem priME Cup-Wettbewerb finden Sie <a href=\"https:\/\/hub.hslu.ch\/smart-up\/wp-content\/blogs.dir\/578\/files\/sites\/12\/2013\/10\/15-11-04-Pr\u00e4sentation-HSLU-lang.pdf\">hier<\/a>.<\/li><li><a href=\"http:\/\/www.company-factory.xyz\/\">company-factory.xyz<\/a>: Als Spin-off eines typischen Schweizer KMU&#8217;s k\u00fcmmert sich die&nbsp;Company Factory um den systematischen Aufbau neuer und selbsttragender Gesch\u00e4fte f\u00fcr KMU&#8217;s. Dabei&nbsp;wird mithilfe eines hochqualifizierten Experten-Netzwerks konsequent der Lean-Startup Gedanke angewandt. Mehr Informationen finden Sie <a href=\"http:\/\/www.company-factory.xyz\/\">hier<\/a>.<\/li><\/ul>\n\n\n\n<p><strong>Infrastruktur &amp; Co-Working<\/strong><\/p>\n\n\n\n<ul class=\"wp-block-list\"><li><a href=\"http:\/\/www.businessparkzug.ch\/\" target=\"_blank\" rel=\"noreferrer noopener\"><strong>BusinessPark ZUG<\/strong><\/a>: Der BusinessPark ZUG bietet jungen Unternehmen\u00a0preisg\u00fcnstige B\u00fcror\u00e4ume, eine moderne Infrastruktur und professionelle Dienstleistungen,<a href=\"https:\/\/hub.hslu.ch\/smart-up\/wp-content\/blogs.dir\/578\/files\/sites\/12\/2013\/10\/Folie1.jpg\"><\/a> die optimal auf individuelle Bed\u00fcrfnisse angepasst sind. Zudem\u00a0werden junge Unternehmen auf dem Weg zum dauerhaften Erfolg mit einem starken Netzwerk unterst\u00fctzt.<\/li><li>Co-Working im <a href=\"http:\/\/neubad.org\/\" target=\"_blank\" rel=\"noreferrer noopener\"><strong>NEUBAD<\/strong><\/a>,\u00a0Dein\u00a0inspirierender Arbeitsplatz: Arbeiten an einem ungew\u00f6hnlichen Ort, Austausch mit Gleichgesinnten aus verschiedenen Branchen, fixer Arbeitsplatz (CHF 350\/Monat) oder flexible Variante an einzelnen Tagen.\u00a0Weitere Informationen finden\u00a0sich <a href=\"http:\/\/www.neubad.org\/sites\/default\/files\/Angebot%20Co-Working_0.pdf\" target=\"_blank\" rel=\"noreferrer noopener\">hier<\/a>.<a href=\"https:\/\/hub.hslu.ch\/smart-up\/wp-content\/blogs.dir\/578\/files\/sites\/12\/2013\/10\/neubad.jpg\"><\/a><\/li><li><a href=\"http:\/\/www.kf62.ch\/\" target=\"_blank\" rel=\"noreferrer noopener\"><strong>Kreativfabrik 62<\/strong><\/a>: Das neue Start-up Zentrum in Oberkirch bei Sursee mit Co-Working Space und Unternehmerclub!<\/li><li><a href=\"http:\/\/www.raumboerse-luzern.ch\/\"><strong>Raumb\u00f6rse Luzern<\/strong><\/a>: Die Raumb\u00f6rse Luzern ist eine unabh\u00e4ngige Plattform zur Vermittlung von g\u00fcnstigen und zeitlich befristeten Arbeitspl\u00e4tzen und Ateliers, Sitzungs-, Veranstaltungs- und Prober\u00e4umen in der Stadt und Agglomeration Luzern.<\/li><li><a href=\"https:\/\/zurich.impacthub.ch\/de\/\"><strong>Impact Hub Z\u00fcrich<\/strong><\/a>: Impact Hub Z\u00fcrich ist ein Mix aus Innovationslabor, Business Inkubator und Community Hub &#8211; gleichzeitig Treffpunkt\u00a0und Arbeitsplatz f\u00fcr Leute mit Gesch\u00e4ftsideen\u00a0zur nachhaltigen L\u00f6sung von Problemen unseres Zeitalters. Speziell f\u00fcr Studierende werden zudem spezifische Start-up-Programme, wie z.B.\u00a0Summerpreneurship\u00a0und\u00a0Impact Hub Fellowship Energy-Cleantech, angeboten.<\/li><li><strong><a href=\"http:\/\/www.startup-pilatus.ch\" target=\"_blank\" rel=\"noreferrer noopener\">Startup Pilatus<\/a>:<\/strong> Bei Startup Pilatus sind Jungunternehmer und etablierte Firmen unter einem Dach vereint. Dieser gelungene Mix an Unternehmergeist bietet Ihnen wertvolle Austausch- und Vernetzungsm\u00f6glichkeiten wie auch direkte Verbindungen zur Schweizer Start-Up Szene. Massgeschneidert auf Ihre individuellen Bed\u00fcrfnisse als Start-Up Firma bietet das Unternehmerzentrum mit dem Mentoring- oder Innovationscoaching-Programm Unterst\u00fctzung in der Aufbauphase. Startup Pilatus ist an den Standorten Alpnach und Sarnen pr\u00e4sent.<\/li><li>\u00a0<a href=\"https:\/\/www.workingpoint.ch\/\">Working Point<\/a>\u00a0bietet im Herzen des Urner Hauptortes Altdorf moderne Arbeitspl\u00e4tze und Austausch unter Gleichgesinnten.<\/li><li>Das <a href=\"https:\/\/www.officelab.ch\/standorte\/#zug\" target=\"_blank\" rel=\"noreferrer noopener\">Office LAB<\/a> im Herzen von Zug bietet f\u00fcr immatrikulierte Studierende der Hochschule Luzern sensationelle <a href=\"https:\/\/hub.hslu.ch\/smart-up\/2018\/03\/02\/office-lab-postplatz-zug-more-than-an-office\/\" target=\"_blank\" rel=\"noreferrer noopener\">Konditionen <\/a>an. Das erste Jahr ist sogar kostenlos!<\/li><li>Das Kollektiv des <a href=\"https:\/\/www.hirschengraben.org\/\">Hirschengraben Coworking + Innovation<\/a> bietet neben zentralen Arbeitspl\u00e4tzen in der Stadt Luzern noch viel mehr, u.a. eine Dachterrasse mit zwei Badewannen und ein einzigartiges Capsule Hotel!<\/li><li>Das <a href=\"https:\/\/www.laboratorium-luzern.com\/working_lab\">Laboratorium Luzern<\/a>\u00a0ist nicht nur Plattform und Katalysator f\u00fcr die Entwicklung neuer Denk- und Kooperationsmodelle zur nachhaltigen Gestaltung unseres Lebensraumes, sondern bietet auch tolle Arbeitspl\u00e4tze an.<\/li><li>Das <a href=\"https:\/\/www.workspaceluzern.ch\/de\/page\/angebot\">Workspace Luzern<\/a>\u00a0bietet ein flexibles und kosteng\u00fcnstiges Angebot f\u00fcr Micropreneurs, Freelancer, Projektteams, Pendler, Studierende, Gr\u00fcnder und alle Personen, welche spontan und unkompliziert ein B\u00fcro ben\u00f6tigen.<\/li><\/ul>\n\n\n\n<figure class=\"wp-block-gallery columns-2 is-cropped wp-block-gallery-1 is-layout-flex wp-block-gallery-is-layout-flex\"><ul class=\"blocks-gallery-grid\"><li class=\"blocks-gallery-item\"><figure><img loading=\"lazy\" decoding=\"async\" width=\"960\" height=\"720\" src=\"https:\/\/hub.hslu.ch\/smart-up\/wp-content\/blogs.dir\/578\/files\/sites\/12\/2013\/10\/Folie1.jpg\" alt=\"\" data-id=\"2779\" data-full-url=\"https:\/\/hub.hslu.ch\/smart-up\/wp-content\/blogs.dir\/578\/files\/sites\/12\/2013\/10\/Folie1.jpg\" data-link=\"https:\/\/hub.hslu.ch\/smart-up\/netzwerk-2\/folie1\/\" class=\"wp-image-2779\" srcset=\"https:\/\/hub.hslu.ch\/smart-up\/wp-content\/blogs.dir\/578\/files\/sites\/12\/2013\/10\/Folie1.jpg 960w, https:\/\/hub.hslu.ch\/smart-up\/wp-content\/blogs.dir\/578\/files\/sites\/12\/2013\/10\/Folie1-300x225.jpg 300w, https:\/\/hub.hslu.ch\/smart-up\/wp-content\/blogs.dir\/578\/files\/sites\/12\/2013\/10\/Folie1-768x576.jpg 768w\" sizes=\"auto, (max-width: 960px) 100vw, 960px\" \/><\/figure><\/li><li class=\"blocks-gallery-item\"><figure><img loading=\"lazy\" decoding=\"async\" width=\"1024\" height=\"576\" src=\"https:\/\/hub.hslu.ch\/smart-up\/wp-content\/blogs.dir\/578\/files\/sites\/12\/2013\/10\/neubad-1024x576.jpg\" alt=\"\" data-id=\"714\" data-full-url=\"https:\/\/hub.hslu.ch\/smart-up\/wp-content\/blogs.dir\/578\/files\/sites\/12\/2013\/10\/neubad.jpg\" data-link=\"https:\/\/hub.hslu.ch\/smart-up\/netzwerk-2\/neubad\/\" class=\"wp-image-714\" srcset=\"https:\/\/hub.hslu.ch\/smart-up\/wp-content\/blogs.dir\/578\/files\/sites\/12\/2013\/10\/neubad-1024x576.jpg 1024w, https:\/\/hub.hslu.ch\/smart-up\/wp-content\/blogs.dir\/578\/files\/sites\/12\/2013\/10\/neubad-300x168.jpg 300w, https:\/\/hub.hslu.ch\/smart-up\/wp-content\/blogs.dir\/578\/files\/sites\/12\/2013\/10\/neubad-900x506.jpg 900w, https:\/\/hub.hslu.ch\/smart-up\/wp-content\/blogs.dir\/578\/files\/sites\/12\/2013\/10\/neubad.jpg 1920w\" sizes=\"auto, (max-width: 1024px) 100vw, 1024px\" \/><\/figure><\/li><\/ul><\/figure>\n\n\n\n<p><strong>Online Ressourcen<\/strong><\/p>\n\n\n\n<ul class=\"wp-block-list\"><li><a href=\"http:\/\/startupticker.ch\" target=\"_blank\" rel=\"noreferrer noopener\"><strong>Startupticker.ch<\/strong><\/a>: Die online Plattform&nbsp;leistet einen wichtigen Beitrag zur F\u00f6rderung der Visibilit\u00e4t von jungen Unternehmen&nbsp;sowie zur Vernetzung der Start-up Szene. Weitere Infos finden Sie in dieser <a href=\"https:\/\/hub.hslu.ch\/smart-up\/wp-content\/blogs.dir\/578\/files\/sites\/12\/2013\/10\/StartupTickerPr\u00e4sentation.pptx\">StartupTickerPr\u00e4sentation<\/a>.<\/li><li><a href=\"https:\/\/www.cofoundme.org\/\" target=\"_blank\" rel=\"noreferrer noopener\">cofoundme.org<\/a>: Die Plattform f\u00fcr Studierende, die Skills und Ideas zusammenbringt &#8211; dies ist der Ort, an dem Start-ups ihre Teammitglieder finden!<\/li><li><a href=\"http:\/\/www.gesch\u00e4ftspartner.ch\" target=\"_blank\" rel=\"noreferrer noopener\"><strong>Gesch\u00e4ftspartner.ch<\/strong><\/a>: Gesch\u00e4ftspartner finden und spannende Gesch\u00e4ftsm\u00f6glichkeiten suchen und anbieten. Ein innovatives Online Portal f\u00fcr Startups, Investoren, engagierte KMU-Unternehmer und Selbstst\u00e4ndige \u2013 oder solche, die es werden m\u00f6chten. Die Business Plattform f\u00fchrt potenzielle Gesch\u00e4ftspartner sowie m\u00f6gliche Gesch\u00e4ftsideen aktiv und gezielt zusammen.<\/li><\/ul>\n\n\n\n<p><strong>Diverse Dienstleistungen<\/strong><\/p>\n\n\n\n<ul class=\"wp-block-list\"><li><a href=\"http:\/\/www.braendi.ch\/unsere_unternehmen\/awb_roesslimatt\/\" target=\"_blank\" rel=\"noreferrer noopener\"><strong>Br\u00e4ndi<\/strong><\/a>: Die Stiftung Br\u00e4ndi bietet f\u00fcr Start-ups n\u00fctzliche Dienstleistungen in 14 Branchen an, von Postvers\u00e4nden bis zu Verpackungsdienstleistungen.&nbsp;Diese Auftr\u00e4ge&nbsp;sind f\u00fcr&nbsp;das Br\u00e4ndi&nbsp;wichtig, weil es damit Menschen mit Behinderung ausbilden und besch\u00e4ftigen kann.&nbsp;Wer mit&nbsp;dem Br\u00e4ndi&nbsp;zusammenarbeitet, leistet&nbsp;einen wertvollen Beitrag zur beruflichen, gesellschaftlichen und kulturellen Integration von Menschen mit Behinderung.<\/li><li><a href=\"http:\/\/www.fabialuzern.ch\" target=\"_blank\" rel=\"noreferrer noopener\">FABIA<\/a> &#8211; Fachstelle f\u00fcr die Beratung und Integration von Ausl\u00e4nderinnen und Ausl\u00e4ndern &#8211; bietet umfassende Beratungsangebote f\u00fcr ausl\u00e4ndische Studierende<\/li><\/ul>\n\n\n\n<p><strong>Folgende Angebote der Hochschule Luzern&nbsp;bieten weitere Informationen zum Thema bzw. sind ansonsten hilfreich:<\/strong><\/p>\n\n\n\n<ul class=\"wp-block-list\"><li><strong><a href=\"https:\/\/www.careers.hslu.ch\/index.htm\">Career Services<\/a><\/strong>: Die Career Services der&nbsp;Hochschule Luzern&nbsp;bereiten die Studierenden optimal auf die Zeit nach dem Studium vor und dienen als Schnittstelle zwischen Hochschule und Arbeitswelt. Auch zum Thema Selbst\u00e4ndigkeit werden umfassende Informationen zur Verf\u00fcgung gestellt und Beratungsgespr\u00e4che angeboten.<\/li><li><a href=\"http:\/\/studirat.ch\" target=\"_blank\" rel=\"noreferrer noopener\"><strong>Studirat<\/strong><\/a>: Der Studirat der Hochschule Luzern &#8211; Wirtschaft setzt sich f\u00fcr die kontinuierliche Verbesserung des Schulbetriebes ein, koordiniert professionelle Nachhilfe-Angebote, organisiert Events, und, und, und &#8230;<\/li><li><a href=\"https:\/\/blog.hslu.ch\/familienunternehmen\/\"><strong>Familie &amp; Unternehmen<\/strong>:<\/a> Selbst Gr\u00fcnden oder ins Familienunternehmen einsteigen? Der Themenschwerpunkt Familienunternehmen bietet inspirierende Geschichten, praxisorientierte&nbsp;und wissenschaftlich fundierte Beitr\u00e4ge rund um das Thema Familie &amp;&nbsp;Unternehmen und organisiert u.a. ein spannendes ISA-Modul, fokussierte Weiterbildungen, ein j\u00e4hrlich stattfindendes Forum f\u00fcr Familienunternehmen.<\/li><\/ul>\n","protected":false},"excerpt":{"rendered":"<p>Folgende Organisationen geh\u00f6ren dem Netzwerk des Projekts an: Gr\u00fcndungssupport Innosuisse:&nbsp;Innosuisse Training ist das Trainingsprogramm des Bundes f\u00fcr die Gr\u00fcndung von wissenschaftsbasierten Start-up-Unternehmen in der Schweiz. InnovationsTransfer Zentralschweiz: Das ITZ bildet die Drehscheibe zwischen Wissenschaft und Wirtschaft und f\u00f6rdert die Wettbewerbsf\u00e4higkeit von KMUs in der Zentralschweiz. Mit seinem Programm zentralschweiz innovativ unterst\u00fctzt&nbsp;das ITZ&nbsp;gezielt innovative Gesch\u00e4ftsideen in<\/p>\n","protected":false},"author":1526,"featured_media":0,"parent":0,"menu_order":0,"comment_status":"open","ping_status":"closed","template":"","meta":{"_acf_changed":false,"inline_featured_image":false,"_relevanssi_hide_post":"","_relevanssi_hide_content":"","_relevanssi_pin_for_all":"","_relevanssi_pin_keywords":"","_relevanssi_unpin_keywords":"","_relevanssi_related_keywords":"","_relevanssi_related_include_ids":"","_relevanssi_related_exclude_ids":"","_relevanssi_related_no_append":"","_relevanssi_related_not_related":"","_relevanssi_related_posts":"","_relevanssi_noindex_reason":"","footnotes":"","_links_to":"","_links_to_target":""},"class_list":["post-23","page","type-page","status-publish","hentry"],"acf":[],"yoast_head":"<!-- This site is optimized with the Yoast SEO plugin v27.3 - https:\/\/yoast.com\/product\/yoast-seo-wordpress\/ -->\n<title>Smart-up Netzwerk - Smart-up<\/title>\n<meta name=\"description\" content=\"Folgende Organisationen geh\u00f6ren dem Netzwerk des Projekts an: Gr\u00fcndungssupport Innosuisse:&nbsp;Innosuisse Training ist das Trainingsprogramm des Bundes\" \/>\n<meta name=\"robots\" content=\"index, follow, max-snippet:-1, max-image-preview:large, max-video-preview:-1\" \/>\n<link rel=\"canonical\" href=\"https:\/\/hub.hslu.ch\/smart-up\/netzwerk-2\/\" \/>\n<meta property=\"og:locale\" content=\"de_DE\" \/>\n<meta property=\"og:type\" content=\"article\" \/>\n<meta property=\"og:title\" content=\"Smart-up Netzwerk - Smart-up\" \/>\n<meta property=\"og:description\" content=\"Folgende Organisationen geh\u00f6ren dem Netzwerk des Projekts an: Gr\u00fcndungssupport Innosuisse:&nbsp;Innosuisse Training ist das Trainingsprogramm des Bundes\" \/>\n<meta property=\"og:url\" content=\"https:\/\/hub.hslu.ch\/smart-up\/netzwerk-2\/\" \/>\n<meta property=\"og:site_name\" content=\"Smart-up\" \/>\n<meta property=\"article:modified_time\" content=\"2020-08-19T18:58:17+00:00\" \/>\n<meta property=\"og:image\" content=\"https:\/\/hub.hslu.ch\/smart-up\/wp-content\/blogs.dir\/578\/files\/sites\/12\/2013\/10\/Folie1.jpg\" \/>\n<meta name=\"twitter:card\" content=\"summary_large_image\" \/>\n<meta name=\"twitter:label1\" content=\"Gesch\u00e4tzte Lesezeit\" \/>\n\t<meta name=\"twitter:data1\" content=\"7\u00a0Minuten\" \/>\n<script type=\"application\/ld+json\" class=\"yoast-schema-graph\">{\"@context\":\"https:\\\/\\\/schema.org\",\"@graph\":[{\"@type\":\"WebPage\",\"@id\":\"https:\\\/\\\/hub.hslu.ch\\\/smart-up\\\/netzwerk-2\\\/\",\"url\":\"https:\\\/\\\/hub.hslu.ch\\\/smart-up\\\/netzwerk-2\\\/\",\"name\":\"Smart-up Netzwerk - Smart-up\",\"isPartOf\":{\"@id\":\"https:\\\/\\\/hub.hslu.ch\\\/smart-up\\\/#website\"},\"primaryImageOfPage\":{\"@id\":\"https:\\\/\\\/hub.hslu.ch\\\/smart-up\\\/netzwerk-2\\\/#primaryimage\"},\"image\":{\"@id\":\"https:\\\/\\\/hub.hslu.ch\\\/smart-up\\\/netzwerk-2\\\/#primaryimage\"},\"thumbnailUrl\":\"https:\\\/\\\/hub.hslu.ch\\\/smart-up\\\/wp-content\\\/blogs.dir\\\/578\\\/files\\\/sites\\\/12\\\/2013\\\/10\\\/Folie1.jpg\",\"datePublished\":\"2013-10-07T09:04:50+00:00\",\"dateModified\":\"2020-08-19T18:58:17+00:00\",\"description\":\"Folgende Organisationen geh\u00f6ren dem Netzwerk des Projekts an: Gr\u00fcndungssupport Innosuisse:&nbsp;Innosuisse Training ist das Trainingsprogramm des Bundes\",\"inLanguage\":\"de-CH\",\"potentialAction\":[{\"@type\":\"ReadAction\",\"target\":[\"https:\\\/\\\/hub.hslu.ch\\\/smart-up\\\/netzwerk-2\\\/\"]}]},{\"@type\":\"ImageObject\",\"inLanguage\":\"de-CH\",\"@id\":\"https:\\\/\\\/hub.hslu.ch\\\/smart-up\\\/netzwerk-2\\\/#primaryimage\",\"url\":\"https:\\\/\\\/hub.hslu.ch\\\/smart-up\\\/wp-content\\\/blogs.dir\\\/578\\\/files\\\/sites\\\/12\\\/2013\\\/10\\\/Folie1.jpg\",\"contentUrl\":\"https:\\\/\\\/hub.hslu.ch\\\/smart-up\\\/wp-content\\\/blogs.dir\\\/578\\\/files\\\/sites\\\/12\\\/2013\\\/10\\\/Folie1.jpg\",\"width\":960,\"height\":720},{\"@type\":\"WebSite\",\"@id\":\"https:\\\/\\\/hub.hslu.ch\\\/smart-up\\\/#website\",\"url\":\"https:\\\/\\\/hub.hslu.ch\\\/smart-up\\\/\",\"name\":\"Smart-up\",\"description\":\"Ideen erfolgreich umsetzen\",\"potentialAction\":[{\"@type\":\"SearchAction\",\"target\":{\"@type\":\"EntryPoint\",\"urlTemplate\":\"https:\\\/\\\/hub.hslu.ch\\\/smart-up\\\/?s={search_term_string}\"},\"query-input\":{\"@type\":\"PropertyValueSpecification\",\"valueRequired\":true,\"valueName\":\"search_term_string\"}}],\"inLanguage\":\"de-CH\"}]}<\/script>\n<!-- \/ Yoast SEO plugin. -->","yoast_head_json":{"title":"Smart-up Netzwerk - Smart-up","description":"Folgende Organisationen geh\u00f6ren dem Netzwerk des Projekts an: Gr\u00fcndungssupport Innosuisse:&nbsp;Innosuisse Training ist das Trainingsprogramm des Bundes","robots":{"index":"index","follow":"follow","max-snippet":"max-snippet:-1","max-image-preview":"max-image-preview:large","max-video-preview":"max-video-preview:-1"},"canonical":"https:\/\/hub.hslu.ch\/smart-up\/netzwerk-2\/","og_locale":"de_DE","og_type":"article","og_title":"Smart-up Netzwerk - Smart-up","og_description":"Folgende Organisationen geh\u00f6ren dem Netzwerk des Projekts an: Gr\u00fcndungssupport Innosuisse:&nbsp;Innosuisse Training ist das Trainingsprogramm des Bundes","og_url":"https:\/\/hub.hslu.ch\/smart-up\/netzwerk-2\/","og_site_name":"Smart-up","article_modified_time":"2020-08-19T18:58:17+00:00","og_image":[{"url":"https:\/\/hub.hslu.ch\/smart-up\/wp-content\/blogs.dir\/578\/files\/sites\/12\/2013\/10\/Folie1.jpg","type":"","width":"","height":""}],"twitter_card":"summary_large_image","twitter_misc":{"Gesch\u00e4tzte Lesezeit":"7\u00a0Minuten"},"schema":{"@context":"https:\/\/schema.org","@graph":[{"@type":"WebPage","@id":"https:\/\/hub.hslu.ch\/smart-up\/netzwerk-2\/","url":"https:\/\/hub.hslu.ch\/smart-up\/netzwerk-2\/","name":"Smart-up Netzwerk - Smart-up","isPartOf":{"@id":"https:\/\/hub.hslu.ch\/smart-up\/#website"},"primaryImageOfPage":{"@id":"https:\/\/hub.hslu.ch\/smart-up\/netzwerk-2\/#primaryimage"},"image":{"@id":"https:\/\/hub.hslu.ch\/smart-up\/netzwerk-2\/#primaryimage"},"thumbnailUrl":"https:\/\/hub.hslu.ch\/smart-up\/wp-content\/blogs.dir\/578\/files\/sites\/12\/2013\/10\/Folie1.jpg","datePublished":"2013-10-07T09:04:50+00:00","dateModified":"2020-08-19T18:58:17+00:00","description":"Folgende Organisationen geh\u00f6ren dem Netzwerk des Projekts an: Gr\u00fcndungssupport Innosuisse:&nbsp;Innosuisse Training ist das Trainingsprogramm des Bundes","inLanguage":"de-CH","potentialAction":[{"@type":"ReadAction","target":["https:\/\/hub.hslu.ch\/smart-up\/netzwerk-2\/"]}]},{"@type":"ImageObject","inLanguage":"de-CH","@id":"https:\/\/hub.hslu.ch\/smart-up\/netzwerk-2\/#primaryimage","url":"https:\/\/hub.hslu.ch\/smart-up\/wp-content\/blogs.dir\/578\/files\/sites\/12\/2013\/10\/Folie1.jpg","contentUrl":"https:\/\/hub.hslu.ch\/smart-up\/wp-content\/blogs.dir\/578\/files\/sites\/12\/2013\/10\/Folie1.jpg","width":960,"height":720},{"@type":"WebSite","@id":"https:\/\/hub.hslu.ch\/smart-up\/#website","url":"https:\/\/hub.hslu.ch\/smart-up\/","name":"Smart-up","description":"Ideen erfolgreich umsetzen","potentialAction":[{"@type":"SearchAction","target":{"@type":"EntryPoint","urlTemplate":"https:\/\/hub.hslu.ch\/smart-up\/?s={search_term_string}"},"query-input":{"@type":"PropertyValueSpecification","valueRequired":true,"valueName":"search_term_string"}}],"inLanguage":"de-CH"}]}},"featured_image_src":null,"featured_image_src_square":null,"_links":{"self":[{"href":"https:\/\/hub.hslu.ch\/smart-up\/wp-json\/wp\/v2\/pages\/23","targetHints":{"allow":["GET"]}}],"collection":[{"href":"https:\/\/hub.hslu.ch\/smart-up\/wp-json\/wp\/v2\/pages"}],"about":[{"href":"https:\/\/hub.hslu.ch\/smart-up\/wp-json\/wp\/v2\/types\/page"}],"author":[{"embeddable":true,"href":"https:\/\/hub.hslu.ch\/smart-up\/wp-json\/wp\/v2\/users\/1526"}],"replies":[{"embeddable":true,"href":"https:\/\/hub.hslu.ch\/smart-up\/wp-json\/wp\/v2\/comments?post=23"}],"version-history":[{"count":5,"href":"https:\/\/hub.hslu.ch\/smart-up\/wp-json\/wp\/v2\/pages\/23\/revisions"}],"predecessor-version":[{"id":6702,"href":"https:\/\/hub.hslu.ch\/smart-up\/wp-json\/wp\/v2\/pages\/23\/revisions\/6702"}],"wp:attachment":[{"href":"https:\/\/hub.hslu.ch\/smart-up\/wp-json\/wp\/v2\/media?parent=23"}],"curies":[{"name":"wp","href":"https:\/\/api.w.org\/{rel}","templated":true}]}}