{"id":319,"date":"2014-02-06T14:08:09","date_gmt":"2014-02-06T13:08:09","guid":{"rendered":"https:\/\/blog.hslu.ch\/unternehmertum\/?page_id=319"},"modified":"2024-10-16T14:51:34","modified_gmt":"2024-10-16T12:51:34","slug":"angebot","status":"publish","type":"page","link":"https:\/\/hub.hslu.ch\/smart-up\/angebot\/","title":{"rendered":"Angebot"},"content":{"rendered":"\n<h3 class=\"wp-block-heading\">Womit k\u00f6nnen wir Sie unterst\u00fctzen?<\/h3>\n\n\n\n<p>Sind Sie an Unternehmertum interessiert, haben eine Gesch\u00e4ftsidee im Kopf oder stehen kurz vor\/nach der Gr\u00fcndung Ihres eigenen Start-ups? Dann unterst\u00fctzen wir Sie gerne mit den folgenden&nbsp;f\u00fcnf&nbsp;Angeboten &#8230;<\/p>\n\n\n\n<h5 class=\"wp-block-heading\"><strong>Mit\u2026&nbsp;&nbsp;&nbsp;&nbsp;&nbsp; der Gr\u00fcndergarage &#8211; Ihr Studium als Start-up Toolbox<\/strong><\/h5>\n\n\n\n<ul class=\"wp-block-list\">\n<li>Erwerben Sie im Rahmen des Studiums relevante Kompetenzen als Vorbereitung auf die Gr\u00fcndung <a href=\"https:\/\/hub.hslu.ch\/smart-up\/wp-content\/blogs.dir\/578\/files\/sites\/12\/2014\/02\/Studium-als-Gr\u00fcndergarage.pdf\"><\/a>des eigenen Unternehmens! Besuchen Sie die Smart-up ISA-Module\u00a0sowie\u00a0weitere Entrepreneurship-Module und schreiben Sie Ihre studentischen Arbeiten zu Ihrer Idee bzw. Ihrem Start-up. Details zu den M\u00f6glichkeiten an den einzelnen Departementen:\n<ul class=\"wp-block-list\">\n<li><a href=\"https:\/\/hub.hslu.ch\/smart-up\/angebot-2\/das-studium-als-gruendergarage\/die-studentischen-arbeiten-in-der-gruendergarage\/entrepreneurship-baukasten-ta\/\" target=\"_blank\" rel=\"noreferrer noopener\">Entrepreneurship Track Technik&amp;Architektur<\/a><\/li>\n\n\n\n<li><a aria-label=\"undefined (opens in a new tab)\" href=\"https:\/\/hub.hslu.ch\/smart-up\/angebot-2\/das-studium-als-gruendergarage\/entrepreneurship-baukasten-wirtschaft\/\" target=\"_blank\" rel=\"noreferrer noopener\">Entrepreneurship Track Wirtschaft<\/a><\/li>\n\n\n\n<li><a aria-label=\"undefined (opens in a new tab)\" href=\"https:\/\/hub.hslu.ch\/smart-up\/angebot-2\/angebot-fuer-studierende\/isa-module-fuer-entrepreneurs\/\" target=\"_blank\" rel=\"noreferrer noopener\">Smart-up ISA-Module<\/a><\/li>\n<\/ul>\n<\/li>\n\n\n\n<li>Schreiben Sie Ihre <a aria-label=\"undefined (opens in a new tab)\" href=\"https:\/\/hub.hslu.ch\/smart-up\/angebot-2\/das-studium-als-gruendergarage\/die-studentischen-arbeiten-in-der-gruendergarage\/\" target=\"_blank\" rel=\"noreferrer noopener\">studentischen Arbeiten<\/a> zum Thema Ihrer Gr\u00fcndungsidee! Smart-up <a aria-label=\"undefined (opens in a new tab)\" href=\"https:\/\/hub.hslu.ch\/smart-up\/wp-content\/blogs.dir\/578\/files\/sites\/12\/2014\/03\/Gesuch_Auftraggebergeb\u00fchr2.pdf\" target=\"_blank\" rel=\"noreferrer noopener\">\u00fcbernimmt daf\u00fcr die Auftraggebergeb\u00fchr<\/a>.<\/li>\n<\/ul>\n\n\n\n<figure class=\"wp-block-image size-large\"><img loading=\"lazy\" decoding=\"async\" width=\"1024\" height=\"693\" src=\"https:\/\/hub.hslu.ch\/smart-up\/wp-content\/blogs.dir\/578\/files\/sites\/12\/2014\/02\/Bild_Gr\u00fcndergarage-1024x693.jpg\" alt=\"\" class=\"wp-image-2474\" srcset=\"https:\/\/hub.hslu.ch\/smart-up\/wp-content\/blogs.dir\/578\/files\/sites\/12\/2014\/02\/Bild_Gr\u00fcndergarage-1024x693.jpg 1024w, https:\/\/hub.hslu.ch\/smart-up\/wp-content\/blogs.dir\/578\/files\/sites\/12\/2014\/02\/Bild_Gr\u00fcndergarage-300x203.jpg 300w, https:\/\/hub.hslu.ch\/smart-up\/wp-content\/blogs.dir\/578\/files\/sites\/12\/2014\/02\/Bild_Gr\u00fcndergarage.jpg 1496w\" sizes=\"auto, (max-width: 1024px) 100vw, 1024px\" \/><\/figure>\n\n\n\n<div style=\"height:50px\" aria-hidden=\"true\" class=\"wp-block-spacer\"><\/div>\n\n\n\n<h5 class=\"wp-block-heading\"><strong>Mit\u2026&nbsp;&nbsp;&nbsp;&nbsp;&nbsp; individueller Beratung&nbsp;und Coaching<\/strong><\/h5>\n\n\n\n<ul class=\"wp-block-list\">\n<li>Holen Sie sich\u00a0<a href=\"https:\/\/hub.hslu.ch\/smart-up\/angebot-2\/tipps-links\/\" target=\"_blank\" rel=\"noreferrer noopener\">Tipps &amp; Links<\/a>\u00a0auf Ihrem Weg zur Unternehmerin oder zum Unternehmer!<\/li>\n\n\n\n<li>Profitieren Sie von unserem Know-how und Netzwerk und lassen Sie sich von Experten bis zu\u00a0<strong>sieben Stunden kostenlos<\/strong> <strong>und\u00a0individuell<\/strong> beraten &#8211; zu allen m\u00f6glichen Fachbereichen, wie beispielsweise Gesch\u00e4ftsmodell &amp; Innovationscheck, rechtliche Aspekte (Gesch\u00e4ftsform, Intellectual Property Rights, Finanzierung &amp; Budgetierung, Technische Beratung &amp; Prototyp, Marketing, Verkauf &amp; Vertrieb<\/li>\n\n\n\n<li>Lassen Sie sich im Rahmen eines Mentoringprogramms durch aktive Jungunternehmer\/-innen coachen!<\/li>\n\n\n\n<li>Erhalten Sie Gelegenheit, sich mit der Startup-Szene und mit Gleichgesinnten zu vernetzen!<\/li>\n<\/ul>\n\n\n\n<div style=\"height:50px\" aria-hidden=\"true\" class=\"wp-block-spacer\"><\/div>\n\n\n\n<h5 class=\"wp-block-heading\"><strong>Mit\u2026 &nbsp;&nbsp;&nbsp;&nbsp; Infrastruktur<\/strong><\/h5>\n\n\n\n<ul class=\"wp-block-list\">\n<li>Nutzen Sie unsere <a aria-label=\"undefined (opens in a new tab)\" href=\"https:\/\/hub.hslu.ch\/smart-up\/smart-up-hubs\/\" target=\"_blank\" rel=\"noreferrer noopener\">Arbeitspl\u00e4tze in den Smart-up Hubs Luzern \/ Horw<\/a><\/li>\n\n\n\n<li>R\u00e4umen Sie praktische Hindernisse aus dem Weg und lassen Sie uns helfen bei der Beschaffung von technischer Infrastruktur (Labor, Messger\u00e4te etc., Nutzungsrechten f\u00fcr Software, etc.).<\/li>\n<\/ul>\n\n\n\n<div style=\"height:50px\" aria-hidden=\"true\" class=\"wp-block-spacer\"><\/div>\n\n\n\n<h5 class=\"wp-block-heading\"><strong>Mit\u2026&nbsp;&nbsp;&nbsp;&nbsp;&nbsp; Workshops und Events<\/strong><\/h5>\n\n\n\n<ul class=\"wp-block-list\">\n<li>Holen Sie sich in Workshops Inputs zu verschiedenen Phasen der Unternehmensgr\u00fcndung und \u2013entwicklung!<\/li>\n\n\n\n<li>Erhalten Sie Gelegenheit, wichtige Akteure aus der Startup-Szene kennenzulernen und sich mit\u00a0Gleichgesinnten\u00a0\u00a0auszutauschen!<\/li>\n\n\n\n<li>Bleiben Sie auf dem Laufenden, was in der Start-up-Szene passiert und informieren Sie sich \u00fcber <a href=\"https:\/\/hub.hslu.ch\/smart-up\/calendar\/\" target=\"_blank\" rel=\"noreferrer noopener\">die aktuellen Events<\/a>!<\/li>\n<\/ul>\n\n\n\n<div style=\"height:50px\" aria-hidden=\"true\" class=\"wp-block-spacer\"><\/div>\n\n\n\n<h5 class=\"wp-block-heading\"><strong>Mit\u2026&nbsp;&nbsp;&nbsp;&nbsp;&nbsp; Matching mit Studierenden und Externen<\/strong><\/h5>\n\n\n\n<ul class=\"wp-block-list\">\n<li><strong>Beauftragen Sie Studierende mit dem Erstellen des Businessplanes, des Marketingkonzepts, der Marktanalyse\u00a0oder des Prototypes!<\/strong> Diese werden\u00a0im Rahmen von studentischen Arbeiten umgesetzt.\u00a0Weitere Informationen: <a href=\"https:\/\/www.hslu.ch\/de-ch\/wirtschaft\/forschung\/beratung-nach-mass\/transfer-services\/\" target=\"_blank\" rel=\"noreferrer noopener\">Transfer Services Hochschule Luzern<\/a><\/li>\n\n\n\n<li>Team-Matching: Gewinnen Sie Studierende f\u00fcr die eigene Idee, als Partner oder als Teammitglieder!<\/li>\n\n\n\n<li>Nutzen Sie die Chance Projektarbeiten, Businesspl\u00e4ne und Diplomarbeiten interdisziplin\u00e4r und\u00a0departements\u00fcbergreifend zu schreiben. Wir unterst\u00fctzen Sie gerne dabei: <a href=\"&#x6d;&#x61;&#105;l&#x74;&#x6f;&#x3a;&#115;m&#x61;&#x72;&#x74;&#45;u&#x70;&#x40;&#x68;&#115;l&#x75;&#x2e;&#x63;&#104;\">Kontakt<\/a><\/li>\n\n\n\n<li>Schalten Sie ein kostenloses Inserat auf unserer \u00a0<a href=\"https:\/\/hub.hslu.ch\/smart-up\/angebot-2\/suche-biete-an\/\" target=\"_blank\" rel=\"noreferrer noopener\">Suche\/Biete-Plattform<\/a>\u00a0und finden Sie Teammitglieder oder\u00a0Investoren.<\/li>\n\n\n\n<li>Inserieren Sie Ihre Jobausschreibungen f\u00fcr Start-ups auf <a href=\"http:\/\/www.careers.hslu.ch\" target=\"_blank\" rel=\"noreferrer noopener\">careers.hslu.ch <\/a>kostenlos!<\/li>\n<\/ul>\n\n\n\n<div style=\"height:50px\" aria-hidden=\"true\" class=\"wp-block-spacer\"><\/div>\n\n\n\n<h3 class=\"wp-block-heading\">Womit k\u00f6nnen Sie uns unterst\u00fctzen?<\/h3>\n\n\n\n<h5 class=\"wp-block-heading\"><strong>Mit\u2026&nbsp;&nbsp;&nbsp;&nbsp;&nbsp; Mentoring<\/strong><\/h5>\n\n\n\n<ul class=\"wp-block-list\">\n<li>Unterst\u00fctzen Sie junge Start-ups, indem Sie diese im Rahmen eines Mentoringprogrammes individuell coachen und ihre eigenen Erfahrungen als Jungunternehmer\/in einbringen! <a href=\"&#x6d;&#x61;&#x69;&#x6c;&#x74;&#x6f;&#x3a;&#x73;&#x6d;&#x61;&#x72;&#x74;&#x2d;&#x75;&#112;&#64;&#104;&#115;&#108;&#117;&#46;&#99;&#104;\">Kontakt<\/a><\/li>\n<\/ul>\n\n\n\n<p>Eine \u00dcbersicht \u00fcber unsere Angebote erhalten Sie auch in unserer ausf\u00fchrlichen Brosch\u00fcre &#8211; als <a href=\"https:\/\/hub.hslu.ch\/smart-up\/wp-content\/blogs.dir\/578\/files\/sites\/12\/2021\/03\/Broschu\u0308re-Lifefecyle-Map_Smart-up-2019-2.pdf\" target=\"_blank\" rel=\"noreferrer noopener\">PDF <\/a>zum download. <\/p>\n","protected":false},"excerpt":{"rendered":"<p>Womit k\u00f6nnen wir Sie unterst\u00fctzen? Sind Sie an Unternehmertum interessiert, haben eine Gesch\u00e4ftsidee im Kopf oder stehen kurz vor\/nach der Gr\u00fcndung Ihres eigenen Start-ups? Dann unterst\u00fctzen wir Sie gerne mit den folgenden&nbsp;f\u00fcnf&nbsp;Angeboten &#8230; Mit\u2026&nbsp;&nbsp;&nbsp;&nbsp;&nbsp; der Gr\u00fcndergarage &#8211; Ihr Studium als Start-up Toolbox Mit\u2026&nbsp;&nbsp;&nbsp;&nbsp;&nbsp; individueller Beratung&nbsp;und Coaching Mit\u2026 &nbsp;&nbsp;&nbsp;&nbsp; Infrastruktur Mit\u2026&nbsp;&nbsp;&nbsp;&nbsp;&nbsp; Workshops und Events Mit\u2026&nbsp;&nbsp;&nbsp;&nbsp;&nbsp; Matching<\/p>\n","protected":false},"author":1844,"featured_media":0,"parent":0,"menu_order":0,"comment_status":"open","ping_status":"open","template":"","meta":{"_acf_changed":false,"inline_featured_image":false,"_relevanssi_hide_post":"","_relevanssi_hide_content":"","_relevanssi_pin_for_all":"","_relevanssi_pin_keywords":"","_relevanssi_unpin_keywords":"","_relevanssi_related_keywords":"","_relevanssi_related_include_ids":"","_relevanssi_related_exclude_ids":"","_relevanssi_related_no_append":"","_relevanssi_related_not_related":"","_relevanssi_related_posts":"12795,12830,12733,12701,12663,12398","_relevanssi_noindex_reason":"","footnotes":"","_links_to":"","_links_to_target":""},"class_list":["post-319","page","type-page","status-publish","hentry"],"acf":[],"yoast_head":"<!-- This site is optimized with the Yoast SEO plugin v27.3 - https:\/\/yoast.com\/product\/yoast-seo-wordpress\/ -->\n<title>Angebot - Smart-up<\/title>\n<meta name=\"description\" content=\"Womit k\u00f6nnen wir Sie unterst\u00fctzen? Sind Sie an Unternehmertum interessiert, haben eine Gesch\u00e4ftsidee im Kopf oder stehen kurz vor\/nach der Gr\u00fcndung Ihres\" \/>\n<meta name=\"robots\" content=\"index, follow, max-snippet:-1, max-image-preview:large, max-video-preview:-1\" \/>\n<link rel=\"canonical\" href=\"https:\/\/hub.hslu.ch\/smart-up\/angebot\/\" \/>\n<meta property=\"og:locale\" content=\"de_DE\" \/>\n<meta property=\"og:type\" content=\"article\" \/>\n<meta property=\"og:title\" content=\"Angebot - Smart-up\" \/>\n<meta property=\"og:description\" content=\"Womit k\u00f6nnen wir Sie unterst\u00fctzen? Sind Sie an Unternehmertum interessiert, haben eine Gesch\u00e4ftsidee im Kopf oder stehen kurz vor\/nach der Gr\u00fcndung Ihres\" \/>\n<meta property=\"og:url\" content=\"https:\/\/hub.hslu.ch\/smart-up\/angebot\/\" \/>\n<meta property=\"og:site_name\" content=\"Smart-up\" \/>\n<meta property=\"article:modified_time\" content=\"2024-10-16T12:51:34+00:00\" \/>\n<meta name=\"twitter:card\" content=\"summary_large_image\" \/>\n<meta name=\"twitter:label1\" content=\"Gesch\u00e4tzte Lesezeit\" \/>\n\t<meta name=\"twitter:data1\" content=\"3\u00a0Minuten\" \/>\n<script type=\"application\/ld+json\" class=\"yoast-schema-graph\">{\"@context\":\"https:\\\/\\\/schema.org\",\"@graph\":[{\"@type\":\"WebPage\",\"@id\":\"https:\\\/\\\/hub.hslu.ch\\\/smart-up\\\/angebot\\\/\",\"url\":\"https:\\\/\\\/hub.hslu.ch\\\/smart-up\\\/angebot\\\/\",\"name\":\"Angebot - Smart-up\",\"isPartOf\":{\"@id\":\"https:\\\/\\\/hub.hslu.ch\\\/smart-up\\\/#website\"},\"datePublished\":\"2014-02-06T13:08:09+00:00\",\"dateModified\":\"2024-10-16T12:51:34+00:00\",\"description\":\"Womit k\u00f6nnen wir Sie unterst\u00fctzen? Sind Sie an Unternehmertum interessiert, haben eine Gesch\u00e4ftsidee im Kopf oder stehen kurz vor\\\/nach der Gr\u00fcndung Ihres\",\"inLanguage\":\"de-CH\",\"potentialAction\":[{\"@type\":\"ReadAction\",\"target\":[\"https:\\\/\\\/hub.hslu.ch\\\/smart-up\\\/angebot\\\/\"]}]},{\"@type\":\"WebSite\",\"@id\":\"https:\\\/\\\/hub.hslu.ch\\\/smart-up\\\/#website\",\"url\":\"https:\\\/\\\/hub.hslu.ch\\\/smart-up\\\/\",\"name\":\"Smart-up\",\"description\":\"Ideen erfolgreich umsetzen\",\"potentialAction\":[{\"@type\":\"SearchAction\",\"target\":{\"@type\":\"EntryPoint\",\"urlTemplate\":\"https:\\\/\\\/hub.hslu.ch\\\/smart-up\\\/?s={search_term_string}\"},\"query-input\":{\"@type\":\"PropertyValueSpecification\",\"valueRequired\":true,\"valueName\":\"search_term_string\"}}],\"inLanguage\":\"de-CH\"}]}<\/script>\n<!-- \/ Yoast SEO plugin. -->","yoast_head_json":{"title":"Angebot - Smart-up","description":"Womit k\u00f6nnen wir Sie unterst\u00fctzen? Sind Sie an Unternehmertum interessiert, haben eine Gesch\u00e4ftsidee im Kopf oder stehen kurz vor\/nach der Gr\u00fcndung Ihres","robots":{"index":"index","follow":"follow","max-snippet":"max-snippet:-1","max-image-preview":"max-image-preview:large","max-video-preview":"max-video-preview:-1"},"canonical":"https:\/\/hub.hslu.ch\/smart-up\/angebot\/","og_locale":"de_DE","og_type":"article","og_title":"Angebot - Smart-up","og_description":"Womit k\u00f6nnen wir Sie unterst\u00fctzen? Sind Sie an Unternehmertum interessiert, haben eine Gesch\u00e4ftsidee im Kopf oder stehen kurz vor\/nach der Gr\u00fcndung Ihres","og_url":"https:\/\/hub.hslu.ch\/smart-up\/angebot\/","og_site_name":"Smart-up","article_modified_time":"2024-10-16T12:51:34+00:00","twitter_card":"summary_large_image","twitter_misc":{"Gesch\u00e4tzte Lesezeit":"3\u00a0Minuten"},"schema":{"@context":"https:\/\/schema.org","@graph":[{"@type":"WebPage","@id":"https:\/\/hub.hslu.ch\/smart-up\/angebot\/","url":"https:\/\/hub.hslu.ch\/smart-up\/angebot\/","name":"Angebot - Smart-up","isPartOf":{"@id":"https:\/\/hub.hslu.ch\/smart-up\/#website"},"datePublished":"2014-02-06T13:08:09+00:00","dateModified":"2024-10-16T12:51:34+00:00","description":"Womit k\u00f6nnen wir Sie unterst\u00fctzen? Sind Sie an Unternehmertum interessiert, haben eine Gesch\u00e4ftsidee im Kopf oder stehen kurz vor\/nach der Gr\u00fcndung Ihres","inLanguage":"de-CH","potentialAction":[{"@type":"ReadAction","target":["https:\/\/hub.hslu.ch\/smart-up\/angebot\/"]}]},{"@type":"WebSite","@id":"https:\/\/hub.hslu.ch\/smart-up\/#website","url":"https:\/\/hub.hslu.ch\/smart-up\/","name":"Smart-up","description":"Ideen erfolgreich umsetzen","potentialAction":[{"@type":"SearchAction","target":{"@type":"EntryPoint","urlTemplate":"https:\/\/hub.hslu.ch\/smart-up\/?s={search_term_string}"},"query-input":{"@type":"PropertyValueSpecification","valueRequired":true,"valueName":"search_term_string"}}],"inLanguage":"de-CH"}]}},"featured_image_src":null,"featured_image_src_square":null,"_links":{"self":[{"href":"https:\/\/hub.hslu.ch\/smart-up\/wp-json\/wp\/v2\/pages\/319","targetHints":{"allow":["GET"]}}],"collection":[{"href":"https:\/\/hub.hslu.ch\/smart-up\/wp-json\/wp\/v2\/pages"}],"about":[{"href":"https:\/\/hub.hslu.ch\/smart-up\/wp-json\/wp\/v2\/types\/page"}],"author":[{"embeddable":true,"href":"https:\/\/hub.hslu.ch\/smart-up\/wp-json\/wp\/v2\/users\/1844"}],"replies":[{"embeddable":true,"href":"https:\/\/hub.hslu.ch\/smart-up\/wp-json\/wp\/v2\/comments?post=319"}],"version-history":[{"count":14,"href":"https:\/\/hub.hslu.ch\/smart-up\/wp-json\/wp\/v2\/pages\/319\/revisions"}],"predecessor-version":[{"id":13188,"href":"https:\/\/hub.hslu.ch\/smart-up\/wp-json\/wp\/v2\/pages\/319\/revisions\/13188"}],"wp:attachment":[{"href":"https:\/\/hub.hslu.ch\/smart-up\/wp-json\/wp\/v2\/media?parent=319"}],"curies":[{"name":"wp","href":"https:\/\/api.w.org\/{rel}","templated":true}]}}