{"id":3354,"date":"2016-10-11T13:48:01","date_gmt":"2016-10-11T11:48:01","guid":{"rendered":"https:\/\/hub.hslu.ch\/smart-up\/?page_id=3354"},"modified":"2020-08-28T14:03:32","modified_gmt":"2020-08-28T12:03:32","slug":"smart-up-hub-alpnach-micropark-pilatus","status":"publish","type":"page","link":"https:\/\/hub.hslu.ch\/smart-up\/smart-up-hubs\/smart-up-hub-alpnach-micropark-pilatus\/","title":{"rendered":"Smart-up Satellit Alpnach\/Sarnen \u2013 Startup Pilatus"},"content":{"rendered":"\n<p><strong>Ausstattung<\/strong><\/p>\n\n\n\n<p>\u00d6ffnungszeiten : Montag-Freitag von 07.00 bis 18.00 Uhr<br>K\u00fcche voll ausgestattet<br>Lounge &amp; Dachterrasse<br>Kantine im Haus<br>Dusche<br>Sitzungszimmer &amp; Seminarr\u00e4ume<br>T\u00fcftellabor im Haus<\/p>\n\n\n\n<div style=\"height:50px\" aria-hidden=\"true\" class=\"wp-block-spacer\"><\/div>\n\n\n\n<p><strong>Gratis Service<\/strong><\/p>\n\n\n\n<p>Sitzungszimmer (first come, first serve)<br>Kaffee<br>Drucker<\/p>\n\n\n\n<div style=\"height:50px\" aria-hidden=\"true\" class=\"wp-block-spacer\"><\/div>\n\n\n\n<p><strong>Services auf Wunsch (Preis auf Anfrage)<\/strong><\/p>\n\n\n\n<p>Postservice<br>Management CoachingBuchhaltung<br>Domiziladresse<br>Eigener Schl\u00fcssel (nur bei Fix Desk)<\/p>\n\n\n\n<figure class=\"wp-block-gallery columns-3 is-cropped wp-block-gallery-1 is-layout-flex wp-block-gallery-is-layout-flex\"><ul class=\"blocks-gallery-grid\"><li class=\"blocks-gallery-item\"><figure><img loading=\"lazy\" decoding=\"async\" width=\"266\" height=\"178\" src=\"https:\/\/hub.hslu.ch\/smart-up\/wp-content\/blogs.dir\/578\/files\/sites\/12\/2016\/10\/Flyer-CoWorking-3.bmp\" alt=\"\" data-id=\"3359\" data-full-url=\"https:\/\/hub.hslu.ch\/smart-up\/wp-content\/blogs.dir\/578\/files\/sites\/12\/2016\/10\/Flyer-CoWorking-3.bmp\" data-link=\"https:\/\/hub.hslu.ch\/smart-up\/smart-up-hubs\/smart-up-hub-alpnach-micropark-pilatus\/flyer-coworking-3\/\" class=\"wp-image-3359\"\/><\/figure><\/li><li class=\"blocks-gallery-item\"><figure><img loading=\"lazy\" decoding=\"async\" width=\"266\" height=\"201\" src=\"https:\/\/hub.hslu.ch\/smart-up\/wp-content\/blogs.dir\/578\/files\/sites\/12\/2016\/10\/Flyer-CoWorking-2.bmp\" alt=\"\" data-id=\"3358\" data-full-url=\"https:\/\/hub.hslu.ch\/smart-up\/wp-content\/blogs.dir\/578\/files\/sites\/12\/2016\/10\/Flyer-CoWorking-2.bmp\" data-link=\"https:\/\/hub.hslu.ch\/smart-up\/smart-up-hubs\/smart-up-hub-alpnach-micropark-pilatus\/flyer-coworking-2\/\" class=\"wp-image-3358\"\/><\/figure><\/li><li class=\"blocks-gallery-item\"><figure><img loading=\"lazy\" decoding=\"async\" width=\"266\" height=\"198\" src=\"https:\/\/hub.hslu.ch\/smart-up\/wp-content\/blogs.dir\/578\/files\/sites\/12\/2016\/10\/Flyer-CoWorking-1.bmp\" alt=\"\" data-id=\"3357\" data-full-url=\"https:\/\/hub.hslu.ch\/smart-up\/wp-content\/blogs.dir\/578\/files\/sites\/12\/2016\/10\/Flyer-CoWorking-1.bmp\" data-link=\"https:\/\/hub.hslu.ch\/smart-up\/smart-up-hubs\/smart-up-hub-alpnach-micropark-pilatus\/flyer-coworking-1\/\" class=\"wp-image-3357\"\/><\/figure><\/li><\/ul><\/figure>\n\n\n\n<div style=\"height:50px\" aria-hidden=\"true\" class=\"wp-block-spacer\"><\/div>\n\n\n\n<p><strong>Sind Sie interessiert? Dann melden Sie sich direkt bei&nbsp;<a href=\"&#109;&#x61;&#x69;&#108;&#x74;&#x6f;:&#x69;&#x6e;f&#111;&#x40;m&#105;&#x63;r&#111;&#x70;a&#114;&#x6b;p&#105;&#x6c;&#x61;&#116;&#x75;&#x73;&#46;&#x63;&#x68;\">&#105;&#x6e;f&#111;&#x40;s&#116;&#x61;r&#x74;&#x75;&#112;&#x2d;p&#105;&#x6c;a&#116;&#x75;s&#x2e;&#x63;&#104;<\/a> oder <a href=\"&#109;&#97;&#x69;l&#116;&#x6f;&#x3a;s&#109;&#x61;&#x72;t&#45;&#x75;p&#64;&#x68;&#x73;l&#117;&#x2e;&#x63;h\">&#115;&#x6d;&#x61;&#114;&#x74;&#x2d;u&#x70;&#x40;h&#115;&#x6c;u&#46;&#x63;h<\/a>. First come, first served!<\/strong><\/p>\n\n\n\n<p>Im Herbst 2019 hat Startup Pilatus im ehemaligen Sitz der Obwaldner Kantonalbank<strong> im Zentrum von Sarnen ein Coworking<\/strong> eingerichtet. Ein Arbeitsort mit toller Atmosph\u00e4re und hervorragender Ausstattung. S\u00e4mtliche Informationen sowie die Preise findest du unter <a href=\"https:\/\/startup-pilatus.ch\/startup-pilatus\/coworking-sarneraatal\/\" target=\"_blank\" rel=\"noreferrer noopener\">www.startup-pilatus.ch<\/a><\/p>\n\n\n\n<figure class=\"wp-block-image size-large is-resized\"><img loading=\"lazy\" decoding=\"async\" src=\"https:\/\/hub.hslu.ch\/smart-up\/wp-content\/blogs.dir\/578\/files\/sites\/12\/2019\/12\/Sarnen1.jpg\" alt=\"Sarnen\" class=\"wp-image-6076\" width=\"300\" height=\"225\"\/><\/figure>\n","protected":false},"excerpt":{"rendered":"<p>Ausstattung \u00d6ffnungszeiten : Montag-Freitag von 07.00 bis 18.00 UhrK\u00fcche voll ausgestattetLounge &amp; DachterrasseKantine im HausDuscheSitzungszimmer &amp; Seminarr\u00e4umeT\u00fcftellabor im Haus Gratis Service Sitzungszimmer (first come, first serve)KaffeeDrucker Services auf Wunsch (Preis auf Anfrage) PostserviceManagement CoachingBuchhaltungDomiziladresseEigener Schl\u00fcssel (nur bei Fix Desk) Sind Sie interessiert? Dann melden Sie sich direkt bei&nbsp;&#105;&#x6e;f&#x6f;&#64;&#115;&#x74;&#97;&#x72;t&#117;&#x70;&#45;&#x70;i&#x6c;&#x61;&#116;&#x75;s&#x2e;c&#104; oder &#x73;&#109;&#x61;&#x72;&#116;&#x2d;&#x75;&#112;&#x40;&#x68;&#115;&#x6c;&#x75;&#46;&#x63;&#x68;. First come, first served! Im<\/p>\n","protected":false},"author":3100,"featured_media":0,"parent":1553,"menu_order":0,"comment_status":"closed","ping_status":"closed","template":"","meta":{"_acf_changed":false,"inline_featured_image":false,"_relevanssi_hide_post":"","_relevanssi_hide_content":"","_relevanssi_pin_for_all":"","_relevanssi_pin_keywords":"","_relevanssi_unpin_keywords":"","_relevanssi_related_keywords":"","_relevanssi_related_include_ids":"","_relevanssi_related_exclude_ids":"","_relevanssi_related_no_append":"","_relevanssi_related_not_related":"","_relevanssi_related_posts":"","_relevanssi_noindex_reason":"","footnotes":"","_links_to":"","_links_to_target":""},"class_list":["post-3354","page","type-page","status-publish","hentry"],"acf":[],"yoast_head":"<!-- This site is optimized with the Yoast SEO plugin v27.3 - https:\/\/yoast.com\/product\/yoast-seo-wordpress\/ -->\n<title>Smart-up Satellit Alpnach\/Sarnen \u2013 Startup Pilatus - Smart-up<\/title>\n<meta name=\"description\" content=\"Ausstattung \u00d6ffnungszeiten : Montag-Freitag von 07.00 bis 18.00 UhrK\u00fcche voll ausgestattetLounge &amp; DachterrasseKantine im HausDuscheSitzungszimmer\" \/>\n<meta name=\"robots\" content=\"index, follow, max-snippet:-1, max-image-preview:large, max-video-preview:-1\" \/>\n<link rel=\"canonical\" href=\"https:\/\/hub.hslu.ch\/smart-up\/smart-up-hubs\/smart-up-hub-alpnach-micropark-pilatus\/\" \/>\n<meta property=\"og:locale\" content=\"de_DE\" \/>\n<meta property=\"og:type\" content=\"article\" \/>\n<meta property=\"og:title\" content=\"Smart-up Satellit Alpnach\/Sarnen \u2013 Startup Pilatus - Smart-up\" \/>\n<meta property=\"og:description\" content=\"Ausstattung \u00d6ffnungszeiten : Montag-Freitag von 07.00 bis 18.00 UhrK\u00fcche voll ausgestattetLounge &amp; DachterrasseKantine im HausDuscheSitzungszimmer\" \/>\n<meta property=\"og:url\" content=\"https:\/\/hub.hslu.ch\/smart-up\/smart-up-hubs\/smart-up-hub-alpnach-micropark-pilatus\/\" \/>\n<meta property=\"og:site_name\" content=\"Smart-up\" \/>\n<meta property=\"article:modified_time\" content=\"2020-08-28T12:03:32+00:00\" \/>\n<meta property=\"og:image\" content=\"https:\/\/hub.hslu.ch\/smart-up\/wp-content\/blogs.dir\/578\/files\/sites\/12\/2016\/10\/Flyer-CoWorking-3.bmp\" \/>\n<meta name=\"twitter:card\" content=\"summary_large_image\" \/>\n<meta name=\"twitter:label1\" content=\"Gesch\u00e4tzte Lesezeit\" \/>\n\t<meta name=\"twitter:data1\" content=\"1\u00a0Minute\" \/>\n<script type=\"application\/ld+json\" class=\"yoast-schema-graph\">{\"@context\":\"https:\\\/\\\/schema.org\",\"@graph\":[{\"@type\":\"WebPage\",\"@id\":\"https:\\\/\\\/hub.hslu.ch\\\/smart-up\\\/smart-up-hubs\\\/smart-up-hub-alpnach-micropark-pilatus\\\/\",\"url\":\"https:\\\/\\\/hub.hslu.ch\\\/smart-up\\\/smart-up-hubs\\\/smart-up-hub-alpnach-micropark-pilatus\\\/\",\"name\":\"Smart-up Satellit Alpnach\\\/Sarnen \u2013 Startup Pilatus - Smart-up\",\"isPartOf\":{\"@id\":\"https:\\\/\\\/hub.hslu.ch\\\/smart-up\\\/#website\"},\"primaryImageOfPage\":{\"@id\":\"https:\\\/\\\/hub.hslu.ch\\\/smart-up\\\/smart-up-hubs\\\/smart-up-hub-alpnach-micropark-pilatus\\\/#primaryimage\"},\"image\":{\"@id\":\"https:\\\/\\\/hub.hslu.ch\\\/smart-up\\\/smart-up-hubs\\\/smart-up-hub-alpnach-micropark-pilatus\\\/#primaryimage\"},\"thumbnailUrl\":\"https:\\\/\\\/hub.hslu.ch\\\/smart-up\\\/wp-content\\\/blogs.dir\\\/578\\\/files\\\/sites\\\/12\\\/2016\\\/10\\\/Flyer-CoWorking-3.bmp\",\"datePublished\":\"2016-10-11T11:48:01+00:00\",\"dateModified\":\"2020-08-28T12:03:32+00:00\",\"description\":\"Ausstattung \u00d6ffnungszeiten : Montag-Freitag von 07.00 bis 18.00 UhrK\u00fcche voll ausgestattetLounge &amp; DachterrasseKantine im HausDuscheSitzungszimmer\",\"breadcrumb\":{\"@id\":\"https:\\\/\\\/hub.hslu.ch\\\/smart-up\\\/smart-up-hubs\\\/smart-up-hub-alpnach-micropark-pilatus\\\/#breadcrumb\"},\"inLanguage\":\"de-CH\",\"potentialAction\":[{\"@type\":\"ReadAction\",\"target\":[\"https:\\\/\\\/hub.hslu.ch\\\/smart-up\\\/smart-up-hubs\\\/smart-up-hub-alpnach-micropark-pilatus\\\/\"]}]},{\"@type\":\"ImageObject\",\"inLanguage\":\"de-CH\",\"@id\":\"https:\\\/\\\/hub.hslu.ch\\\/smart-up\\\/smart-up-hubs\\\/smart-up-hub-alpnach-micropark-pilatus\\\/#primaryimage\",\"url\":\"https:\\\/\\\/hub.hslu.ch\\\/smart-up\\\/wp-content\\\/blogs.dir\\\/578\\\/files\\\/sites\\\/12\\\/2016\\\/10\\\/Flyer-CoWorking-3.bmp\",\"contentUrl\":\"https:\\\/\\\/hub.hslu.ch\\\/smart-up\\\/wp-content\\\/blogs.dir\\\/578\\\/files\\\/sites\\\/12\\\/2016\\\/10\\\/Flyer-CoWorking-3.bmp\",\"width\":266,\"height\":178},{\"@type\":\"BreadcrumbList\",\"@id\":\"https:\\\/\\\/hub.hslu.ch\\\/smart-up\\\/smart-up-hubs\\\/smart-up-hub-alpnach-micropark-pilatus\\\/#breadcrumb\",\"itemListElement\":[{\"@type\":\"ListItem\",\"position\":1,\"name\":\"Infrastruktur\",\"item\":\"https:\\\/\\\/hub.hslu.ch\\\/smart-up\\\/smart-up-hubs\\\/\"},{\"@type\":\"ListItem\",\"position\":2,\"name\":\"Smart-up Satellit Alpnach\\\/Sarnen \u2013 Startup Pilatus\"}]},{\"@type\":\"WebSite\",\"@id\":\"https:\\\/\\\/hub.hslu.ch\\\/smart-up\\\/#website\",\"url\":\"https:\\\/\\\/hub.hslu.ch\\\/smart-up\\\/\",\"name\":\"Smart-up\",\"description\":\"Ideen erfolgreich umsetzen\",\"potentialAction\":[{\"@type\":\"SearchAction\",\"target\":{\"@type\":\"EntryPoint\",\"urlTemplate\":\"https:\\\/\\\/hub.hslu.ch\\\/smart-up\\\/?s={search_term_string}\"},\"query-input\":{\"@type\":\"PropertyValueSpecification\",\"valueRequired\":true,\"valueName\":\"search_term_string\"}}],\"inLanguage\":\"de-CH\"}]}<\/script>\n<!-- \/ Yoast SEO plugin. -->","yoast_head_json":{"title":"Smart-up Satellit Alpnach\/Sarnen \u2013 Startup Pilatus - Smart-up","description":"Ausstattung \u00d6ffnungszeiten : Montag-Freitag von 07.00 bis 18.00 UhrK\u00fcche voll ausgestattetLounge &amp; DachterrasseKantine im HausDuscheSitzungszimmer","robots":{"index":"index","follow":"follow","max-snippet":"max-snippet:-1","max-image-preview":"max-image-preview:large","max-video-preview":"max-video-preview:-1"},"canonical":"https:\/\/hub.hslu.ch\/smart-up\/smart-up-hubs\/smart-up-hub-alpnach-micropark-pilatus\/","og_locale":"de_DE","og_type":"article","og_title":"Smart-up Satellit Alpnach\/Sarnen \u2013 Startup Pilatus - Smart-up","og_description":"Ausstattung \u00d6ffnungszeiten : Montag-Freitag von 07.00 bis 18.00 UhrK\u00fcche voll ausgestattetLounge &amp; DachterrasseKantine im HausDuscheSitzungszimmer","og_url":"https:\/\/hub.hslu.ch\/smart-up\/smart-up-hubs\/smart-up-hub-alpnach-micropark-pilatus\/","og_site_name":"Smart-up","article_modified_time":"2020-08-28T12:03:32+00:00","og_image":[{"url":"https:\/\/hub.hslu.ch\/smart-up\/wp-content\/blogs.dir\/578\/files\/sites\/12\/2016\/10\/Flyer-CoWorking-3.bmp","type":"","width":"","height":""}],"twitter_card":"summary_large_image","twitter_misc":{"Gesch\u00e4tzte Lesezeit":"1\u00a0Minute"},"schema":{"@context":"https:\/\/schema.org","@graph":[{"@type":"WebPage","@id":"https:\/\/hub.hslu.ch\/smart-up\/smart-up-hubs\/smart-up-hub-alpnach-micropark-pilatus\/","url":"https:\/\/hub.hslu.ch\/smart-up\/smart-up-hubs\/smart-up-hub-alpnach-micropark-pilatus\/","name":"Smart-up Satellit Alpnach\/Sarnen \u2013 Startup Pilatus - Smart-up","isPartOf":{"@id":"https:\/\/hub.hslu.ch\/smart-up\/#website"},"primaryImageOfPage":{"@id":"https:\/\/hub.hslu.ch\/smart-up\/smart-up-hubs\/smart-up-hub-alpnach-micropark-pilatus\/#primaryimage"},"image":{"@id":"https:\/\/hub.hslu.ch\/smart-up\/smart-up-hubs\/smart-up-hub-alpnach-micropark-pilatus\/#primaryimage"},"thumbnailUrl":"https:\/\/hub.hslu.ch\/smart-up\/wp-content\/blogs.dir\/578\/files\/sites\/12\/2016\/10\/Flyer-CoWorking-3.bmp","datePublished":"2016-10-11T11:48:01+00:00","dateModified":"2020-08-28T12:03:32+00:00","description":"Ausstattung \u00d6ffnungszeiten : Montag-Freitag von 07.00 bis 18.00 UhrK\u00fcche voll ausgestattetLounge &amp; DachterrasseKantine im HausDuscheSitzungszimmer","breadcrumb":{"@id":"https:\/\/hub.hslu.ch\/smart-up\/smart-up-hubs\/smart-up-hub-alpnach-micropark-pilatus\/#breadcrumb"},"inLanguage":"de-CH","potentialAction":[{"@type":"ReadAction","target":["https:\/\/hub.hslu.ch\/smart-up\/smart-up-hubs\/smart-up-hub-alpnach-micropark-pilatus\/"]}]},{"@type":"ImageObject","inLanguage":"de-CH","@id":"https:\/\/hub.hslu.ch\/smart-up\/smart-up-hubs\/smart-up-hub-alpnach-micropark-pilatus\/#primaryimage","url":"https:\/\/hub.hslu.ch\/smart-up\/wp-content\/blogs.dir\/578\/files\/sites\/12\/2016\/10\/Flyer-CoWorking-3.bmp","contentUrl":"https:\/\/hub.hslu.ch\/smart-up\/wp-content\/blogs.dir\/578\/files\/sites\/12\/2016\/10\/Flyer-CoWorking-3.bmp","width":266,"height":178},{"@type":"BreadcrumbList","@id":"https:\/\/hub.hslu.ch\/smart-up\/smart-up-hubs\/smart-up-hub-alpnach-micropark-pilatus\/#breadcrumb","itemListElement":[{"@type":"ListItem","position":1,"name":"Infrastruktur","item":"https:\/\/hub.hslu.ch\/smart-up\/smart-up-hubs\/"},{"@type":"ListItem","position":2,"name":"Smart-up Satellit Alpnach\/Sarnen \u2013 Startup Pilatus"}]},{"@type":"WebSite","@id":"https:\/\/hub.hslu.ch\/smart-up\/#website","url":"https:\/\/hub.hslu.ch\/smart-up\/","name":"Smart-up","description":"Ideen erfolgreich umsetzen","potentialAction":[{"@type":"SearchAction","target":{"@type":"EntryPoint","urlTemplate":"https:\/\/hub.hslu.ch\/smart-up\/?s={search_term_string}"},"query-input":{"@type":"PropertyValueSpecification","valueRequired":true,"valueName":"search_term_string"}}],"inLanguage":"de-CH"}]}},"featured_image_src":null,"featured_image_src_square":null,"_links":{"self":[{"href":"https:\/\/hub.hslu.ch\/smart-up\/wp-json\/wp\/v2\/pages\/3354","targetHints":{"allow":["GET"]}}],"collection":[{"href":"https:\/\/hub.hslu.ch\/smart-up\/wp-json\/wp\/v2\/pages"}],"about":[{"href":"https:\/\/hub.hslu.ch\/smart-up\/wp-json\/wp\/v2\/types\/page"}],"author":[{"embeddable":true,"href":"https:\/\/hub.hslu.ch\/smart-up\/wp-json\/wp\/v2\/users\/3100"}],"replies":[{"embeddable":true,"href":"https:\/\/hub.hslu.ch\/smart-up\/wp-json\/wp\/v2\/comments?post=3354"}],"version-history":[{"count":16,"href":"https:\/\/hub.hslu.ch\/smart-up\/wp-json\/wp\/v2\/pages\/3354\/revisions"}],"predecessor-version":[{"id":6954,"href":"https:\/\/hub.hslu.ch\/smart-up\/wp-json\/wp\/v2\/pages\/3354\/revisions\/6954"}],"up":[{"embeddable":true,"href":"https:\/\/hub.hslu.ch\/smart-up\/wp-json\/wp\/v2\/pages\/1553"}],"wp:attachment":[{"href":"https:\/\/hub.hslu.ch\/smart-up\/wp-json\/wp\/v2\/media?parent=3354"}],"curies":[{"name":"wp","href":"https:\/\/api.w.org\/{rel}","templated":true}]}}