{"id":4660,"date":"2018-08-10T13:41:57","date_gmt":"2018-08-10T11:41:57","guid":{"rendered":"https:\/\/hub.hslu.ch\/smart-up\/?page_id=4660"},"modified":"2020-08-28T14:05:05","modified_gmt":"2020-08-28T12:05:05","slug":"package","status":"publish","type":"page","link":"https:\/\/hub.hslu.ch\/smart-up\/angebot\/package\/","title":{"rendered":"Das Smart-up Package"},"content":{"rendered":"\n<p>P\u00fcnktlich zum Semesterbeginn im Fr\u00fchlingssemester 19 wird mit dem Smart-up Package das Angebot f\u00fcr Start-ups neu definiert. Das bestehende Infrastruktur-Angebot wird erweitert und gibt Start-ups die M\u00f6glichkeit, von unserem Coaching-Pool erweitert zu profitieren, ohne aber ein B\u00fcro mieten zu m\u00fcssen. Was ist in dem Smart-up Package genau enthalten?<\/p>\n\n\n\n<ul class=\"wp-block-list\"><li>20 h kostenloses Coaching mit externen&nbsp;und internen Experten \u00fcber die&nbsp;gesamte Laufzeit des Packages\u200b<\/li><li>Halbj\u00e4hrliches Standortgespr\u00e4ch mit&nbsp;Smart-up&nbsp;Experten\u200b<\/li><li>Digitale Pr\u00e4sentation und Visibilit\u00e4t des&nbsp;Firmenlogos und der Firment\u00e4tigkeit&nbsp;(z.B. Blog, Newsletter,&nbsp;Social&nbsp;Media,&nbsp;Mediens\u00e4ule \/ Grossbildschirme)\u200b<\/li><li>Direkter Zugang zum Smart-up&nbsp;Netzwerk in den Smart-up&nbsp;Hubs Horw&nbsp;und Luzern\u200b<\/li><li>Gesch\u00e4ftsadresse im zugeh\u00f6rigen&nbsp;Departement (je nach Verf\u00fcgbarkeit)\u200b<\/li><li>Neu: exklusiver Event f\u00fcr Smart-up&nbsp;Community mit Packages<\/li><li>Austausch mit neuen Start-ups\u200b der HSLU<\/li><li>Verbundenheit mit Smart-up&nbsp;nach&nbsp;dem Verlassen der Hochschule&nbsp;sowie allf\u00e4llige Unterst\u00fctzung als&nbsp;Coach<\/li><\/ul>\n\n\n\n<p>Das Smart-up Package kann nat\u00fcrlich mit der B\u00fcromiete in einem unserer&nbsp;<a href=\"https:\/\/hub.hslu.ch\/smart-up\/smart-up-hubs\/\" target=\"_blank\" rel=\"noreferrer noopener\">Smart-up Hubs<\/a>&nbsp;kombiniert werden. Die Kosten setzen sich wie folgt zusammen:<\/p>\n\n\n\n<ol class=\"wp-block-list\"><li>Mitgliedsjahr: CHF 120.-\u200b<\/li><li>Mitgliedsjahr: CHF 180.-\u200b<\/li><li>Mitgliedsjahr (und folgende): CHF 240.-<\/li><\/ol>\n\n\n\n<p>Bei Fragen k\u00f6nnen Sie sich euch gerne jederzeit bei uns via&nbsp;<a href=\"&#x6d;&#x61;&#105;&#108;t&#x6f;&#x3a;&#x73;&#109;&#97;r&#x74;&#x2d;&#x75;&#112;&#64;h&#x73;&#x6c;&#x75;&#46;&#99;h\">E-Mail<\/a>&nbsp;melden.<\/p>\n","protected":false},"excerpt":{"rendered":"<p>P\u00fcnktlich zum Semesterbeginn im Fr\u00fchlingssemester 19 wird mit dem Smart-up Package das Angebot f\u00fcr Start-ups neu definiert. Das bestehende Infrastruktur-Angebot wird erweitert und gibt Start-ups die M\u00f6glichkeit, von unserem Coaching-Pool erweitert zu profitieren, ohne aber ein B\u00fcro mieten zu m\u00fcssen. Was ist in dem Smart-up Package genau enthalten? 20 h kostenloses Coaching mit externen&nbsp;und internen<\/p>\n","protected":false},"author":3978,"featured_media":0,"parent":319,"menu_order":0,"comment_status":"closed","ping_status":"closed","template":"","meta":{"_acf_changed":false,"inline_featured_image":false,"_relevanssi_hide_post":"","_relevanssi_hide_content":"","_relevanssi_pin_for_all":"","_relevanssi_pin_keywords":"","_relevanssi_unpin_keywords":"","_relevanssi_related_keywords":"","_relevanssi_related_include_ids":"","_relevanssi_related_exclude_ids":"","_relevanssi_related_no_append":"","_relevanssi_related_not_related":"","_relevanssi_related_posts":"10746,10743,10860,10725,10779,10630","_relevanssi_noindex_reason":"","footnotes":"","_links_to":"","_links_to_target":""},"class_list":["post-4660","page","type-page","status-publish","hentry"],"acf":[],"yoast_head":"<!-- This site is optimized with the Yoast SEO plugin v27.5 - https:\/\/yoast.com\/product\/yoast-seo-wordpress\/ -->\n<title>Das Smart-up Package - Smart-up<\/title>\n<meta name=\"description\" content=\"P\u00fcnktlich zum Semesterbeginn im Fr\u00fchlingssemester 19 wird mit dem Smart-up Package das Angebot f\u00fcr Start-ups neu definiert. Das bestehende\" \/>\n<meta name=\"robots\" content=\"index, follow, max-snippet:-1, max-image-preview:large, max-video-preview:-1\" \/>\n<link rel=\"canonical\" href=\"https:\/\/hub.hslu.ch\/smart-up\/angebot\/package\/\" \/>\n<meta property=\"og:locale\" content=\"de_DE\" \/>\n<meta property=\"og:type\" content=\"article\" \/>\n<meta property=\"og:title\" content=\"Das Smart-up Package - Smart-up\" \/>\n<meta property=\"og:description\" content=\"P\u00fcnktlich zum Semesterbeginn im Fr\u00fchlingssemester 19 wird mit dem Smart-up Package das Angebot f\u00fcr Start-ups neu definiert. Das bestehende\" \/>\n<meta property=\"og:url\" content=\"https:\/\/hub.hslu.ch\/smart-up\/angebot\/package\/\" \/>\n<meta property=\"og:site_name\" content=\"Smart-up\" \/>\n<meta property=\"article:modified_time\" content=\"2020-08-28T12:05:05+00:00\" \/>\n<meta name=\"twitter:card\" content=\"summary_large_image\" \/>\n<meta name=\"twitter:label1\" content=\"Gesch\u00e4tzte Lesezeit\" \/>\n\t<meta name=\"twitter:data1\" content=\"1\u00a0Minute\" \/>\n<script type=\"application\/ld+json\" class=\"yoast-schema-graph\">{\"@context\":\"https:\\\/\\\/schema.org\",\"@graph\":[{\"@type\":\"WebPage\",\"@id\":\"https:\\\/\\\/hub.hslu.ch\\\/smart-up\\\/angebot\\\/package\\\/\",\"url\":\"https:\\\/\\\/hub.hslu.ch\\\/smart-up\\\/angebot\\\/package\\\/\",\"name\":\"Das Smart-up Package - Smart-up\",\"isPartOf\":{\"@id\":\"https:\\\/\\\/hub.hslu.ch\\\/smart-up\\\/#website\"},\"datePublished\":\"2018-08-10T11:41:57+00:00\",\"dateModified\":\"2020-08-28T12:05:05+00:00\",\"description\":\"P\u00fcnktlich zum Semesterbeginn im Fr\u00fchlingssemester 19 wird mit dem Smart-up Package das Angebot f\u00fcr Start-ups neu definiert. Das bestehende\",\"breadcrumb\":{\"@id\":\"https:\\\/\\\/hub.hslu.ch\\\/smart-up\\\/angebot\\\/package\\\/#breadcrumb\"},\"inLanguage\":\"de-CH\",\"potentialAction\":[{\"@type\":\"ReadAction\",\"target\":[\"https:\\\/\\\/hub.hslu.ch\\\/smart-up\\\/angebot\\\/package\\\/\"]}]},{\"@type\":\"BreadcrumbList\",\"@id\":\"https:\\\/\\\/hub.hslu.ch\\\/smart-up\\\/angebot\\\/package\\\/#breadcrumb\",\"itemListElement\":[{\"@type\":\"ListItem\",\"position\":1,\"name\":\"Angebot\",\"item\":\"https:\\\/\\\/hub.hslu.ch\\\/smart-up\\\/angebot\\\/\"},{\"@type\":\"ListItem\",\"position\":2,\"name\":\"Das Smart-up Package\"}]},{\"@type\":\"WebSite\",\"@id\":\"https:\\\/\\\/hub.hslu.ch\\\/smart-up\\\/#website\",\"url\":\"https:\\\/\\\/hub.hslu.ch\\\/smart-up\\\/\",\"name\":\"Smart-up\",\"description\":\"Ideen erfolgreich umsetzen\",\"potentialAction\":[{\"@type\":\"SearchAction\",\"target\":{\"@type\":\"EntryPoint\",\"urlTemplate\":\"https:\\\/\\\/hub.hslu.ch\\\/smart-up\\\/?s={search_term_string}\"},\"query-input\":{\"@type\":\"PropertyValueSpecification\",\"valueRequired\":true,\"valueName\":\"search_term_string\"}}],\"inLanguage\":\"de-CH\"}]}<\/script>\n<!-- \/ Yoast SEO plugin. -->","yoast_head_json":{"title":"Das Smart-up Package - Smart-up","description":"P\u00fcnktlich zum Semesterbeginn im Fr\u00fchlingssemester 19 wird mit dem Smart-up Package das Angebot f\u00fcr Start-ups neu definiert. Das bestehende","robots":{"index":"index","follow":"follow","max-snippet":"max-snippet:-1","max-image-preview":"max-image-preview:large","max-video-preview":"max-video-preview:-1"},"canonical":"https:\/\/hub.hslu.ch\/smart-up\/angebot\/package\/","og_locale":"de_DE","og_type":"article","og_title":"Das Smart-up Package - Smart-up","og_description":"P\u00fcnktlich zum Semesterbeginn im Fr\u00fchlingssemester 19 wird mit dem Smart-up Package das Angebot f\u00fcr Start-ups neu definiert. Das bestehende","og_url":"https:\/\/hub.hslu.ch\/smart-up\/angebot\/package\/","og_site_name":"Smart-up","article_modified_time":"2020-08-28T12:05:05+00:00","twitter_card":"summary_large_image","twitter_misc":{"Gesch\u00e4tzte Lesezeit":"1\u00a0Minute"},"schema":{"@context":"https:\/\/schema.org","@graph":[{"@type":"WebPage","@id":"https:\/\/hub.hslu.ch\/smart-up\/angebot\/package\/","url":"https:\/\/hub.hslu.ch\/smart-up\/angebot\/package\/","name":"Das Smart-up Package - Smart-up","isPartOf":{"@id":"https:\/\/hub.hslu.ch\/smart-up\/#website"},"datePublished":"2018-08-10T11:41:57+00:00","dateModified":"2020-08-28T12:05:05+00:00","description":"P\u00fcnktlich zum Semesterbeginn im Fr\u00fchlingssemester 19 wird mit dem Smart-up Package das Angebot f\u00fcr Start-ups neu definiert. Das bestehende","breadcrumb":{"@id":"https:\/\/hub.hslu.ch\/smart-up\/angebot\/package\/#breadcrumb"},"inLanguage":"de-CH","potentialAction":[{"@type":"ReadAction","target":["https:\/\/hub.hslu.ch\/smart-up\/angebot\/package\/"]}]},{"@type":"BreadcrumbList","@id":"https:\/\/hub.hslu.ch\/smart-up\/angebot\/package\/#breadcrumb","itemListElement":[{"@type":"ListItem","position":1,"name":"Angebot","item":"https:\/\/hub.hslu.ch\/smart-up\/angebot\/"},{"@type":"ListItem","position":2,"name":"Das Smart-up Package"}]},{"@type":"WebSite","@id":"https:\/\/hub.hslu.ch\/smart-up\/#website","url":"https:\/\/hub.hslu.ch\/smart-up\/","name":"Smart-up","description":"Ideen erfolgreich umsetzen","potentialAction":[{"@type":"SearchAction","target":{"@type":"EntryPoint","urlTemplate":"https:\/\/hub.hslu.ch\/smart-up\/?s={search_term_string}"},"query-input":{"@type":"PropertyValueSpecification","valueRequired":true,"valueName":"search_term_string"}}],"inLanguage":"de-CH"}]}},"featured_image_src":null,"featured_image_src_square":null,"_links":{"self":[{"href":"https:\/\/hub.hslu.ch\/smart-up\/wp-json\/wp\/v2\/pages\/4660","targetHints":{"allow":["GET"]}}],"collection":[{"href":"https:\/\/hub.hslu.ch\/smart-up\/wp-json\/wp\/v2\/pages"}],"about":[{"href":"https:\/\/hub.hslu.ch\/smart-up\/wp-json\/wp\/v2\/types\/page"}],"author":[{"embeddable":true,"href":"https:\/\/hub.hslu.ch\/smart-up\/wp-json\/wp\/v2\/users\/3978"}],"replies":[{"embeddable":true,"href":"https:\/\/hub.hslu.ch\/smart-up\/wp-json\/wp\/v2\/comments?post=4660"}],"version-history":[{"count":5,"href":"https:\/\/hub.hslu.ch\/smart-up\/wp-json\/wp\/v2\/pages\/4660\/revisions"}],"predecessor-version":[{"id":6955,"href":"https:\/\/hub.hslu.ch\/smart-up\/wp-json\/wp\/v2\/pages\/4660\/revisions\/6955"}],"up":[{"embeddable":true,"href":"https:\/\/hub.hslu.ch\/smart-up\/wp-json\/wp\/v2\/pages\/319"}],"wp:attachment":[{"href":"https:\/\/hub.hslu.ch\/smart-up\/wp-json\/wp\/v2\/media?parent=4660"}],"curies":[{"name":"wp","href":"https:\/\/api.w.org\/{rel}","templated":true}]}}