{"id":5382,"date":"2019-05-04T20:21:12","date_gmt":"2019-05-04T18:21:12","guid":{"rendered":"https:\/\/hub.hslu.ch\/smart-up\/?page_id=5382"},"modified":"2020-08-28T13:35:52","modified_gmt":"2020-08-28T11:35:52","slug":"coworking","status":"publish","type":"page","link":"https:\/\/hub.hslu.ch\/smart-up\/coworking\/","title":{"rendered":"Coworking"},"content":{"rendered":"\n<p><strong>Gratis Arbeitsplatz im Hirschengraben Coworking + Innovation<\/strong><\/p>\n\n\n\n<p>F\u00fcr Smart-up gibts im&nbsp;<strong><a href=\"https:\/\/www.hirschengraben.org\/\" target=\"_blank\" rel=\"noreferrer noopener\">Hirschengraben \u00abCoworking + Innovation\u00bb Luzern<\/a><\/strong>&nbsp;einen kostenlosen Arbeitsplatz (Open Plan Office) zum Ben\u00fctzen. Buche dir einen Gratis Slot \u00fcber unseren Kalender:<\/p>\n\n\n\n<p><strong>Link zum Kalender:&nbsp;<a href=\"https:\/\/smartup.skedda.com\/booking\" target=\"_blank\" rel=\"noreferrer noopener\">smartup.skedda.com<\/a><\/strong><\/p>\n\n\n\n<p>Grunds\u00e4tzlich gilt: Wer zuerst bucht, hat den Platz. Ihr k\u00f6nnt euch \u00fcber den&nbsp;<a href=\"https:\/\/smartup.skedda.com\/booking\" target=\"_blank\" rel=\"noreferrer noopener\">Online-Kalender<\/a>&nbsp;einschreiben und euch den Arbeitsplatz je nach Belieben von einer Stunde bis einen ganzen Tag buchen. Die Buchung ist verbindlich, aber man kann bis sp\u00e4testens 24 Stunden vor dem Termin anuliert werden. Vor Ort kannst du auf die zust\u00e4ndige Person der Hirschengraben Community zugehen und dich in die Smart-up-Liste einschreiben.<\/p>\n\n\n\n<p>Das Angebot ist kostenlos und gilt f\u00fcr alle Studenten, Alumni, Mitarbeiter und auch externe, welche durch Smart-up unterst\u00fctzt werden. Wir w\u00fcnschen viel Spass und stehen bei Fragen zur Verf\u00fcgung:\u00a0<a href=\"&#109;&#x61;&#x69;l&#116;&#x6f;:&#115;&#x6d;&#x61;r&#116;&#x2d;u&#112;&#x40;&#x68;s&#108;&#x75;&#46;&#99;&#x68;\" target=\"_blank\" rel=\"noreferrer noopener\">&#115;&#109;&#x61;r&#116;&#x2d;&#x75;p&#64;&#x68;&#x73;l&#117;&#x2e;c&#104;<\/a><\/p>\n\n\n\n<p><strong>Fixe B\u00fcror\u00e4ume f\u00fcr Startups in den Smart-up Hubs<\/strong><\/p>\n\n\n\n<p>Die Hochschule Luzern unterst\u00fctzt mit Smart-up Jungunternehmen mit passender Infrastruktur: Du kannst an der Zentralstrasse 9 im Departement Wirtschaft einen fixen Arbeistplatz beziehen oder an der Ebenaustrasse 20 in Horw im Coworking Hub.<\/p>\n\n\n\n<ul class=\"wp-block-list\"><li><strong>Preis f\u00fcr den Arbeitsplatz<\/strong>: gratis f\u00fcr&nbsp;das erste Jahr der Nutzung,&nbsp;CHF 100.-&nbsp;(pro Team)&nbsp;pro Monat f\u00fcr&nbsp;das folgende Jahr.<\/li><li>Der weitere Verbleib zu marktgerechten Konditionen kann gegebenenfalls besprochen werden.<\/li><li>Weitere Services im Smart-up Package: Gespr\u00e4ch mit einem Smart-up-Coach\/Hochschul-Betreuungsperson einmal pro Quartal; M\u00f6glichkeit zur Pr\u00e4sentation des eigenen Start-up-Projektes auf dem Smart-up-Blog oder bei Smart-up-Anl\u00e4ssen; Austausch mit neuen jungen Start-ups gew\u00fcnscht; Verbundenheit mit Smart-up nach dem Verlassen der Hochschule sowie allf\u00e4llige Unterst\u00fctzung sofern m\u00f6glich.<\/li><\/ul>\n\n\n\n<p><strong>Bist du interessiert? Dann melde dich direkt bei\u00a0<a href=\"m&#97;&#x69;&#x6c;t&#111;&#x3a;&#x73;m&#97;&#x72;&#x74;-&#117;&#x70;&#x40;h&#115;&#x6c;&#x75;&#46;&#99;&#104;\" target=\"_blank\" rel=\"noreferrer noopener\">smar&#116;&#45;&#117;&#112;&#64;&#104;&#115;&#x6c;&#x75;&#x2e;&#x63;&#x68;<\/a>. First come, first served!<\/strong><\/p>\n\n\n\n<p>Weitere Infos zu den Smart-up Hubs:<\/p>\n\n\n\n<ul class=\"wp-block-list\"><li><a href=\"https:\/\/hub.hslu.ch\/smart-up\/smart-up-hubs\/smart-up-hub-luzern\/\">Smart-up Hub Luzern Bahnhof<\/a><\/li><li><a href=\"https:\/\/hub.hslu.ch\/smart-up\/smart-up-hubs\/smart-up-hub-horw\/\">Smart-up Hub Horw Ebenau<\/a><\/li><li><a href=\"https:\/\/hub.hslu.ch\/smart-up\/smart-up-hubs\/smart-up-hub-alpnach-micropark-pilatus\/\">Smart-up Satellit Alpnach \u2013 Startup Pilatus<\/a><\/li><li><a href=\"http:\/\/www.startup-pilatus.ch\/\" target=\"_blank\" rel=\"noreferrer noopener\">Smart-up Satellit Sarnen \u2013 Startup Pilatus<\/a><\/li><li><a href=\"https:\/\/hub.hslu.ch\/smart-up\/smart-up-hubs\/smart-up-satellit-altdorf-daetwyler-stiftung\/\">Smart-up Satellit Altdorf \u2013 Working Point<\/a><\/li><li><a href=\"https:\/\/hub.hslu.ch\/smart-up\/smart-up-hubs\/smart-up-hub-zug-business-park-zug\/\">Smart-up Satellit Zug \u2013 Business Park Zug<\/a><\/li><\/ul>\n","protected":false},"excerpt":{"rendered":"<p>Gratis Arbeitsplatz im Hirschengraben Coworking + Innovation F\u00fcr Smart-up gibts im&nbsp;Hirschengraben \u00abCoworking + Innovation\u00bb Luzern&nbsp;einen kostenlosen Arbeitsplatz (Open Plan Office) zum Ben\u00fctzen. Buche dir einen Gratis Slot \u00fcber unseren Kalender: Link zum Kalender:&nbsp;smartup.skedda.com Grunds\u00e4tzlich gilt: Wer zuerst bucht, hat den Platz. Ihr k\u00f6nnt euch \u00fcber den&nbsp;Online-Kalender&nbsp;einschreiben und euch den Arbeitsplatz je nach Belieben von einer<\/p>\n","protected":false},"author":4407,"featured_media":0,"parent":0,"menu_order":0,"comment_status":"closed","ping_status":"closed","template":"","meta":{"_acf_changed":false,"inline_featured_image":false,"_relevanssi_hide_post":"","_relevanssi_hide_content":"","_relevanssi_pin_for_all":"","_relevanssi_pin_keywords":"","_relevanssi_unpin_keywords":"","_relevanssi_related_keywords":"","_relevanssi_related_include_ids":"","_relevanssi_related_exclude_ids":"","_relevanssi_related_no_append":"","_relevanssi_related_not_related":"","_relevanssi_related_posts":"10356,10160,8996,7958,6270,6344","_relevanssi_noindex_reason":"","footnotes":"","_links_to":"","_links_to_target":""},"class_list":["post-5382","page","type-page","status-publish","hentry"],"acf":[],"yoast_head":"<!-- This site is optimized with the Yoast SEO plugin v27.3 - https:\/\/yoast.com\/product\/yoast-seo-wordpress\/ -->\n<title>Coworking - Smart-up<\/title>\n<meta name=\"description\" content=\"Gratis Arbeitsplatz im Hirschengraben Coworking + Innovation F\u00fcr Smart-up gibts im&nbsp;Hirschengraben \u00abCoworking + Innovation\u00bb Luzern&nbsp;einen\" \/>\n<meta name=\"robots\" content=\"index, follow, max-snippet:-1, max-image-preview:large, max-video-preview:-1\" \/>\n<link rel=\"canonical\" href=\"https:\/\/hub.hslu.ch\/smart-up\/coworking\/\" \/>\n<meta property=\"og:locale\" content=\"de_DE\" \/>\n<meta property=\"og:type\" content=\"article\" \/>\n<meta property=\"og:title\" content=\"Coworking - Smart-up\" \/>\n<meta property=\"og:description\" content=\"Gratis Arbeitsplatz im Hirschengraben Coworking + Innovation F\u00fcr Smart-up gibts im&nbsp;Hirschengraben \u00abCoworking + Innovation\u00bb Luzern&nbsp;einen\" \/>\n<meta property=\"og:url\" content=\"https:\/\/hub.hslu.ch\/smart-up\/coworking\/\" \/>\n<meta property=\"og:site_name\" content=\"Smart-up\" \/>\n<meta property=\"article:modified_time\" content=\"2020-08-28T11:35:52+00:00\" \/>\n<meta name=\"twitter:card\" content=\"summary_large_image\" \/>\n<meta name=\"twitter:label1\" content=\"Gesch\u00e4tzte Lesezeit\" \/>\n\t<meta name=\"twitter:data1\" content=\"2\u00a0Minuten\" \/>\n<script type=\"application\/ld+json\" class=\"yoast-schema-graph\">{\"@context\":\"https:\\\/\\\/schema.org\",\"@graph\":[{\"@type\":\"WebPage\",\"@id\":\"https:\\\/\\\/hub.hslu.ch\\\/smart-up\\\/coworking\\\/\",\"url\":\"https:\\\/\\\/hub.hslu.ch\\\/smart-up\\\/coworking\\\/\",\"name\":\"Coworking - Smart-up\",\"isPartOf\":{\"@id\":\"https:\\\/\\\/hub.hslu.ch\\\/smart-up\\\/#website\"},\"datePublished\":\"2019-05-04T18:21:12+00:00\",\"dateModified\":\"2020-08-28T11:35:52+00:00\",\"description\":\"Gratis Arbeitsplatz im Hirschengraben Coworking + Innovation F\u00fcr Smart-up gibts im&nbsp;Hirschengraben \u00abCoworking + Innovation\u00bb Luzern&nbsp;einen\",\"inLanguage\":\"de-CH\",\"potentialAction\":[{\"@type\":\"ReadAction\",\"target\":[\"https:\\\/\\\/hub.hslu.ch\\\/smart-up\\\/coworking\\\/\"]}]},{\"@type\":\"WebSite\",\"@id\":\"https:\\\/\\\/hub.hslu.ch\\\/smart-up\\\/#website\",\"url\":\"https:\\\/\\\/hub.hslu.ch\\\/smart-up\\\/\",\"name\":\"Smart-up\",\"description\":\"Ideen erfolgreich umsetzen\",\"potentialAction\":[{\"@type\":\"SearchAction\",\"target\":{\"@type\":\"EntryPoint\",\"urlTemplate\":\"https:\\\/\\\/hub.hslu.ch\\\/smart-up\\\/?s={search_term_string}\"},\"query-input\":{\"@type\":\"PropertyValueSpecification\",\"valueRequired\":true,\"valueName\":\"search_term_string\"}}],\"inLanguage\":\"de-CH\"}]}<\/script>\n<!-- \/ Yoast SEO plugin. -->","yoast_head_json":{"title":"Coworking - Smart-up","description":"Gratis Arbeitsplatz im Hirschengraben Coworking + Innovation F\u00fcr Smart-up gibts im&nbsp;Hirschengraben \u00abCoworking + Innovation\u00bb Luzern&nbsp;einen","robots":{"index":"index","follow":"follow","max-snippet":"max-snippet:-1","max-image-preview":"max-image-preview:large","max-video-preview":"max-video-preview:-1"},"canonical":"https:\/\/hub.hslu.ch\/smart-up\/coworking\/","og_locale":"de_DE","og_type":"article","og_title":"Coworking - Smart-up","og_description":"Gratis Arbeitsplatz im Hirschengraben Coworking + Innovation F\u00fcr Smart-up gibts im&nbsp;Hirschengraben \u00abCoworking + Innovation\u00bb Luzern&nbsp;einen","og_url":"https:\/\/hub.hslu.ch\/smart-up\/coworking\/","og_site_name":"Smart-up","article_modified_time":"2020-08-28T11:35:52+00:00","twitter_card":"summary_large_image","twitter_misc":{"Gesch\u00e4tzte Lesezeit":"2\u00a0Minuten"},"schema":{"@context":"https:\/\/schema.org","@graph":[{"@type":"WebPage","@id":"https:\/\/hub.hslu.ch\/smart-up\/coworking\/","url":"https:\/\/hub.hslu.ch\/smart-up\/coworking\/","name":"Coworking - Smart-up","isPartOf":{"@id":"https:\/\/hub.hslu.ch\/smart-up\/#website"},"datePublished":"2019-05-04T18:21:12+00:00","dateModified":"2020-08-28T11:35:52+00:00","description":"Gratis Arbeitsplatz im Hirschengraben Coworking + Innovation F\u00fcr Smart-up gibts im&nbsp;Hirschengraben \u00abCoworking + Innovation\u00bb Luzern&nbsp;einen","inLanguage":"de-CH","potentialAction":[{"@type":"ReadAction","target":["https:\/\/hub.hslu.ch\/smart-up\/coworking\/"]}]},{"@type":"WebSite","@id":"https:\/\/hub.hslu.ch\/smart-up\/#website","url":"https:\/\/hub.hslu.ch\/smart-up\/","name":"Smart-up","description":"Ideen erfolgreich umsetzen","potentialAction":[{"@type":"SearchAction","target":{"@type":"EntryPoint","urlTemplate":"https:\/\/hub.hslu.ch\/smart-up\/?s={search_term_string}"},"query-input":{"@type":"PropertyValueSpecification","valueRequired":true,"valueName":"search_term_string"}}],"inLanguage":"de-CH"}]}},"featured_image_src":null,"featured_image_src_square":null,"_links":{"self":[{"href":"https:\/\/hub.hslu.ch\/smart-up\/wp-json\/wp\/v2\/pages\/5382","targetHints":{"allow":["GET"]}}],"collection":[{"href":"https:\/\/hub.hslu.ch\/smart-up\/wp-json\/wp\/v2\/pages"}],"about":[{"href":"https:\/\/hub.hslu.ch\/smart-up\/wp-json\/wp\/v2\/types\/page"}],"author":[{"embeddable":true,"href":"https:\/\/hub.hslu.ch\/smart-up\/wp-json\/wp\/v2\/users\/4407"}],"replies":[{"embeddable":true,"href":"https:\/\/hub.hslu.ch\/smart-up\/wp-json\/wp\/v2\/comments?post=5382"}],"version-history":[{"count":5,"href":"https:\/\/hub.hslu.ch\/smart-up\/wp-json\/wp\/v2\/pages\/5382\/revisions"}],"predecessor-version":[{"id":10912,"href":"https:\/\/hub.hslu.ch\/smart-up\/wp-json\/wp\/v2\/pages\/5382\/revisions\/10912"}],"wp:attachment":[{"href":"https:\/\/hub.hslu.ch\/smart-up\/wp-json\/wp\/v2\/media?parent=5382"}],"curies":[{"name":"wp","href":"https:\/\/api.w.org\/{rel}","templated":true}]}}