{"id":5391,"date":"2019-05-04T20:30:53","date_gmt":"2019-05-04T18:30:53","guid":{"rendered":"https:\/\/hub.hslu.ch\/smart-up\/?page_id=5391"},"modified":"2020-08-28T13:36:30","modified_gmt":"2020-08-28T11:36:30","slug":"hirschengraben-coworking","status":"publish","type":"page","link":"https:\/\/hub.hslu.ch\/smart-up\/hirschengraben-coworking\/","title":{"rendered":"Hirschengraben Coworking"},"content":{"rendered":"\n<p><strong>Gratis Arbeitsplatz im Hirschengraben Coworking + Innovation<\/strong><\/p>\n\n\n\n<p>F\u00fcr Smart-up gibts im&nbsp;<strong><a href=\"https:\/\/www.hirschengraben.org\/\" target=\"_blank\" rel=\"noreferrer noopener\">Hirschengraben \u00abCoworking + Innovation\u00bb Luzern<\/a><\/strong>&nbsp;einen kostenlosen Arbeitsplatz (Open Plan Office) zum Ben\u00fctzen. Buche dir einen Gratis Slot \u00fcber unseren Kalender:<\/p>\n\n\n\n<p><strong>Link zum Kalender:&nbsp;<a href=\"https:\/\/smartup.skedda.com\/booking\" target=\"_blank\" rel=\"noreferrer noopener\">smartup.skedda.com<\/a><\/strong><\/p>\n\n\n\n<p>Grunds\u00e4tzlich gilt: Wer zuerst bucht, hat den Platz. Ihr k\u00f6nnt euch \u00fcber den&nbsp;<a href=\"https:\/\/smartup.skedda.com\/booking\" target=\"_blank\" rel=\"noreferrer noopener\">Online-Kalender<\/a>&nbsp;einschreiben und euch den Arbeitsplatz je nach Belieben von einer Stunde bis einen ganzen Tag buchen. Die Buchung ist verbindlich, aber man kann bis sp\u00e4testens 24 Stunden vor dem Termin anuliert werden. Vor Ort kannst du auf die zust\u00e4ndige Person der Hirschengraben Community zugehen und dich in die Smart-up-Liste einschreiben.<\/p>\n\n\n\n<p>Das Angebot ist kostenlos und gilt f\u00fcr alle Studenten, Alumni, Mitarbeiter und auch externe, welche durch Smart-up unterst\u00fctzt werden. Wir w\u00fcnschen viel Spass und stehen bei Fragen zur Verf\u00fcgung:\u00a0<a href=\"&#x6d;&#x61;&#105;&#108;&#116;o&#x3a;&#x73;&#x6d;&#97;&#114;t-&#x75;&#x70;&#x40;&#104;&#115;l&#x75;&#x2e;&#x63;&#104;\" target=\"_blank\" rel=\"noreferrer noopener\">&#x73;&#x6d;&#x61;&#x72;&#x74;&#x2d;&#x75;&#x70;&#x40;&#x68;&#x73;&#x6c;&#x75;&#x2e;&#x63;&#x68;<\/a><\/p>\n","protected":false},"excerpt":{"rendered":"<p>Gratis Arbeitsplatz im Hirschengraben Coworking + Innovation F\u00fcr Smart-up gibts im&nbsp;Hirschengraben \u00abCoworking + Innovation\u00bb Luzern&nbsp;einen kostenlosen Arbeitsplatz (Open Plan Office) zum Ben\u00fctzen. Buche dir einen Gratis Slot \u00fcber unseren Kalender: Link zum Kalender:&nbsp;smartup.skedda.com Grunds\u00e4tzlich gilt: Wer zuerst bucht, hat den Platz. Ihr k\u00f6nnt euch \u00fcber den&nbsp;Online-Kalender&nbsp;einschreiben und euch den Arbeitsplatz je nach Belieben von einer<\/p>\n","protected":false},"author":4407,"featured_media":0,"parent":0,"menu_order":0,"comment_status":"closed","ping_status":"closed","template":"","meta":{"_acf_changed":false,"inline_featured_image":false,"_relevanssi_hide_post":"","_relevanssi_hide_content":"","_relevanssi_pin_for_all":"","_relevanssi_pin_keywords":"","_relevanssi_unpin_keywords":"","_relevanssi_related_keywords":"","_relevanssi_related_include_ids":"","_relevanssi_related_exclude_ids":"","_relevanssi_related_no_append":"","_relevanssi_related_not_related":"","_relevanssi_related_posts":"","_relevanssi_noindex_reason":"","footnotes":"","_links_to":"","_links_to_target":""},"class_list":["post-5391","page","type-page","status-publish","hentry"],"acf":[],"yoast_head":"<!-- This site is optimized with the Yoast SEO plugin v27.4 - https:\/\/yoast.com\/product\/yoast-seo-wordpress\/ -->\n<title>Hirschengraben Coworking - Smart-up<\/title>\n<meta name=\"description\" content=\"Gratis Arbeitsplatz im Hirschengraben Coworking + Innovation F\u00fcr Smart-up gibts im&nbsp;Hirschengraben \u00abCoworking + Innovation\u00bb Luzern&nbsp;einen\" \/>\n<meta name=\"robots\" content=\"index, follow, max-snippet:-1, max-image-preview:large, max-video-preview:-1\" \/>\n<link rel=\"canonical\" href=\"https:\/\/hub.hslu.ch\/smart-up\/hirschengraben-coworking\/\" \/>\n<meta property=\"og:locale\" content=\"de_DE\" \/>\n<meta property=\"og:type\" content=\"article\" \/>\n<meta property=\"og:title\" content=\"Hirschengraben Coworking - Smart-up\" \/>\n<meta property=\"og:description\" content=\"Gratis Arbeitsplatz im Hirschengraben Coworking + Innovation F\u00fcr Smart-up gibts im&nbsp;Hirschengraben \u00abCoworking + Innovation\u00bb Luzern&nbsp;einen\" \/>\n<meta property=\"og:url\" content=\"https:\/\/hub.hslu.ch\/smart-up\/hirschengraben-coworking\/\" \/>\n<meta property=\"og:site_name\" content=\"Smart-up\" \/>\n<meta property=\"article:modified_time\" content=\"2020-08-28T11:36:30+00:00\" \/>\n<meta name=\"twitter:card\" content=\"summary_large_image\" \/>\n<meta name=\"twitter:label1\" content=\"Gesch\u00e4tzte Lesezeit\" \/>\n\t<meta name=\"twitter:data1\" content=\"1\u00a0Minute\" \/>\n<script type=\"application\/ld+json\" class=\"yoast-schema-graph\">{\"@context\":\"https:\\\/\\\/schema.org\",\"@graph\":[{\"@type\":\"WebPage\",\"@id\":\"https:\\\/\\\/hub.hslu.ch\\\/smart-up\\\/hirschengraben-coworking\\\/\",\"url\":\"https:\\\/\\\/hub.hslu.ch\\\/smart-up\\\/hirschengraben-coworking\\\/\",\"name\":\"Hirschengraben Coworking - Smart-up\",\"isPartOf\":{\"@id\":\"https:\\\/\\\/hub.hslu.ch\\\/smart-up\\\/#website\"},\"datePublished\":\"2019-05-04T18:30:53+00:00\",\"dateModified\":\"2020-08-28T11:36:30+00:00\",\"description\":\"Gratis Arbeitsplatz im Hirschengraben Coworking + Innovation F\u00fcr Smart-up gibts im&nbsp;Hirschengraben \u00abCoworking + Innovation\u00bb Luzern&nbsp;einen\",\"inLanguage\":\"de-CH\",\"potentialAction\":[{\"@type\":\"ReadAction\",\"target\":[\"https:\\\/\\\/hub.hslu.ch\\\/smart-up\\\/hirschengraben-coworking\\\/\"]}]},{\"@type\":\"WebSite\",\"@id\":\"https:\\\/\\\/hub.hslu.ch\\\/smart-up\\\/#website\",\"url\":\"https:\\\/\\\/hub.hslu.ch\\\/smart-up\\\/\",\"name\":\"Smart-up\",\"description\":\"Ideen erfolgreich umsetzen\",\"potentialAction\":[{\"@type\":\"SearchAction\",\"target\":{\"@type\":\"EntryPoint\",\"urlTemplate\":\"https:\\\/\\\/hub.hslu.ch\\\/smart-up\\\/?s={search_term_string}\"},\"query-input\":{\"@type\":\"PropertyValueSpecification\",\"valueRequired\":true,\"valueName\":\"search_term_string\"}}],\"inLanguage\":\"de-CH\"}]}<\/script>\n<!-- \/ Yoast SEO plugin. -->","yoast_head_json":{"title":"Hirschengraben Coworking - Smart-up","description":"Gratis Arbeitsplatz im Hirschengraben Coworking + Innovation F\u00fcr Smart-up gibts im&nbsp;Hirschengraben \u00abCoworking + Innovation\u00bb Luzern&nbsp;einen","robots":{"index":"index","follow":"follow","max-snippet":"max-snippet:-1","max-image-preview":"max-image-preview:large","max-video-preview":"max-video-preview:-1"},"canonical":"https:\/\/hub.hslu.ch\/smart-up\/hirschengraben-coworking\/","og_locale":"de_DE","og_type":"article","og_title":"Hirschengraben Coworking - Smart-up","og_description":"Gratis Arbeitsplatz im Hirschengraben Coworking + Innovation F\u00fcr Smart-up gibts im&nbsp;Hirschengraben \u00abCoworking + Innovation\u00bb Luzern&nbsp;einen","og_url":"https:\/\/hub.hslu.ch\/smart-up\/hirschengraben-coworking\/","og_site_name":"Smart-up","article_modified_time":"2020-08-28T11:36:30+00:00","twitter_card":"summary_large_image","twitter_misc":{"Gesch\u00e4tzte Lesezeit":"1\u00a0Minute"},"schema":{"@context":"https:\/\/schema.org","@graph":[{"@type":"WebPage","@id":"https:\/\/hub.hslu.ch\/smart-up\/hirschengraben-coworking\/","url":"https:\/\/hub.hslu.ch\/smart-up\/hirschengraben-coworking\/","name":"Hirschengraben Coworking - Smart-up","isPartOf":{"@id":"https:\/\/hub.hslu.ch\/smart-up\/#website"},"datePublished":"2019-05-04T18:30:53+00:00","dateModified":"2020-08-28T11:36:30+00:00","description":"Gratis Arbeitsplatz im Hirschengraben Coworking + Innovation F\u00fcr Smart-up gibts im&nbsp;Hirschengraben \u00abCoworking + Innovation\u00bb Luzern&nbsp;einen","inLanguage":"de-CH","potentialAction":[{"@type":"ReadAction","target":["https:\/\/hub.hslu.ch\/smart-up\/hirschengraben-coworking\/"]}]},{"@type":"WebSite","@id":"https:\/\/hub.hslu.ch\/smart-up\/#website","url":"https:\/\/hub.hslu.ch\/smart-up\/","name":"Smart-up","description":"Ideen erfolgreich umsetzen","potentialAction":[{"@type":"SearchAction","target":{"@type":"EntryPoint","urlTemplate":"https:\/\/hub.hslu.ch\/smart-up\/?s={search_term_string}"},"query-input":{"@type":"PropertyValueSpecification","valueRequired":true,"valueName":"search_term_string"}}],"inLanguage":"de-CH"}]}},"featured_image_src":null,"featured_image_src_square":null,"_links":{"self":[{"href":"https:\/\/hub.hslu.ch\/smart-up\/wp-json\/wp\/v2\/pages\/5391","targetHints":{"allow":["GET"]}}],"collection":[{"href":"https:\/\/hub.hslu.ch\/smart-up\/wp-json\/wp\/v2\/pages"}],"about":[{"href":"https:\/\/hub.hslu.ch\/smart-up\/wp-json\/wp\/v2\/types\/page"}],"author":[{"embeddable":true,"href":"https:\/\/hub.hslu.ch\/smart-up\/wp-json\/wp\/v2\/users\/4407"}],"replies":[{"embeddable":true,"href":"https:\/\/hub.hslu.ch\/smart-up\/wp-json\/wp\/v2\/comments?post=5391"}],"version-history":[{"count":3,"href":"https:\/\/hub.hslu.ch\/smart-up\/wp-json\/wp\/v2\/pages\/5391\/revisions"}],"predecessor-version":[{"id":6944,"href":"https:\/\/hub.hslu.ch\/smart-up\/wp-json\/wp\/v2\/pages\/5391\/revisions\/6944"}],"wp:attachment":[{"href":"https:\/\/hub.hslu.ch\/smart-up\/wp-json\/wp\/v2\/media?parent=5391"}],"curies":[{"name":"wp","href":"https:\/\/api.w.org\/{rel}","templated":true}]}}