{"id":695,"date":"2015-01-07T18:00:12","date_gmt":"2015-01-07T17:00:12","guid":{"rendered":"https:\/\/blog.hslu.ch\/unternehmertum\/?page_id=695"},"modified":"2020-08-28T13:38:35","modified_gmt":"2020-08-28T11:38:35","slug":"smart-up-hub-luzern","status":"publish","type":"page","link":"https:\/\/hub.hslu.ch\/smart-up\/smart-up-hubs\/smart-up-hub-luzern\/","title":{"rendered":"Smart-up Hub Luzern"},"content":{"rendered":"\n<h3 class=\"wp-block-heading\"><strong>Smart-up Hub&nbsp;an der&nbsp;Hochschule Luzern &#8211; Wirtschaft<\/strong><\/h3>\n\n\n\n<p><strong>Zentralstrasse 9, Luzern<\/strong><\/p>\n\n\n\n<figure class=\"wp-block-image size-large\"><img loading=\"lazy\" decoding=\"async\" width=\"1024\" height=\"683\" src=\"https:\/\/hub.hslu.ch\/smart-up\/wp-content\/blogs.dir\/578\/files\/sites\/12\/2015\/01\/Smart_up_Hub_klein-1024x683.jpg\" alt=\"\" class=\"wp-image-1864\" srcset=\"https:\/\/hub.hslu.ch\/smart-up\/wp-content\/blogs.dir\/578\/files\/sites\/12\/2015\/01\/Smart_up_Hub_klein-1024x683.jpg 1024w, https:\/\/hub.hslu.ch\/smart-up\/wp-content\/blogs.dir\/578\/files\/sites\/12\/2015\/01\/Smart_up_Hub_klein-300x200.jpg 300w, https:\/\/hub.hslu.ch\/smart-up\/wp-content\/blogs.dir\/578\/files\/sites\/12\/2015\/01\/Smart_up_Hub_klein-900x601.jpg 900w, https:\/\/hub.hslu.ch\/smart-up\/wp-content\/blogs.dir\/578\/files\/sites\/12\/2015\/01\/Smart_up_Hub_klein.jpg 1840w\" sizes=\"auto, (max-width: 1024px) 100vw, 1024px\" \/><\/figure>\n\n\n\n<p>Sehen Sie hier\u00a0einige der vielen\u00a0Start-ups, die bereits gegr\u00fcndet sind oder demn\u00e4chst in Form eines Start-ups realisiert werden sollen und von Smart-up unterst\u00fctzt werden: <a aria-label=\"undefined (opens in a new tab)\" href=\"https:\/\/hub.hslu.ch\/smart-up\/wp-content\/blogs.dir\/578\/files\/sites\/12\/2018\/08\/Liste-Start-ups-HSLU-W.pdf\" target=\"_blank\" rel=\"noreferrer noopener\">SMART-UP Start-ups der Hochschule Luzern \u2013 Wirtschaft<\/a><\/p>\n\n\n\n<p>Unser Smart-up Hub im Zwischengeschoss der Hochschule Luzern \u2013 Wirtschaft bietet Start-ups der Hochschule Luzern flexible und frei zug\u00e4ngliche Arbeitspl\u00e4tze. Auf ganz unterschiedliche Weise bietet der Hub Start-ups auch Visibilit\u00e4t: von Produktpr\u00e4sentationen \u00fcber Grossbildschirmen und Postern bis zur Vernissage ist in diesem flexiblen Raum fast alles m\u00f6glich.<\/p>\n\n\n\n<p>Bei Bedarf besteht zudem die M\u00f6glichkeit im gleichen Geb\u00e4ude private B\u00fcror\u00e4ume zu einem attraktiven Preis zu mieten.<\/p>\n\n\n\n<p>Zudem bieten wir Start-ups ein virtuelles Smart-up Package f\u00fcr erweiterte Angebote an:<\/p>\n\n\n\n<figure class=\"wp-block-image size-large is-resized\"><img loading=\"lazy\" decoding=\"async\" src=\"https:\/\/hub.hslu.ch\/smart-up\/wp-content\/blogs.dir\/578\/files\/sites\/12\/2018\/10\/Virt.Package_Leistungen.jpg\" alt=\"Smart-up hub an der Hochschule Luzern\" class=\"wp-image-4841\" width=\"720\" height=\"540\" srcset=\"https:\/\/hub.hslu.ch\/smart-up\/wp-content\/blogs.dir\/578\/files\/sites\/12\/2018\/10\/Virt.Package_Leistungen.jpg 960w, https:\/\/hub.hslu.ch\/smart-up\/wp-content\/blogs.dir\/578\/files\/sites\/12\/2018\/10\/Virt.Package_Leistungen-300x225.jpg 300w, https:\/\/hub.hslu.ch\/smart-up\/wp-content\/blogs.dir\/578\/files\/sites\/12\/2018\/10\/Virt.Package_Leistungen-768x576.jpg 768w\" sizes=\"auto, (max-width: 720px) 100vw, 720px\" \/><\/figure>\n\n\n\n<figure class=\"wp-block-image size-large is-resized\"><img loading=\"lazy\" decoding=\"async\" src=\"https:\/\/hub.hslu.ch\/smart-up\/wp-content\/blogs.dir\/578\/files\/sites\/12\/2018\/10\/Virtuelles-Package_preise-einfach-1024x752.jpg\" alt=\"Virtuelles Package\" class=\"wp-image-4842\" width=\"768\" height=\"564\" srcset=\"https:\/\/hub.hslu.ch\/smart-up\/wp-content\/blogs.dir\/578\/files\/sites\/12\/2018\/10\/Virtuelles-Package_preise-einfach-1024x752.jpg 1024w, https:\/\/hub.hslu.ch\/smart-up\/wp-content\/blogs.dir\/578\/files\/sites\/12\/2018\/10\/Virtuelles-Package_preise-einfach-300x220.jpg 300w, https:\/\/hub.hslu.ch\/smart-up\/wp-content\/blogs.dir\/578\/files\/sites\/12\/2018\/10\/Virtuelles-Package_preise-einfach-768x564.jpg 768w, https:\/\/hub.hslu.ch\/smart-up\/wp-content\/blogs.dir\/578\/files\/sites\/12\/2018\/10\/Virtuelles-Package_preise-einfach.jpg 1500w\" sizes=\"auto, (max-width: 768px) 100vw, 768px\" \/><\/figure>\n\n\n\n<p>Interesse, Fragen, W\u00fcnsche? Dann direkt bei&nbsp;<strong><a href=\"m&#97;&#105;&#x6c;&#x74;o&#58;&#115;&#x6d;&#x61;&#x72;t&#45;&#117;&#x70;&#x40;hs&#108;&#x75;&#x2e;&#x63;h\">&#115;&#x6d;&#x61;r&#116;&#x2d;&#x75;p&#64;&#x68;s&#108;&#x75;&#x2e;c&#104; <\/a><\/strong>melden!<\/p>\n","protected":false},"excerpt":{"rendered":"<p>Smart-up Hub&nbsp;an der&nbsp;Hochschule Luzern &#8211; Wirtschaft Zentralstrasse 9, Luzern Sehen Sie hier\u00a0einige der vielen\u00a0Start-ups, die bereits gegr\u00fcndet sind oder demn\u00e4chst in Form eines Start-ups realisiert werden sollen und von Smart-up unterst\u00fctzt werden: SMART-UP Start-ups der Hochschule Luzern \u2013 Wirtschaft Unser Smart-up Hub im Zwischengeschoss der Hochschule Luzern \u2013 Wirtschaft bietet Start-ups der Hochschule Luzern flexible<\/p>\n","protected":false},"author":1844,"featured_media":1865,"parent":1553,"menu_order":0,"comment_status":"open","ping_status":"open","template":"","meta":{"_acf_changed":false,"inline_featured_image":false,"_relevanssi_hide_post":"","_relevanssi_hide_content":"","_relevanssi_pin_for_all":"","_relevanssi_pin_keywords":"","_relevanssi_unpin_keywords":"","_relevanssi_related_keywords":"","_relevanssi_related_include_ids":"","_relevanssi_related_exclude_ids":"","_relevanssi_related_no_append":"","_relevanssi_related_not_related":"","_relevanssi_related_posts":"","_relevanssi_noindex_reason":"","footnotes":"","_links_to":"","_links_to_target":""},"class_list":["post-695","page","type-page","status-publish","has-post-thumbnail","hentry"],"acf":[],"yoast_head":"<!-- This site is optimized with the Yoast SEO plugin v27.3 - https:\/\/yoast.com\/product\/yoast-seo-wordpress\/ -->\n<title>Smart-up Hub Luzern - Smart-up<\/title>\n<meta name=\"description\" content=\"Smart-up Hub&nbsp;an der&nbsp;Hochschule Luzern - Wirtschaft Zentralstrasse 9, Luzern Sehen Sie hier\u00a0einige der vielen\u00a0Start-ups, die bereits gegr\u00fcndet\" \/>\n<meta name=\"robots\" content=\"index, follow, max-snippet:-1, max-image-preview:large, max-video-preview:-1\" \/>\n<link rel=\"canonical\" href=\"https:\/\/hub.hslu.ch\/smart-up\/smart-up-hubs\/smart-up-hub-luzern\/\" \/>\n<meta property=\"og:locale\" content=\"de_DE\" \/>\n<meta property=\"og:type\" content=\"article\" \/>\n<meta property=\"og:title\" content=\"Smart-up Hub Luzern - Smart-up\" \/>\n<meta property=\"og:description\" content=\"Smart-up Hub&nbsp;an der&nbsp;Hochschule Luzern - Wirtschaft Zentralstrasse 9, Luzern Sehen Sie hier\u00a0einige der vielen\u00a0Start-ups, die bereits gegr\u00fcndet\" \/>\n<meta property=\"og:url\" content=\"https:\/\/hub.hslu.ch\/smart-up\/smart-up-hubs\/smart-up-hub-luzern\/\" \/>\n<meta property=\"og:site_name\" content=\"Smart-up\" \/>\n<meta property=\"article:modified_time\" content=\"2020-08-28T11:38:35+00:00\" \/>\n<meta property=\"og:image\" content=\"https:\/\/hub.hslu.ch\/smart-up\/wp-content\/blogs.dir\/578\/files\/sites\/12\/2015\/01\/HSLU_SMART_HUB_07_Favorit1.jpg\" \/>\n\t<meta property=\"og:image:width\" content=\"1228\" \/>\n\t<meta property=\"og:image:height\" content=\"1840\" \/>\n\t<meta property=\"og:image:type\" content=\"image\/jpeg\" \/>\n<meta name=\"twitter:card\" content=\"summary_large_image\" \/>\n<meta name=\"twitter:label1\" content=\"Gesch\u00e4tzte Lesezeit\" \/>\n\t<meta name=\"twitter:data1\" content=\"1\u00a0Minute\" \/>\n<script type=\"application\/ld+json\" class=\"yoast-schema-graph\">{\"@context\":\"https:\\\/\\\/schema.org\",\"@graph\":[{\"@type\":\"WebPage\",\"@id\":\"https:\\\/\\\/hub.hslu.ch\\\/smart-up\\\/smart-up-hubs\\\/smart-up-hub-luzern\\\/\",\"url\":\"https:\\\/\\\/hub.hslu.ch\\\/smart-up\\\/smart-up-hubs\\\/smart-up-hub-luzern\\\/\",\"name\":\"Smart-up Hub Luzern - Smart-up\",\"isPartOf\":{\"@id\":\"https:\\\/\\\/hub.hslu.ch\\\/smart-up\\\/#website\"},\"primaryImageOfPage\":{\"@id\":\"https:\\\/\\\/hub.hslu.ch\\\/smart-up\\\/smart-up-hubs\\\/smart-up-hub-luzern\\\/#primaryimage\"},\"image\":{\"@id\":\"https:\\\/\\\/hub.hslu.ch\\\/smart-up\\\/smart-up-hubs\\\/smart-up-hub-luzern\\\/#primaryimage\"},\"thumbnailUrl\":\"https:\\\/\\\/hub.hslu.ch\\\/smart-up\\\/wp-content\\\/blogs.dir\\\/578\\\/files\\\/sites\\\/12\\\/2015\\\/01\\\/HSLU_SMART_HUB_07_Favorit1.jpg\",\"datePublished\":\"2015-01-07T17:00:12+00:00\",\"dateModified\":\"2020-08-28T11:38:35+00:00\",\"description\":\"Smart-up Hub&nbsp;an der&nbsp;Hochschule Luzern - Wirtschaft Zentralstrasse 9, Luzern Sehen Sie hier\u00a0einige der vielen\u00a0Start-ups, die bereits gegr\u00fcndet\",\"breadcrumb\":{\"@id\":\"https:\\\/\\\/hub.hslu.ch\\\/smart-up\\\/smart-up-hubs\\\/smart-up-hub-luzern\\\/#breadcrumb\"},\"inLanguage\":\"de-CH\",\"potentialAction\":[{\"@type\":\"ReadAction\",\"target\":[\"https:\\\/\\\/hub.hslu.ch\\\/smart-up\\\/smart-up-hubs\\\/smart-up-hub-luzern\\\/\"]}]},{\"@type\":\"ImageObject\",\"inLanguage\":\"de-CH\",\"@id\":\"https:\\\/\\\/hub.hslu.ch\\\/smart-up\\\/smart-up-hubs\\\/smart-up-hub-luzern\\\/#primaryimage\",\"url\":\"https:\\\/\\\/hub.hslu.ch\\\/smart-up\\\/wp-content\\\/blogs.dir\\\/578\\\/files\\\/sites\\\/12\\\/2015\\\/01\\\/HSLU_SMART_HUB_07_Favorit1.jpg\",\"contentUrl\":\"https:\\\/\\\/hub.hslu.ch\\\/smart-up\\\/wp-content\\\/blogs.dir\\\/578\\\/files\\\/sites\\\/12\\\/2015\\\/01\\\/HSLU_SMART_HUB_07_Favorit1.jpg\",\"width\":1228,\"height\":1840},{\"@type\":\"BreadcrumbList\",\"@id\":\"https:\\\/\\\/hub.hslu.ch\\\/smart-up\\\/smart-up-hubs\\\/smart-up-hub-luzern\\\/#breadcrumb\",\"itemListElement\":[{\"@type\":\"ListItem\",\"position\":1,\"name\":\"Infrastruktur\",\"item\":\"https:\\\/\\\/hub.hslu.ch\\\/smart-up\\\/smart-up-hubs\\\/\"},{\"@type\":\"ListItem\",\"position\":2,\"name\":\"Smart-up Hub Luzern\"}]},{\"@type\":\"WebSite\",\"@id\":\"https:\\\/\\\/hub.hslu.ch\\\/smart-up\\\/#website\",\"url\":\"https:\\\/\\\/hub.hslu.ch\\\/smart-up\\\/\",\"name\":\"Smart-up\",\"description\":\"Ideen erfolgreich umsetzen\",\"potentialAction\":[{\"@type\":\"SearchAction\",\"target\":{\"@type\":\"EntryPoint\",\"urlTemplate\":\"https:\\\/\\\/hub.hslu.ch\\\/smart-up\\\/?s={search_term_string}\"},\"query-input\":{\"@type\":\"PropertyValueSpecification\",\"valueRequired\":true,\"valueName\":\"search_term_string\"}}],\"inLanguage\":\"de-CH\"}]}<\/script>\n<!-- \/ Yoast SEO plugin. -->","yoast_head_json":{"title":"Smart-up Hub Luzern - Smart-up","description":"Smart-up Hub&nbsp;an der&nbsp;Hochschule Luzern - Wirtschaft Zentralstrasse 9, Luzern Sehen Sie hier\u00a0einige der vielen\u00a0Start-ups, die bereits gegr\u00fcndet","robots":{"index":"index","follow":"follow","max-snippet":"max-snippet:-1","max-image-preview":"max-image-preview:large","max-video-preview":"max-video-preview:-1"},"canonical":"https:\/\/hub.hslu.ch\/smart-up\/smart-up-hubs\/smart-up-hub-luzern\/","og_locale":"de_DE","og_type":"article","og_title":"Smart-up Hub Luzern - Smart-up","og_description":"Smart-up Hub&nbsp;an der&nbsp;Hochschule Luzern - Wirtschaft Zentralstrasse 9, Luzern Sehen Sie hier\u00a0einige der vielen\u00a0Start-ups, die bereits gegr\u00fcndet","og_url":"https:\/\/hub.hslu.ch\/smart-up\/smart-up-hubs\/smart-up-hub-luzern\/","og_site_name":"Smart-up","article_modified_time":"2020-08-28T11:38:35+00:00","og_image":[{"width":1228,"height":1840,"url":"https:\/\/hub.hslu.ch\/smart-up\/wp-content\/blogs.dir\/578\/files\/sites\/12\/2015\/01\/HSLU_SMART_HUB_07_Favorit1.jpg","type":"image\/jpeg"}],"twitter_card":"summary_large_image","twitter_misc":{"Gesch\u00e4tzte Lesezeit":"1\u00a0Minute"},"schema":{"@context":"https:\/\/schema.org","@graph":[{"@type":"WebPage","@id":"https:\/\/hub.hslu.ch\/smart-up\/smart-up-hubs\/smart-up-hub-luzern\/","url":"https:\/\/hub.hslu.ch\/smart-up\/smart-up-hubs\/smart-up-hub-luzern\/","name":"Smart-up Hub Luzern - Smart-up","isPartOf":{"@id":"https:\/\/hub.hslu.ch\/smart-up\/#website"},"primaryImageOfPage":{"@id":"https:\/\/hub.hslu.ch\/smart-up\/smart-up-hubs\/smart-up-hub-luzern\/#primaryimage"},"image":{"@id":"https:\/\/hub.hslu.ch\/smart-up\/smart-up-hubs\/smart-up-hub-luzern\/#primaryimage"},"thumbnailUrl":"https:\/\/hub.hslu.ch\/smart-up\/wp-content\/blogs.dir\/578\/files\/sites\/12\/2015\/01\/HSLU_SMART_HUB_07_Favorit1.jpg","datePublished":"2015-01-07T17:00:12+00:00","dateModified":"2020-08-28T11:38:35+00:00","description":"Smart-up Hub&nbsp;an der&nbsp;Hochschule Luzern - Wirtschaft Zentralstrasse 9, Luzern Sehen Sie hier\u00a0einige der vielen\u00a0Start-ups, die bereits gegr\u00fcndet","breadcrumb":{"@id":"https:\/\/hub.hslu.ch\/smart-up\/smart-up-hubs\/smart-up-hub-luzern\/#breadcrumb"},"inLanguage":"de-CH","potentialAction":[{"@type":"ReadAction","target":["https:\/\/hub.hslu.ch\/smart-up\/smart-up-hubs\/smart-up-hub-luzern\/"]}]},{"@type":"ImageObject","inLanguage":"de-CH","@id":"https:\/\/hub.hslu.ch\/smart-up\/smart-up-hubs\/smart-up-hub-luzern\/#primaryimage","url":"https:\/\/hub.hslu.ch\/smart-up\/wp-content\/blogs.dir\/578\/files\/sites\/12\/2015\/01\/HSLU_SMART_HUB_07_Favorit1.jpg","contentUrl":"https:\/\/hub.hslu.ch\/smart-up\/wp-content\/blogs.dir\/578\/files\/sites\/12\/2015\/01\/HSLU_SMART_HUB_07_Favorit1.jpg","width":1228,"height":1840},{"@type":"BreadcrumbList","@id":"https:\/\/hub.hslu.ch\/smart-up\/smart-up-hubs\/smart-up-hub-luzern\/#breadcrumb","itemListElement":[{"@type":"ListItem","position":1,"name":"Infrastruktur","item":"https:\/\/hub.hslu.ch\/smart-up\/smart-up-hubs\/"},{"@type":"ListItem","position":2,"name":"Smart-up Hub Luzern"}]},{"@type":"WebSite","@id":"https:\/\/hub.hslu.ch\/smart-up\/#website","url":"https:\/\/hub.hslu.ch\/smart-up\/","name":"Smart-up","description":"Ideen erfolgreich umsetzen","potentialAction":[{"@type":"SearchAction","target":{"@type":"EntryPoint","urlTemplate":"https:\/\/hub.hslu.ch\/smart-up\/?s={search_term_string}"},"query-input":{"@type":"PropertyValueSpecification","valueRequired":true,"valueName":"search_term_string"}}],"inLanguage":"de-CH"}]}},"featured_image_src":"https:\/\/hub.hslu.ch\/smart-up\/wp-content\/blogs.dir\/578\/files\/sites\/12\/2015\/01\/HSLU_SMART_HUB_07_Favorit1.jpg","featured_image_src_square":"https:\/\/hub.hslu.ch\/smart-up\/wp-content\/blogs.dir\/578\/files\/sites\/12\/2015\/01\/HSLU_SMART_HUB_07_Favorit1.jpg","_links":{"self":[{"href":"https:\/\/hub.hslu.ch\/smart-up\/wp-json\/wp\/v2\/pages\/695","targetHints":{"allow":["GET"]}}],"collection":[{"href":"https:\/\/hub.hslu.ch\/smart-up\/wp-json\/wp\/v2\/pages"}],"about":[{"href":"https:\/\/hub.hslu.ch\/smart-up\/wp-json\/wp\/v2\/types\/page"}],"author":[{"embeddable":true,"href":"https:\/\/hub.hslu.ch\/smart-up\/wp-json\/wp\/v2\/users\/1844"}],"replies":[{"embeddable":true,"href":"https:\/\/hub.hslu.ch\/smart-up\/wp-json\/wp\/v2\/comments?post=695"}],"version-history":[{"count":9,"href":"https:\/\/hub.hslu.ch\/smart-up\/wp-json\/wp\/v2\/pages\/695\/revisions"}],"predecessor-version":[{"id":6946,"href":"https:\/\/hub.hslu.ch\/smart-up\/wp-json\/wp\/v2\/pages\/695\/revisions\/6946"}],"up":[{"embeddable":true,"href":"https:\/\/hub.hslu.ch\/smart-up\/wp-json\/wp\/v2\/pages\/1553"}],"wp:featuredmedia":[{"embeddable":true,"href":"https:\/\/hub.hslu.ch\/smart-up\/wp-json\/wp\/v2\/media\/1865"}],"wp:attachment":[{"href":"https:\/\/hub.hslu.ch\/smart-up\/wp-json\/wp\/v2\/media?parent=695"}],"curies":[{"name":"wp","href":"https:\/\/api.w.org\/{rel}","templated":true}]}}