{"id":5956,"date":"2023-04-28T13:46:02","date_gmt":"2023-04-28T11:46:02","guid":{"rendered":"https:\/\/hub.hslu.ch\/soziale-arbeit\/?page_id=5956"},"modified":"2023-05-02T10:47:35","modified_gmt":"2023-05-02T08:47:35","slug":"blog-abo","status":"publish","type":"page","link":"https:\/\/hub.hslu.ch\/soziale-arbeit\/blog-abo\/","title":{"rendered":"Anmeldung Blog-Abo"},"content":{"rendered":"<div class=\"inxmail-shortcode\">\n<div id=\"newsletter\" class=\"letter\">\n    <div class=\"newsletter\">\n        <p class=\"newsletter__title \">\n                                <\/p>\n        <p class=\"newsletter__subtitle \">\n                        Abonnieren Sie die Blog-Beitr\u00e4ge Ihrer Wahl!        <\/p>\n        <form id=\"inxmail-form\" action=\"https:\/\/login.inxmail.com\/hslu\/subscription\/servlet\" method=\"post\" class=\"letter__form\">\n            <input type=\"hidden\" name=\"INXMAIL_SUBSCRIPTION\" value=\"SA_BlogNotif_Kategorien\">\n            <input type=\"hidden\" name=\"INXMAIL_HTTP_REDIRECT\" value=\"https:\/\/hub.hslu.ch\/soziale-arbeit\/anmeldung-bestaetigen\/\">\n            <input type=\"hidden\" name=\"INXMAIL_HTTP_REDIRECT_ERROR\" value=\"https:\/\/hub.hslu.ch\/soziale-arbeit\/fehler-bei-der-anmeldung\/\">\n            <input type=\"hidden\" name=\"Newsletter_Anmeldequelle\" value=\"Blog Soziale-Arbeit\">\n            <input type=\"hidden\" name=\"\" value=\"true\">\n            <input type=\"hidden\" name=\"1_soziale-arbeit_23_categories\" value=\"\">\n            <input type=\"hidden\" name=\"captcha\" id=\"captcha-token\">\n            <div class=\"letter__form--body\">\n                <div class=\"inxmail-field inxmail-field__select salutation\">\n                    <select name=\"geschlecht\" class=\"newsletter__input-field salutation-field\">\n                        <option value=\"0\" disabled selected>Anrede *<\/option>\n                        <option value=\"F\">Frau<\/option>\n                        <option value=\"M\">Herr<\/option>\n                        <option value=\"C\">Andere<\/option>\n                    <\/select>\n                    <div class=\"error-message\"><\/div>\n                <\/div>\n                <div class=\"inxmail-field inxmail-field__text vorname\">\n                    <input type=\"text\" id=\"vorname\" name=\"vorname\" class=\"newsletter__input-field first_name-field\" placeholder=\"Vorname *\" \/>\n                    <div class=\"error-message\"><\/div>\n                <\/div>\n                <div class=\"inxmail-field inxmail-field__text nachname\">\n                    <input type=\"text\" id=\"nachname\" name=\"nachname\" class=\"newsletter__input-field last_name-field\" placeholder=\"Nachname *\" \/>\n                    <div class=\"error-message\"><\/div>\n                <\/div>\n                <div class=\"inxmail-field inxmail-field__email email\">\n                    <input type=\"text\" id=\"email\" name=\"email\" class=\"newsletter__input-field email-field\" placeholder=\"E-Mail Adresse *\">\n                    <div class=\"error-message\"><\/div>\n                <\/div>\n                                    <div class=\"inxmail-field inxmail-field__group categories\">\n                        <h4 class=\"newsletter__categories-title\">Kategorien<\/h4>\n                        <div class=\"newsletter__categories\">\n                            <div class=\"newsletter__checkbox inxmail-field inxmail-field__checkbox\">\n                                <input type=\"checkbox\" name=\"categories-select-all\" id=\"categories-select-all\" class=\"newsletter__categories newsletter__categories-select-all\">\n                                <label class=\"newsletter__label\" for=\"categories-select-all\">alle ausw\u00e4hlen<\/label>\n                            <\/div>\n                                                                                        <div class=\"newsletter__checkbox newsletter__category\">\n                                    <input type=\"checkbox\" name=\"1_soziale-arbeit_23_categories[]\" value=\"_1_23_376_\" id=\"1_23_376\" class=\"newsletter__category--checkbox\">\n                                    <label class=\"newsletter__label\" for=\"1_23_376\" class=\"newsletter__category--label\">Pflege<\/label>\n                                <\/div>\n                                                            <div class=\"newsletter__checkbox newsletter__category\">\n                                    <input type=\"checkbox\" name=\"1_soziale-arbeit_23_categories[]\" value=\"_1_23_10_\" id=\"1_23_10\" class=\"newsletter__category--checkbox\">\n                                    <label class=\"newsletter__label\" for=\"1_23_10\" class=\"newsletter__category--label\">Arbeitsintegration<\/label>\n                                <\/div>\n                                                            <div class=\"newsletter__checkbox newsletter__category\">\n                                    <input type=\"checkbox\" name=\"1_soziale-arbeit_23_categories[]\" value=\"_1_23_11_\" id=\"1_23_11\" class=\"newsletter__category--checkbox\">\n                                    <label class=\"newsletter__label\" for=\"1_23_11\" class=\"newsletter__category--label\">Behinderung und Lebensqualit\u00e4t<\/label>\n                                <\/div>\n                                                            <div class=\"newsletter__checkbox newsletter__category\">\n                                    <input type=\"checkbox\" name=\"1_soziale-arbeit_23_categories[]\" value=\"_1_23_12_\" id=\"1_23_12\" class=\"newsletter__category--checkbox\">\n                                    <label class=\"newsletter__label\" for=\"1_23_12\" class=\"newsletter__category--label\">Devianz, Gewalt und Opferschutz<\/label>\n                                <\/div>\n                                                            <div class=\"newsletter__checkbox newsletter__category\">\n                                    <input type=\"checkbox\" name=\"1_soziale-arbeit_23_categories[]\" value=\"_1_23_13_\" id=\"1_23_13\" class=\"newsletter__category--checkbox\">\n                                    <label class=\"newsletter__label\" for=\"1_23_13\" class=\"newsletter__category--label\">Erziehung, Bildung und Betreuung<\/label>\n                                <\/div>\n                                                            <div class=\"newsletter__checkbox newsletter__category\">\n                                    <input type=\"checkbox\" name=\"1_soziale-arbeit_23_categories[]\" value=\"_1_23_14_\" id=\"1_23_14\" class=\"newsletter__category--checkbox\">\n                                    <label class=\"newsletter__label\" for=\"1_23_14\" class=\"newsletter__category--label\">Gemeinde-, Stadt- und Regionalentwicklung<\/label>\n                                <\/div>\n                                                            <div class=\"newsletter__checkbox newsletter__category\">\n                                    <input type=\"checkbox\" name=\"1_soziale-arbeit_23_categories[]\" value=\"_1_23_15_\" id=\"1_23_15\" class=\"newsletter__category--checkbox\">\n                                    <label class=\"newsletter__label\" for=\"1_23_15\" class=\"newsletter__category--label\">Kindes- und Erwachsenenschutz<\/label>\n                                <\/div>\n                                                            <div class=\"newsletter__checkbox newsletter__category\">\n                                    <input type=\"checkbox\" name=\"1_soziale-arbeit_23_categories[]\" value=\"_1_23_16_\" id=\"1_23_16\" class=\"newsletter__category--checkbox\">\n                                    <label class=\"newsletter__label\" for=\"1_23_16\" class=\"newsletter__category--label\">Methoden und Verfahren<\/label>\n                                <\/div>\n                                                            <div class=\"newsletter__checkbox newsletter__category\">\n                                    <input type=\"checkbox\" name=\"1_soziale-arbeit_23_categories[]\" value=\"_1_23_17_\" id=\"1_23_17\" class=\"newsletter__category--checkbox\">\n                                    <label class=\"newsletter__label\" for=\"1_23_17\" class=\"newsletter__category--label\">Pr\u00e4vention und Gesundheit<\/label>\n                                <\/div>\n                                                            <div class=\"newsletter__checkbox newsletter__category\">\n                                    <input type=\"checkbox\" name=\"1_soziale-arbeit_23_categories[]\" value=\"_1_23_18_\" id=\"1_23_18\" class=\"newsletter__category--checkbox\">\n                                    <label class=\"newsletter__label\" for=\"1_23_18\" class=\"newsletter__category--label\">Soziale Sicherheit<\/label>\n                                <\/div>\n                                                            <div class=\"newsletter__checkbox newsletter__category\">\n                                    <input type=\"checkbox\" name=\"1_soziale-arbeit_23_categories[]\" value=\"_1_23_19_\" id=\"1_23_19\" class=\"newsletter__category--checkbox\">\n                                    <label class=\"newsletter__label\" for=\"1_23_19\" class=\"newsletter__category--label\">Sozialmanagement und Sozialpolitik<\/label>\n                                <\/div>\n                                                            <div class=\"newsletter__checkbox newsletter__category\">\n                                    <input type=\"checkbox\" name=\"1_soziale-arbeit_23_categories[]\" value=\"_1_23_20_\" id=\"1_23_20\" class=\"newsletter__category--checkbox\">\n                                    <label class=\"newsletter__label\" for=\"1_23_20\" class=\"newsletter__category--label\">Soziokultur<\/label>\n                                <\/div>\n                                                            <div class=\"newsletter__checkbox newsletter__category\">\n                                    <input type=\"checkbox\" name=\"1_soziale-arbeit_23_categories[]\" value=\"_1_23_7_\" id=\"1_23_7\" class=\"newsletter__category--checkbox\">\n                                    <label class=\"newsletter__label\" for=\"1_23_7\" class=\"newsletter__category--label\">Studium<\/label>\n                                <\/div>\n                                                            <div class=\"newsletter__checkbox newsletter__category\">\n                                    <input type=\"checkbox\" name=\"1_soziale-arbeit_23_categories[]\" value=\"_1_23_8_\" id=\"1_23_8\" class=\"newsletter__category--checkbox\">\n                                    <label class=\"newsletter__label\" for=\"1_23_8\" class=\"newsletter__category--label\">Weiterbildung<\/label>\n                                <\/div>\n                                                            <div class=\"newsletter__checkbox newsletter__category\">\n                                    <input type=\"checkbox\" name=\"1_soziale-arbeit_23_categories[]\" value=\"_1_23_9_\" id=\"1_23_9\" class=\"newsletter__category--checkbox\">\n                                    <label class=\"newsletter__label\" for=\"1_23_9\" class=\"newsletter__category--label\">Forschung<\/label>\n                                <\/div>\n                                                        <div class=\"error-message\"><\/div>\n                        <\/div>\n                    <\/div>\n                                            <\/div>\n                                        <div class=\"newsletter__checkbox\">\n                    <input type=\"checkbox\" name=\"INXMAIL_SUBSCRIPTION\" id=\"accept_news_and_stories\" value=\"H-Ukom_Newsletter_News-and-Stories\">\n                                        <label class=\"newsletter__label\" for=\"accept_news_and_stories\">\n                        Gerne m\u00f6chte ich zus\u00e4tzlich den Newsletter mit ausgew\u00e4hlten Top-Stories der Hochschule Luzern erhalten.                    <\/label>\n                <\/div>\n                                                    <div class=\"newsletter__checkbox\">\n                    <input type=\"checkbox\" name=\"INXMAIL_TRACKINGPERMISSION\" id=\"accept_personalisation\" value=\"15.04.2026 22:56:54\">\n\n                    <label for=\"accept_personalisation\" class=\"newsletter__label\">\n                                                Ich erlaube der Hochschule Luzern, meine Lesegewohnheiten im Rahmen dieser Newsletter auszuwerten, um an mich gesandte E-Mailings noch besser auf meine Interessen abzustimmen.                    <\/label>\n                <\/div>\n                        <button type=\"submit\" class=\"newsletter__button\">\n                                Anmelden            <\/button>\n            <p class=\"newsletter__unsubscribe\">\n                Sie k\u00f6nnen sich jederzeit wieder von diesem Blog-Abo abmelden. Bitte beachten Sie unsere <a target=\"_blank\" href=\"https:\/\/www.hslu.ch\/de-ch\/hochschule-luzern\/datenschutzerklaerung\/\">Datenschutzerkl\u00e4rung<\/a>.            <\/p>\n            <div class=\"inxmail-field inxmail-field__captcha captcha\">\n                <div class=\"frc-captcha\" data-sitekey=\"FCMN5KVMNE054CF5\" data-lang=\"de\" data-start=\"none\"><\/div>\n                <div class=\"error-message\"><\/div>\n            <\/div>\n        <\/form>\n    <\/div>\n<\/div>\n    <script\n        type=\"module\"\n        src=\"https:\/\/cdn.jsdelivr.net\/npm\/friendly-challenge@0.9.13\/widget.module.min.js\"\n        async\n        defer\n    ><\/script>\n    <script nomodule src=\"https:\/\/cdn.jsdelivr.net\/npm\/friendly-challenge@0.9.13\/widget.min.js\" async defer><\/script>\n<\/div>\n","protected":false},"excerpt":{"rendered":"","protected":false},"author":111,"featured_media":0,"parent":0,"menu_order":0,"comment_status":"closed","ping_status":"closed","template":"","meta":{"_acf_changed":false,"inline_featured_image":false,"_relevanssi_hide_post":"","_relevanssi_hide_content":"","_relevanssi_pin_for_all":"","_relevanssi_pin_keywords":"","_relevanssi_unpin_keywords":"","_relevanssi_related_keywords":"","_relevanssi_related_include_ids":"","_relevanssi_related_exclude_ids":"","_relevanssi_related_no_append":"","_relevanssi_related_not_related":"","_relevanssi_related_posts":"346,1915,1776,1312,1462,566","_relevanssi_noindex_reason":"","footnotes":"","_links_to":"","_links_to_target":""},"class_list":["post-5956","page","type-page","status-publish","hentry"],"acf":[],"yoast_head":"<!-- This site is optimized with the Yoast SEO plugin v27.4 - https:\/\/yoast.com\/product\/yoast-seo-wordpress\/ -->\n<title>Anmeldung Blog-Abo &#8211; Soziale Arbeit an der Hochschule Luzern<\/title>\n<meta name=\"robots\" content=\"index, follow, max-snippet:-1, max-image-preview:large, max-video-preview:-1\" \/>\n<link rel=\"canonical\" href=\"https:\/\/hub.hslu.ch\/soziale-arbeit\/blog-abo\/\" \/>\n<meta property=\"og:locale\" content=\"de_DE\" \/>\n<meta property=\"og:type\" content=\"article\" \/>\n<meta property=\"og:title\" content=\"Anmeldung Blog-Abo &#8211; Soziale Arbeit an der Hochschule Luzern\" \/>\n<meta property=\"og:url\" content=\"https:\/\/hub.hslu.ch\/soziale-arbeit\/blog-abo\/\" \/>\n<meta property=\"og:site_name\" content=\"Soziale Arbeit an der Hochschule Luzern\" \/>\n<meta property=\"article:modified_time\" content=\"2023-05-02T08:47:35+00:00\" \/>\n<meta name=\"twitter:card\" content=\"summary_large_image\" \/>\n<meta name=\"twitter:label1\" content=\"Gesch\u00e4tzte Lesezeit\" \/>\n\t<meta name=\"twitter:data1\" content=\"1\u00a0Minute\" \/>\n<script type=\"application\/ld+json\" class=\"yoast-schema-graph\">{\"@context\":\"https:\\\/\\\/schema.org\",\"@graph\":[{\"@type\":\"WebPage\",\"@id\":\"https:\\\/\\\/hub.hslu.ch\\\/soziale-arbeit\\\/blog-abo\\\/\",\"url\":\"https:\\\/\\\/hub.hslu.ch\\\/soziale-arbeit\\\/blog-abo\\\/\",\"name\":\"Anmeldung Blog-Abo &#8211; Soziale Arbeit an der Hochschule Luzern\",\"isPartOf\":{\"@id\":\"https:\\\/\\\/hub.hslu.ch\\\/soziale-arbeit\\\/#website\"},\"datePublished\":\"2023-04-28T11:46:02+00:00\",\"dateModified\":\"2023-05-02T08:47:35+00:00\",\"breadcrumb\":{\"@id\":\"https:\\\/\\\/hub.hslu.ch\\\/soziale-arbeit\\\/blog-abo\\\/#breadcrumb\"},\"inLanguage\":\"de-CH\",\"potentialAction\":[{\"@type\":\"ReadAction\",\"target\":[\"https:\\\/\\\/hub.hslu.ch\\\/soziale-arbeit\\\/blog-abo\\\/\"]}]},{\"@type\":\"BreadcrumbList\",\"@id\":\"https:\\\/\\\/hub.hslu.ch\\\/soziale-arbeit\\\/blog-abo\\\/#breadcrumb\",\"itemListElement\":[{\"@type\":\"ListItem\",\"position\":1,\"name\":\"Home\",\"item\":\"https:\\\/\\\/hub.hslu.ch\\\/soziale-arbeit\\\/\"},{\"@type\":\"ListItem\",\"position\":2,\"name\":\"Anmeldung Blog-Abo\"}]},{\"@type\":\"WebSite\",\"@id\":\"https:\\\/\\\/hub.hslu.ch\\\/soziale-arbeit\\\/#website\",\"url\":\"https:\\\/\\\/hub.hslu.ch\\\/soziale-arbeit\\\/\",\"name\":\"Soziale Arbeit an der Hochschule Luzern\",\"description\":\"Der Blog der Hochschule Luzern \u2013 Soziale Arbeit\",\"potentialAction\":[{\"@type\":\"SearchAction\",\"target\":{\"@type\":\"EntryPoint\",\"urlTemplate\":\"https:\\\/\\\/hub.hslu.ch\\\/soziale-arbeit\\\/?s={search_term_string}\"},\"query-input\":{\"@type\":\"PropertyValueSpecification\",\"valueRequired\":true,\"valueName\":\"search_term_string\"}}],\"inLanguage\":\"de-CH\"}]}<\/script>\n<!-- \/ Yoast SEO plugin. -->","yoast_head_json":{"title":"Anmeldung Blog-Abo &#8211; Soziale Arbeit an der Hochschule Luzern","robots":{"index":"index","follow":"follow","max-snippet":"max-snippet:-1","max-image-preview":"max-image-preview:large","max-video-preview":"max-video-preview:-1"},"canonical":"https:\/\/hub.hslu.ch\/soziale-arbeit\/blog-abo\/","og_locale":"de_DE","og_type":"article","og_title":"Anmeldung Blog-Abo &#8211; Soziale Arbeit an der Hochschule Luzern","og_url":"https:\/\/hub.hslu.ch\/soziale-arbeit\/blog-abo\/","og_site_name":"Soziale Arbeit an der Hochschule Luzern","article_modified_time":"2023-05-02T08:47:35+00:00","twitter_card":"summary_large_image","twitter_misc":{"Gesch\u00e4tzte Lesezeit":"1\u00a0Minute"},"schema":{"@context":"https:\/\/schema.org","@graph":[{"@type":"WebPage","@id":"https:\/\/hub.hslu.ch\/soziale-arbeit\/blog-abo\/","url":"https:\/\/hub.hslu.ch\/soziale-arbeit\/blog-abo\/","name":"Anmeldung Blog-Abo &#8211; Soziale Arbeit an der Hochschule Luzern","isPartOf":{"@id":"https:\/\/hub.hslu.ch\/soziale-arbeit\/#website"},"datePublished":"2023-04-28T11:46:02+00:00","dateModified":"2023-05-02T08:47:35+00:00","breadcrumb":{"@id":"https:\/\/hub.hslu.ch\/soziale-arbeit\/blog-abo\/#breadcrumb"},"inLanguage":"de-CH","potentialAction":[{"@type":"ReadAction","target":["https:\/\/hub.hslu.ch\/soziale-arbeit\/blog-abo\/"]}]},{"@type":"BreadcrumbList","@id":"https:\/\/hub.hslu.ch\/soziale-arbeit\/blog-abo\/#breadcrumb","itemListElement":[{"@type":"ListItem","position":1,"name":"Home","item":"https:\/\/hub.hslu.ch\/soziale-arbeit\/"},{"@type":"ListItem","position":2,"name":"Anmeldung Blog-Abo"}]},{"@type":"WebSite","@id":"https:\/\/hub.hslu.ch\/soziale-arbeit\/#website","url":"https:\/\/hub.hslu.ch\/soziale-arbeit\/","name":"Soziale Arbeit an der Hochschule Luzern","description":"Der Blog der Hochschule Luzern \u2013 Soziale Arbeit","potentialAction":[{"@type":"SearchAction","target":{"@type":"EntryPoint","urlTemplate":"https:\/\/hub.hslu.ch\/soziale-arbeit\/?s={search_term_string}"},"query-input":{"@type":"PropertyValueSpecification","valueRequired":true,"valueName":"search_term_string"}}],"inLanguage":"de-CH"}]}},"featured_image_src":null,"featured_image_src_square":null,"_links":{"self":[{"href":"https:\/\/hub.hslu.ch\/soziale-arbeit\/wp-json\/wp\/v2\/pages\/5956","targetHints":{"allow":["GET"]}}],"collection":[{"href":"https:\/\/hub.hslu.ch\/soziale-arbeit\/wp-json\/wp\/v2\/pages"}],"about":[{"href":"https:\/\/hub.hslu.ch\/soziale-arbeit\/wp-json\/wp\/v2\/types\/page"}],"author":[{"embeddable":true,"href":"https:\/\/hub.hslu.ch\/soziale-arbeit\/wp-json\/wp\/v2\/users\/111"}],"replies":[{"embeddable":true,"href":"https:\/\/hub.hslu.ch\/soziale-arbeit\/wp-json\/wp\/v2\/comments?post=5956"}],"version-history":[{"count":6,"href":"https:\/\/hub.hslu.ch\/soziale-arbeit\/wp-json\/wp\/v2\/pages\/5956\/revisions"}],"predecessor-version":[{"id":6332,"href":"https:\/\/hub.hslu.ch\/soziale-arbeit\/wp-json\/wp\/v2\/pages\/5956\/revisions\/6332"}],"wp:attachment":[{"href":"https:\/\/hub.hslu.ch\/soziale-arbeit\/wp-json\/wp\/v2\/media?parent=5956"}],"curies":[{"name":"wp","href":"https:\/\/api.w.org\/{rel}","templated":true}]}}