{"id":2095,"date":"2024-12-05T09:12:39","date_gmt":"2024-12-05T08:12:39","guid":{"rendered":"https:\/\/hub.hslu.ch\/sustainable\/?page_id=2095"},"modified":"2024-12-05T09:12:40","modified_gmt":"2024-12-05T08:12:40","slug":"green-open-access-policy","status":"publish","type":"page","link":"https:\/\/hub.hslu.ch\/sustainable\/green-open-access-policy\/","title":{"rendered":"Green Open Access Policy"},"content":{"rendered":"\n<p><strong>Zweitver\u00f6ffentlichungsrechte f\u00fcr Autor:innen von Studien und Blogbeitr\u00e4gen auf dem \u00abIFZ Sustainable Investments Blog\u00bb<\/strong><\/p>\n\n\n\n<p>Open Access f\u00f6rdert die Sichtbarkeit von Publikationen. Dies liegt sowohl im Interesse der Autor:innen als auch der Verlage und steht im Einklang mit den Anforderungen der Schweizer Hochschulen und der nationalen Open-Access-Strategie von swissuniversities.<\/p>\n\n\n\n<p>Autor:innen von Studien und Blogbeitr\u00e4gen auf dem \u00abIFZ Sustainable Investments Blog\u00bb haben das Recht, die finale Version ihrer Studien und Blogbeitr\u00e4ge (vollst\u00e4ndig \u00fcberarbeitete, gesetzte und formatierte Version in der ver\u00f6ffentlichten Form) unmittelbar nach der offiziellen Ver\u00f6ffentlichung ohne Sperrfrist auf dem \u00abIFZ Sustainable Investments Blog\u00bb als PDF wie folgt verf\u00fcgbar zu machen:<\/p>\n\n\n\n<ul class=\"wp-block-list\">\n<li>Studien d\u00fcrfen unter Einhaltung der Verlagsbedingungen, die Nutzungsrechte entsprechend dem Schweizer Urheberrechtsgesetz (URG) gew\u00e4hren, frei und kostenlos \u00fcber ein nicht-kommerzielles Repositorium online verf\u00fcgbar gemacht werden.<\/li>\n<\/ul>\n\n\n\n<ul class=\"wp-block-list\">\n<li>Blogeintr\u00e4ge d\u00fcrfen, ausgenommen der Bilder, unter der Lizenz <a href=\"https:\/\/creativecommons.org\/licenses\/by\/4.0\/\">CC-BY 4.0<\/a> (Weiterverbreitung, Anpassung, kommerzielle Nutzung mit Namensnennung und korrekter Zitierung) print oder online verf\u00fcgbar gemacht werden.<\/li>\n<\/ul>\n\n\n\n<ul class=\"wp-block-list\">\n<li>Auf die Originalver\u00f6ffentlichung muss, einschliesslich der vollst\u00e4ndigen bibliografischen Angaben (Titel der Studie oder des Blogeintrags, Erscheinungsjahr, Name des Blogs), an einer deutlich sichtbaren Stelle hingewiesen werden. Zus\u00e4tzlich muss die URL der ver\u00f6ffentlichten Publikation auf dem \u00abIFZ Sustainable Investments Blog\u00bb angegeben werden.<\/li>\n<\/ul>\n\n\n\n<p>Diese Richtlinie betrifft alle Studien und Blogbeitr\u00e4ge ver\u00f6ffentlicht ab dem 01.01.2017.<\/p>\n","protected":false},"excerpt":{"rendered":"<p>Zweitver\u00f6ffentlichungsrechte f\u00fcr Autor:innen von Studien und Blogbeitr\u00e4gen auf dem \u00abIFZ Sustainable Investments Blog\u00bb Open Access f\u00f6rdert die Sichtbarkeit von Publikationen. Dies liegt sowohl im Interesse der Autor:innen als auch der Verlage und steht im Einklang mit den Anforderungen der Schweizer Hochschulen und der nationalen Open-Access-Strategie von swissuniversities. Autor:innen von Studien und Blogbeitr\u00e4gen auf dem \u00abIFZ<\/p>\n","protected":false},"author":194,"featured_media":0,"parent":0,"menu_order":0,"comment_status":"closed","ping_status":"closed","template":"","meta":{"_acf_changed":false,"inline_featured_image":false,"_relevanssi_hide_post":"","_relevanssi_hide_content":"","_relevanssi_pin_for_all":"","_relevanssi_pin_keywords":"","_relevanssi_unpin_keywords":"","_relevanssi_related_keywords":"","_relevanssi_related_include_ids":"","_relevanssi_related_exclude_ids":"","_relevanssi_related_no_append":"","_relevanssi_related_not_related":"","_relevanssi_related_posts":"405,110,1068,117,100,1197","_relevanssi_noindex_reason":"","footnotes":"","_links_to":"","_links_to_target":""},"class_list":["post-2095","page","type-page","status-publish","hentry"],"acf":[],"yoast_head":"<!-- This site is optimized with the Yoast SEO plugin v27.4 - https:\/\/yoast.com\/product\/yoast-seo-wordpress\/ -->\n<title>Green Open Access Policy - IFZ Sustainable Investments Blog<\/title>\n<meta name=\"robots\" content=\"index, follow, max-snippet:-1, max-image-preview:large, max-video-preview:-1\" \/>\n<link rel=\"canonical\" href=\"https:\/\/hub.hslu.ch\/sustainable\/green-open-access-policy\/\" \/>\n<meta property=\"og:locale\" content=\"de_DE\" \/>\n<meta property=\"og:type\" content=\"article\" \/>\n<meta property=\"og:title\" content=\"Green Open Access Policy - IFZ Sustainable Investments Blog\" \/>\n<meta property=\"og:description\" content=\"Zweitver\u00f6ffentlichungsrechte f\u00fcr Autor:innen von Studien und Blogbeitr\u00e4gen auf dem \u00abIFZ Sustainable Investments Blog\u00bb Open Access f\u00f6rdert die Sichtbarkeit von Publikationen. Dies liegt sowohl im Interesse der Autor:innen als auch der Verlage und steht im Einklang mit den Anforderungen der Schweizer Hochschulen und der nationalen Open-Access-Strategie von swissuniversities. Autor:innen von Studien und Blogbeitr\u00e4gen auf dem \u00abIFZ\" \/>\n<meta property=\"og:url\" content=\"https:\/\/hub.hslu.ch\/sustainable\/green-open-access-policy\/\" \/>\n<meta property=\"og:site_name\" content=\"IFZ Sustainable Investments Blog\" \/>\n<meta property=\"article:modified_time\" content=\"2024-12-05T08:12:40+00:00\" \/>\n<meta name=\"twitter:card\" content=\"summary_large_image\" \/>\n<meta name=\"twitter:label1\" content=\"Gesch\u00e4tzte Lesezeit\" \/>\n\t<meta name=\"twitter:data1\" content=\"2\u00a0Minuten\" \/>\n<script type=\"application\/ld+json\" class=\"yoast-schema-graph\">{\"@context\":\"https:\\\/\\\/schema.org\",\"@graph\":[{\"@type\":\"WebPage\",\"@id\":\"https:\\\/\\\/hub.hslu.ch\\\/sustainable\\\/green-open-access-policy\\\/\",\"url\":\"https:\\\/\\\/hub.hslu.ch\\\/sustainable\\\/green-open-access-policy\\\/\",\"name\":\"Green Open Access Policy - IFZ Sustainable Investments Blog\",\"isPartOf\":{\"@id\":\"https:\\\/\\\/hub.hslu.ch\\\/sustainable\\\/#website\"},\"datePublished\":\"2024-12-05T08:12:39+00:00\",\"dateModified\":\"2024-12-05T08:12:40+00:00\",\"breadcrumb\":{\"@id\":\"https:\\\/\\\/hub.hslu.ch\\\/sustainable\\\/green-open-access-policy\\\/#breadcrumb\"},\"inLanguage\":\"de-CH\",\"potentialAction\":[{\"@type\":\"ReadAction\",\"target\":[\"https:\\\/\\\/hub.hslu.ch\\\/sustainable\\\/green-open-access-policy\\\/\"]}]},{\"@type\":\"BreadcrumbList\",\"@id\":\"https:\\\/\\\/hub.hslu.ch\\\/sustainable\\\/green-open-access-policy\\\/#breadcrumb\",\"itemListElement\":[{\"@type\":\"ListItem\",\"position\":1,\"name\":\"Home\",\"item\":\"https:\\\/\\\/hub.hslu.ch\\\/sustainable\\\/\"},{\"@type\":\"ListItem\",\"position\":2,\"name\":\"Green Open Access Policy\"}]},{\"@type\":\"WebSite\",\"@id\":\"https:\\\/\\\/hub.hslu.ch\\\/sustainable\\\/#website\",\"url\":\"https:\\\/\\\/hub.hslu.ch\\\/sustainable\\\/\",\"name\":\"IFZ Sustainable Investments Blog\",\"description\":\"\",\"potentialAction\":[{\"@type\":\"SearchAction\",\"target\":{\"@type\":\"EntryPoint\",\"urlTemplate\":\"https:\\\/\\\/hub.hslu.ch\\\/sustainable\\\/?s={search_term_string}\"},\"query-input\":{\"@type\":\"PropertyValueSpecification\",\"valueRequired\":true,\"valueName\":\"search_term_string\"}}],\"inLanguage\":\"de-CH\"}]}<\/script>\n<!-- \/ Yoast SEO plugin. -->","yoast_head_json":{"title":"Green Open Access Policy - IFZ Sustainable Investments Blog","robots":{"index":"index","follow":"follow","max-snippet":"max-snippet:-1","max-image-preview":"max-image-preview:large","max-video-preview":"max-video-preview:-1"},"canonical":"https:\/\/hub.hslu.ch\/sustainable\/green-open-access-policy\/","og_locale":"de_DE","og_type":"article","og_title":"Green Open Access Policy - IFZ Sustainable Investments Blog","og_description":"Zweitver\u00f6ffentlichungsrechte f\u00fcr Autor:innen von Studien und Blogbeitr\u00e4gen auf dem \u00abIFZ Sustainable Investments Blog\u00bb Open Access f\u00f6rdert die Sichtbarkeit von Publikationen. Dies liegt sowohl im Interesse der Autor:innen als auch der Verlage und steht im Einklang mit den Anforderungen der Schweizer Hochschulen und der nationalen Open-Access-Strategie von swissuniversities. Autor:innen von Studien und Blogbeitr\u00e4gen auf dem \u00abIFZ","og_url":"https:\/\/hub.hslu.ch\/sustainable\/green-open-access-policy\/","og_site_name":"IFZ Sustainable Investments Blog","article_modified_time":"2024-12-05T08:12:40+00:00","twitter_card":"summary_large_image","twitter_misc":{"Gesch\u00e4tzte Lesezeit":"2\u00a0Minuten"},"schema":{"@context":"https:\/\/schema.org","@graph":[{"@type":"WebPage","@id":"https:\/\/hub.hslu.ch\/sustainable\/green-open-access-policy\/","url":"https:\/\/hub.hslu.ch\/sustainable\/green-open-access-policy\/","name":"Green Open Access Policy - IFZ Sustainable Investments Blog","isPartOf":{"@id":"https:\/\/hub.hslu.ch\/sustainable\/#website"},"datePublished":"2024-12-05T08:12:39+00:00","dateModified":"2024-12-05T08:12:40+00:00","breadcrumb":{"@id":"https:\/\/hub.hslu.ch\/sustainable\/green-open-access-policy\/#breadcrumb"},"inLanguage":"de-CH","potentialAction":[{"@type":"ReadAction","target":["https:\/\/hub.hslu.ch\/sustainable\/green-open-access-policy\/"]}]},{"@type":"BreadcrumbList","@id":"https:\/\/hub.hslu.ch\/sustainable\/green-open-access-policy\/#breadcrumb","itemListElement":[{"@type":"ListItem","position":1,"name":"Home","item":"https:\/\/hub.hslu.ch\/sustainable\/"},{"@type":"ListItem","position":2,"name":"Green Open Access Policy"}]},{"@type":"WebSite","@id":"https:\/\/hub.hslu.ch\/sustainable\/#website","url":"https:\/\/hub.hslu.ch\/sustainable\/","name":"IFZ Sustainable Investments Blog","description":"","potentialAction":[{"@type":"SearchAction","target":{"@type":"EntryPoint","urlTemplate":"https:\/\/hub.hslu.ch\/sustainable\/?s={search_term_string}"},"query-input":{"@type":"PropertyValueSpecification","valueRequired":true,"valueName":"search_term_string"}}],"inLanguage":"de-CH"}]}},"featured_image_src":null,"featured_image_src_square":null,"_links":{"self":[{"href":"https:\/\/hub.hslu.ch\/sustainable\/wp-json\/wp\/v2\/pages\/2095","targetHints":{"allow":["GET"]}}],"collection":[{"href":"https:\/\/hub.hslu.ch\/sustainable\/wp-json\/wp\/v2\/pages"}],"about":[{"href":"https:\/\/hub.hslu.ch\/sustainable\/wp-json\/wp\/v2\/types\/page"}],"author":[{"embeddable":true,"href":"https:\/\/hub.hslu.ch\/sustainable\/wp-json\/wp\/v2\/users\/194"}],"replies":[{"embeddable":true,"href":"https:\/\/hub.hslu.ch\/sustainable\/wp-json\/wp\/v2\/comments?post=2095"}],"version-history":[{"count":3,"href":"https:\/\/hub.hslu.ch\/sustainable\/wp-json\/wp\/v2\/pages\/2095\/revisions"}],"predecessor-version":[{"id":2098,"href":"https:\/\/hub.hslu.ch\/sustainable\/wp-json\/wp\/v2\/pages\/2095\/revisions\/2098"}],"wp:attachment":[{"href":"https:\/\/hub.hslu.ch\/sustainable\/wp-json\/wp\/v2\/media?parent=2095"}],"curies":[{"name":"wp","href":"https:\/\/api.w.org\/{rel}","templated":true}]}}