{"id":2133,"date":"2025-05-22T10:20:53","date_gmt":"2025-05-22T08:20:53","guid":{"rendered":"https:\/\/hub.hslu.ch\/sustainable\/?page_id=2133"},"modified":"2026-03-23T13:25:58","modified_gmt":"2026-03-23T12:25:58","slug":"studie-erhebung-nachhaltigkeitspraeferenzen","status":"publish","type":"page","link":"https:\/\/hub.hslu.ch\/sustainable\/studie-erhebung-nachhaltigkeitspraeferenzen\/","title":{"rendered":"Studien nachhaltige Verm\u00f6gensverwaltung"},"content":{"rendered":"\n<div class=\"wp-block-columns is-layout-flex wp-container-core-columns-is-layout-9d6595d7 wp-block-columns-is-layout-flex\">\n<div class=\"wp-block-column is-layout-flow wp-block-column-is-layout-flow\">\n<figure class=\"wp-block-image size-large\"><img loading=\"lazy\" decoding=\"async\" width=\"1024\" height=\"724\" src=\"https:\/\/hub.hslu.ch\/sustainable\/wp-content\/uploads\/sites\/25\/2026\/03\/260316_HSLU-SBVg_ESG-Richtlinien_Status-quo-und-Beurteilung-durch-Banken-1024x724.jpg\" alt=\"\" class=\"wp-image-2404\" srcset=\"https:\/\/hub.hslu.ch\/sustainable\/wp-content\/uploads\/sites\/25\/2026\/03\/260316_HSLU-SBVg_ESG-Richtlinien_Status-quo-und-Beurteilung-durch-Banken-1024x724.jpg 1024w, https:\/\/hub.hslu.ch\/sustainable\/wp-content\/uploads\/sites\/25\/2026\/03\/260316_HSLU-SBVg_ESG-Richtlinien_Status-quo-und-Beurteilung-durch-Banken-300x212.jpg 300w, https:\/\/hub.hslu.ch\/sustainable\/wp-content\/uploads\/sites\/25\/2026\/03\/260316_HSLU-SBVg_ESG-Richtlinien_Status-quo-und-Beurteilung-durch-Banken-768x543.jpg 768w, https:\/\/hub.hslu.ch\/sustainable\/wp-content\/uploads\/sites\/25\/2026\/03\/260316_HSLU-SBVg_ESG-Richtlinien_Status-quo-und-Beurteilung-durch-Banken-1536x1086.jpg 1536w, https:\/\/hub.hslu.ch\/sustainable\/wp-content\/uploads\/sites\/25\/2026\/03\/260316_HSLU-SBVg_ESG-Richtlinien_Status-quo-und-Beurteilung-durch-Banken-928x656.jpg 928w, https:\/\/hub.hslu.ch\/sustainable\/wp-content\/uploads\/sites\/25\/2026\/03\/260316_HSLU-SBVg_ESG-Richtlinien_Status-quo-und-Beurteilung-durch-Banken-600x424.jpg 600w, https:\/\/hub.hslu.ch\/sustainable\/wp-content\/uploads\/sites\/25\/2026\/03\/260316_HSLU-SBVg_ESG-Richtlinien_Status-quo-und-Beurteilung-durch-Banken.jpg 2048w\" sizes=\"auto, (max-width: 1024px) 100vw, 1024px\" \/><\/figure>\n\n\n\n<h3 class=\"wp-block-heading\">Wie Banken in der Schweiz<br>die ESG-Richtlinien in der<br>Verm\u00f6gensverwaltung umsetzen<\/h3>\n\n\n\n<p>Zum <a href=\"https:\/\/hub.hslu.ch\/sustainable\/wp-content\/uploads\/sites\/25\/2026\/03\/HSLU-SBVg_ESG-Richtlinien_Status-quo-und-Beurteilung-durch-Banken.pdf\">Download<\/a> der Studie<\/p>\n<\/div>\n\n\n\n<div class=\"wp-block-column is-layout-flow wp-block-column-is-layout-flow\">\n<figure class=\"wp-block-image size-large\"><img loading=\"lazy\" decoding=\"async\" width=\"1024\" height=\"726\" src=\"https:\/\/hub.hslu.ch\/sustainable\/wp-content\/uploads\/sites\/25\/2026\/03\/Titelblatt-1024x726.jpg\" alt=\"\" class=\"wp-image-2403\" srcset=\"https:\/\/hub.hslu.ch\/sustainable\/wp-content\/uploads\/sites\/25\/2026\/03\/Titelblatt-1024x726.jpg 1024w, https:\/\/hub.hslu.ch\/sustainable\/wp-content\/uploads\/sites\/25\/2026\/03\/Titelblatt-300x213.jpg 300w, https:\/\/hub.hslu.ch\/sustainable\/wp-content\/uploads\/sites\/25\/2026\/03\/Titelblatt-768x545.jpg 768w, https:\/\/hub.hslu.ch\/sustainable\/wp-content\/uploads\/sites\/25\/2026\/03\/Titelblatt-1536x1089.jpg 1536w, https:\/\/hub.hslu.ch\/sustainable\/wp-content\/uploads\/sites\/25\/2026\/03\/Titelblatt-928x658.jpg 928w, https:\/\/hub.hslu.ch\/sustainable\/wp-content\/uploads\/sites\/25\/2026\/03\/Titelblatt-600x425.jpg 600w, https:\/\/hub.hslu.ch\/sustainable\/wp-content\/uploads\/sites\/25\/2026\/03\/Titelblatt.jpg 2048w\" sizes=\"auto, (max-width: 1024px) 100vw, 1024px\" \/><\/figure>\n\n\n\n<h3 class=\"wp-block-heading\"><strong>Wie erheben Banken Nachhaltigkeitspr\u00e4ferenzen von Privatkunden in der Schweiz?<\/strong><\/h3>\n\n\n\n<p>Zum <a href=\"https:\/\/hub.hslu.ch\/sustainable\/wp-content\/uploads\/sites\/25\/2025\/06\/2025_HSLU_Wie-erheben-Banken-Nachhaltigkeitspraeferenzen-von-Privatkunden-in-der-Schweiz-1.pdf\">Download<\/a> der Studie<\/p>\n<\/div>\n<\/div>\n\n\n\n<div class=\"wp-block-columns is-layout-flex wp-container-core-columns-is-layout-9d6595d7 wp-block-columns-is-layout-flex\">\n<div class=\"wp-block-column is-layout-flow wp-block-column-is-layout-flow\">\n<figure class=\"wp-block-image size-large\"><img loading=\"lazy\" decoding=\"async\" width=\"1024\" height=\"726\" src=\"https:\/\/hub.hslu.ch\/sustainable\/wp-content\/uploads\/sites\/25\/2026\/03\/Titelblatt_Wie_denken_Privatinvestoren-1024x726.png\" alt=\"\" class=\"wp-image-2425\" srcset=\"https:\/\/hub.hslu.ch\/sustainable\/wp-content\/uploads\/sites\/25\/2026\/03\/Titelblatt_Wie_denken_Privatinvestoren-1024x726.png 1024w, https:\/\/hub.hslu.ch\/sustainable\/wp-content\/uploads\/sites\/25\/2026\/03\/Titelblatt_Wie_denken_Privatinvestoren-300x213.png 300w, https:\/\/hub.hslu.ch\/sustainable\/wp-content\/uploads\/sites\/25\/2026\/03\/Titelblatt_Wie_denken_Privatinvestoren-768x545.png 768w, https:\/\/hub.hslu.ch\/sustainable\/wp-content\/uploads\/sites\/25\/2026\/03\/Titelblatt_Wie_denken_Privatinvestoren-1536x1089.png 1536w, https:\/\/hub.hslu.ch\/sustainable\/wp-content\/uploads\/sites\/25\/2026\/03\/Titelblatt_Wie_denken_Privatinvestoren-928x658.png 928w, https:\/\/hub.hslu.ch\/sustainable\/wp-content\/uploads\/sites\/25\/2026\/03\/Titelblatt_Wie_denken_Privatinvestoren-600x425.png 600w, https:\/\/hub.hslu.ch\/sustainable\/wp-content\/uploads\/sites\/25\/2026\/03\/Titelblatt_Wie_denken_Privatinvestoren.png 2048w\" sizes=\"auto, (max-width: 1024px) 100vw, 1024px\" \/><\/figure>\n\n\n\n<h3 class=\"wp-block-heading\">Wie denken Privatinvestoren \u00fcber den Anlegerschutz durch Banken in der Schweiz?<\/h3>\n\n\n\n<p>Zum <a href=\"https:\/\/hub.hslu.ch\/sustainable\/wp-content\/uploads\/sites\/25\/2026\/03\/Wie_denken_Privatinvestoren_ueber_den_Anlegerschutz_durch_Banken_in_der_Schweiz.pdf\">Download<\/a> der Studie<\/p>\n<\/div>\n\n\n\n<div class=\"wp-block-column is-layout-flow wp-block-column-is-layout-flow\"><\/div>\n<\/div>\n","protected":false},"excerpt":{"rendered":"<p>Wie Banken in der Schweizdie ESG-Richtlinien in derVerm\u00f6gensverwaltung umsetzen Zum Download der Studie Wie erheben Banken Nachhaltigkeitspr\u00e4ferenzen von Privatkunden in der Schweiz? Zum Download der Studie Wie denken Privatinvestoren \u00fcber den Anlegerschutz durch Banken in der Schweiz? Zum Download der Studie<\/p>\n","protected":false},"author":194,"featured_media":0,"parent":0,"menu_order":0,"comment_status":"closed","ping_status":"closed","template":"","meta":{"_acf_changed":false,"inline_featured_image":false,"_relevanssi_hide_post":"","_relevanssi_hide_content":"","_relevanssi_pin_for_all":"","_relevanssi_pin_keywords":"","_relevanssi_unpin_keywords":"","_relevanssi_related_keywords":"","_relevanssi_related_include_ids":"","_relevanssi_related_exclude_ids":"","_relevanssi_related_no_append":"","_relevanssi_related_not_related":"","_relevanssi_related_posts":"1068,102,111,120,98,99","_relevanssi_noindex_reason":"","footnotes":"","_links_to":"","_links_to_target":""},"class_list":["post-2133","page","type-page","status-publish","hentry"],"acf":[],"yoast_head":"<!-- This site is optimized with the Yoast SEO plugin v27.3 - https:\/\/yoast.com\/product\/yoast-seo-wordpress\/ -->\n<title>Studien nachhaltige Verm\u00f6gensverwaltung - IFZ Sustainable Investments Blog<\/title>\n<meta name=\"robots\" content=\"index, follow, max-snippet:-1, max-image-preview:large, max-video-preview:-1\" \/>\n<link rel=\"canonical\" href=\"https:\/\/hub.hslu.ch\/sustainable\/studie-erhebung-nachhaltigkeitspraeferenzen\/\" \/>\n<meta property=\"og:locale\" content=\"de_DE\" \/>\n<meta property=\"og:type\" content=\"article\" \/>\n<meta property=\"og:title\" content=\"Studien nachhaltige Verm\u00f6gensverwaltung - IFZ Sustainable Investments Blog\" \/>\n<meta property=\"og:description\" content=\"Wie Banken in der Schweizdie ESG-Richtlinien in derVerm\u00f6gensverwaltung umsetzen Zum Download der Studie Wie erheben Banken Nachhaltigkeitspr\u00e4ferenzen von Privatkunden in der Schweiz? Zum Download der Studie Wie denken Privatinvestoren \u00fcber den Anlegerschutz durch Banken in der Schweiz? Zum Download der Studie\" \/>\n<meta property=\"og:url\" content=\"https:\/\/hub.hslu.ch\/sustainable\/studie-erhebung-nachhaltigkeitspraeferenzen\/\" \/>\n<meta property=\"og:site_name\" content=\"IFZ Sustainable Investments Blog\" \/>\n<meta property=\"article:modified_time\" content=\"2026-03-23T12:25:58+00:00\" \/>\n<meta property=\"og:image\" content=\"https:\/\/hub.hslu.ch\/sustainable\/wp-content\/uploads\/sites\/25\/2026\/03\/260316_HSLU-SBVg_ESG-Richtlinien_Status-quo-und-Beurteilung-durch-Banken.jpg\" \/>\n\t<meta property=\"og:image:width\" content=\"2048\" \/>\n\t<meta property=\"og:image:height\" content=\"1448\" \/>\n\t<meta property=\"og:image:type\" content=\"image\/jpeg\" \/>\n<meta name=\"twitter:card\" content=\"summary_large_image\" \/>\n<meta name=\"twitter:label1\" content=\"Gesch\u00e4tzte Lesezeit\" \/>\n\t<meta name=\"twitter:data1\" content=\"1\u00a0Minute\" \/>\n<script type=\"application\/ld+json\" class=\"yoast-schema-graph\">{\"@context\":\"https:\\\/\\\/schema.org\",\"@graph\":[{\"@type\":\"WebPage\",\"@id\":\"https:\\\/\\\/hub.hslu.ch\\\/sustainable\\\/studie-erhebung-nachhaltigkeitspraeferenzen\\\/\",\"url\":\"https:\\\/\\\/hub.hslu.ch\\\/sustainable\\\/studie-erhebung-nachhaltigkeitspraeferenzen\\\/\",\"name\":\"Studien nachhaltige Verm\u00f6gensverwaltung - IFZ Sustainable Investments Blog\",\"isPartOf\":{\"@id\":\"https:\\\/\\\/hub.hslu.ch\\\/sustainable\\\/#website\"},\"primaryImageOfPage\":{\"@id\":\"https:\\\/\\\/hub.hslu.ch\\\/sustainable\\\/studie-erhebung-nachhaltigkeitspraeferenzen\\\/#primaryimage\"},\"image\":{\"@id\":\"https:\\\/\\\/hub.hslu.ch\\\/sustainable\\\/studie-erhebung-nachhaltigkeitspraeferenzen\\\/#primaryimage\"},\"thumbnailUrl\":\"https:\\\/\\\/hub.hslu.ch\\\/sustainable\\\/wp-content\\\/uploads\\\/sites\\\/25\\\/2026\\\/03\\\/260316_HSLU-SBVg_ESG-Richtlinien_Status-quo-und-Beurteilung-durch-Banken-1024x724.jpg\",\"datePublished\":\"2025-05-22T08:20:53+00:00\",\"dateModified\":\"2026-03-23T12:25:58+00:00\",\"breadcrumb\":{\"@id\":\"https:\\\/\\\/hub.hslu.ch\\\/sustainable\\\/studie-erhebung-nachhaltigkeitspraeferenzen\\\/#breadcrumb\"},\"inLanguage\":\"de-CH\",\"potentialAction\":[{\"@type\":\"ReadAction\",\"target\":[\"https:\\\/\\\/hub.hslu.ch\\\/sustainable\\\/studie-erhebung-nachhaltigkeitspraeferenzen\\\/\"]}]},{\"@type\":\"ImageObject\",\"inLanguage\":\"de-CH\",\"@id\":\"https:\\\/\\\/hub.hslu.ch\\\/sustainable\\\/studie-erhebung-nachhaltigkeitspraeferenzen\\\/#primaryimage\",\"url\":\"https:\\\/\\\/hub.hslu.ch\\\/sustainable\\\/wp-content\\\/uploads\\\/sites\\\/25\\\/2026\\\/03\\\/260316_HSLU-SBVg_ESG-Richtlinien_Status-quo-und-Beurteilung-durch-Banken.jpg\",\"contentUrl\":\"https:\\\/\\\/hub.hslu.ch\\\/sustainable\\\/wp-content\\\/uploads\\\/sites\\\/25\\\/2026\\\/03\\\/260316_HSLU-SBVg_ESG-Richtlinien_Status-quo-und-Beurteilung-durch-Banken.jpg\",\"width\":2048,\"height\":1448},{\"@type\":\"BreadcrumbList\",\"@id\":\"https:\\\/\\\/hub.hslu.ch\\\/sustainable\\\/studie-erhebung-nachhaltigkeitspraeferenzen\\\/#breadcrumb\",\"itemListElement\":[{\"@type\":\"ListItem\",\"position\":1,\"name\":\"Home\",\"item\":\"https:\\\/\\\/hub.hslu.ch\\\/sustainable\\\/\"},{\"@type\":\"ListItem\",\"position\":2,\"name\":\"Studien nachhaltige Verm\u00f6gensverwaltung\"}]},{\"@type\":\"WebSite\",\"@id\":\"https:\\\/\\\/hub.hslu.ch\\\/sustainable\\\/#website\",\"url\":\"https:\\\/\\\/hub.hslu.ch\\\/sustainable\\\/\",\"name\":\"IFZ Sustainable Investments Blog\",\"description\":\"\",\"potentialAction\":[{\"@type\":\"SearchAction\",\"target\":{\"@type\":\"EntryPoint\",\"urlTemplate\":\"https:\\\/\\\/hub.hslu.ch\\\/sustainable\\\/?s={search_term_string}\"},\"query-input\":{\"@type\":\"PropertyValueSpecification\",\"valueRequired\":true,\"valueName\":\"search_term_string\"}}],\"inLanguage\":\"de-CH\"}]}<\/script>\n<!-- \/ Yoast SEO plugin. -->","yoast_head_json":{"title":"Studien nachhaltige Verm\u00f6gensverwaltung - IFZ Sustainable Investments Blog","robots":{"index":"index","follow":"follow","max-snippet":"max-snippet:-1","max-image-preview":"max-image-preview:large","max-video-preview":"max-video-preview:-1"},"canonical":"https:\/\/hub.hslu.ch\/sustainable\/studie-erhebung-nachhaltigkeitspraeferenzen\/","og_locale":"de_DE","og_type":"article","og_title":"Studien nachhaltige Verm\u00f6gensverwaltung - IFZ Sustainable Investments Blog","og_description":"Wie Banken in der Schweizdie ESG-Richtlinien in derVerm\u00f6gensverwaltung umsetzen Zum Download der Studie Wie erheben Banken Nachhaltigkeitspr\u00e4ferenzen von Privatkunden in der Schweiz? Zum Download der Studie Wie denken Privatinvestoren \u00fcber den Anlegerschutz durch Banken in der Schweiz? Zum Download der Studie","og_url":"https:\/\/hub.hslu.ch\/sustainable\/studie-erhebung-nachhaltigkeitspraeferenzen\/","og_site_name":"IFZ Sustainable Investments Blog","article_modified_time":"2026-03-23T12:25:58+00:00","og_image":[{"width":2048,"height":1448,"url":"https:\/\/hub.hslu.ch\/sustainable\/wp-content\/uploads\/sites\/25\/2026\/03\/260316_HSLU-SBVg_ESG-Richtlinien_Status-quo-und-Beurteilung-durch-Banken.jpg","type":"image\/jpeg"}],"twitter_card":"summary_large_image","twitter_misc":{"Gesch\u00e4tzte Lesezeit":"1\u00a0Minute"},"schema":{"@context":"https:\/\/schema.org","@graph":[{"@type":"WebPage","@id":"https:\/\/hub.hslu.ch\/sustainable\/studie-erhebung-nachhaltigkeitspraeferenzen\/","url":"https:\/\/hub.hslu.ch\/sustainable\/studie-erhebung-nachhaltigkeitspraeferenzen\/","name":"Studien nachhaltige Verm\u00f6gensverwaltung - IFZ Sustainable Investments Blog","isPartOf":{"@id":"https:\/\/hub.hslu.ch\/sustainable\/#website"},"primaryImageOfPage":{"@id":"https:\/\/hub.hslu.ch\/sustainable\/studie-erhebung-nachhaltigkeitspraeferenzen\/#primaryimage"},"image":{"@id":"https:\/\/hub.hslu.ch\/sustainable\/studie-erhebung-nachhaltigkeitspraeferenzen\/#primaryimage"},"thumbnailUrl":"https:\/\/hub.hslu.ch\/sustainable\/wp-content\/uploads\/sites\/25\/2026\/03\/260316_HSLU-SBVg_ESG-Richtlinien_Status-quo-und-Beurteilung-durch-Banken-1024x724.jpg","datePublished":"2025-05-22T08:20:53+00:00","dateModified":"2026-03-23T12:25:58+00:00","breadcrumb":{"@id":"https:\/\/hub.hslu.ch\/sustainable\/studie-erhebung-nachhaltigkeitspraeferenzen\/#breadcrumb"},"inLanguage":"de-CH","potentialAction":[{"@type":"ReadAction","target":["https:\/\/hub.hslu.ch\/sustainable\/studie-erhebung-nachhaltigkeitspraeferenzen\/"]}]},{"@type":"ImageObject","inLanguage":"de-CH","@id":"https:\/\/hub.hslu.ch\/sustainable\/studie-erhebung-nachhaltigkeitspraeferenzen\/#primaryimage","url":"https:\/\/hub.hslu.ch\/sustainable\/wp-content\/uploads\/sites\/25\/2026\/03\/260316_HSLU-SBVg_ESG-Richtlinien_Status-quo-und-Beurteilung-durch-Banken.jpg","contentUrl":"https:\/\/hub.hslu.ch\/sustainable\/wp-content\/uploads\/sites\/25\/2026\/03\/260316_HSLU-SBVg_ESG-Richtlinien_Status-quo-und-Beurteilung-durch-Banken.jpg","width":2048,"height":1448},{"@type":"BreadcrumbList","@id":"https:\/\/hub.hslu.ch\/sustainable\/studie-erhebung-nachhaltigkeitspraeferenzen\/#breadcrumb","itemListElement":[{"@type":"ListItem","position":1,"name":"Home","item":"https:\/\/hub.hslu.ch\/sustainable\/"},{"@type":"ListItem","position":2,"name":"Studien nachhaltige Verm\u00f6gensverwaltung"}]},{"@type":"WebSite","@id":"https:\/\/hub.hslu.ch\/sustainable\/#website","url":"https:\/\/hub.hslu.ch\/sustainable\/","name":"IFZ Sustainable Investments Blog","description":"","potentialAction":[{"@type":"SearchAction","target":{"@type":"EntryPoint","urlTemplate":"https:\/\/hub.hslu.ch\/sustainable\/?s={search_term_string}"},"query-input":{"@type":"PropertyValueSpecification","valueRequired":true,"valueName":"search_term_string"}}],"inLanguage":"de-CH"}]}},"featured_image_src":null,"featured_image_src_square":null,"_links":{"self":[{"href":"https:\/\/hub.hslu.ch\/sustainable\/wp-json\/wp\/v2\/pages\/2133","targetHints":{"allow":["GET"]}}],"collection":[{"href":"https:\/\/hub.hslu.ch\/sustainable\/wp-json\/wp\/v2\/pages"}],"about":[{"href":"https:\/\/hub.hslu.ch\/sustainable\/wp-json\/wp\/v2\/types\/page"}],"author":[{"embeddable":true,"href":"https:\/\/hub.hslu.ch\/sustainable\/wp-json\/wp\/v2\/users\/194"}],"replies":[{"embeddable":true,"href":"https:\/\/hub.hslu.ch\/sustainable\/wp-json\/wp\/v2\/comments?post=2133"}],"version-history":[{"count":16,"href":"https:\/\/hub.hslu.ch\/sustainable\/wp-json\/wp\/v2\/pages\/2133\/revisions"}],"predecessor-version":[{"id":2428,"href":"https:\/\/hub.hslu.ch\/sustainable\/wp-json\/wp\/v2\/pages\/2133\/revisions\/2428"}],"wp:attachment":[{"href":"https:\/\/hub.hslu.ch\/sustainable\/wp-json\/wp\/v2\/media?parent=2133"}],"curies":[{"name":"wp","href":"https:\/\/api.w.org\/{rel}","templated":true}]}}