{"id":538,"date":"2022-03-24T15:40:42","date_gmt":"2022-03-24T15:40:42","guid":{"rendered":"https:\/\/hub.hslu.ch\/sustainable\/?page_id=538"},"modified":"2024-03-08T09:11:46","modified_gmt":"2024-03-08T08:11:46","slug":"ausbildung","status":"publish","type":"page","link":"https:\/\/hub.hslu.ch\/sustainable\/ausbildung\/","title":{"rendered":"Aus- und Weiterbildung"},"content":{"rendered":"\n<figure class=\"wp-block-image size-large\"><img loading=\"lazy\" decoding=\"async\" width=\"1024\" height=\"683\" src=\"https:\/\/hub.hslu.ch\/sustainable\/wp-content\/uploads\/sites\/25\/2017\/10\/patrick-perkins-ETRPjvb0KM0-unsplash-1024x683.jpg\" alt=\"\" class=\"wp-image-446\" srcset=\"https:\/\/hub.hslu.ch\/sustainable\/wp-content\/uploads\/sites\/25\/2017\/10\/patrick-perkins-ETRPjvb0KM0-unsplash-1024x683.jpg 1024w, https:\/\/hub.hslu.ch\/sustainable\/wp-content\/uploads\/sites\/25\/2017\/10\/patrick-perkins-ETRPjvb0KM0-unsplash-300x200.jpg 300w, https:\/\/hub.hslu.ch\/sustainable\/wp-content\/uploads\/sites\/25\/2017\/10\/patrick-perkins-ETRPjvb0KM0-unsplash-768x512.jpg 768w, https:\/\/hub.hslu.ch\/sustainable\/wp-content\/uploads\/sites\/25\/2017\/10\/patrick-perkins-ETRPjvb0KM0-unsplash-1536x1024.jpg 1536w, https:\/\/hub.hslu.ch\/sustainable\/wp-content\/uploads\/sites\/25\/2017\/10\/patrick-perkins-ETRPjvb0KM0-unsplash-600x400.jpg 600w, https:\/\/hub.hslu.ch\/sustainable\/wp-content\/uploads\/sites\/25\/2017\/10\/patrick-perkins-ETRPjvb0KM0-unsplash-928x619.jpg 928w, https:\/\/hub.hslu.ch\/sustainable\/wp-content\/uploads\/sites\/25\/2017\/10\/patrick-perkins-ETRPjvb0KM0-unsplash.jpg 2048w\" sizes=\"auto, (max-width: 1024px) 100vw, 1024px\" \/><\/figure>\n\n\n\n<p class=\"has-text-align-left\">Nachhaltige Investments werden f\u00fcr Bankberater, Fondsmanager, Investoren, Pensionskassen und auch f\u00fcr Privatanleger immer wichtiger. Oft fehlt allerdings das Wissen f\u00fcr eine professionelle Umsetzung.&nbsp;<\/p>\n\n\n\n<p class=\"has-text-align-left\">Das Institut f\u00fcr Finanzdienstleistungen Zug IFZ bietet zahlreiche Kurse in der Aus- und Weiterbildung an, um bei Finanzspezialisten die erforderlichen Kompetenzen im Umgang mit nachhaltigen Anlagen aufzubauen.<\/p>\n\n\n\n<p>Aktuell integriert das IFZ Wissen zu nachhaltigen Anlagen in die folgenden Ausbildungsg\u00e4nge:<\/p>\n\n\n\n<ul class=\"wp-block-list\">\n<li><a href=\"https:\/\/www.hslu.ch\/de-ch\/wirtschaft\/weiterbildung\/weiterbildungskurse\/ifz\/sustainable-finance\/\" target=\"_blank\" rel=\"noreferrer noopener\">Fachkurs Sustainable Finance<\/a><br><\/li>\n\n\n\n<li><a href=\"https:\/\/www.hslu.ch\/de-ch\/wirtschaft\/studium\/bachelor\/\">Bachelor of Science<\/a> <br><\/li>\n\n\n\n<li>Master of Science\n<ul class=\"wp-block-list\">\n<li><a href=\"https:\/\/www.hslu.ch\/de-ch\/wirtschaft\/studium\/master\/banking-and-finance\/\">Master of Science in Banking and Finance<\/a><\/li>\n\n\n\n<li><a href=\"https:\/\/www.hslu.ch\/de-ch\/wirtschaft\/studium\/master\/real-estate\/\">Master of Science in Real Estate<\/a><br><\/li>\n<\/ul>\n<\/li>\n\n\n\n<li>Certificate of Advanced Studies (CAS)\n<ul class=\"wp-block-list\">\n<li><a href=\"https:\/\/www.hslu.ch\/de-ch\/wirtschaft\/weiterbildung\/cas\/ifz\/anlageberatung\/\">CAS Anlageberatung<\/a><\/li>\n\n\n\n<li><a href=\"https:\/\/www.hslu.ch\/de-ch\/wirtschaft\/weiterbildung\/cas\/ifz\/asset-management\/\">CAS Asset Management<\/a><\/li>\n\n\n\n<li><a href=\"https:\/\/www.hslu.ch\/de-ch\/wirtschaft\/weiterbildung\/cas\/ifz\/governance-risk-and-compliance\/\">CAS Governance, Risk and Compliance<\/a><br><\/li>\n<\/ul>\n<\/li>\n\n\n\n<li>Diploma of Advanced Studies (DAS)\n<ul class=\"wp-block-list\">\n<li><a href=\"https:\/\/www.hslu.ch\/de-ch\/wirtschaft\/weiterbildung\/das\/ifz\/compliance-management\/\">DAS Compliance in der Fina<\/a><a href=\"https:\/\/www.hslu.ch\/de-ch\/wirtschaft\/weiterbildung\/cas\/ifz\/compliance-in-der-finanzindustrie\/\">nzindustrie<\/a><br><\/li>\n<\/ul>\n<\/li>\n\n\n\n<li><a href=\"https:\/\/www.hslu.ch\/de-ch\/wirtschaft\/weiterbildung\/mas\/#?filters=107,27\">Master of Advanced Studies (MAS)<\/a><\/li>\n<\/ul>\n\n\n\n<p>Massgeschneiderte Aus- und Weiterbildungsprogramme f\u00fcr Unternehmen bietet das Institut f\u00fcr Finanzdienstleistungen Zug IFZ in Absprache an. F\u00fcr Anfragen wenden Sie sich bitte gerne an <a href=\"https:\/\/www.hslu.ch\/de-ch\/hochschule-luzern\/ueber-uns\/personensuche\/profile\/?pid=3275\">Manfred St\u00fcttgen<\/a>, <a href=\"https:\/\/www.hslu.ch\/de-ch\/hochschule-luzern\/ueber-uns\/personensuche\/profile\/?pid=3548\">Brian Mattmann<\/a>, <a href=\"https:\/\/www.hslu.ch\/de-ch\/hochschule-luzern\/ueber-uns\/personensuche\/profile\/?pid=5064\">Anina Christina Hille<\/a> oder <a href=\"https:\/\/www.hslu.ch\/de-ch\/hochschule-luzern\/ueber-uns\/personensuche\/profile\/?pid=5064\">Nadine Berchtold<\/a>.<\/p>\n","protected":false},"excerpt":{"rendered":"<p>Nachhaltige Investments werden f\u00fcr Bankberater, Fondsmanager, Investoren, Pensionskassen und auch f\u00fcr Privatanleger immer wichtiger. Oft fehlt allerdings das Wissen f\u00fcr eine professionelle Umsetzung.&nbsp; Das Institut f\u00fcr Finanzdienstleistungen Zug IFZ bietet zahlreiche Kurse in der Aus- und Weiterbildung an, um bei Finanzspezialisten die erforderlichen Kompetenzen im Umgang mit nachhaltigen Anlagen aufzubauen. Aktuell integriert das IFZ Wissen<\/p>\n","protected":false},"author":138,"featured_media":0,"parent":0,"menu_order":0,"comment_status":"closed","ping_status":"closed","template":"","meta":{"_acf_changed":false,"inline_featured_image":false,"_relevanssi_hide_post":"","_relevanssi_hide_content":"","_relevanssi_pin_for_all":"","_relevanssi_pin_keywords":"","_relevanssi_unpin_keywords":"","_relevanssi_related_keywords":"","_relevanssi_related_include_ids":"","_relevanssi_related_exclude_ids":"","_relevanssi_related_no_append":"","_relevanssi_related_not_related":"","_relevanssi_related_posts":"117,405,115,379,106,110","_relevanssi_noindex_reason":"","footnotes":"","_links_to":"","_links_to_target":""},"class_list":["post-538","page","type-page","status-publish","hentry"],"acf":[],"yoast_head":"<!-- This site is optimized with the Yoast SEO plugin v27.3 - https:\/\/yoast.com\/product\/yoast-seo-wordpress\/ -->\n<title>Aus- und Weiterbildung - IFZ Sustainable Investments Blog<\/title>\n<meta name=\"robots\" content=\"index, follow, max-snippet:-1, max-image-preview:large, max-video-preview:-1\" \/>\n<link rel=\"canonical\" href=\"https:\/\/hub.hslu.ch\/sustainable\/ausbildung\/\" \/>\n<meta property=\"og:locale\" content=\"de_DE\" \/>\n<meta property=\"og:type\" content=\"article\" \/>\n<meta property=\"og:title\" content=\"Aus- und Weiterbildung - IFZ Sustainable Investments Blog\" \/>\n<meta property=\"og:description\" content=\"Nachhaltige Investments werden f\u00fcr Bankberater, Fondsmanager, Investoren, Pensionskassen und auch f\u00fcr Privatanleger immer wichtiger. Oft fehlt allerdings das Wissen f\u00fcr eine professionelle Umsetzung.&nbsp; Das Institut f\u00fcr Finanzdienstleistungen Zug IFZ bietet zahlreiche Kurse in der Aus- und Weiterbildung an, um bei Finanzspezialisten die erforderlichen Kompetenzen im Umgang mit nachhaltigen Anlagen aufzubauen. Aktuell integriert das IFZ Wissen\" \/>\n<meta property=\"og:url\" content=\"https:\/\/hub.hslu.ch\/sustainable\/ausbildung\/\" \/>\n<meta property=\"og:site_name\" content=\"IFZ Sustainable Investments Blog\" \/>\n<meta property=\"article:modified_time\" content=\"2024-03-08T08:11:46+00:00\" \/>\n<meta property=\"og:image\" content=\"https:\/\/hub.hslu.ch\/sustainable\/wp-content\/uploads\/sites\/25\/2017\/10\/patrick-perkins-ETRPjvb0KM0-unsplash-1024x683.jpg\" \/>\n<meta name=\"twitter:card\" content=\"summary_large_image\" \/>\n<meta name=\"twitter:label1\" content=\"Gesch\u00e4tzte Lesezeit\" \/>\n\t<meta name=\"twitter:data1\" content=\"2\u00a0Minuten\" \/>\n<script type=\"application\/ld+json\" class=\"yoast-schema-graph\">{\"@context\":\"https:\\\/\\\/schema.org\",\"@graph\":[{\"@type\":\"WebPage\",\"@id\":\"https:\\\/\\\/hub.hslu.ch\\\/sustainable\\\/ausbildung\\\/\",\"url\":\"https:\\\/\\\/hub.hslu.ch\\\/sustainable\\\/ausbildung\\\/\",\"name\":\"Aus- und Weiterbildung - IFZ Sustainable Investments Blog\",\"isPartOf\":{\"@id\":\"https:\\\/\\\/hub.hslu.ch\\\/sustainable\\\/#website\"},\"primaryImageOfPage\":{\"@id\":\"https:\\\/\\\/hub.hslu.ch\\\/sustainable\\\/ausbildung\\\/#primaryimage\"},\"image\":{\"@id\":\"https:\\\/\\\/hub.hslu.ch\\\/sustainable\\\/ausbildung\\\/#primaryimage\"},\"thumbnailUrl\":\"https:\\\/\\\/hub.hslu.ch\\\/sustainable\\\/wp-content\\\/uploads\\\/sites\\\/25\\\/2017\\\/10\\\/patrick-perkins-ETRPjvb0KM0-unsplash-1024x683.jpg\",\"datePublished\":\"2022-03-24T15:40:42+00:00\",\"dateModified\":\"2024-03-08T08:11:46+00:00\",\"breadcrumb\":{\"@id\":\"https:\\\/\\\/hub.hslu.ch\\\/sustainable\\\/ausbildung\\\/#breadcrumb\"},\"inLanguage\":\"de-CH\",\"potentialAction\":[{\"@type\":\"ReadAction\",\"target\":[\"https:\\\/\\\/hub.hslu.ch\\\/sustainable\\\/ausbildung\\\/\"]}]},{\"@type\":\"ImageObject\",\"inLanguage\":\"de-CH\",\"@id\":\"https:\\\/\\\/hub.hslu.ch\\\/sustainable\\\/ausbildung\\\/#primaryimage\",\"url\":\"https:\\\/\\\/hub.hslu.ch\\\/sustainable\\\/wp-content\\\/uploads\\\/sites\\\/25\\\/2017\\\/10\\\/patrick-perkins-ETRPjvb0KM0-unsplash.jpg\",\"contentUrl\":\"https:\\\/\\\/hub.hslu.ch\\\/sustainable\\\/wp-content\\\/uploads\\\/sites\\\/25\\\/2017\\\/10\\\/patrick-perkins-ETRPjvb0KM0-unsplash.jpg\",\"width\":2048,\"height\":1365},{\"@type\":\"BreadcrumbList\",\"@id\":\"https:\\\/\\\/hub.hslu.ch\\\/sustainable\\\/ausbildung\\\/#breadcrumb\",\"itemListElement\":[{\"@type\":\"ListItem\",\"position\":1,\"name\":\"Home\",\"item\":\"https:\\\/\\\/hub.hslu.ch\\\/sustainable\\\/\"},{\"@type\":\"ListItem\",\"position\":2,\"name\":\"Aus- und Weiterbildung\"}]},{\"@type\":\"WebSite\",\"@id\":\"https:\\\/\\\/hub.hslu.ch\\\/sustainable\\\/#website\",\"url\":\"https:\\\/\\\/hub.hslu.ch\\\/sustainable\\\/\",\"name\":\"IFZ Sustainable Investments Blog\",\"description\":\"\",\"potentialAction\":[{\"@type\":\"SearchAction\",\"target\":{\"@type\":\"EntryPoint\",\"urlTemplate\":\"https:\\\/\\\/hub.hslu.ch\\\/sustainable\\\/?s={search_term_string}\"},\"query-input\":{\"@type\":\"PropertyValueSpecification\",\"valueRequired\":true,\"valueName\":\"search_term_string\"}}],\"inLanguage\":\"de-CH\"}]}<\/script>\n<!-- \/ Yoast SEO plugin. -->","yoast_head_json":{"title":"Aus- und Weiterbildung - IFZ Sustainable Investments Blog","robots":{"index":"index","follow":"follow","max-snippet":"max-snippet:-1","max-image-preview":"max-image-preview:large","max-video-preview":"max-video-preview:-1"},"canonical":"https:\/\/hub.hslu.ch\/sustainable\/ausbildung\/","og_locale":"de_DE","og_type":"article","og_title":"Aus- und Weiterbildung - IFZ Sustainable Investments Blog","og_description":"Nachhaltige Investments werden f\u00fcr Bankberater, Fondsmanager, Investoren, Pensionskassen und auch f\u00fcr Privatanleger immer wichtiger. Oft fehlt allerdings das Wissen f\u00fcr eine professionelle Umsetzung.&nbsp; Das Institut f\u00fcr Finanzdienstleistungen Zug IFZ bietet zahlreiche Kurse in der Aus- und Weiterbildung an, um bei Finanzspezialisten die erforderlichen Kompetenzen im Umgang mit nachhaltigen Anlagen aufzubauen. Aktuell integriert das IFZ Wissen","og_url":"https:\/\/hub.hslu.ch\/sustainable\/ausbildung\/","og_site_name":"IFZ Sustainable Investments Blog","article_modified_time":"2024-03-08T08:11:46+00:00","og_image":[{"url":"https:\/\/hub.hslu.ch\/sustainable\/wp-content\/uploads\/sites\/25\/2017\/10\/patrick-perkins-ETRPjvb0KM0-unsplash-1024x683.jpg","type":"","width":"","height":""}],"twitter_card":"summary_large_image","twitter_misc":{"Gesch\u00e4tzte Lesezeit":"2\u00a0Minuten"},"schema":{"@context":"https:\/\/schema.org","@graph":[{"@type":"WebPage","@id":"https:\/\/hub.hslu.ch\/sustainable\/ausbildung\/","url":"https:\/\/hub.hslu.ch\/sustainable\/ausbildung\/","name":"Aus- und Weiterbildung - IFZ Sustainable Investments Blog","isPartOf":{"@id":"https:\/\/hub.hslu.ch\/sustainable\/#website"},"primaryImageOfPage":{"@id":"https:\/\/hub.hslu.ch\/sustainable\/ausbildung\/#primaryimage"},"image":{"@id":"https:\/\/hub.hslu.ch\/sustainable\/ausbildung\/#primaryimage"},"thumbnailUrl":"https:\/\/hub.hslu.ch\/sustainable\/wp-content\/uploads\/sites\/25\/2017\/10\/patrick-perkins-ETRPjvb0KM0-unsplash-1024x683.jpg","datePublished":"2022-03-24T15:40:42+00:00","dateModified":"2024-03-08T08:11:46+00:00","breadcrumb":{"@id":"https:\/\/hub.hslu.ch\/sustainable\/ausbildung\/#breadcrumb"},"inLanguage":"de-CH","potentialAction":[{"@type":"ReadAction","target":["https:\/\/hub.hslu.ch\/sustainable\/ausbildung\/"]}]},{"@type":"ImageObject","inLanguage":"de-CH","@id":"https:\/\/hub.hslu.ch\/sustainable\/ausbildung\/#primaryimage","url":"https:\/\/hub.hslu.ch\/sustainable\/wp-content\/uploads\/sites\/25\/2017\/10\/patrick-perkins-ETRPjvb0KM0-unsplash.jpg","contentUrl":"https:\/\/hub.hslu.ch\/sustainable\/wp-content\/uploads\/sites\/25\/2017\/10\/patrick-perkins-ETRPjvb0KM0-unsplash.jpg","width":2048,"height":1365},{"@type":"BreadcrumbList","@id":"https:\/\/hub.hslu.ch\/sustainable\/ausbildung\/#breadcrumb","itemListElement":[{"@type":"ListItem","position":1,"name":"Home","item":"https:\/\/hub.hslu.ch\/sustainable\/"},{"@type":"ListItem","position":2,"name":"Aus- und Weiterbildung"}]},{"@type":"WebSite","@id":"https:\/\/hub.hslu.ch\/sustainable\/#website","url":"https:\/\/hub.hslu.ch\/sustainable\/","name":"IFZ Sustainable Investments Blog","description":"","potentialAction":[{"@type":"SearchAction","target":{"@type":"EntryPoint","urlTemplate":"https:\/\/hub.hslu.ch\/sustainable\/?s={search_term_string}"},"query-input":{"@type":"PropertyValueSpecification","valueRequired":true,"valueName":"search_term_string"}}],"inLanguage":"de-CH"}]}},"featured_image_src":null,"featured_image_src_square":null,"_links":{"self":[{"href":"https:\/\/hub.hslu.ch\/sustainable\/wp-json\/wp\/v2\/pages\/538","targetHints":{"allow":["GET"]}}],"collection":[{"href":"https:\/\/hub.hslu.ch\/sustainable\/wp-json\/wp\/v2\/pages"}],"about":[{"href":"https:\/\/hub.hslu.ch\/sustainable\/wp-json\/wp\/v2\/types\/page"}],"author":[{"embeddable":true,"href":"https:\/\/hub.hslu.ch\/sustainable\/wp-json\/wp\/v2\/users\/138"}],"replies":[{"embeddable":true,"href":"https:\/\/hub.hslu.ch\/sustainable\/wp-json\/wp\/v2\/comments?post=538"}],"version-history":[{"count":13,"href":"https:\/\/hub.hslu.ch\/sustainable\/wp-json\/wp\/v2\/pages\/538\/revisions"}],"predecessor-version":[{"id":1823,"href":"https:\/\/hub.hslu.ch\/sustainable\/wp-json\/wp\/v2\/pages\/538\/revisions\/1823"}],"wp:attachment":[{"href":"https:\/\/hub.hslu.ch\/sustainable\/wp-json\/wp\/v2\/media?parent=538"}],"curies":[{"name":"wp","href":"https:\/\/api.w.org\/{rel}","templated":true}]}}