{"id":552,"date":"2022-03-24T15:43:27","date_gmt":"2022-03-24T15:43:27","guid":{"rendered":"https:\/\/hub.hslu.ch\/sustainable\/?page_id=552"},"modified":"2024-03-18T17:23:47","modified_gmt":"2024-03-18T16:23:47","slug":"auszeichnungen","status":"publish","type":"page","link":"https:\/\/hub.hslu.ch\/sustainable\/auszeichnungen\/","title":{"rendered":"Auszeichnungen"},"content":{"rendered":"\n<p class=\"has-large-font-size\"><strong>2024<\/strong><\/p>\n\n\n\n<p class=\"has-text-align-left\">Am 13.03.2024 hat die Hochschule Luzern \u2013 Wirtschaft elf HSLU-Autorinnen und -Autoren f\u00fcr herausragende Publikationen w\u00e4hrend des Jahres 2023 geehrt. In der Kategorie Praxis und \u00d6ffentlichkeit wurden Manfred St\u00fcttgen und Brian Mattmann ausgezeichnet f\u00fcr die Publikation der \u00abIFZ Sustainable Investments Studie 2023: Nachhaltige Fonds und soziale Verantwortung\u00bb, ver\u00f6ffentlicht im IFZ Verlag.<\/p>\n\n\n\n<p class=\"has-large-font-size\"><strong>2023<\/strong><\/p>\n\n\n\n<p class=\"has-text-align-left\">Den <a href=\"https:\/\/wwz.unibas.ch\/de\/aktuell\/news\/details\/brian-mattmann-uhren-und-juwelen-doktoratspreis\/\">Mezger Uhren und Juwelen Doktoratspreis<\/a>, gestiftet von der Mezger AG, Basel, erhielt im akademischen Jahr 2022\/23 Dr. Brian Mattmann f\u00fcr seine Dissertation \u00abThree Essays on the Market Microstructure of U.S. Corporate Bond Markets\u00bb. Der Preis, eine Cartier Herrenuhr \u00abRonde Solo\u00bb in Stahl mit Stahlband im Wert von 3\u2018500 Franken wurde von Prof. Dr. Conny Wunsch an der Diplomfeier vom 27. Oktober 2023 \u00fcberreicht.<\/p>\n\n\n\n<figure class=\"wp-block-image size-full is-resized\"><img loading=\"lazy\" decoding=\"async\" width=\"622\" height=\"406\" src=\"https:\/\/hub.hslu.ch\/sustainable\/wp-content\/uploads\/sites\/25\/2024\/03\/csm_Verleihung_Uhrenpreis_85e920871f.jpg\" alt=\"\" class=\"wp-image-1880\" style=\"width:844px;height:auto\" srcset=\"https:\/\/hub.hslu.ch\/sustainable\/wp-content\/uploads\/sites\/25\/2024\/03\/csm_Verleihung_Uhrenpreis_85e920871f.jpg 622w, https:\/\/hub.hslu.ch\/sustainable\/wp-content\/uploads\/sites\/25\/2024\/03\/csm_Verleihung_Uhrenpreis_85e920871f-300x196.jpg 300w, https:\/\/hub.hslu.ch\/sustainable\/wp-content\/uploads\/sites\/25\/2024\/03\/csm_Verleihung_Uhrenpreis_85e920871f-600x392.jpg 600w\" sizes=\"auto, (max-width: 622px) 100vw, 622px\" \/><\/figure>\n\n\n\n<p class=\"has-large-font-size\"><strong>2022<\/strong><\/p>\n\n\n\n<p class=\"has-text-align-left\"><strong>Die Konferenz <a href=\"https:\/\/www.moneysummit.ch\/Rueckblick\/Awards\/\">MONEY \u2013 The Swiss Finance Summit<\/a> <strong>setzt sich mit Trends f\u00fcr den Banken und Kapitalmarkt auseinander<\/strong>. Bei der im Jahr 2022 erstmals durchgef\u00fchrten Veranstaltung erhielten Prof. Dr. Manfred St\u00fcttgen und Dr. Anina Cristina Hille die Auszeichnung f\u00fcr herausragende Leistung in der Ausbildung im Finanzwesen<\/strong>.<\/p>\n\n\n\n<p>Die insgesamt vier zu vergebenden Awards werden auf individuelle Personen zugeschnitten, die besondere Leistungen in ihrem speziellen Gebiet erf\u00fcllt haben. Anina Hille&nbsp;fokussiert in Lehre und Forschung auf soziale Nachhaltigkeit, Diversit\u00e4t und Kundengruppen mit hohem Wachstumspotenzial. Manfred St\u00fcttgen lehrt seit 2016 an der Hochschule Luzern mit Fokus auf nachhaltige Investments, er verfasst seit 2017 die j\u00e4hrliche Sustainable Investments Studie und publizierte mehrere B\u00fccher zur Thematik Ethik im Bankwesen.<\/p>\n\n\n<div class=\"wp-block-image is-style-default\">\n<figure class=\"aligncenter size-full is-resized\"><img loading=\"lazy\" decoding=\"async\" width=\"540\" height=\"304\" src=\"https:\/\/hub.hslu.ch\/sustainable\/wp-content\/uploads\/sites\/25\/2022\/04\/unnamed-10.png\" alt=\"\" class=\"wp-image-1040\" style=\"width:844px;height:auto\" srcset=\"https:\/\/hub.hslu.ch\/sustainable\/wp-content\/uploads\/sites\/25\/2022\/04\/unnamed-10.png 540w, https:\/\/hub.hslu.ch\/sustainable\/wp-content\/uploads\/sites\/25\/2022\/04\/unnamed-10-300x169.png 300w\" sizes=\"auto, (max-width: 540px) 100vw, 540px\" \/><\/figure>\n<\/div>\n\n\n<p class=\"has-large-font-size\"><strong>2018<\/strong><\/p>\n\n\n\n<p><strong>Die Autoren der IFZ Sustainable Investments Studie, Manfred St\u00fcttgen und Brian Mattmann, wurden 2018 mit dem <a href=\"https:\/\/www.unifr.ch\/inf\/de\/prize\/\">Stiftungspreis der Ambros L\u00fcthi Stiftung<\/a> ausgezeichnet (5&#8217;000 CHF).<\/strong><\/p>\n\n\n\n<p>Die Preistr\u00e4ger wurden aus 21 Bewerbungen aus der ganzen Schweiz ausgew\u00e4hlt. Der Stiftungsrat begr\u00fcndet seine Wahl folgendermassen: \u00abDie Arbeit liegt in einem der von der Stiftung definierten Bereiche und ist eine ausgezeichnete Wegleitung zu alternativem, nachhaltigen Investieren. Wegen ihrer Aktualit\u00e4t und Relevanz verdient sie h\u00f6chste Beachtung und weite Verwendung in der Schweiz und dar\u00fcber hinaus. Die 193-seitige Studie basiert auf einer soliden und differenzierten wissenschaftlichen Grundlage und \u00fcbersetzt diese Grundlagenforschung in praxisorientiertes Wissen der Finanzindustrie, so dass sie auch f\u00fcr Laien im Finanzwesen gut verst\u00e4ndlich ist. Sie unterscheidet verschiedene Arten von Investoren, Anlagekategorien und Anbieter nachhaltiger Fonds und bietet spezifische Investitionsoptionen an, deren Ziele, Strategien und Ertr\u00e4ge (in Prozenten) miteinander verglichen werden k\u00f6nnen. Die an nachhaltigen Investitionen interessierten Anleger k\u00f6nnen ihre geeignete Anlageformen finden, ohne von der Studie und deren Sponsoren einseitig beeinflusst zu werden.\u00bb<\/p>\n\n\n\n<figure class=\"wp-block-image size-large\"><img loading=\"lazy\" decoding=\"async\" width=\"1024\" height=\"1016\" src=\"https:\/\/hub.hslu.ch\/sustainable\/wp-content\/uploads\/sites\/25\/2022\/07\/181005_Ambros_Luethi_Preis_Uni_Fribourg-2-e1585031809108-1024x1016.jpg\" alt=\"\" class=\"wp-image-1151\" srcset=\"https:\/\/hub.hslu.ch\/sustainable\/wp-content\/uploads\/sites\/25\/2022\/07\/181005_Ambros_Luethi_Preis_Uni_Fribourg-2-e1585031809108-1024x1016.jpg 1024w, https:\/\/hub.hslu.ch\/sustainable\/wp-content\/uploads\/sites\/25\/2022\/07\/181005_Ambros_Luethi_Preis_Uni_Fribourg-2-e1585031809108-300x298.jpg 300w, https:\/\/hub.hslu.ch\/sustainable\/wp-content\/uploads\/sites\/25\/2022\/07\/181005_Ambros_Luethi_Preis_Uni_Fribourg-2-e1585031809108-150x150.jpg 150w, https:\/\/hub.hslu.ch\/sustainable\/wp-content\/uploads\/sites\/25\/2022\/07\/181005_Ambros_Luethi_Preis_Uni_Fribourg-2-e1585031809108-768x762.jpg 768w, https:\/\/hub.hslu.ch\/sustainable\/wp-content\/uploads\/sites\/25\/2022\/07\/181005_Ambros_Luethi_Preis_Uni_Fribourg-2-e1585031809108-703x698.jpg 703w, https:\/\/hub.hslu.ch\/sustainable\/wp-content\/uploads\/sites\/25\/2022\/07\/181005_Ambros_Luethi_Preis_Uni_Fribourg-2-e1585031809108.jpg 1291w\" sizes=\"auto, (max-width: 1024px) 100vw, 1024px\" \/><\/figure>\n","protected":false},"excerpt":{"rendered":"<p>2024 Am 13.03.2024 hat die Hochschule Luzern \u2013 Wirtschaft elf HSLU-Autorinnen und -Autoren f\u00fcr herausragende Publikationen w\u00e4hrend des Jahres 2023 geehrt. In der Kategorie Praxis und \u00d6ffentlichkeit wurden Manfred St\u00fcttgen und Brian Mattmann ausgezeichnet f\u00fcr die Publikation der \u00abIFZ Sustainable Investments Studie 2023: Nachhaltige Fonds und soziale Verantwortung\u00bb, ver\u00f6ffentlicht im IFZ Verlag. 2023 Den Mezger<\/p>\n","protected":false},"author":138,"featured_media":0,"parent":0,"menu_order":0,"comment_status":"closed","ping_status":"closed","template":"","meta":{"_acf_changed":false,"inline_featured_image":false,"_relevanssi_hide_post":"","_relevanssi_hide_content":"","_relevanssi_pin_for_all":"","_relevanssi_pin_keywords":"","_relevanssi_unpin_keywords":"","_relevanssi_related_keywords":"","_relevanssi_related_include_ids":"","_relevanssi_related_exclude_ids":"","_relevanssi_related_no_append":"","_relevanssi_related_not_related":"","_relevanssi_related_posts":"1439,1068,102,113,124,122","_relevanssi_noindex_reason":"","footnotes":"","_links_to":"","_links_to_target":""},"class_list":["post-552","page","type-page","status-publish","hentry"],"acf":[],"yoast_head":"<!-- This site is optimized with the Yoast SEO plugin v27.3 - https:\/\/yoast.com\/product\/yoast-seo-wordpress\/ -->\n<title>Auszeichnungen - IFZ Sustainable Investments Blog<\/title>\n<meta name=\"robots\" content=\"index, follow, max-snippet:-1, max-image-preview:large, max-video-preview:-1\" \/>\n<link rel=\"canonical\" href=\"https:\/\/hub.hslu.ch\/sustainable\/auszeichnungen\/\" \/>\n<meta property=\"og:locale\" content=\"de_DE\" \/>\n<meta property=\"og:type\" content=\"article\" \/>\n<meta property=\"og:title\" content=\"Auszeichnungen - IFZ Sustainable Investments Blog\" \/>\n<meta property=\"og:description\" content=\"2024 Am 13.03.2024 hat die Hochschule Luzern \u2013 Wirtschaft elf HSLU-Autorinnen und -Autoren f\u00fcr herausragende Publikationen w\u00e4hrend des Jahres 2023 geehrt. In der Kategorie Praxis und \u00d6ffentlichkeit wurden Manfred St\u00fcttgen und Brian Mattmann ausgezeichnet f\u00fcr die Publikation der \u00abIFZ Sustainable Investments Studie 2023: Nachhaltige Fonds und soziale Verantwortung\u00bb, ver\u00f6ffentlicht im IFZ Verlag. 2023 Den Mezger\" \/>\n<meta property=\"og:url\" content=\"https:\/\/hub.hslu.ch\/sustainable\/auszeichnungen\/\" \/>\n<meta property=\"og:site_name\" content=\"IFZ Sustainable Investments Blog\" \/>\n<meta property=\"article:modified_time\" content=\"2024-03-18T16:23:47+00:00\" \/>\n<meta property=\"og:image\" content=\"https:\/\/hub.hslu.ch\/sustainable\/wp-content\/uploads\/sites\/25\/2024\/03\/csm_Verleihung_Uhrenpreis_85e920871f.jpg\" \/>\n<meta name=\"twitter:card\" content=\"summary_large_image\" \/>\n<meta name=\"twitter:label1\" content=\"Gesch\u00e4tzte Lesezeit\" \/>\n\t<meta name=\"twitter:data1\" content=\"3\u00a0Minuten\" \/>\n<script type=\"application\/ld+json\" class=\"yoast-schema-graph\">{\"@context\":\"https:\\\/\\\/schema.org\",\"@graph\":[{\"@type\":\"WebPage\",\"@id\":\"https:\\\/\\\/hub.hslu.ch\\\/sustainable\\\/auszeichnungen\\\/\",\"url\":\"https:\\\/\\\/hub.hslu.ch\\\/sustainable\\\/auszeichnungen\\\/\",\"name\":\"Auszeichnungen - IFZ Sustainable Investments Blog\",\"isPartOf\":{\"@id\":\"https:\\\/\\\/hub.hslu.ch\\\/sustainable\\\/#website\"},\"primaryImageOfPage\":{\"@id\":\"https:\\\/\\\/hub.hslu.ch\\\/sustainable\\\/auszeichnungen\\\/#primaryimage\"},\"image\":{\"@id\":\"https:\\\/\\\/hub.hslu.ch\\\/sustainable\\\/auszeichnungen\\\/#primaryimage\"},\"thumbnailUrl\":\"https:\\\/\\\/hub.hslu.ch\\\/sustainable\\\/wp-content\\\/uploads\\\/sites\\\/25\\\/2024\\\/03\\\/csm_Verleihung_Uhrenpreis_85e920871f.jpg\",\"datePublished\":\"2022-03-24T15:43:27+00:00\",\"dateModified\":\"2024-03-18T16:23:47+00:00\",\"breadcrumb\":{\"@id\":\"https:\\\/\\\/hub.hslu.ch\\\/sustainable\\\/auszeichnungen\\\/#breadcrumb\"},\"inLanguage\":\"de-CH\",\"potentialAction\":[{\"@type\":\"ReadAction\",\"target\":[\"https:\\\/\\\/hub.hslu.ch\\\/sustainable\\\/auszeichnungen\\\/\"]}]},{\"@type\":\"ImageObject\",\"inLanguage\":\"de-CH\",\"@id\":\"https:\\\/\\\/hub.hslu.ch\\\/sustainable\\\/auszeichnungen\\\/#primaryimage\",\"url\":\"https:\\\/\\\/hub.hslu.ch\\\/sustainable\\\/wp-content\\\/uploads\\\/sites\\\/25\\\/2024\\\/03\\\/csm_Verleihung_Uhrenpreis_85e920871f.jpg\",\"contentUrl\":\"https:\\\/\\\/hub.hslu.ch\\\/sustainable\\\/wp-content\\\/uploads\\\/sites\\\/25\\\/2024\\\/03\\\/csm_Verleihung_Uhrenpreis_85e920871f.jpg\",\"width\":622,\"height\":406},{\"@type\":\"BreadcrumbList\",\"@id\":\"https:\\\/\\\/hub.hslu.ch\\\/sustainable\\\/auszeichnungen\\\/#breadcrumb\",\"itemListElement\":[{\"@type\":\"ListItem\",\"position\":1,\"name\":\"Home\",\"item\":\"https:\\\/\\\/hub.hslu.ch\\\/sustainable\\\/\"},{\"@type\":\"ListItem\",\"position\":2,\"name\":\"Auszeichnungen\"}]},{\"@type\":\"WebSite\",\"@id\":\"https:\\\/\\\/hub.hslu.ch\\\/sustainable\\\/#website\",\"url\":\"https:\\\/\\\/hub.hslu.ch\\\/sustainable\\\/\",\"name\":\"IFZ Sustainable Investments Blog\",\"description\":\"\",\"potentialAction\":[{\"@type\":\"SearchAction\",\"target\":{\"@type\":\"EntryPoint\",\"urlTemplate\":\"https:\\\/\\\/hub.hslu.ch\\\/sustainable\\\/?s={search_term_string}\"},\"query-input\":{\"@type\":\"PropertyValueSpecification\",\"valueRequired\":true,\"valueName\":\"search_term_string\"}}],\"inLanguage\":\"de-CH\"}]}<\/script>\n<!-- \/ Yoast SEO plugin. -->","yoast_head_json":{"title":"Auszeichnungen - IFZ Sustainable Investments Blog","robots":{"index":"index","follow":"follow","max-snippet":"max-snippet:-1","max-image-preview":"max-image-preview:large","max-video-preview":"max-video-preview:-1"},"canonical":"https:\/\/hub.hslu.ch\/sustainable\/auszeichnungen\/","og_locale":"de_DE","og_type":"article","og_title":"Auszeichnungen - IFZ Sustainable Investments Blog","og_description":"2024 Am 13.03.2024 hat die Hochschule Luzern \u2013 Wirtschaft elf HSLU-Autorinnen und -Autoren f\u00fcr herausragende Publikationen w\u00e4hrend des Jahres 2023 geehrt. In der Kategorie Praxis und \u00d6ffentlichkeit wurden Manfred St\u00fcttgen und Brian Mattmann ausgezeichnet f\u00fcr die Publikation der \u00abIFZ Sustainable Investments Studie 2023: Nachhaltige Fonds und soziale Verantwortung\u00bb, ver\u00f6ffentlicht im IFZ Verlag. 2023 Den Mezger","og_url":"https:\/\/hub.hslu.ch\/sustainable\/auszeichnungen\/","og_site_name":"IFZ Sustainable Investments Blog","article_modified_time":"2024-03-18T16:23:47+00:00","og_image":[{"url":"https:\/\/hub.hslu.ch\/sustainable\/wp-content\/uploads\/sites\/25\/2024\/03\/csm_Verleihung_Uhrenpreis_85e920871f.jpg","type":"","width":"","height":""}],"twitter_card":"summary_large_image","twitter_misc":{"Gesch\u00e4tzte Lesezeit":"3\u00a0Minuten"},"schema":{"@context":"https:\/\/schema.org","@graph":[{"@type":"WebPage","@id":"https:\/\/hub.hslu.ch\/sustainable\/auszeichnungen\/","url":"https:\/\/hub.hslu.ch\/sustainable\/auszeichnungen\/","name":"Auszeichnungen - IFZ Sustainable Investments Blog","isPartOf":{"@id":"https:\/\/hub.hslu.ch\/sustainable\/#website"},"primaryImageOfPage":{"@id":"https:\/\/hub.hslu.ch\/sustainable\/auszeichnungen\/#primaryimage"},"image":{"@id":"https:\/\/hub.hslu.ch\/sustainable\/auszeichnungen\/#primaryimage"},"thumbnailUrl":"https:\/\/hub.hslu.ch\/sustainable\/wp-content\/uploads\/sites\/25\/2024\/03\/csm_Verleihung_Uhrenpreis_85e920871f.jpg","datePublished":"2022-03-24T15:43:27+00:00","dateModified":"2024-03-18T16:23:47+00:00","breadcrumb":{"@id":"https:\/\/hub.hslu.ch\/sustainable\/auszeichnungen\/#breadcrumb"},"inLanguage":"de-CH","potentialAction":[{"@type":"ReadAction","target":["https:\/\/hub.hslu.ch\/sustainable\/auszeichnungen\/"]}]},{"@type":"ImageObject","inLanguage":"de-CH","@id":"https:\/\/hub.hslu.ch\/sustainable\/auszeichnungen\/#primaryimage","url":"https:\/\/hub.hslu.ch\/sustainable\/wp-content\/uploads\/sites\/25\/2024\/03\/csm_Verleihung_Uhrenpreis_85e920871f.jpg","contentUrl":"https:\/\/hub.hslu.ch\/sustainable\/wp-content\/uploads\/sites\/25\/2024\/03\/csm_Verleihung_Uhrenpreis_85e920871f.jpg","width":622,"height":406},{"@type":"BreadcrumbList","@id":"https:\/\/hub.hslu.ch\/sustainable\/auszeichnungen\/#breadcrumb","itemListElement":[{"@type":"ListItem","position":1,"name":"Home","item":"https:\/\/hub.hslu.ch\/sustainable\/"},{"@type":"ListItem","position":2,"name":"Auszeichnungen"}]},{"@type":"WebSite","@id":"https:\/\/hub.hslu.ch\/sustainable\/#website","url":"https:\/\/hub.hslu.ch\/sustainable\/","name":"IFZ Sustainable Investments Blog","description":"","potentialAction":[{"@type":"SearchAction","target":{"@type":"EntryPoint","urlTemplate":"https:\/\/hub.hslu.ch\/sustainable\/?s={search_term_string}"},"query-input":{"@type":"PropertyValueSpecification","valueRequired":true,"valueName":"search_term_string"}}],"inLanguage":"de-CH"}]}},"featured_image_src":null,"featured_image_src_square":null,"_links":{"self":[{"href":"https:\/\/hub.hslu.ch\/sustainable\/wp-json\/wp\/v2\/pages\/552","targetHints":{"allow":["GET"]}}],"collection":[{"href":"https:\/\/hub.hslu.ch\/sustainable\/wp-json\/wp\/v2\/pages"}],"about":[{"href":"https:\/\/hub.hslu.ch\/sustainable\/wp-json\/wp\/v2\/types\/page"}],"author":[{"embeddable":true,"href":"https:\/\/hub.hslu.ch\/sustainable\/wp-json\/wp\/v2\/users\/138"}],"replies":[{"embeddable":true,"href":"https:\/\/hub.hslu.ch\/sustainable\/wp-json\/wp\/v2\/comments?post=552"}],"version-history":[{"count":15,"href":"https:\/\/hub.hslu.ch\/sustainable\/wp-json\/wp\/v2\/pages\/552\/revisions"}],"predecessor-version":[{"id":1883,"href":"https:\/\/hub.hslu.ch\/sustainable\/wp-json\/wp\/v2\/pages\/552\/revisions\/1883"}],"wp:attachment":[{"href":"https:\/\/hub.hslu.ch\/sustainable\/wp-json\/wp\/v2\/media?parent=552"}],"curies":[{"name":"wp","href":"https:\/\/api.w.org\/{rel}","templated":true}]}}