{"id":556,"date":"2022-03-24T15:43:41","date_gmt":"2022-03-24T15:43:41","guid":{"rendered":"https:\/\/hub.hslu.ch\/sustainable\/?page_id=556"},"modified":"2024-03-08T10:26:14","modified_gmt":"2024-03-08T09:26:14","slug":"buecher-und-publikationen","status":"publish","type":"page","link":"https:\/\/hub.hslu.ch\/sustainable\/buecher-und-publikationen\/","title":{"rendered":"B\u00fccher"},"content":{"rendered":"\n<div class=\"wp-block-columns alignfull is-layout-flex wp-container-core-columns-is-layout-9d6595d7 wp-block-columns-is-layout-flex\">\n<div class=\"wp-block-column is-layout-flow wp-block-column-is-layout-flow\" style=\"flex-basis:50%\">\n<div class=\"wp-block-cover is-light\" style=\"min-height:600px;aspect-ratio:unset;\"><span aria-hidden=\"true\" class=\"wp-block-cover__background has-background-dim-100 has-background-dim\" style=\"background-color:#f6f6f6\"><\/span><div class=\"wp-block-cover__inner-container is-layout-flow wp-block-cover-is-layout-flow\"><div class=\"wp-block-image\">\n<figure class=\"aligncenter size-large\"><img loading=\"lazy\" decoding=\"async\" width=\"725\" height=\"1024\" src=\"https:\/\/hub.hslu.ch\/sustainable\/wp-content\/uploads\/sites\/25\/2022\/07\/Cover_Nachhaltig_investieren-725x1024.jpg\" alt=\"\" class=\"wp-image-1174\" srcset=\"https:\/\/hub.hslu.ch\/sustainable\/wp-content\/uploads\/sites\/25\/2022\/07\/Cover_Nachhaltig_investieren-725x1024.jpg 725w, https:\/\/hub.hslu.ch\/sustainable\/wp-content\/uploads\/sites\/25\/2022\/07\/Cover_Nachhaltig_investieren-213x300.jpg 213w, https:\/\/hub.hslu.ch\/sustainable\/wp-content\/uploads\/sites\/25\/2022\/07\/Cover_Nachhaltig_investieren-768x1084.jpg 768w, https:\/\/hub.hslu.ch\/sustainable\/wp-content\/uploads\/sites\/25\/2022\/07\/Cover_Nachhaltig_investieren-1088x1536.jpg 1088w, https:\/\/hub.hslu.ch\/sustainable\/wp-content\/uploads\/sites\/25\/2022\/07\/Cover_Nachhaltig_investieren-495x698.jpg 495w, https:\/\/hub.hslu.ch\/sustainable\/wp-content\/uploads\/sites\/25\/2022\/07\/Cover_Nachhaltig_investieren.jpg 1339w\" sizes=\"auto, (max-width: 725px) 100vw, 725px\" \/><\/figure>\n<\/div><\/div><\/div>\n<\/div>\n\n\n\n<div class=\"wp-block-column is-vertically-aligned-center is-layout-flow wp-block-column-is-layout-flow\" style=\"padding-top:1em;padding-right:1em;padding-bottom:1em;padding-left:1em\">\n<div class=\"wp-block-columns is-layout-flex wp-container-core-columns-is-layout-9d6595d7 wp-block-columns-is-layout-flex\">\n<div class=\"wp-block-column is-layout-flow wp-block-column-is-layout-flow\" style=\"flex-basis:320px\">\n<p class=\"has-medium-font-size\" style=\"line-height:1.6\"><strong><a href=\"https:\/\/www.nzz-libro.ch\/Nachhaltig-investieren-978-3-907396-05-6\">Nachhaltig investieren: Grundlagen &#8211; Strategien &#8211; Umsetzung, 2022<\/a><\/strong><br>Mirjam Staub-Bisang, Manfred St\u00fcttgen, Brian Mattmann<\/p>\n\n\n\n<p class=\"has-medium-font-size\" style=\"line-height:1.6\">Nachhaltig investieren heisst Risiken reduzieren und Verantwortung \u00fcbernehmen. Umweltsch\u00e4digendes verhalten, die Missachtung sozialer Rechte und unethisches Gesch\u00e4ftsgebaren sind finanziell riskant. Die Finanzindustrie wird von der Gesellschaft und von Regulatoren gefordert, zur L\u00f6sung der \u00f6kosozialen Herausforderungen unserer Zeit beizutragen. Professionelle Investoren ber\u00fccksichtigen deshalb heute bei ihrer Kapitalanlage die Kriterien \u00d6kologie, Soziales und gute Unternehmensf\u00fchrung. <\/p>\n<\/div>\n<\/div>\n<\/div>\n<\/div>\n\n\n\n<div class=\"wp-block-group\"><div class=\"wp-block-group__inner-container is-layout-flow wp-block-group-is-layout-flow\">\n<div class=\"wp-block-columns is-layout-flex wp-container-core-columns-is-layout-9d6595d7 wp-block-columns-is-layout-flex\">\n<div class=\"wp-block-column is-layout-flow wp-block-column-is-layout-flow\" style=\"flex-basis:100%\">\n<div class=\"wp-block-columns alignfull is-layout-flex wp-container-core-columns-is-layout-9d6595d7 wp-block-columns-is-layout-flex\">\n<div class=\"wp-block-column is-layout-flow wp-block-column-is-layout-flow\" style=\"flex-basis:50%\">\n<div class=\"wp-block-cover is-light\" style=\"min-height:600px;aspect-ratio:unset;\"><span aria-hidden=\"true\" class=\"wp-block-cover__background has-background-dim-100 has-background-dim\" style=\"background-color:#f6f6f6\"><\/span><div class=\"wp-block-cover__inner-container is-layout-flow wp-block-cover-is-layout-flow\"><div class=\"wp-block-image\">\n<figure class=\"aligncenter size-full\"><img loading=\"lazy\" decoding=\"async\" width=\"705\" height=\"1000\" src=\"https:\/\/hub.hslu.ch\/sustainable\/wp-content\/uploads\/sites\/25\/2022\/03\/1111108_original.jpg\" alt=\"\" class=\"wp-image-632\" srcset=\"https:\/\/hub.hslu.ch\/sustainable\/wp-content\/uploads\/sites\/25\/2022\/03\/1111108_original.jpg 705w, https:\/\/hub.hslu.ch\/sustainable\/wp-content\/uploads\/sites\/25\/2022\/03\/1111108_original-212x300.jpg 212w, https:\/\/hub.hslu.ch\/sustainable\/wp-content\/uploads\/sites\/25\/2022\/03\/1111108_original-492x698.jpg 492w\" sizes=\"auto, (max-width: 705px) 100vw, 705px\" \/><\/figure>\n<\/div><\/div><\/div>\n<\/div>\n\n\n\n<div class=\"wp-block-column is-vertically-aligned-center is-layout-flow wp-block-column-is-layout-flow\" style=\"padding-top:1em;padding-right:1em;padding-bottom:1em;padding-left:1em\">\n<div class=\"wp-block-columns is-layout-flex wp-container-core-columns-is-layout-9d6595d7 wp-block-columns-is-layout-flex\">\n<div class=\"wp-block-column is-layout-flow wp-block-column-is-layout-flow\" style=\"flex-basis:320px\">\n<p class=\"has-medium-font-size\" style=\"line-height:1.6\"><strong>Ethical Investing. Opportunities and Challenges of Morally Justified Investments, 2019<\/strong><br>Manfred St\u00fcttgen<\/p>\n\n\n\n<p class=\"has-medium-font-size\" style=\"line-height:1.6\">Ethical investing is becoming increasingly attractive for investors and\u3000banks. Financial performance and reduced risk, social-ecological responsibility and a good consciousness are typically promised. However, which moral rules and considerations should actually guide an investor? This book analyses selection criteria for ethical investing and its underlying theoretical premises. It outlines the opportunities and challenges of an investment style that integrates ethical norms and values into the investment process. <\/p>\n<\/div>\n<\/div>\n<\/div>\n<\/div>\n\n\n\n<div class=\"wp-block-columns alignfull is-layout-flex wp-container-core-columns-is-layout-9d6595d7 wp-block-columns-is-layout-flex\">\n<div class=\"wp-block-column is-layout-flow wp-block-column-is-layout-flow\" style=\"flex-basis:50%\">\n<div class=\"wp-block-cover is-light\" style=\"min-height:600px;aspect-ratio:unset;\"><span aria-hidden=\"true\" class=\"wp-block-cover__background has-background-dim-100 has-background-dim\" style=\"background-color:#f6f6f6\"><\/span><div class=\"wp-block-cover__inner-container is-layout-flow wp-block-cover-is-layout-flow\"><div class=\"wp-block-image\">\n<figure class=\"aligncenter size-large\"><img loading=\"lazy\" decoding=\"async\" width=\"690\" height=\"1024\" src=\"https:\/\/hub.hslu.ch\/sustainable\/wp-content\/uploads\/sites\/25\/2022\/03\/9783290220372-690x1024.jpg\" alt=\"\" class=\"wp-image-629\" srcset=\"https:\/\/hub.hslu.ch\/sustainable\/wp-content\/uploads\/sites\/25\/2022\/03\/9783290220372-690x1024.jpg 690w, https:\/\/hub.hslu.ch\/sustainable\/wp-content\/uploads\/sites\/25\/2022\/03\/9783290220372-202x300.jpg 202w, https:\/\/hub.hslu.ch\/sustainable\/wp-content\/uploads\/sites\/25\/2022\/03\/9783290220372-768x1140.jpg 768w, https:\/\/hub.hslu.ch\/sustainable\/wp-content\/uploads\/sites\/25\/2022\/03\/9783290220372-1035x1536.jpg 1035w, https:\/\/hub.hslu.ch\/sustainable\/wp-content\/uploads\/sites\/25\/2022\/03\/9783290220372-470x698.jpg 470w, https:\/\/hub.hslu.ch\/sustainable\/wp-content\/uploads\/sites\/25\/2022\/03\/9783290220372.jpg 1380w\" sizes=\"auto, (max-width: 690px) 100vw, 690px\" \/><\/figure>\n<\/div><\/div><\/div>\n<\/div>\n\n\n\n<div class=\"wp-block-column is-vertically-aligned-center is-layout-flow wp-block-column-is-layout-flow\" style=\"padding-top:1em;padding-right:1em;padding-bottom:1em;padding-left:1em\">\n<div class=\"wp-block-columns is-layout-flex wp-container-core-columns-is-layout-9d6595d7 wp-block-columns-is-layout-flex\">\n<div class=\"wp-block-column is-layout-flow wp-block-column-is-layout-flow\" style=\"flex-basis:320px\">\n<p class=\"has-medium-font-size\" style=\"line-height:1.6\"><strong>Ethik von Banken und Finanzen, 2. Auflage, 2019<\/strong><br>Manfred St\u00fcttgen<\/p>\n\n\n\n<p class=\"has-medium-font-size\" style=\"line-height:1.6\">In der Finanzindustrie zeichnen sich neue Spielregeln ab. Neben finanzieller Rendite gewinnen nicht-\u00f6konomische Motive an Bedeutung: Anleger fordern nachhaltige Investments, Banken positionieren sich als sozial und umweltbewusst und Kapitalmarktakteure m\u00fcssen die Verteilung von gesellschaft-lichem Risiko und privatem Gewinn als fair legitimieren. Dieser trans-disziplin\u00e4re Sammelband vereinigt Forschungsresultate, kritische Reflexionen und Denkanst\u00f6sse f\u00fchrender Expertinnen und Experten aus den Bereichen Investment, Bankmanagement, Finanzethik und Moraltheologie aus der Schweiz, Deutschland, \u00d6sterreich, Kanada und den USA.<\/p>\n<\/div>\n<\/div>\n<\/div>\n<\/div>\n<\/div>\n<\/div>\n<\/div><\/div>\n\n\n\n<div class=\"wp-block-columns alignfull is-layout-flex wp-container-core-columns-is-layout-9d6595d7 wp-block-columns-is-layout-flex\">\n<div class=\"wp-block-column is-layout-flow wp-block-column-is-layout-flow\" style=\"flex-basis:50%\">\n<div class=\"wp-block-cover is-light\" style=\"min-height:600px;aspect-ratio:unset;\"><span aria-hidden=\"true\" class=\"wp-block-cover__background has-background-dim-100 has-background-dim\" style=\"background-color:#f6f6f6\"><\/span><div class=\"wp-block-cover__inner-container is-layout-flow wp-block-cover-is-layout-flow\"><div class=\"wp-block-image\">\n<figure class=\"aligncenter size-full\"><img loading=\"lazy\" decoding=\"async\" width=\"705\" height=\"1000\" src=\"https:\/\/hub.hslu.ch\/sustainable\/wp-content\/uploads\/sites\/25\/2022\/03\/1048461_original.jpg\" alt=\"\" class=\"wp-image-631\" srcset=\"https:\/\/hub.hslu.ch\/sustainable\/wp-content\/uploads\/sites\/25\/2022\/03\/1048461_original.jpg 705w, https:\/\/hub.hslu.ch\/sustainable\/wp-content\/uploads\/sites\/25\/2022\/03\/1048461_original-212x300.jpg 212w, https:\/\/hub.hslu.ch\/sustainable\/wp-content\/uploads\/sites\/25\/2022\/03\/1048461_original-492x698.jpg 492w\" sizes=\"auto, (max-width: 705px) 100vw, 705px\" \/><\/figure>\n<\/div><\/div><\/div>\n<\/div>\n\n\n\n<div class=\"wp-block-column is-vertically-aligned-center is-layout-flow wp-block-column-is-layout-flow\" style=\"padding-top:1em;padding-right:1em;padding-bottom:1em;padding-left:1em\">\n<div class=\"wp-block-columns is-layout-flex wp-container-core-columns-is-layout-9d6595d7 wp-block-columns-is-layout-flex\">\n<div class=\"wp-block-column is-layout-flow wp-block-column-is-layout-flow\" style=\"flex-basis:320px\">\n<p class=\"has-medium-font-size\" style=\"line-height:1.6\"><strong>Ethisch investieren. Chancen und Grenzen moralisch begr\u00fcndeter Geldanlage, 2. Auflage, 2017<\/strong><br>Manfred St\u00fcttgen<\/p>\n\n\n\n<p class=\"has-medium-font-size\" style=\"line-height:1.6\">Ethisches Investieren gewinnt bei Anlegern und Banken an Interesse. Rendite und reduziertes Risiko, sozial-\u00f6kologische Verantwortung und gutes Gewissen heisst das Versprechen. An welchen moralischen Kriterien soll sich ein Investor aber orientieren? Welche ethischen Theorien k\u00f6nnen der praktischen Vernunft dienen? \u00d6konomische Klugheit und moralische Pflicht stehen zur Debatte. Der Autor antwortet, indem er einen umfassenden Katalog moralischer Investitionskriterien analysiert.  <\/p>\n<\/div>\n<\/div>\n<\/div>\n<\/div>\n","protected":false},"excerpt":{"rendered":"<p>Nachhaltig investieren: Grundlagen &#8211; Strategien &#8211; Umsetzung, 2022Mirjam Staub-Bisang, Manfred St\u00fcttgen, Brian Mattmann Nachhaltig investieren heisst Risiken reduzieren und Verantwortung \u00fcbernehmen. Umweltsch\u00e4digendes verhalten, die Missachtung sozialer Rechte und unethisches Gesch\u00e4ftsgebaren sind finanziell riskant. Die Finanzindustrie wird von der Gesellschaft und von Regulatoren gefordert, zur L\u00f6sung der \u00f6kosozialen Herausforderungen unserer Zeit beizutragen. Professionelle Investoren ber\u00fccksichtigen deshalb<\/p>\n","protected":false},"author":138,"featured_media":0,"parent":0,"menu_order":0,"comment_status":"closed","ping_status":"closed","template":"","meta":{"_acf_changed":false,"inline_featured_image":false,"_relevanssi_hide_post":"","_relevanssi_hide_content":"","_relevanssi_pin_for_all":"","_relevanssi_pin_keywords":"","_relevanssi_unpin_keywords":"","_relevanssi_related_keywords":"","_relevanssi_related_include_ids":"","_relevanssi_related_exclude_ids":"","_relevanssi_related_no_append":"","_relevanssi_related_not_related":"","_relevanssi_related_posts":"121,100,379,1130,405,1268","_relevanssi_noindex_reason":"","footnotes":"","_links_to":"","_links_to_target":""},"class_list":["post-556","page","type-page","status-publish","hentry"],"acf":[],"yoast_head":"<!-- This site is optimized with the Yoast SEO plugin v27.3 - https:\/\/yoast.com\/product\/yoast-seo-wordpress\/ -->\n<title>B\u00fccher - IFZ Sustainable Investments Blog<\/title>\n<meta name=\"robots\" content=\"index, follow, max-snippet:-1, max-image-preview:large, max-video-preview:-1\" \/>\n<link rel=\"canonical\" href=\"https:\/\/hub.hslu.ch\/sustainable\/buecher-und-publikationen\/\" \/>\n<meta property=\"og:locale\" content=\"de_DE\" \/>\n<meta property=\"og:type\" content=\"article\" \/>\n<meta property=\"og:title\" content=\"B\u00fccher - IFZ Sustainable Investments Blog\" \/>\n<meta property=\"og:description\" content=\"Nachhaltig investieren: Grundlagen &#8211; Strategien &#8211; Umsetzung, 2022Mirjam Staub-Bisang, Manfred St\u00fcttgen, Brian Mattmann Nachhaltig investieren heisst Risiken reduzieren und Verantwortung \u00fcbernehmen. Umweltsch\u00e4digendes verhalten, die Missachtung sozialer Rechte und unethisches Gesch\u00e4ftsgebaren sind finanziell riskant. Die Finanzindustrie wird von der Gesellschaft und von Regulatoren gefordert, zur L\u00f6sung der \u00f6kosozialen Herausforderungen unserer Zeit beizutragen. Professionelle Investoren ber\u00fccksichtigen deshalb\" \/>\n<meta property=\"og:url\" content=\"https:\/\/hub.hslu.ch\/sustainable\/buecher-und-publikationen\/\" \/>\n<meta property=\"og:site_name\" content=\"IFZ Sustainable Investments Blog\" \/>\n<meta property=\"article:modified_time\" content=\"2024-03-08T09:26:14+00:00\" \/>\n<meta property=\"og:image\" content=\"https:\/\/hub.hslu.ch\/sustainable\/wp-content\/uploads\/sites\/25\/2022\/07\/Cover_Nachhaltig_investieren-725x1024.jpg\" \/>\n<meta name=\"twitter:card\" content=\"summary_large_image\" \/>\n<meta name=\"twitter:label1\" content=\"Gesch\u00e4tzte Lesezeit\" \/>\n\t<meta name=\"twitter:data1\" content=\"3\u00a0Minuten\" \/>\n<script type=\"application\/ld+json\" class=\"yoast-schema-graph\">{\"@context\":\"https:\\\/\\\/schema.org\",\"@graph\":[{\"@type\":\"WebPage\",\"@id\":\"https:\\\/\\\/hub.hslu.ch\\\/sustainable\\\/buecher-und-publikationen\\\/\",\"url\":\"https:\\\/\\\/hub.hslu.ch\\\/sustainable\\\/buecher-und-publikationen\\\/\",\"name\":\"B\u00fccher - IFZ Sustainable Investments Blog\",\"isPartOf\":{\"@id\":\"https:\\\/\\\/hub.hslu.ch\\\/sustainable\\\/#website\"},\"primaryImageOfPage\":{\"@id\":\"https:\\\/\\\/hub.hslu.ch\\\/sustainable\\\/buecher-und-publikationen\\\/#primaryimage\"},\"image\":{\"@id\":\"https:\\\/\\\/hub.hslu.ch\\\/sustainable\\\/buecher-und-publikationen\\\/#primaryimage\"},\"thumbnailUrl\":\"https:\\\/\\\/hub.hslu.ch\\\/sustainable\\\/wp-content\\\/uploads\\\/sites\\\/25\\\/2022\\\/07\\\/Cover_Nachhaltig_investieren-725x1024.jpg\",\"datePublished\":\"2022-03-24T15:43:41+00:00\",\"dateModified\":\"2024-03-08T09:26:14+00:00\",\"breadcrumb\":{\"@id\":\"https:\\\/\\\/hub.hslu.ch\\\/sustainable\\\/buecher-und-publikationen\\\/#breadcrumb\"},\"inLanguage\":\"de-CH\",\"potentialAction\":[{\"@type\":\"ReadAction\",\"target\":[\"https:\\\/\\\/hub.hslu.ch\\\/sustainable\\\/buecher-und-publikationen\\\/\"]}]},{\"@type\":\"ImageObject\",\"inLanguage\":\"de-CH\",\"@id\":\"https:\\\/\\\/hub.hslu.ch\\\/sustainable\\\/buecher-und-publikationen\\\/#primaryimage\",\"url\":\"https:\\\/\\\/hub.hslu.ch\\\/sustainable\\\/wp-content\\\/uploads\\\/sites\\\/25\\\/2022\\\/07\\\/Cover_Nachhaltig_investieren.jpg\",\"contentUrl\":\"https:\\\/\\\/hub.hslu.ch\\\/sustainable\\\/wp-content\\\/uploads\\\/sites\\\/25\\\/2022\\\/07\\\/Cover_Nachhaltig_investieren.jpg\",\"width\":1339,\"height\":1890},{\"@type\":\"BreadcrumbList\",\"@id\":\"https:\\\/\\\/hub.hslu.ch\\\/sustainable\\\/buecher-und-publikationen\\\/#breadcrumb\",\"itemListElement\":[{\"@type\":\"ListItem\",\"position\":1,\"name\":\"Home\",\"item\":\"https:\\\/\\\/hub.hslu.ch\\\/sustainable\\\/\"},{\"@type\":\"ListItem\",\"position\":2,\"name\":\"B\u00fccher\"}]},{\"@type\":\"WebSite\",\"@id\":\"https:\\\/\\\/hub.hslu.ch\\\/sustainable\\\/#website\",\"url\":\"https:\\\/\\\/hub.hslu.ch\\\/sustainable\\\/\",\"name\":\"IFZ Sustainable Investments Blog\",\"description\":\"\",\"potentialAction\":[{\"@type\":\"SearchAction\",\"target\":{\"@type\":\"EntryPoint\",\"urlTemplate\":\"https:\\\/\\\/hub.hslu.ch\\\/sustainable\\\/?s={search_term_string}\"},\"query-input\":{\"@type\":\"PropertyValueSpecification\",\"valueRequired\":true,\"valueName\":\"search_term_string\"}}],\"inLanguage\":\"de-CH\"}]}<\/script>\n<!-- \/ Yoast SEO plugin. -->","yoast_head_json":{"title":"B\u00fccher - IFZ Sustainable Investments Blog","robots":{"index":"index","follow":"follow","max-snippet":"max-snippet:-1","max-image-preview":"max-image-preview:large","max-video-preview":"max-video-preview:-1"},"canonical":"https:\/\/hub.hslu.ch\/sustainable\/buecher-und-publikationen\/","og_locale":"de_DE","og_type":"article","og_title":"B\u00fccher - IFZ Sustainable Investments Blog","og_description":"Nachhaltig investieren: Grundlagen &#8211; Strategien &#8211; Umsetzung, 2022Mirjam Staub-Bisang, Manfred St\u00fcttgen, Brian Mattmann Nachhaltig investieren heisst Risiken reduzieren und Verantwortung \u00fcbernehmen. Umweltsch\u00e4digendes verhalten, die Missachtung sozialer Rechte und unethisches Gesch\u00e4ftsgebaren sind finanziell riskant. Die Finanzindustrie wird von der Gesellschaft und von Regulatoren gefordert, zur L\u00f6sung der \u00f6kosozialen Herausforderungen unserer Zeit beizutragen. Professionelle Investoren ber\u00fccksichtigen deshalb","og_url":"https:\/\/hub.hslu.ch\/sustainable\/buecher-und-publikationen\/","og_site_name":"IFZ Sustainable Investments Blog","article_modified_time":"2024-03-08T09:26:14+00:00","og_image":[{"url":"https:\/\/hub.hslu.ch\/sustainable\/wp-content\/uploads\/sites\/25\/2022\/07\/Cover_Nachhaltig_investieren-725x1024.jpg","type":"","width":"","height":""}],"twitter_card":"summary_large_image","twitter_misc":{"Gesch\u00e4tzte Lesezeit":"3\u00a0Minuten"},"schema":{"@context":"https:\/\/schema.org","@graph":[{"@type":"WebPage","@id":"https:\/\/hub.hslu.ch\/sustainable\/buecher-und-publikationen\/","url":"https:\/\/hub.hslu.ch\/sustainable\/buecher-und-publikationen\/","name":"B\u00fccher - IFZ Sustainable Investments Blog","isPartOf":{"@id":"https:\/\/hub.hslu.ch\/sustainable\/#website"},"primaryImageOfPage":{"@id":"https:\/\/hub.hslu.ch\/sustainable\/buecher-und-publikationen\/#primaryimage"},"image":{"@id":"https:\/\/hub.hslu.ch\/sustainable\/buecher-und-publikationen\/#primaryimage"},"thumbnailUrl":"https:\/\/hub.hslu.ch\/sustainable\/wp-content\/uploads\/sites\/25\/2022\/07\/Cover_Nachhaltig_investieren-725x1024.jpg","datePublished":"2022-03-24T15:43:41+00:00","dateModified":"2024-03-08T09:26:14+00:00","breadcrumb":{"@id":"https:\/\/hub.hslu.ch\/sustainable\/buecher-und-publikationen\/#breadcrumb"},"inLanguage":"de-CH","potentialAction":[{"@type":"ReadAction","target":["https:\/\/hub.hslu.ch\/sustainable\/buecher-und-publikationen\/"]}]},{"@type":"ImageObject","inLanguage":"de-CH","@id":"https:\/\/hub.hslu.ch\/sustainable\/buecher-und-publikationen\/#primaryimage","url":"https:\/\/hub.hslu.ch\/sustainable\/wp-content\/uploads\/sites\/25\/2022\/07\/Cover_Nachhaltig_investieren.jpg","contentUrl":"https:\/\/hub.hslu.ch\/sustainable\/wp-content\/uploads\/sites\/25\/2022\/07\/Cover_Nachhaltig_investieren.jpg","width":1339,"height":1890},{"@type":"BreadcrumbList","@id":"https:\/\/hub.hslu.ch\/sustainable\/buecher-und-publikationen\/#breadcrumb","itemListElement":[{"@type":"ListItem","position":1,"name":"Home","item":"https:\/\/hub.hslu.ch\/sustainable\/"},{"@type":"ListItem","position":2,"name":"B\u00fccher"}]},{"@type":"WebSite","@id":"https:\/\/hub.hslu.ch\/sustainable\/#website","url":"https:\/\/hub.hslu.ch\/sustainable\/","name":"IFZ Sustainable Investments Blog","description":"","potentialAction":[{"@type":"SearchAction","target":{"@type":"EntryPoint","urlTemplate":"https:\/\/hub.hslu.ch\/sustainable\/?s={search_term_string}"},"query-input":{"@type":"PropertyValueSpecification","valueRequired":true,"valueName":"search_term_string"}}],"inLanguage":"de-CH"}]}},"featured_image_src":null,"featured_image_src_square":null,"_links":{"self":[{"href":"https:\/\/hub.hslu.ch\/sustainable\/wp-json\/wp\/v2\/pages\/556","targetHints":{"allow":["GET"]}}],"collection":[{"href":"https:\/\/hub.hslu.ch\/sustainable\/wp-json\/wp\/v2\/pages"}],"about":[{"href":"https:\/\/hub.hslu.ch\/sustainable\/wp-json\/wp\/v2\/types\/page"}],"author":[{"embeddable":true,"href":"https:\/\/hub.hslu.ch\/sustainable\/wp-json\/wp\/v2\/users\/138"}],"replies":[{"embeddable":true,"href":"https:\/\/hub.hslu.ch\/sustainable\/wp-json\/wp\/v2\/comments?post=556"}],"version-history":[{"count":24,"href":"https:\/\/hub.hslu.ch\/sustainable\/wp-json\/wp\/v2\/pages\/556\/revisions"}],"predecessor-version":[{"id":1832,"href":"https:\/\/hub.hslu.ch\/sustainable\/wp-json\/wp\/v2\/pages\/556\/revisions\/1832"}],"wp:attachment":[{"href":"https:\/\/hub.hslu.ch\/sustainable\/wp-json\/wp\/v2\/media?parent=556"}],"curies":[{"name":"wp","href":"https:\/\/api.w.org\/{rel}","templated":true}]}}